{"id":2813,"date":"2019-07-07T13:27:59","date_gmt":"2019-07-07T13:27:59","guid":{"rendered":"https:\/\/agripedia.ch\/strategidea\/?page_id=2813"},"modified":"2023-02-07T14:30:18","modified_gmt":"2023-02-07T14:30:18","slug":"die-strategischen-ziele","status":"publish","type":"page","link":"https:\/\/agripedia.ch\/strategidea\/de\/die-elemente-der-strategie\/die-strategischen-ziele\/","title":{"rendered":"Die strategischen Ziele"},"content":{"rendered":"<p><div class=\"fusion-fullwidth fullwidth-box fusion-builder-row-1 nonhundred-percent-fullwidth non-hundred-percent-height-scrolling\" style=\"--awb-border-radius-top-left:0px;--awb-border-radius-top-right:0px;--awb-border-radius-bottom-right:0px;--awb-border-radius-bottom-left:0px;--awb-flex-wrap:wrap;\" ><div class=\"fusion-builder-row fusion-row\"><div class=\"fusion-layout-column fusion_builder_column fusion-builder-column-0 fusion_builder_column_1_1 1_1 fusion-one-full fusion-column-first fusion-column-last\" style=\"--awb-bg-size:cover;--awb-margin-bottom:0px;\"><div class=\"fusion-column-wrapper fusion-flex-column-wrapper-legacy\"><div class=\"fusion-text fusion-text-1\"><h3><img decoding=\"async\" class=\"alignnone wp-image-1484\" src=\"https:\/\/agripedia.ch\/strategidea\/wp-content\/uploads\/sites\/7\/2019\/02\/Index_3_4_But-strat\u00e9gique.png\" alt=\"\" width=\"50\" height=\"50\" srcset=\"https:\/\/agripedia.ch\/strategidea\/wp-content\/uploads\/sites\/7\/2019\/02\/Index_3_4_But-strat\u00e9gique-66x66.png 66w, https:\/\/agripedia.ch\/strategidea\/wp-content\/uploads\/sites\/7\/2019\/02\/Index_3_4_But-strat\u00e9gique-150x150.png 150w, https:\/\/agripedia.ch\/strategidea\/wp-content\/uploads\/sites\/7\/2019\/02\/Index_3_4_But-strat\u00e9gique-200x201.png 200w, https:\/\/agripedia.ch\/strategidea\/wp-content\/uploads\/sites\/7\/2019\/02\/Index_3_4_But-strat\u00e9gique-300x300.png 300w, https:\/\/agripedia.ch\/strategidea\/wp-content\/uploads\/sites\/7\/2019\/02\/Index_3_4_But-strat\u00e9gique-400x402.png 400w, https:\/\/agripedia.ch\/strategidea\/wp-content\/uploads\/sites\/7\/2019\/02\/Index_3_4_But-strat\u00e9gique.png 494w\" sizes=\"(max-width: 50px) 100vw, 50px\" \/> Die strategischen Ziele<\/h3>\n<blockquote>\n<p>Strategische Ziele leiten sich aus der Vision f\u00fcr den Betrieb und die Familie ab. Dabei werden die Mission des Betriebs und die Werte des Landwirts \/ der Landwirtin miteinbezogen. Die strategischen Ziele werden deshalb \u00fcber einen iterativen Prozess erarbeitet. Sie dr\u00fccken den Willen des\/der Betriebsleitenden (seine\/ihre Grundanliegen) aus.<\/p>\n<\/blockquote>\n<p>Das <strong>strategische Ziel <\/strong>definiert sich anhand der grunds\u00e4tzlichen Anliegen des\/der Betriebsleitenden und nicht durch die Mittel, um diese zu erreichen.<\/p>\n<p>Den Begriff <strong>operative oder untergeordnete Ziele <\/strong>behalten wir operationellen und quantifizierbaren Aspekten vor.<\/p>\n<p>Die strategischen Ziele richten den Betriebsleiter \/ die Betriebsleiterin auf einen generell unbeschr\u00e4nkten Zeithorizont aus. Sie werden daher nie wirklich erreicht. Die strategischen Ziele sind selten quantifizierbar und haben nicht nur wirtschaftlichen Charakter. Sie sind jedoch die konkreten Anhaltspunkte des betrieblichen Motors. <strong>Seine Ziele zu kennen<\/strong> ist die <strong>beste Voraussetzung<\/strong>, um diese zu erreichen.<\/p>\n<p>Wir haben vorg\u00e4ngig gesehen, dass die Vision aus einer wenig rationalen Sondierungsphase hervorgeht. Die Machbarkeit wird w\u00e4hrend dieser Phase ignoriert. Man konzentriert sich auf das, was man selbst dazu beitragen m\u00f6chte. Dieses Vorgehen erm\u00f6glicht es, die Ziele des Landwirts \/ der Landwirtin als Person und als Betriebsleiter\/-in aufzuzeigen.<\/p>\n<\/div><div class=\"fusion-clearfix\"><\/div><\/div><\/div><div class=\"fusion-layout-column fusion_builder_column fusion-builder-column-1 fusion_builder_column_1_2 1_2 fusion-one-half fusion-column-first\" style=\"--awb-bg-size:cover;width:50%;width:calc(50% - ( ( 4% ) * 0.5 ) );margin-right: 4%;\"><div class=\"fusion-column-wrapper fusion-flex-column-wrapper-legacy\"><div class=\"fusion-text fusion-text-2\"><p>Die strategischen Ziele k\u00f6nnen miteinander <strong>im Einklang stehen oder auch nicht <\/strong>(z.\u00a0B. die pers\u00f6nlichen Ziele mit den Betriebszielen). Die strategische Orientierung erforscht oft mehrere Zielkategorien (pers\u00f6nliche und private Ziele, funktionsgebundene Ziele, Betriebsziele). Diese Zielkategorien sind im System Familie und Unternehmen eng miteinander verflochten: Alle Personen versuchen, in ihren Bereichen ihre Ziele (wonach sie streben) zu realisieren.<\/p>\n<p>Die f\u00fcr das gesamte System definierten strategischen Ziele sollten mit den pers\u00f6nlichen Zielen des bzw. der Betriebsleitenden im Einklang stehen. Strategien werden immer von Menschen umgesetzt. Bei Gemeinschaften oder partnerschaftlichen Betriebsf\u00fchrung sollten alle Partner \u00fcber die strategischen Ziele diskutieren, was zu einer St\u00e4rkung des gemeinsamen Projekts f\u00fchrt.<\/p>\n<p>H\u00e4ufig werden die strategischen Ziele nicht klar und deutlich formuliert. Ob bewusst oder unbewusst, oft trifft der\/die Betriebsleitende die Entscheidungen aufgrund dieser Ziele (auch wenn diese nicht ausformuliert sind).<\/p>\n<blockquote>\n<p>Eine Hilfestellung, um dem strategischen Ziel auf den Grund zu gehen, besteht in einer <strong>mehrmaligen Wiederholung der Frage \u201ewarum?\u201c. <\/strong>Diese Frage wird so lange gestellt, bis keine Antwort mehr darauf gefunden wird und nur noch eine m\u00f6gliche Antwort \u00fcbrig bleibt, n\u00e4mlich: \u201eWeil ich es so will\u201c. Das strategische Ziel beantwortet zudem die Frage: \u201eWozu tr\u00e4gt dieses Projekt bei?\u201c \u201eWozu tr\u00e4gt diese Entscheidung bei?\u201c<\/p>\n<\/blockquote>\n<p>Diese Kl\u00e4rung der strategischen Ziele, der Konflikte zwischen ihnen oder deren gegenseitige Vereinbarkeit und Priorit\u00e4ten <strong>zeigen, welche Massnahmen umgesetzt werden m\u00fcssen, damit die strategischen Achsen konkreter verfolgt werden k\u00f6nnen<\/strong>. Sie \u00f6ffnen die T\u00fcren zur Frage: \u201eWie (sieht die Umsetzung aus)?\u201c<\/p>\n<\/div><div class=\"fusion-clearfix\"><\/div><\/div><\/div><div class=\"fusion-layout-column fusion_builder_column fusion-builder-column-2 fusion_builder_column_1_2 1_2 fusion-one-half fusion-column-last\" style=\"--awb-bg-size:cover;width:50%;width:calc(50% - ( ( 4% ) * 0.5 ) );\"><div class=\"fusion-column-wrapper fusion-flex-column-wrapper-legacy\"><div class=\"fusion-text fusion-text-3\"><h5><\/h5>\n<p><strong><img decoding=\"async\" class=\"alignnone size-full wp-image-4295\" src=\"https:\/\/agripedia.ch\/strategidea\/wp-content\/uploads\/sites\/7\/2021\/11\/index-3-3_-strategischen-ziele.png\" alt=\"\" width=\"737\" height=\"647\" srcset=\"https:\/\/agripedia.ch\/strategidea\/wp-content\/uploads\/sites\/7\/2021\/11\/index-3-3_-strategischen-ziele-200x176.png 200w, https:\/\/agripedia.ch\/strategidea\/wp-content\/uploads\/sites\/7\/2021\/11\/index-3-3_-strategischen-ziele-300x263.png 300w, https:\/\/agripedia.ch\/strategidea\/wp-content\/uploads\/sites\/7\/2021\/11\/index-3-3_-strategischen-ziele-400x351.png 400w, https:\/\/agripedia.ch\/strategidea\/wp-content\/uploads\/sites\/7\/2021\/11\/index-3-3_-strategischen-ziele-600x527.png 600w, https:\/\/agripedia.ch\/strategidea\/wp-content\/uploads\/sites\/7\/2021\/11\/index-3-3_-strategischen-ziele.png 737w\" sizes=\"(max-width: 737px) 100vw, 737px\" \/><\/strong><\/p>\n<p>STRATEGISCHE ZIELE<\/p>\n<p>Strategische Ziele leiten sich aus der Vision des Landwirts f\u00fcr seinen Betrieb und seine Familie ab. Dabei werden die Mission des Betriebs und die Werte des Landwirts miteinbezogen.<\/p>\n<\/div><div class=\"fusion-clearfix\"><\/div><\/div><\/div><div class=\"fusion-layout-column fusion_builder_column fusion-builder-column-3 fusion_builder_column_1_1 1_1 fusion-one-full fusion-column-first fusion-column-last\" style=\"--awb-bg-size:cover;\"><div class=\"fusion-column-wrapper fusion-flex-column-wrapper-legacy\"><div class=\"fusion-section-separator section-separator clouds fusion-section-separator-1\" style=\"--awb-spacer-height:99px;--awb-svg-margin-left:0;--awb-svg-margin-right:0;--awb-divider-height:99px;--awb-spacer-padding-top:inherit;--awb-sep-padding:0;--awb-svg-padding:0;\"><div class=\"fusion-section-separator-svg\"><svg class=\"fusion-clouds-candy\" xmlns=\"http:\/\/www.w3.org\/2000\/svg\" version=\"1.1\" width=\"100%\" height=\"100\" viewBox=\"0 0 100 100\" preserveAspectRatio=\"none\" fill=\"rgba(246,246,246,1)\"><path d=\"M-5 100 Q 0 20 5 100 Z\"><\/path>\n\t\t\t\t\t\t\t\t<path d=\"M0 100 Q 5 0 10 100\"><\/path>\n\t\t\t\t\t\t\t\t<path d=\"M5 100 Q 10 30 15 100\"><\/path>\n\t\t\t\t\t\t\t\t<path d=\"M10 100 Q 15 10 20 100\"><\/path>\n\t\t\t\t\t\t\t\t<path d=\"M15 100 Q 20 30 25 100\"><\/path>\n\t\t\t\t\t\t\t\t<path d=\"M20 100 Q 25 -10 30 100\"><\/path>\n\t\t\t\t\t\t\t\t<path d=\"M25 100 Q 30 10 35 100\"><\/path>\n\t\t\t\t\t\t\t\t<path d=\"M30 100 Q 35 30 40 100\"><\/path>\n\t\t\t\t\t\t\t\t<path d=\"M35 100 Q 40 10 45 100\"><\/path>\n\t\t\t\t\t\t\t\t<path d=\"M40 100 Q 45 50 50 100\"><\/path>\n\t\t\t\t\t\t\t\t<path d=\"M45 100 Q 50 20 55 100\"><\/path>\n\t\t\t\t\t\t\t\t<path d=\"M50 100 Q 55 40 60 100\"><\/path>\n\t\t\t\t\t\t\t\t<path d=\"M55 100 Q 60 60 65 100\"><\/path>\n\t\t\t\t\t\t\t\t<path d=\"M60 100 Q 65 50 70 100\"><\/path>\n\t\t\t\t\t\t\t\t<path d=\"M65 100 Q 70 20 75 100\"><\/path>\n\t\t\t\t\t\t\t\t<path d=\"M70 100 Q 75 45 80 100\"><\/path>\n\t\t\t\t\t\t\t\t<path d=\"M75 100 Q 80 30 85 100\"><\/path>\n\t\t\t\t\t\t\t\t<path d=\"M80 100 Q 85 20 90 100\"><\/path>\n\t\t\t\t\t\t\t\t<path d=\"M85 100 Q 90 50 95 100\"><\/path>\n\t\t\t\t\t\t\t\t<path d=\"M90 100 Q 95 25 100 100\"><\/path>\n\t\t\t\t\t\t\t\t<path d=\"M95 100 Q 100 15 105 100 Z\"><\/path><\/svg><\/div><div class=\"fusion-section-separator-spacer\"><div class=\"fusion-section-separator-spacer-height\"><\/div><\/div><\/div><div class=\"fusion-clearfix\"><\/div><\/div><\/div><\/div><\/div><div class=\"fusion-fullwidth fullwidth-box fusion-builder-row-2 nonhundred-percent-fullwidth non-hundred-percent-height-scrolling\" style=\"--awb-border-radius-top-left:0px;--awb-border-radius-top-right:0px;--awb-border-radius-bottom-right:0px;--awb-border-radius-bottom-left:0px;--awb-flex-wrap:wrap;\" ><div class=\"fusion-builder-row fusion-row\"><div class=\"fusion-layout-column fusion_builder_column fusion-builder-column-4 fusion_builder_column_1_1 1_1 fusion-one-full fusion-column-first fusion-column-last\" style=\"--awb-bg-size:cover;\"><div class=\"fusion-column-wrapper fusion-flex-column-wrapper-legacy\"><div class=\"fusion-menu-anchor\" id=\"Boite\"><\/div><div class=\"fusion-text fusion-text-4\"><h3><img decoding=\"async\" class=\"alignnone wp-image-1484\" src=\"https:\/\/agripedia.ch\/strategidea\/wp-content\/uploads\/sites\/7\/2019\/02\/Index_3_4_But-strat\u00e9gique.png\" alt=\"\" width=\"50\" height=\"50\" srcset=\"https:\/\/agripedia.ch\/strategidea\/wp-content\/uploads\/sites\/7\/2019\/02\/Index_3_4_But-strat\u00e9gique-66x66.png 66w, https:\/\/agripedia.ch\/strategidea\/wp-content\/uploads\/sites\/7\/2019\/02\/Index_3_4_But-strat\u00e9gique-150x150.png 150w, https:\/\/agripedia.ch\/strategidea\/wp-content\/uploads\/sites\/7\/2019\/02\/Index_3_4_But-strat\u00e9gique-200x201.png 200w, https:\/\/agripedia.ch\/strategidea\/wp-content\/uploads\/sites\/7\/2019\/02\/Index_3_4_But-strat\u00e9gique-300x300.png 300w, https:\/\/agripedia.ch\/strategidea\/wp-content\/uploads\/sites\/7\/2019\/02\/Index_3_4_But-strat\u00e9gique-400x402.png 400w, https:\/\/agripedia.ch\/strategidea\/wp-content\/uploads\/sites\/7\/2019\/02\/Index_3_4_But-strat\u00e9gique.png 494w\" sizes=\"(max-width: 50px) 100vw, 50px\" \/> Toolbox<\/h3>\n<\/div><div class=\"fusion-clearfix\"><\/div><\/div><\/div><div class=\"fusion-layout-column fusion_builder_column fusion-builder-column-5 fusion_builder_column_1_3 1_3 fusion-one-third fusion-column-first\" style=\"--awb-bg-size:cover;width:33.333333333333%;width:calc(33.333333333333% - ( ( 4% + 4% ) * 0.33333333333333 ) );margin-right: 4%;\"><div class=\"fusion-column-wrapper fusion-flex-column-wrapper-legacy\"><div class=\"fusion-text fusion-text-5\"><h4>Leitfaden f\u00fcr ein halbstrukturiertes Gespr\u00e4ch<\/h4>\n<p>Strategische Ziele und operative Ziele werden sehr oft verwechselt. Das operative Ziel l\u00e4sst sich leichter erkl\u00e4ren als das strategische Ziel. Fragen nach dem \u201eWarum\u201c und \u201eWie\u201c helfen dabei zwischen einem Zweck (Ziel) und den zu seiner Erreichung eingesetzten Mitteln (Zielsetzung) zu unterscheiden.<\/p>\n<ul>\n<li><a href=\"https:\/\/agripedia.ch\/strategidea?leaky-paywall-media-download=3748\" target=\"_blank\" rel=\"noopener noreferrer\">Gespr\u00e4chsleitfaden: Warum \u2013 Wie<\/a><\/li>\n<\/ul>\n<div class=\"textbox exercises\"><\/div>\n<\/div><div class=\"fusion-clearfix\"><\/div><\/div><\/div><div class=\"fusion-layout-column fusion_builder_column fusion-builder-column-6 fusion_builder_column_1_3 1_3 fusion-one-third\" style=\"--awb-bg-size:cover;width:33.333333333333%;width:calc(33.333333333333% - ( ( 4% + 4% ) * 0.33333333333333 ) );margin-right: 4%;\"><div class=\"fusion-column-wrapper fusion-flex-column-wrapper-legacy\"><div class=\"fusion-text fusion-text-6\"><h4>Unterst\u00fctzung zur Umsetzung strategischer Ziele<\/h4>\n<ul>\n<li><a href=\"https:\/\/agridea.abacuscity.ch\/de\/A~3342~1\/3~310110~Shop\/Publikationen\/Betrieb-Familie-Diversifizierung\/Betriebsplanung-Buchhaltung\/Methodenblatt%3A-Photolangage-in-der-Landwirtschaft\/Fran%C3%A7ais\/Print-papier\" target=\"_blank\" rel=\"noopener noreferrer\">Methodenblatt: Photolangage in der Landwirtschaft <\/a><a href=\"https:\/\/agripedia.ch\/strategidea?leaky-paywall-media-download=1347\" target=\"_blank\" rel=\"noopener noreferrer\">(1. Ziel)<\/a><\/li>\n<\/ul>\n<div class=\"textbox exercises\"><\/div>\n<\/div><div class=\"fusion-clearfix\"><\/div><\/div><\/div><div class=\"fusion-layout-column fusion_builder_column fusion-builder-column-7 fusion_builder_column_1_3 1_3 fusion-one-third fusion-column-last\" style=\"--awb-bg-size:cover;width:33.333333333333%;width:calc(33.333333333333% - ( ( 4% + 4% ) * 0.33333333333333 ) );\"><div class=\"fusion-column-wrapper fusion-flex-column-wrapper-legacy\"><div class=\"fusion-text fusion-text-7\"><h4>Formulieren und festlegen von Priorit\u00e4ten f\u00fcr strategische Ziele<\/h4>\n<p>Um strategische Ziele zu formulieren ist es notwendig sie nach zwei Aspekten zu priorisieren: \u201eWas ich am meisten will, was ist \u00fcberlebenswichtig\u201c und \u201ewas ich will\u201c. Da es in der Regel f\u00fcr einen Landwirt 3-6 strategische Ziele gibt, erm\u00f6glicht diese Hierarchie eine Priorisierung im Falle von Zielkonflikten oder abweichenden Zielen der im Betrieb t\u00e4tigen Personen.<\/p>\n<ul>\n<li><a href=\"https:\/\/agripedia.ch\/strategidea?leaky-paywall-media-download=3750\" target=\"_blank\" rel=\"noopener noreferrer\">Formular: Strategische Ziele<\/a><\/li>\n<li><a href=\"https:\/\/agripedia.ch\/strategidea?leaky-paywall-media-download=3752\" target=\"_blank\" rel=\"noopener noreferrer\">Formular: Konvergierende und divergierende Ziele<\/a><\/li>\n<li><a href=\"https:\/\/agripedia.ch\/strategidea?leaky-paywall-media-download=3754\" target=\"_blank\" rel=\"noopener noreferrer\">Beispiele: Strategische Ziele<\/a><\/li>\n<\/ul>\n<\/div><div class=\"fusion-clearfix\"><\/div><\/div><\/div><\/div><\/div><\/p>\n","protected":false},"excerpt":{"rendered":"","protected":false},"author":7,"featured_media":0,"parent":2521,"menu_order":4,"comment_status":"closed","ping_status":"closed","template":"100-width.php","meta":{"_sb_is_suggestion_mode":false,"_sb_show_suggestion_boards":false,"_sb_show_comment_boards":false,"_sb_suggestion_history":"","_sb_update_block_changes":"","_monsterinsights_skip_tracking":false,"_monsterinsights_sitenote_active":false,"_monsterinsights_sitenote_note":"","_monsterinsights_sitenote_category":0,"footnotes":""},"class_list":["post-2813","page","type-page","status-publish","hentry"],"_links":{"self":[{"href":"https:\/\/agripedia.ch\/strategidea\/de\/wp-json\/wp\/v2\/pages\/2813","targetHints":{"allow":["GET"]}}],"collection":[{"href":"https:\/\/agripedia.ch\/strategidea\/de\/wp-json\/wp\/v2\/pages"}],"about":[{"href":"https:\/\/agripedia.ch\/strategidea\/de\/wp-json\/wp\/v2\/types\/page"}],"author":[{"embeddable":true,"href":"https:\/\/agripedia.ch\/strategidea\/de\/wp-json\/wp\/v2\/users\/7"}],"replies":[{"embeddable":true,"href":"https:\/\/agripedia.ch\/strategidea\/de\/wp-json\/wp\/v2\/comments?post=2813"}],"version-history":[{"count":18,"href":"https:\/\/agripedia.ch\/strategidea\/de\/wp-json\/wp\/v2\/pages\/2813\/revisions"}],"predecessor-version":[{"id":5801,"href":"https:\/\/agripedia.ch\/strategidea\/de\/wp-json\/wp\/v2\/pages\/2813\/revisions\/5801"}],"up":[{"embeddable":true,"href":"https:\/\/agripedia.ch\/strategidea\/de\/wp-json\/wp\/v2\/pages\/2521"}],"wp:attachment":[{"href":"https:\/\/agripedia.ch\/strategidea\/de\/wp-json\/wp\/v2\/media?parent=2813"}],"curies":[{"name":"wp","href":"https:\/\/api.w.org\/{rel}","templated":true}]}}