{"id":2808,"date":"2019-07-07T13:25:56","date_gmt":"2019-07-07T13:25:56","guid":{"rendered":"https:\/\/agripedia.ch\/strategidea\/?page_id=2808"},"modified":"2023-02-07T13:59:22","modified_gmt":"2023-02-07T13:59:22","slug":"die-mission","status":"publish","type":"page","link":"https:\/\/agripedia.ch\/strategidea\/de\/die-elemente-der-strategie\/die-mission\/","title":{"rendered":"Die Mission"},"content":{"rendered":"<p><div class=\"fusion-fullwidth fullwidth-box fusion-builder-row-1 nonhundred-percent-fullwidth non-hundred-percent-height-scrolling\" style=\"--awb-border-radius-top-left:0px;--awb-border-radius-top-right:0px;--awb-border-radius-bottom-right:0px;--awb-border-radius-bottom-left:0px;--awb-flex-wrap:wrap;\" ><div class=\"fusion-builder-row fusion-row\"><div class=\"fusion-layout-column fusion_builder_column fusion-builder-column-0 fusion_builder_column_1_1 1_1 fusion-one-full fusion-column-first fusion-column-last\" style=\"--awb-bg-size:cover;--awb-margin-bottom:0px;\"><div class=\"fusion-column-wrapper fusion-flex-column-wrapper-legacy\"><div class=\"fusion-text fusion-text-1\"><h3><img decoding=\"async\" class=\"alignnone wp-image-1480\" src=\"https:\/\/agripedia.ch\/strategidea\/wp-content\/uploads\/sites\/7\/2019\/02\/Index_3_2_Mission.png\" alt=\"\" width=\"50\" height=\"50\" srcset=\"https:\/\/agripedia.ch\/strategidea\/wp-content\/uploads\/sites\/7\/2019\/02\/Index_3_2_Mission-66x66.png 66w, https:\/\/agripedia.ch\/strategidea\/wp-content\/uploads\/sites\/7\/2019\/02\/Index_3_2_Mission-150x150.png 150w, https:\/\/agripedia.ch\/strategidea\/wp-content\/uploads\/sites\/7\/2019\/02\/Index_3_2_Mission-200x201.png 200w, https:\/\/agripedia.ch\/strategidea\/wp-content\/uploads\/sites\/7\/2019\/02\/Index_3_2_Mission-300x300.png 300w, https:\/\/agripedia.ch\/strategidea\/wp-content\/uploads\/sites\/7\/2019\/02\/Index_3_2_Mission-400x402.png 400w, https:\/\/agripedia.ch\/strategidea\/wp-content\/uploads\/sites\/7\/2019\/02\/Index_3_2_Mission.png 494w\" sizes=\"(max-width: 50px) 100vw, 50px\" \/> Die Mission<\/h3>\n<blockquote>\n<p>Die Mission dr\u00fcckt die Daseinsberechtigung des Landwirtschaftsbetriebs aus. Sie ist charakterisiert durch die Dienstleistungen und Produkte des Landwirtschaftsbetriebes und liegt der Existenz des Hofes zu Grunde. Die Mission entspricht der Rolle des Betriebs in der Gesellschaft.<\/p>\n<\/blockquote>\n<p>\u201eWeshalb\u201c existiert der Landwirtschaftsbetrieb?<\/p>\n<p>Man entdeckt seine Mission, indem man sich z.\u00a0B. folgende Fragen stellt: \u201eWelches ist unser Beruf?\u201c (Johnson, 2014), \u201ewas ginge verloren, wenn das Unternehmen nicht mehr existierte?\u201c oder \u201ewas ist unsere Besonderheit, welchen Mehrwert erbringen wir?\u201c<\/p>\n<p>In gewisser Weise kann man sagen, dass die Mission im Zentrum des strategischen Managements steht, denn sie stellt klar die Identit\u00e4tsfrage: <strong>\u201eWer bin ich\u201c <\/strong>als Betrieb und <strong>\u201ewas bringe ich\u201c <\/strong>der Gesellschaft und meinem Umfeld. Indem man seine eigene Mission definiert oder erkennt, geht man \u00fcber die alleinigen Interessen des Betriebsleiters \/ der Betriebsleiterin hinaus. Man definiert eine Daseinsberechtigung f\u00fcr die anderen, akzeptiert eine Rolle in der Gesellschaft (Levallois, 2002). Diese Kl\u00e4rung erm\u00f6glicht<\/p>\n<ul>\n<li>die Differenzierung: Die Kunden\/-innen und Partner k\u00f6nnen die Besonderheiten des Betriebs und seiner Produkte kennenlernen (der \u201eMehrwert\u201c);<\/li>\n<li>die Integration der Interessensgruppen\/Stakeholder: Die Partner des Betriebs werden einen Teil der Mission des Betriebs teilen und ihrerseits dazu beitragen k\u00f6nnen.<\/li>\n<\/ul>\n<\/div><div class=\"fusion-clearfix\"><\/div><\/div><\/div><div class=\"fusion-layout-column fusion_builder_column fusion-builder-column-1 fusion_builder_column_1_1 1_1 fusion-one-full fusion-column-first fusion-column-last\" style=\"--awb-bg-size:cover;\"><div class=\"fusion-column-wrapper fusion-flex-column-wrapper-legacy\"><div class=\"fusion-section-separator section-separator clouds fusion-section-separator-1\" style=\"--awb-spacer-height:99px;--awb-svg-margin-left:0;--awb-svg-margin-right:0;--awb-divider-height:99px;--awb-spacer-padding-top:inherit;--awb-sep-padding:0;--awb-svg-padding:0;\"><div class=\"fusion-section-separator-svg\"><svg class=\"fusion-clouds-candy\" xmlns=\"http:\/\/www.w3.org\/2000\/svg\" version=\"1.1\" width=\"100%\" height=\"100\" viewBox=\"0 0 100 100\" preserveAspectRatio=\"none\" fill=\"rgba(246,246,246,1)\"><path d=\"M-5 100 Q 0 20 5 100 Z\"><\/path>\n\t\t\t\t\t\t\t\t<path d=\"M0 100 Q 5 0 10 100\"><\/path>\n\t\t\t\t\t\t\t\t<path d=\"M5 100 Q 10 30 15 100\"><\/path>\n\t\t\t\t\t\t\t\t<path d=\"M10 100 Q 15 10 20 100\"><\/path>\n\t\t\t\t\t\t\t\t<path d=\"M15 100 Q 20 30 25 100\"><\/path>\n\t\t\t\t\t\t\t\t<path d=\"M20 100 Q 25 -10 30 100\"><\/path>\n\t\t\t\t\t\t\t\t<path d=\"M25 100 Q 30 10 35 100\"><\/path>\n\t\t\t\t\t\t\t\t<path d=\"M30 100 Q 35 30 40 100\"><\/path>\n\t\t\t\t\t\t\t\t<path d=\"M35 100 Q 40 10 45 100\"><\/path>\n\t\t\t\t\t\t\t\t<path d=\"M40 100 Q 45 50 50 100\"><\/path>\n\t\t\t\t\t\t\t\t<path d=\"M45 100 Q 50 20 55 100\"><\/path>\n\t\t\t\t\t\t\t\t<path d=\"M50 100 Q 55 40 60 100\"><\/path>\n\t\t\t\t\t\t\t\t<path d=\"M55 100 Q 60 60 65 100\"><\/path>\n\t\t\t\t\t\t\t\t<path d=\"M60 100 Q 65 50 70 100\"><\/path>\n\t\t\t\t\t\t\t\t<path d=\"M65 100 Q 70 20 75 100\"><\/path>\n\t\t\t\t\t\t\t\t<path d=\"M70 100 Q 75 45 80 100\"><\/path>\n\t\t\t\t\t\t\t\t<path d=\"M75 100 Q 80 30 85 100\"><\/path>\n\t\t\t\t\t\t\t\t<path d=\"M80 100 Q 85 20 90 100\"><\/path>\n\t\t\t\t\t\t\t\t<path d=\"M85 100 Q 90 50 95 100\"><\/path>\n\t\t\t\t\t\t\t\t<path d=\"M90 100 Q 95 25 100 100\"><\/path>\n\t\t\t\t\t\t\t\t<path d=\"M95 100 Q 100 15 105 100 Z\"><\/path><\/svg><\/div><div class=\"fusion-section-separator-spacer\"><div class=\"fusion-section-separator-spacer-height\"><\/div><\/div><\/div><div class=\"fusion-clearfix\"><\/div><\/div><\/div><\/div><\/div><div class=\"fusion-fullwidth fullwidth-box fusion-builder-row-2 nonhundred-percent-fullwidth non-hundred-percent-height-scrolling\" style=\"--awb-border-radius-top-left:0px;--awb-border-radius-top-right:0px;--awb-border-radius-bottom-right:0px;--awb-border-radius-bottom-left:0px;--awb-flex-wrap:wrap;\" ><div class=\"fusion-builder-row fusion-row\"><div class=\"fusion-layout-column fusion_builder_column fusion-builder-column-2 fusion_builder_column_1_1 1_1 fusion-one-full fusion-column-first fusion-column-last\" style=\"--awb-bg-size:cover;\"><div class=\"fusion-column-wrapper fusion-flex-column-wrapper-legacy\"><div class=\"fusion-menu-anchor\" id=\"Boite\"><\/div><div class=\"fusion-text fusion-text-2\"><h4><img decoding=\"async\" class=\"alignnone wp-image-1480\" src=\"https:\/\/agripedia.ch\/strategidea\/wp-content\/uploads\/sites\/7\/2019\/02\/Index_3_2_Mission.png\" alt=\"\" width=\"50\" height=\"50\" srcset=\"https:\/\/agripedia.ch\/strategidea\/wp-content\/uploads\/sites\/7\/2019\/02\/Index_3_2_Mission-66x66.png 66w, https:\/\/agripedia.ch\/strategidea\/wp-content\/uploads\/sites\/7\/2019\/02\/Index_3_2_Mission-150x150.png 150w, https:\/\/agripedia.ch\/strategidea\/wp-content\/uploads\/sites\/7\/2019\/02\/Index_3_2_Mission-200x201.png 200w, https:\/\/agripedia.ch\/strategidea\/wp-content\/uploads\/sites\/7\/2019\/02\/Index_3_2_Mission-300x300.png 300w, https:\/\/agripedia.ch\/strategidea\/wp-content\/uploads\/sites\/7\/2019\/02\/Index_3_2_Mission-400x402.png 400w, https:\/\/agripedia.ch\/strategidea\/wp-content\/uploads\/sites\/7\/2019\/02\/Index_3_2_Mission.png 494w\" sizes=\"(max-width: 50px) 100vw, 50px\" \/> Toolbox<strong><br \/>\n<\/strong><\/h4>\n<div class=\"textbox exercises\">\n<div class=\"textbox exercises\"><\/div>\n<\/div>\n<\/div><div class=\"fusion-clearfix\"><\/div><\/div><\/div><div class=\"fusion-layout-column fusion_builder_column fusion-builder-column-3 fusion_builder_column_1_2 1_2 fusion-one-half fusion-column-first\" style=\"--awb-bg-size:cover;width:50%;width:calc(50% - ( ( 4% ) * 0.5 ) );margin-right: 4%;\"><div class=\"fusion-column-wrapper fusion-flex-column-wrapper-legacy\"><div class=\"fusion-text fusion-text-3\"><h4>Gespr\u00e4chsleitfaden<\/h4>\n<ul>\n<li><a href=\"https:\/\/agripedia.ch\/strategidea?leaky-paywall-media-download=3694\" target=\"_blank\" rel=\"noopener noreferrer\">Gespr\u00e4chsleitfaden: Die Mission des Landwirtschaftsbetriebs<\/a><\/li>\n<\/ul>\n<\/div><div class=\"fusion-text fusion-text-4\"><h4>Entwicklung begleiten<\/h4>\n<ul>\n<li><a href=\"https:\/\/agridea.abacuscity.ch\/de\/A~3342~1\/3~310110~Shop\/Publikationen\/Betrieb-Familie-Diversifizierung\/Betriebsplanung-Buchhaltung\/Methodenblatt%3A-Photolangage-in-der-Landwirtschaft\/Fran%C3%A7ais\/Print-papier\" target=\"_blank\" rel=\"noopener noreferrer\">Methodenblatt: Photolangage in der Landwirtschaft <\/a><\/li>\n<\/ul>\n<\/div><div class=\"fusion-text fusion-text-5\"><h4>Die eigene Mission (wieder-) entdecken<\/h4>\n<p>Die Methode der erfolgreichen Erfahrungen geht von den Erfolgen aus um die Mission zu verdeutlichen, die man mit seinem Beruf verfolgt.<\/p>\n<ul>\n<li><a href=\"https:\/\/agripedia.ch\/strategidea?leaky-paywall-media-download=3700\" target=\"_blank\" rel=\"noopener noreferrer\">Praxisleitfaden: Erfolgserlebnisse \u2013 STAR-Modell<\/a><\/li>\n<li><a href=\"https:\/\/agripedia.ch\/strategidea?leaky-paywall-media-download=3702\" target=\"_blank\" rel=\"noopener noreferrer\">Formular: Die Untersuchung von Errungenschaften\/Erfolgserlebnissen \u2013 das STAR-Modell<\/a><\/li>\n<\/ul>\n<div class=\"textbox exercises\"><\/div>\n<\/div><div class=\"fusion-clearfix\"><\/div><\/div><\/div><div class=\"fusion-layout-column fusion_builder_column fusion-builder-column-4 fusion_builder_column_1_2 1_2 fusion-one-half fusion-column-last\" style=\"--awb-bg-size:cover;width:50%;width:calc(50% - ( ( 4% ) * 0.5 ) );\"><div class=\"fusion-column-wrapper fusion-flex-column-wrapper-legacy\"><div class=\"fusion-text fusion-text-6\"><h4>Entwicklung der Betriebsmission<\/h4>\n<ul>\n<li><a href=\"https:\/\/agripedia.ch\/strategidea?leaky-paywall-media-download=3696\" target=\"_blank\" rel=\"noopener noreferrer\">Selbstmanagement-\u00dcbung: Die Mission meines (unseres) Landwirtschaftsbetriebs<\/a><\/li>\n<li><a href=\"https:\/\/agripedia.ch\/strategidea?leaky-paywall-media-download=3698\" target=\"_blank\" rel=\"noopener noreferrer\">Formular: Die Mission unseres Landwirtschaftsbetriebs<\/a><\/li>\n<li><a href=\"https:\/\/agripedia.ch\/strategidea?leaky-paywall-media-download=3704\" target=\"_blank\" rel=\"noopener noreferrer\">Formular: Das WindRad (Mission)<\/a><\/li>\n<li><a href=\"https:\/\/agripedia.ch\/strategidea?leaky-paywall-media-download=3706\" target=\"_blank\" rel=\"noopener noreferrer\">Schema: WindRad (Mission)<\/a><\/li>\n<li><a href=\"https:\/\/agripedia.ch\/strategidea?leaky-paywall-media-download=3708\" target=\"_blank\" rel=\"noopener noreferrer\">Beispiele f\u00fcr eine Mission<\/a><\/li>\n<\/ul>\n<\/div><div class=\"fusion-clearfix\"><\/div><\/div><\/div><\/div><\/div><\/p>\n","protected":false},"excerpt":{"rendered":"","protected":false},"author":7,"featured_media":0,"parent":2521,"menu_order":2,"comment_status":"closed","ping_status":"closed","template":"100-width.php","meta":{"_sb_is_suggestion_mode":false,"_sb_show_suggestion_boards":false,"_sb_show_comment_boards":false,"_sb_suggestion_history":"","_sb_update_block_changes":"","_monsterinsights_skip_tracking":false,"_monsterinsights_sitenote_active":false,"_monsterinsights_sitenote_note":"","_monsterinsights_sitenote_category":0,"footnotes":""},"class_list":["post-2808","page","type-page","status-publish","hentry"],"_links":{"self":[{"href":"https:\/\/agripedia.ch\/strategidea\/de\/wp-json\/wp\/v2\/pages\/2808","targetHints":{"allow":["GET"]}}],"collection":[{"href":"https:\/\/agripedia.ch\/strategidea\/de\/wp-json\/wp\/v2\/pages"}],"about":[{"href":"https:\/\/agripedia.ch\/strategidea\/de\/wp-json\/wp\/v2\/types\/page"}],"author":[{"embeddable":true,"href":"https:\/\/agripedia.ch\/strategidea\/de\/wp-json\/wp\/v2\/users\/7"}],"replies":[{"embeddable":true,"href":"https:\/\/agripedia.ch\/strategidea\/de\/wp-json\/wp\/v2\/comments?post=2808"}],"version-history":[{"count":13,"href":"https:\/\/agripedia.ch\/strategidea\/de\/wp-json\/wp\/v2\/pages\/2808\/revisions"}],"predecessor-version":[{"id":5798,"href":"https:\/\/agripedia.ch\/strategidea\/de\/wp-json\/wp\/v2\/pages\/2808\/revisions\/5798"}],"up":[{"embeddable":true,"href":"https:\/\/agripedia.ch\/strategidea\/de\/wp-json\/wp\/v2\/pages\/2521"}],"wp:attachment":[{"href":"https:\/\/agripedia.ch\/strategidea\/de\/wp-json\/wp\/v2\/media?parent=2808"}],"curies":[{"name":"wp","href":"https:\/\/api.w.org\/{rel}","templated":true}]}}