{"id":2763,"date":"2019-07-07T10:40:14","date_gmt":"2019-07-07T10:40:14","guid":{"rendered":"https:\/\/agripedia.ch\/strategidea\/?page_id=2763"},"modified":"2023-02-07T12:08:05","modified_gmt":"2023-02-07T12:08:05","slug":"wie-kann-man-diese-publikation-nutzen","status":"publish","type":"page","link":"https:\/\/agripedia.ch\/strategidea\/de\/vorwort\/wie-kann-man-diese-publikation-nutzen\/","title":{"rendered":"Wie wird dieser Ordner genutzt?"},"content":{"rendered":"<p><div class=\"fusion-fullwidth fullwidth-box fusion-builder-row-1 nonhundred-percent-fullwidth non-hundred-percent-height-scrolling\" style=\"--awb-border-radius-top-left:0px;--awb-border-radius-top-right:0px;--awb-border-radius-bottom-right:0px;--awb-border-radius-bottom-left:0px;--awb-flex-wrap:wrap;\" ><div class=\"fusion-builder-row fusion-row\"><div class=\"fusion-layout-column fusion_builder_column fusion-builder-column-0 fusion_builder_column_1_2 1_2 fusion-one-half fusion-column-first\" style=\"--awb-bg-size:cover;width:50%;width:calc(50% - ( ( 4% ) * 0.5 ) );margin-right: 4%;\"><div class=\"fusion-column-wrapper fusion-flex-column-wrapper-legacy\"><div class=\"fusion-text fusion-text-1\"><p>Landwirtinnen und Landwirte werden kaum w\u00e4hrend des gesamten Weges der Strategiefindung von einer Beratungsperson begleitet. Diese interveniert punktuell in besonderen Momenten und die Interventionen m\u00fcssen nicht explizit mit strategischer Begleitung im Zusammenhang stehen.<\/p>\n<blockquote>\n<p>Die Strategiefindung soll einem roten Faden folgen. Dies setzt minimale Kenntnisse von Phasen und Kernkonzepten des strategischen Managements voraus.<\/p>\n<\/blockquote>\n<\/div><div class=\"fusion-clearfix\"><\/div><\/div><\/div><div class=\"fusion-layout-column fusion_builder_column fusion-builder-column-1 fusion_builder_column_1_2 1_2 fusion-one-half fusion-column-last\" style=\"--awb-bg-size:cover;width:50%;width:calc(50% - ( ( 4% ) * 0.5 ) );\"><div class=\"fusion-column-wrapper fusion-flex-column-wrapper-legacy\"><div class=\"fusion-text fusion-text-2\"><p>Die Beitr\u00e4ge des Ordners bieten landwirtschaftlichen Beratungspersonen ein Orientierungsraster f\u00fcr den individuellen Weg, den Landwirtinnen und Landwirte bei der Ausarbeitung und Weiterentwicklung ihrer strategischen Orientierung zur\u00fccklegen. Der Ordner kann zur Unterst\u00fctzung einer spezifischen Beratungssituation oder f\u00fcr die Ausarbeitung der strategischen Begleitung genutzt werden.<\/p>\n<\/div><div class=\"fusion-clearfix\"><\/div><\/div><\/div><\/div><\/div><div class=\"fusion-fullwidth fullwidth-box fusion-builder-row-2 nonhundred-percent-fullwidth non-hundred-percent-height-scrolling\" style=\"--awb-border-radius-top-left:0px;--awb-border-radius-top-right:0px;--awb-border-radius-bottom-right:0px;--awb-border-radius-bottom-left:0px;--awb-flex-wrap:wrap;\" ><div class=\"fusion-builder-row fusion-row\"><div class=\"fusion-layout-column fusion_builder_column fusion-builder-column-2 fusion_builder_column_1_2 1_2 fusion-one-half fusion-column-first\" style=\"--awb-bg-size:cover;width:50%;width:calc(50% - ( ( 4% ) * 0.5 ) );margin-right: 4%;\"><div class=\"fusion-column-wrapper fusion-flex-column-wrapper-legacy\"><div class=\"fusion-text fusion-text-3\"><h4>Die Ordnerstruktur<\/h4>\n<p>Die Ordnerstruktur richtet sich nach den Themen der strategischen Orientierung. Zu jedem Thema gibt es einen konzeptuellen Beitrag, der i. d. R. mit der Definition des Konzepts beginnt und die Theorie dazu entwickelt.<\/p>\n<p>Zu jedem behandelten Konzept gibt es eine Werkzeugliste.<\/p>\n<\/div><div class=\"fusion-clearfix\"><\/div><\/div><\/div><div class=\"fusion-layout-column fusion_builder_column fusion-builder-column-3 fusion_builder_column_1_2 1_2 fusion-one-half fusion-column-last\" style=\"--awb-bg-size:cover;--awb-margin-bottom:0px;width:50%;width:calc(50% - ( ( 4% ) * 0.5 ) );\"><div class=\"fusion-column-wrapper fusion-flex-column-wrapper-legacy\"><div class=\"fusion-text fusion-text-4\"><h4>Die Werkzeuge<\/h4>\n<p>Grunds\u00e4tzlich wurde jedes Werkzeug zur Bearbeitung eines bestimmten Themas des strategischen Managements entwickelt. Bestimmte Werkzeuge k\u00f6nnen aber auch zur Bearbeitung mehrerer Themen eingesetzt werden (entsprechende Verweise sind im Text vermerkt).<\/p>\n<p>Die Werkzeuge werden nach einem einheitlichen Muster vorgestellt: \u00dcberschrift, Werkzeugtyp, Name und Inhalt. Das kombinierte Abonnement berechtigt zum Download aller Werkzeuge im Originalformat (Word, Excel, pdf usw.) auf der AGRIDEA-Internetseite www.agripedia.ch. Nutzerinnen und Nutzer k\u00f6nnen sie an ihre Bed\u00fcrfnisse anpassen.<\/p>\n<p>Genutzt werden sie von landwirtschaftlichen Allgemein- oder Fachberatungspersonen, die die Werkzeuge im Beratungsprozess als Ankerpunkte f\u00fcr die Strategie der Landwirtinnen und Landwirte einsetzen m\u00f6chten. Dies schliesst die direkte Nutzung gewisser Werkzeuge durch Betriebsleiter und Betriebsleiterinnen oder andere Akteure des Unternehmens nicht aus.<\/p>\n<\/div><div class=\"fusion-button-wrapper\"><a class=\"fusion-button button-flat fusion-button-default-size button-default fusion-button-default button-1 fusion-button-default-span fusion-button-default-type\" style=\"--button-border-radius-top-left:0;--button-border-radius-top-right:0;--button-border-radius-bottom-right:0;--button-border-radius-bottom-left:0;\" target=\"_self\" href=\"https:\/\/agripedia.ch\/strategidea\/de\/werkzeugliste\/\"><span class=\"fusion-button-text awb-button__text awb-button__text--default fusion-button-text-right\">Werkzeugliste<\/span><span class=\"fusion-button-icon-divider button-icon-divider-right\"><i class=\"fa-file-import fas awb-button__icon awb-button__icon--default\" aria-hidden=\"true\"><\/i><\/span><\/a><\/div><div class=\"fusion-text fusion-text-5\"><p><span style=\"color: #ffffff\">_<\/span><\/p>\n<\/div><div class=\"fusion-text fusion-text-6\"><p>Es stehen verschiedene Werkzeugtypen zur Verf\u00fcgung:<\/p>\n<ul>\n<li><strong>Praxisleitfaden:<\/strong> Es erl\u00e4utert Beratungsetappen und -techniken zur Bearbeitung eines bestimmten Themas. Teilweise wird das Methodenblatt f\u00fcr die Verwendung eines anderen Werkzeugs vorausgesetzt (z.\u00a0B. Praxisleitfaden: Kartografie der Akteure).<\/li>\n<li><strong>Gespr\u00e4chsleitfaden<\/strong>: Der Gespr\u00e4chsleitfaden ist eine Anleitung f\u00fcr ein Leitfadeninterview. Er enth\u00e4lt Frage- und\/oder Aufgabenstellungsvorschl\u00e4ge f\u00fcr Interviewende. Er kann auch Vorschl\u00e4ge f\u00fcr Kriterien enthalten, deren Vertiefung von Interesse sein k\u00f6nnte (z.\u00a0B. Gespr\u00e4chsleitfaden: Die Humanressourcen).<\/li>\n<li><strong>Formular: <\/strong>Ein Formular ist eine Arbeitsgrundlage f\u00fcr die Beratungsperson und\/oder die Landwirtin oder den Landwirt. Es kann w\u00e4hrend einer Beratungssitzung gemeinsam ausgef\u00fcllt, f\u00fcr die selbst\u00e4ndige Bearbeitung ausgeh\u00e4ndigt oder von der Beratungsperson zur Vor- oder Nachbereitung einer Sitzung verwendet werden. Wird ein Formular w\u00e4hrend eines Gespr\u00e4chs eingesetzt, so sollte die Bearbeitung nicht als administrative Aufgabe wahrgenommen werden. Sie soll die Vertrauensbeziehung zwischen der Beratungsperson und der begleiteten Person st\u00e4rken und nicht st\u00f6ren (z. B. Formular: Eine gemeinsame Vision entwickeln).<\/li>\n<li><strong>Beispiel: <\/strong>Die Beispiele dienen zur Veranschaulichung und erf\u00fcllen einen p\u00e4dagogischen Zweck. Es ist m\u00f6glich, dass sie die Realit\u00e4t karikieren und vergleichsweise \u00abeinfache\u00bb Situationen abbilden.<\/li>\n<\/ul>\n<p><strong>Andere Werkzeugtypen:<\/strong> Schema (Verst\u00e4ndnishilfe f\u00fcr ein bestimmtes Thema), Fragebogen zur Selbstbefragung oder \u00dcbung zur selbst\u00e4ndigen Bearbeitung (wird der Landwirtin, dem Landwirt oder anderen Akteuren des Landwirtschaftsbetriebs ausgeh\u00e4ndigt), Moderationstechniken, Checklisten und Analyseraster (zur Kriterienkontrolle).<\/p>\n<\/div><div class=\"fusion-clearfix\"><\/div><\/div><\/div><\/div><\/div><\/p>\n","protected":false},"excerpt":{"rendered":"","protected":false},"author":7,"featured_media":0,"parent":2663,"menu_order":1,"comment_status":"closed","ping_status":"closed","template":"","meta":{"_sb_is_suggestion_mode":false,"_sb_show_suggestion_boards":false,"_sb_show_comment_boards":false,"_sb_suggestion_history":"","_sb_update_block_changes":"","_monsterinsights_skip_tracking":false,"_monsterinsights_sitenote_active":false,"_monsterinsights_sitenote_note":"","_monsterinsights_sitenote_category":0,"footnotes":""},"class_list":["post-2763","page","type-page","status-publish","hentry"],"_links":{"self":[{"href":"https:\/\/agripedia.ch\/strategidea\/de\/wp-json\/wp\/v2\/pages\/2763","targetHints":{"allow":["GET"]}}],"collection":[{"href":"https:\/\/agripedia.ch\/strategidea\/de\/wp-json\/wp\/v2\/pages"}],"about":[{"href":"https:\/\/agripedia.ch\/strategidea\/de\/wp-json\/wp\/v2\/types\/page"}],"author":[{"embeddable":true,"href":"https:\/\/agripedia.ch\/strategidea\/de\/wp-json\/wp\/v2\/users\/7"}],"replies":[{"embeddable":true,"href":"https:\/\/agripedia.ch\/strategidea\/de\/wp-json\/wp\/v2\/comments?post=2763"}],"version-history":[{"count":11,"href":"https:\/\/agripedia.ch\/strategidea\/de\/wp-json\/wp\/v2\/pages\/2763\/revisions"}],"predecessor-version":[{"id":5778,"href":"https:\/\/agripedia.ch\/strategidea\/de\/wp-json\/wp\/v2\/pages\/2763\/revisions\/5778"}],"up":[{"embeddable":true,"href":"https:\/\/agripedia.ch\/strategidea\/de\/wp-json\/wp\/v2\/pages\/2663"}],"wp:attachment":[{"href":"https:\/\/agripedia.ch\/strategidea\/de\/wp-json\/wp\/v2\/media?parent=2763"}],"curies":[{"name":"wp","href":"https:\/\/api.w.org\/{rel}","templated":true}]}}