{"id":2685,"date":"2019-07-06T15:35:20","date_gmt":"2019-07-06T15:35:20","guid":{"rendered":"https:\/\/agripedia.ch\/strategidea\/?page_id=2685"},"modified":"2024-11-22T10:57:09","modified_gmt":"2024-11-22T10:57:09","slug":"glossar","status":"publish","type":"page","link":"https:\/\/agripedia.ch\/strategidea\/de\/glossar\/","title":{"rendered":"Glossar"},"content":{"rendered":"<div class=\"fusion-fullwidth fullwidth-box fusion-builder-row-1 nonhundred-percent-fullwidth non-hundred-percent-height-scrolling\" style=\"--awb-border-radius-top-left:0px;--awb-border-radius-top-right:0px;--awb-border-radius-bottom-right:0px;--awb-border-radius-bottom-left:0px;--awb-flex-wrap:wrap;\" ><div class=\"fusion-builder-row fusion-row\"><div class=\"fusion-layout-column fusion_builder_column fusion-builder-column-0 fusion_builder_column_1_1 1_1 fusion-one-full fusion-column-first fusion-column-last\" style=\"--awb-bg-size:cover;--awb-margin-bottom:0px;\"><div class=\"fusion-column-wrapper fusion-flex-column-wrapper-legacy\"><div class=\"fusion-text fusion-text-1\"><h5>Akteure \u2013 Interessensgruppe \u2013 Anspruchsgruppen<\/h5>\n<p>Die Interessengruppen (interne und externe Akteurinnen und Akteure) sind Personen oder Personengruppen, die Einfluss auf den Landwirtschaftsbetrieb, das System \u201eFamilie-Betrieb\u201c und die Betriebsleiterin oder den Betriebsleiter nehmen. Sie verfolgen zwar ihre eigenen Ziele, interagieren aber mit dem Landwirtschaftsbetrieb<\/p>\n<h5>Allt\u00e4gliche Entscheidung<\/h5>\n<p>Die allt\u00e4glichen Entscheidungen sind zeitlich sehr begrenzt.<br \/>\nDazu geh\u00f6rt die Entscheidung \u00fcber die t\u00e4glichen Aufgaben, die f\u00fcr das reibungslose Funktionieren des Unternehmens zu erledigen sind. Dies sind Aufgaben im Zusammenhang mit der Produktion, aber auch Management- und Kontrollaufgaben.<\/p>\n<h5>Arbeitsorganisation<\/h5>\n<p>Die Arbeitsorganisation besteht grunds\u00e4tzlich aus der Koordination von Ressourcen und T\u00e4tigkeiten mit dem Ziel, Produkte und Dienstleistungen zu produzieren.<\/p>\n<h5>Armaturenbrett f\u00fcr die t\u00e4gliche Steuerung<\/h5>\n<p>Ein Dashboard f\u00fcr die laufende Steuerung erm\u00f6glicht es, die Umsetzung der Strategie in der laufenden Steuerung zu verfolgen. Sie basiert insbesondere auf Indikatoren, die so ausgew\u00e4hlt werden, dass sie die grundlegenden \u201eObjekte\u201c der Abw\u00e4gung f\u00fcr die laufenden Entscheidungen und Aktionen wiedergeben. Das Dashboard erinnert an die Verbindung zwischen dem Indikator und den strategischen Achsen.<\/p>\n<h5>Die strategischen F\u00e4higkeiten<\/h5>\n<p>Die strategischen F\u00e4higkeiten sind der gesamte interne Handlungsspielraum, der mit den Ressourcen und Aktivit\u00e4ten des Familienunternehmenssystems verbunden ist. Diese Spielr\u00e4ume liegen im Bereich dessen, \u201ewas man zur Verf\u00fcgung hat\u201c, \u201ewas man weiss\/kann\u201c.<\/p>\n<h5>Einflussfaktoren<\/h5>\n<p>Einflussfaktoren (oder Variablen) sind Elemente, die die Strategie eines Unternehmens ma\u00dfgeblich beeinflussen k\u00f6nnen. Sie sind Gegenstand der strategischen Analyse, deren Synthese durch die SWOT-Matrix hervorgehoben wird.<\/p>\n<p>Die Faktoren internen Ursprungs werden als St\u00e4rken und Schw\u00e4chen bezeichnet. Eine St\u00e4rke ist eine T\u00e4tigkeit oder Ressource, die f\u00fcr die Umsetzung der Strategie f\u00f6rderlich ist. Eine Schw\u00e4che ist ein Mangel, ein Handicap oder eine L\u00fccke, die die Umsetzung der Strategie beeintr\u00e4chtigt.<\/p>\n<p>Faktoren, die von au\u00dfen kommen, werden als Risiken und Chancen bezeichnet. Eine Chance ist ein Element aus dem Umfeld des Systems Unternehmen-Familie, das f\u00fcr die Umsetzung der Strategie g\u00fcnstig ist (oder g\u00fcnstig werden k\u00f6nnte). Ein Risiko ist ein Faktor in der Unternehmensumwelt, der f\u00fcr die Umsetzung der Strategie ung\u00fcnstig ist.<\/p>\n<h5>Elemente der Strategie<\/h5>\n<p>voir : <a href=\"https:\/\/agripedia.ch\/strategidea\/de\/die-elemente-der-strategie\/\">Die Elemente der Strategie<\/a><\/p>\n<h5>Elemente von Szenarien f\u00fcr die strategische Steuerung und Aktion\/Handeln<\/h5>\n<p>Elemente m\u00f6glicher zuk\u00fcnftiger Aktionspl\u00e4ne, die Annahmen unterliegen; erst zu gegebener Zeit und unter Ber\u00fccksichtigung der tats\u00e4chlich festgestellten Entwicklungen wird eines der betrachteten Szenarien in tats\u00e4chlich umzusetzende Ma\u00dfnahmen umgewandelt.<\/p>\n<h5>Handlungs-, Verhaltens- oder Entscheidungsregeln<\/h5>\n<p>Grunds\u00e4tze, die f\u00fcr eine schnelle Entscheidung im Rahmen der laufenden Steuerung aufgestellt werden: \u201eWenn diese Situation eintritt, werde ich diese Entscheidung treffen\u201c.<\/p>\n<h5>Handlungsplan<\/h5>\n<p>Listet in strukturierter und operativer Form die n\u00e4chsten Aufgaben auf, die kurzfristig zur Umsetzung einer Handlungsentscheidung oder eines Projekts zu erledigen sind: sichere Ma\u00dfnahmen, m\u00f6gliche Ma\u00dfnahmen, die an Bedingungen gekn\u00fcpft sind, einschlie\u00dflich Studien- oder Verwaltungsma\u00dfnahmen. Wenn es kein wirklich neues Projekt gibt, kann sich der Aktionsplan auf die Summe der Korrekturma\u00dfnahmen beschr\u00e4nken, die im Laufe der strategischen \u00dcberlegungen beschlossen wurden.<\/p>\n<h5>Handlungsspielraum<\/h5>\n<p>Der Handlungsspielraum ist die Gesamtheit der Potenziale, Faktoren oder M\u00f6glichkeiten, die dem Unternehmen zur Bew\u00e4ltigung von Ver\u00e4nderungen zur Verf\u00fcgung stehen. Unabh\u00e4ngig davon, ob diese internen oder externen Ursprungs sind (Ereignisse im Umfeld, interne Ereignisse im Unternehmen oder die famili\u00e4re Situation). Ver\u00e4nderungen k\u00f6nnen vorhersehbar oder unvorhersehbar sein. Die F\u00e4higkeit zur Bew\u00e4ltigung impliziert die F\u00e4higkeit, die gew\u00fcnschte Strategie umzusetzen. Dies betrifft sowohl die F\u00e4higkeit, das Unternehmen weiterzuentwickeln (etwas Neues zu unternehmen), als auch die F\u00e4higkeit, die bestehende Situation zu erhalten.<\/p>\n<h5>Humanressourcen<\/h5>\n<p>Die auf einem landwirtschaftlichen Betrieb t\u00e4tigen Personen bilden zusammen die Humanressourcen: der\/die Betriebsleiter\/in, sein\/ihr Ehepartner, Familienmitglieder, Teilhaber\/innen, Angestellte, Zusammenarbeit mit anderen Landwirten\/innen etc.<\/p>\n<h5>Intuition<\/h5>\n<p>Intuition kann als holistischer (ganzheitlicher) Informationsverarbeitungsprozess betrachtet werden, der sowohl gef\u00fchlsbezogene wie auch kognitive Aspekte umfasst und ohne bewusste \u00dcberlegungen in unmittelbarem Wissen resultiert.<br \/>\nMit anderen Worten: Intuition beinhaltet das Wissen, dass etwas richtig ist, obwohl man keine Gr\u00fcnde daf\u00fcr angeben kann.<\/p>\n<h5>Macro-Umfeld<\/h5>\n<p>Das Makro-Umfeld stellt die globale Ebene des Umfelds dar. Das Makro-Umfeld definiert sich \u00fcber die Rahmenbedingungen, die den Betrieb, unabh\u00e4ngig von den Entscheidungen des Betriebsleiters, direkt beeinflussen.<\/p>\n<h5>Micro-Umfeld<\/h5>\n<p>Das Mikro-Umfeld setzt sich aus allen Akteuren zusammen, welche die strategischen Entscheidungen des Betriebs direkt beeinflussen und auf welche der Betrieb seinerseits Einfluss nehmen kann. Anders gesagt: Es handelt sich um das enge Beziehungsnetzwerk, das s\u00e4mtliche Personen und Institutionen umfasst, mit denen der Betrieb in regelm\u00e4ssigem Kontakt steht.<\/p>\n<h5>Mission<\/h5>\n<p>Die Mission dr\u00fcckt die Daseinsberechtigung des Landwirtschaftsbetriebs aus. Sie ist charakterisiert durch die Dienstleistungen und Produkten des Landwirtschaftsbetriebes und liegt der Existenz des Hofes zu Grunde. Die Mission entspricht der Rolle des Betriebs in der Gesellschaft.<\/p>\n<h5>Operative Entscheidung<\/h5>\n<p>Operative Entscheidunen sind in ihrem Ausmass begrenzt und sowohl in Bezug auf den T\u00e4tigkeitsbereich als auch auf die erwarteten Ergebnisse und die Dauer klar bekannt.<br \/>\nEs geht um die Entscheidung, etwas durchzuf\u00fchren. Meist ein Projekt, das durch konkrete (d.h. quantifizierbare) Ziele definiert wird.<\/p>\n<h5>Operative Steuerung (Operative F\u00fchrung)<\/h5>\n<p>Die operative Steuerung wird als die Gesamtheit der t\u00e4glichen Aktivit\u00e4ten des Unternehmens und der Familie definiert. Sie bezieht sich in der Regel auf das operative Funktionieren des Systems Unternehmen-Familie bei der Umsetzung und Kontrolle der Ziele. Die t\u00e4gliche Steuerung setzt eine st\u00e4ndige Wachsamkeit voraus.<\/p>\n<h5>Pfad<\/h5>\n<p>M\u00f6gliche Handlung, die dazu beitragen kann, strategische Ziele voranzutreiben, eine Schw\u00e4che oder Bedrohung zu bew\u00e4ltigen oder eine Chance zu nutzen. Die Ansatzpunkte ergeben sich aus der strategischen Analyse und Reflexion. Es handelt sich um Handlungsspielr\u00e4ume, die der Betriebsleiter nicht ausschlie\u00dft, um sie zu untersuchen oder sogar konkret zu nutzen. Die Hinweise beziehen sich auf Ma\u00dfnahmen, die ergriffen werden m\u00fcssen, um etwas Neues einzuf\u00fchren (Projekte) oder das Bestehende zu verbessern (Anpassungen).<\/p>\n<h5>Produktionsmittel<\/h5>\n<p>Die Produktionsmittel eines Landwirtschaftsbetriebs setzen sich klassischerweise aus dem\u00a0Boden, den\u00a0Geb\u00e4uden\u00a0und\u00a0Anlagen, den\u00a0Maschinen\u00a0und\u00a0Ger\u00e4ten, den\u00a0Tieren\u00a0und den\u00a0Vorr\u00e4ten\u00a0zusammen.<\/p>\n<h5>Ressourcen<\/h5>\n<p>Die Ressourcen sind G\u00fcter und Mittel, materieller und immaterieller Art, \u00fcber die der Betrieb verf\u00fcgt oder die er mobilisieren kann. Es handelt sich um Produktionsmittel, finanzielle Ressourcen, menschliche Ressourcen, aber auch um nicht greifbare Ressourcen wie eine Marke oder ein Bekanntheitsgrad. Die menschlichen Ressourcen schliessen pers\u00f6nliche und famili\u00e4re Dimensionen mit ein, sofern sie mit dem Betrieb interagieren.<\/p>\n<h5>Risiko<\/h5>\n<p>Das Risiko im strategischen Management bezieht sich auf die Wahrscheinlichkeit und die Folgen eines Strategieversagens.<\/p>\n<h5>Stategische Reflexion (oder Uberlegung oder Orientierung oder Denken)<\/h5>\n<p>\u201eStategische Reflexion ist ein Prozess der Ermittlung, Analyse und Synthese, der sowohl r\u00fcckblickend als auch vorausschauend ist. Strategische Reflexion erfordert einen systemischen Ansatz, der die Argumentation mit einer Portion Intuition verbindet. Ihr Ziel ist es :<\/p>\n<ul>\n<li>die Gesamtstrategie des landwirtschaftlichen Unternehmens zu formulieren und dabei die pers\u00f6nlichen und famili\u00e4ren Dimensionen des Betriebsleiters oder der Betriebsleiterin zu ber\u00fccksichtigen,<\/li>\n<li>die internen und externen Faktoren zu identifizieren, die die langfristige strategische Ausrichtung des Systems Unternehmen-Familie beeinflussen k\u00f6nnen,<\/li>\n<li>die Grundlagen f\u00fcr eine strategische Entscheidungshilfe zu entwickeln.\u201c<\/li>\n<\/ul>\n<h5>Strategie<\/h5>\n<p>Urspr\u00fcnglich stammt das Wort Strategie aus dem milit\u00e4rischen Bereich. Es bezeichnete die Kunst, das Handeln aller Kr\u00e4fte einer Nation zu koordinieren, um einen Krieg zu f\u00fchren oder den Frieden zu bewahren. Sp\u00e4ter fiel der Begriff Strategie in den Bereich der Unternehmen und Organisationen. Ab den 1980er Jahren entwickelten sich die ersten Ans\u00e4tze des strategischen Managements in der Landwirtschaft, zun\u00e4chst in den USA und sp\u00e4ter in Europa.<\/p>\n<p>In den klassischen Wirtschaftssektoren existieren mehrere Definitionen von Unternehmensstrategie nebeneinander. Eine auf den ersten Blick recht einfache Definition besagt, dass Strategie \u201edie langfristige Ausrichtung einer Organisation\u201c ist. Es folgen drei weitere \u201ehistorische\u201c Definitionen:<\/p>\n<ul>\n<li>\u201eDie Festlegung der langfristigen Ziele und Zwecke eines Unternehmens und die Ergreifung von Ma\u00dfnahmen und die Zuweisung von Ressourcen, die zur Erreichung dieser Ziele erforderlich sind.\u201c Alfred Chandler<\/li>\n<li>\u201eBei der Wettbewerbsstrategie geht es darum, anders zu sein. Das bedingt, einen eigenen T\u00e4tigkeitsbereich auszuw\u00e4hlen und eine einzigartige Wertkombination anzubieten.\u201c Michael Porter<\/li>\n<li>\u201eEine Konfiguration in einem Fluss von Entscheidungen\u201c Henry Mintzberg.<\/li>\n<\/ul>\n<p>Keine dieser Definitionen schlie\u00dft die anderen aus. Sie betonen abwechselnd unterschiedliche Aspekte der Strategie, wie die Mobilisierung der Unternehmensressourcen, das Potenzial zur Anpassung an das Wettbewerbsumfeld und die Entscheidungsfindung. F\u00fcr das landwirtschaftliche Unternehmen ist die \u201est\u00e4ndige Anpassung an die Ver\u00e4nderungen der Umwelt\u201c eine Quelle tiefgreifender Paradoxa und Komplexit\u00e4t, was auf die Natur des Berufs des Landwirts selbst zur\u00fcckzuf\u00fchren ist.<\/p>\n<h5>Strategische Achse<\/h5>\n<p>Eine strategische Achse ist eine Hauptausrichtung, um welche der Betrieb seine Aktivit\u00e4ten und seine Struktur organisiert. Sie bildet die Grundlage f\u00fcr den Weg, den der Landwirt einschl\u00e4gt, um ein oder mehrere strategische Ziele zu erreichen. Eine strategische Achse umfasst eine Reihe von Schl\u00fcsselelementen aus den verschiedenen Betriebsfeldern und ist nicht bloss aus einer Aktivit\u00e4t. Sie schafft Koh\u00e4renz zwischen den Aktivit\u00e4ten, Massnahmen und verf\u00fcgbaren und potenziellen Ressourcen.<\/p>\n<h5>Strategische Analyse<\/h5>\n<p>Die strategische Analyse ermittelt die St\u00e4rken und Schw\u00e4chen des Systems Unternehmen-Familie einerseits und die Bedrohungen und Chancen in seinem Umfeld andererseits. Die Analyse kann f\u00fcr das gesamte System Unternehmen-Familie durchgef\u00fchrt werden, oder es kann notwendig sein, sie auf der Ebene eines (oder mehrerer) strategischer Bereiche (SGF oder SGE) zu betrachten, vorausgesetzt, diese wurden zuvor identifiziert.<\/p>\n<h5>Strategische Entscheidung<\/h5>\n<p>Die strategische Entscheidung ist ein Vorgang, der es erm\u00f6glicht, sich den\u00a0strategischen Zielen\u00a0des Unternehmens zu n\u00e4hern, zum Beispiel durch die Bevorzugung eines bestimmten\u00a0Szenarios. Eine strategische Entscheidung hat Auswirkungen auf das gesamte System Unternehmen-Familie und wirkt langfristig. Eine strategische Entscheidung hat einen besonderen Charakter und ist von Ungewissheiten, Informationsl\u00fccken, Chancen und Risiken begleitet.<\/p>\n<h5>Strategische Steuerung<\/h5>\n<p>Der Sinn der strategischen Steuerung besteht darin, die aus den strategischen \u00dcberlegungen hervorgegangenen Orientierungen in die Praxis umzusetzen und dabei auf die M\u00f6glichkeit zu achten, sich nach und nach an Ereignisse anzupassen, die im Voraus schwer zu erkennen sind.<\/p>\n<h5>Strategischer Ausblick<\/h5>\n<p>Der strategische Ausblick besteht darin, die Antizipation der Zukunft in den Dienst des Handelns zu stellen<\/p>\n<h5>Strategischer Gesch\u00e4ftsbereich<\/h5>\n<p>Ein strategischer Gesch\u00e4ftsbereich ist eine Untergruppe von Betriebsaktivit\u00e4ten, die es erm\u00f6glichen, eine bestimmte strategische Achse zu entwickeln.<\/p>\n<h5>Strategischer Wegweiser<\/h5>\n<p>Ein \u201estrategischer Wegweiser\u201c ist eines der Instrumente der strategischen Steuerung. Sie dokumentiert zusammenfassend die Elemente der Strategie, wichtige Elemente der Entscheidungsfindung und der Vorausschau und dient als Entscheidungsrahmen.<\/p>\n<h5>Strategisches Management<\/h5>\n<p>Strategisches Management ist der Prozess, in dem die Strategie festgelegt, gesteuert und kommuniziert wird.<\/p>\n<h5>Strategisches Ziel<\/h5>\n<p>Strategische Ziele leiten sich aus der Vision f\u00fcr den Betrieb und die Familie ab. Dabei werden die Mission des Betriebs und die Werte des Landwirts miteinbezogen. Die strategischen Ziele werden deshalb \u00fcber einen iterativen Prozess erarbeitet. Sie dr\u00fccken den Willen des Betriebsleiters (seine Grundanliegen) aus.<\/p>\n<h5>SWOT<\/h5>\n<p>Die SWOT-Matrix fasst die positiven und negativen Faktoren einer Strategie zusammen, die bei der internen und externen Analyse behandelt wurden. Das Ergebnis wird in Form einer Matrix mit den wichtigsten St\u00e4rken und Schw\u00e4chen, Chancen und Gefahren gegen\u00fcber der Gesamtstrategie des Familienbetriebs pr\u00e4sentiert.<\/p>\n<h5>System<\/h5>\n<p>Ein System ist eine Gruppe von dynamisch interagierenden Elementen, die auf ein Ziel hin organisiert sind und in einer gegebenen Umgebung dazu neigen, stabil zu bleiben (Hom\u00f6ostase).<\/p>\n<h5>Szenarien (Zukunftsszenarien f\u00fcr die Reflexion<\/h5>\n<p>Ein Szenario besteht aus der Beschreibung einer zuk\u00fcnftigen Situation und dem Verlauf der Ereignisse, die es uns erm\u00f6glichen, von der urspr\u00fcnglichen Situation zur zuk\u00fcnftigen Situation zu gelangen. Es sollte ber\u00fccksichtigt werden, dass diese Reihe von Ereignissen eine gewisse Koh\u00e4renz aufweisen muss.<\/p>\n<h5>T\u00e4tigkeiten<\/h5>\n<p>Die T\u00e4tigkeiten des Landwirtschaftsbetriebs umfassen s\u00e4mtliche Handlungen, die es ihm erlauben, einen Markt oder Haushalt mit G\u00fctern und Leistungen zu beliefern. Unter T\u00e4tigkeit versteht man die Betriebszweige und Dienstleistungen des Betriebs.<\/p>\n<h5>Urteilsverm\u00f6gen<\/h5>\n<p>Urteilsverm\u00f6gen ist ein Prozess der Entscheidungsfindung, bei dem das pers\u00f6nliche Urteil des Entscheidungstr\u00e4gers auf der Grundlage von Fakten und Werten herangezogen wird. Sie ist an den Zielen des Entscheidungstr\u00e4gers orientiert. Dieses Urteilsverm\u00f6gen kann nur ausge\u00fcbt werden, wenn es eine Alternative zur ersten, sich auf-dr\u00e4ngenden Option oder zu einer Standardwahl gibt.<\/p>\n<h5>Vision<\/h5>\n<p>Die Vision ist eine Vorstellung des Betriebes der Zukunft und nimmt Wunschvorstellungen und Herausforderungen auf.<\/p>\n<h5>Vorhersehbares<strong>Ereignis<\/strong><\/h5>\n<p>Ein vorhersehbares Ereignis ist ein Umstand, der mit einer gewissen Wahrscheinlichkeit eintreten wird. Es ist gekennzeichnet durch eine Beschreibung (worum handelt es sich, was ist seine Ursache? Ist es ein Risiko- oder eine Chance?), einen Zeitrahmen und eine Wahrscheinlichkeit.<\/p>\n<h5>Werte<\/h5>\n<p>Die Werte sind die Grunds\u00e4tze, nach denen der Betriebsleiter handelt. Sie definieren die Verhaltens- und Handlungsweise im Betrieb, sie sind die pers\u00f6nliche Note des Landwirts. Sie verk\u00f6rpern seine Philosophie und seine Arbeitshaltung.<\/p>\n<h5>Zentrale Erfolgsfaktoren<\/h5>\n<p>Die zentralen Erfolgsfaktoren (ZEF) sind die Handlungsspielr\u00e4ume, die es erm\u00f6glichen, eine Chance aus dem Umfeld heraus zu nutzen oder einem Risiko zu begegnen. Sie werden aus dem Verst\u00e4ndnis der Risiken und Chancen im Umfeld abgeleitet. Es handelt sich um Handlungsspielr\u00e4ume, die im Bereich \u201eworauf man reagieren muss\u201c, \u201ewas man einhalten muss\u201c liegen.<\/p>\n<\/div><div class=\"fusion-clearfix\"><\/div><\/div><\/div><\/div><\/div>\n","protected":false},"excerpt":{"rendered":"","protected":false},"author":7,"featured_media":0,"parent":0,"menu_order":12,"comment_status":"closed","ping_status":"closed","template":"100-width.php","meta":{"_sb_is_suggestion_mode":false,"_sb_show_suggestion_boards":false,"_sb_show_comment_boards":false,"_sb_suggestion_history":"","_sb_update_block_changes":"","_monsterinsights_skip_tracking":false,"_monsterinsights_sitenote_active":false,"_monsterinsights_sitenote_note":"","_monsterinsights_sitenote_category":0,"footnotes":""},"class_list":["post-2685","page","type-page","status-publish","hentry"],"_links":{"self":[{"href":"https:\/\/agripedia.ch\/strategidea\/de\/wp-json\/wp\/v2\/pages\/2685","targetHints":{"allow":["GET"]}}],"collection":[{"href":"https:\/\/agripedia.ch\/strategidea\/de\/wp-json\/wp\/v2\/pages"}],"about":[{"href":"https:\/\/agripedia.ch\/strategidea\/de\/wp-json\/wp\/v2\/types\/page"}],"author":[{"embeddable":true,"href":"https:\/\/agripedia.ch\/strategidea\/de\/wp-json\/wp\/v2\/users\/7"}],"replies":[{"embeddable":true,"href":"https:\/\/agripedia.ch\/strategidea\/de\/wp-json\/wp\/v2\/comments?post=2685"}],"version-history":[{"count":6,"href":"https:\/\/agripedia.ch\/strategidea\/de\/wp-json\/wp\/v2\/pages\/2685\/revisions"}],"predecessor-version":[{"id":6691,"href":"https:\/\/agripedia.ch\/strategidea\/de\/wp-json\/wp\/v2\/pages\/2685\/revisions\/6691"}],"wp:attachment":[{"href":"https:\/\/agripedia.ch\/strategidea\/de\/wp-json\/wp\/v2\/media?parent=2685"}],"curies":[{"name":"wp","href":"https:\/\/api.w.org\/{rel}","templated":true}]}}