{"id":2682,"date":"2019-07-06T15:34:36","date_gmt":"2019-07-06T15:34:36","guid":{"rendered":"https:\/\/agripedia.ch\/strategidea\/?page_id=2682"},"modified":"2024-11-22T09:52:53","modified_gmt":"2024-11-22T09:52:53","slug":"die-strategische-entscheidung","status":"publish","type":"page","link":"https:\/\/agripedia.ch\/strategidea\/de\/die-strategische-entscheidung\/","title":{"rendered":"Die strategische Entscheidung"},"content":{"rendered":"<p><div class=\"fusion-fullwidth fullwidth-box fusion-builder-row-1 nonhundred-percent-fullwidth non-hundred-percent-height-scrolling\" style=\"--awb-border-radius-top-left:0px;--awb-border-radius-top-right:0px;--awb-border-radius-bottom-right:0px;--awb-border-radius-bottom-left:0px;--awb-flex-wrap:wrap;\" ><div class=\"fusion-builder-row fusion-row\"><div class=\"fusion-layout-column fusion_builder_column fusion-builder-column-0 fusion_builder_column_1_3 1_3 fusion-one-third fusion-column-first fusion-column-inner-bg-wrapper\" style=\"--awb-inner-bg-size:cover;width:33.333333333333%;width:calc(33.333333333333% - ( ( 4% + 4% ) * 0.33333333333333 ) );margin-right: 4%;\"><span class=\"fusion-column-inner-bg hover-type-none\"><a class=\"fusion-column-anchor\" href=\"https:\/\/agripedia.ch\/strategidea\/de\/die-strategische-entscheidung\/la-hierarchie-des-decisions-a-traduire\/\"><span class=\"fusion-column-inner-bg-image\"><\/span><\/a><\/span><div class=\"fusion-column-wrapper fusion-column-has-shadow fusion-flex-column-wrapper-legacy\"><div class=\"fusion-button-wrapper\"><a class=\"fusion-button button-flat fusion-button-default-size button-default fusion-button-default button-1 fusion-button-default-span fusion-button-default-type\" style=\"--button-border-radius-top-left:0;--button-border-radius-top-right:0;--button-border-radius-bottom-right:0;--button-border-radius-bottom-left:0;\" target=\"_self\" href=\"https:\/\/agripedia.ch\/strategidea\/la-decision-strategique\/la-hierarchie-des-decisions\/\"><span class=\"fusion-button-text awb-button__text awb-button__text--default\">Die Hierarchie der Entscheidungen<\/span><\/a><\/div><div class=\"fusion-clearfix\"><\/div><\/div><\/div><div class=\"fusion-layout-column fusion_builder_column fusion-builder-column-1 fusion_builder_column_1_3 1_3 fusion-one-third fusion-column-inner-bg-wrapper\" style=\"--awb-inner-bg-size:cover;width:33.333333333333%;width:calc(33.333333333333% - ( ( 4% + 4% ) * 0.33333333333333 ) );margin-right: 4%;\"><span class=\"fusion-column-inner-bg hover-type-none\"><a class=\"fusion-column-anchor\" href=\"https:\/\/agripedia.ch\/strategidea\/de\/die-strategische-entscheidung\/la-decision-en-situation-a-traduire\/\"><span class=\"fusion-column-inner-bg-image\"><\/span><\/a><\/span><div class=\"fusion-column-wrapper fusion-column-has-shadow fusion-flex-column-wrapper-legacy\"><div class=\"fusion-button-wrapper\"><a class=\"fusion-button button-flat fusion-button-default-size button-default fusion-button-default button-2 fusion-button-default-span fusion-button-default-type\" style=\"--button-border-radius-top-left:0;--button-border-radius-top-right:0;--button-border-radius-bottom-right:0;--button-border-radius-bottom-left:0;\" target=\"_self\" href=\"https:\/\/agripedia.ch\/strategidea\/de\/die-strategische-entscheidung\/nutzung-der-intuition-bei-der-entscheidungsfindung\/\"><span class=\"fusion-button-text awb-button__text awb-button__text--default\">Nutzung der Intuition bei der Entscheidungsfindung<\/span><\/a><\/div><div class=\"fusion-clearfix\"><\/div><\/div><\/div><div class=\"fusion-layout-column fusion_builder_column fusion-builder-column-2 fusion_builder_column_1_3 1_3 fusion-one-third fusion-column-last fusion-column-inner-bg-wrapper\" style=\"--awb-inner-bg-size:cover;width:33.333333333333%;width:calc(33.333333333333% - ( ( 4% + 4% ) * 0.33333333333333 ) );\"><span class=\"fusion-column-inner-bg hover-type-none\"><a class=\"fusion-column-anchor\" href=\"https:\/\/agripedia.ch\/strategidea\/de\/die-strategische-entscheidung\/pratiquer-le-discernement-a-traduire\/\"><span class=\"fusion-column-inner-bg-image\"><\/span><\/a><\/span><div class=\"fusion-column-wrapper fusion-column-has-shadow fusion-flex-column-wrapper-legacy\"><div class=\"fusion-button-wrapper\"><a class=\"fusion-button button-flat fusion-button-default-size button-default fusion-button-default button-3 fusion-button-default-span fusion-button-default-type\" style=\"--button-border-radius-top-left:0;--button-border-radius-top-right:0;--button-border-radius-bottom-right:0;--button-border-radius-bottom-left:0;\" target=\"_self\" href=\"https:\/\/agripedia.ch\/strategidea\/la-decision-strategique\/pratiquer-le-discernement\/\"><span class=\"fusion-button-text awb-button__text awb-button__text--default\">Urteilsverm\u00f6gen, eine Alternative zur Wahl durch Nichtbeachtung<\/span><\/a><\/div><div class=\"fusion-clearfix\"><\/div><\/div><\/div><div class=\"fusion-layout-column fusion_builder_column fusion-builder-column-3 fusion_builder_column_1_1 1_1 fusion-one-full fusion-column-first fusion-column-last\" style=\"--awb-bg-blend:overlay;--awb-bg-size:cover;\"><div class=\"fusion-column-wrapper fusion-flex-column-wrapper-legacy\"><div class=\"fusion-section-separator section-separator clouds fusion-section-separator-1\" style=\"--awb-spacer-height:99px;--awb-svg-margin-left:0;--awb-svg-margin-right:0;--awb-divider-height:99px;--awb-spacer-padding-top:inherit;--awb-sep-padding:0;--awb-svg-padding:0;\"><div class=\"fusion-section-separator-svg\"><svg class=\"fusion-clouds-candy\" xmlns=\"http:\/\/www.w3.org\/2000\/svg\" version=\"1.1\" width=\"100%\" height=\"100\" viewBox=\"0 0 100 100\" preserveAspectRatio=\"none\" fill=\"rgba(246,246,246,1)\"><path d=\"M-5 100 Q 0 20 5 100 Z\"><\/path>\n\t\t\t\t\t\t\t\t<path d=\"M0 100 Q 5 0 10 100\"><\/path>\n\t\t\t\t\t\t\t\t<path d=\"M5 100 Q 10 30 15 100\"><\/path>\n\t\t\t\t\t\t\t\t<path d=\"M10 100 Q 15 10 20 100\"><\/path>\n\t\t\t\t\t\t\t\t<path d=\"M15 100 Q 20 30 25 100\"><\/path>\n\t\t\t\t\t\t\t\t<path d=\"M20 100 Q 25 -10 30 100\"><\/path>\n\t\t\t\t\t\t\t\t<path d=\"M25 100 Q 30 10 35 100\"><\/path>\n\t\t\t\t\t\t\t\t<path d=\"M30 100 Q 35 30 40 100\"><\/path>\n\t\t\t\t\t\t\t\t<path d=\"M35 100 Q 40 10 45 100\"><\/path>\n\t\t\t\t\t\t\t\t<path d=\"M40 100 Q 45 50 50 100\"><\/path>\n\t\t\t\t\t\t\t\t<path d=\"M45 100 Q 50 20 55 100\"><\/path>\n\t\t\t\t\t\t\t\t<path d=\"M50 100 Q 55 40 60 100\"><\/path>\n\t\t\t\t\t\t\t\t<path d=\"M55 100 Q 60 60 65 100\"><\/path>\n\t\t\t\t\t\t\t\t<path d=\"M60 100 Q 65 50 70 100\"><\/path>\n\t\t\t\t\t\t\t\t<path d=\"M65 100 Q 70 20 75 100\"><\/path>\n\t\t\t\t\t\t\t\t<path d=\"M70 100 Q 75 45 80 100\"><\/path>\n\t\t\t\t\t\t\t\t<path d=\"M75 100 Q 80 30 85 100\"><\/path>\n\t\t\t\t\t\t\t\t<path d=\"M80 100 Q 85 20 90 100\"><\/path>\n\t\t\t\t\t\t\t\t<path d=\"M85 100 Q 90 50 95 100\"><\/path>\n\t\t\t\t\t\t\t\t<path d=\"M90 100 Q 95 25 100 100\"><\/path>\n\t\t\t\t\t\t\t\t<path d=\"M95 100 Q 100 15 105 100 Z\"><\/path><\/svg><\/div><div class=\"fusion-section-separator-spacer\"><div class=\"fusion-section-separator-spacer-height\"><\/div><\/div><\/div><div class=\"fusion-clearfix\"><\/div><\/div><\/div><\/div><\/div><div class=\"fusion-fullwidth fullwidth-box fusion-builder-row-2 nonhundred-percent-fullwidth non-hundred-percent-height-scrolling\" style=\"--awb-border-radius-top-left:0px;--awb-border-radius-top-right:0px;--awb-border-radius-bottom-right:0px;--awb-border-radius-bottom-left:0px;--awb-flex-wrap:wrap;\" ><div class=\"fusion-builder-row fusion-row\"><div class=\"fusion-layout-column fusion_builder_column fusion-builder-column-4 fusion_builder_column_1_2 1_2 fusion-one-half fusion-column-first\" style=\"--awb-bg-blend:overlay;--awb-bg-size:cover;--awb-margin-bottom:0px;width:48%; margin-right: 4%;\"><div class=\"fusion-column-wrapper fusion-flex-column-wrapper-legacy\"><div class=\"fusion-text fusion-text-1\"><p><strong>\u00a0<\/strong><\/p>\n<blockquote>\n<p>Die strategische Entscheidung ist ein Vorgang, der es erm\u00f6glicht, sich den <a href=\"https:\/\/agripedia.ch\/strategidea\/de\/die-elemente-der-strategie\/die-strategischen-ziele\/\">strategischen Zielen<\/a> des Unternehmens zu n\u00e4hern, zum Beispiel durch die Bevorzugung eines bestimmten <a href=\"https:\/\/agripedia.ch\/strategidea\/de\/die-perspektiven\/les-scenarios-a-traduire\/\">Szenarios<\/a>. Eine strategische Entscheidung hat Auswirkungen auf das gesamte System Unternehmen-Familie und wirkt langfristig. Eine strategische Entscheidung hat einen besonderen Charakter und ist von Ungewissheiten, Informationsl\u00fccken, Chancen und Risiken begleitet.<\/p>\n<\/blockquote>\n<\/div><div class=\"fusion-clearfix\"><\/div><\/div><\/div><div class=\"fusion-layout-column fusion_builder_column fusion-builder-column-5 fusion_builder_column_1_2 1_2 fusion-one-half fusion-column-last\" style=\"--awb-bg-blend:overlay;--awb-bg-size:cover;width:48%;\"><div class=\"fusion-column-wrapper fusion-flex-column-wrapper-legacy\"><div class=\"fusion-text fusion-text-2\"><p>Die strategische Entscheidung ist im Grunde eine <strong>Absicht zu handeln<\/strong>.<\/p>\n<p>Bei der Entscheidungsfindung geht es nicht nur darum, eine Option unter Vielen zu w\u00e4hlen. In Bezug auf die Strategie ist diese Auffassung zu einschr\u00e4nkend.<\/p>\n<p><strong>\u201eW\u00e4hlen\u201c<\/strong> ist der Prozess, eine Option gegen\u00fcber einer anderen zu bevorzugen. Eine <strong>\u201eEntscheidung\u201c<\/strong> ist jedoch ein <strong>verbindliches Bekenntnis zu einer L\u00f6sung<\/strong> (eine Absicht zu handeln). Dies setzt voraus, dass es nicht bei der \u00c4u\u00dferung einer Pr\u00e4ferenz bleibt, sondern dass eine echte Bewertung des geplanten Szenarios, der Chancen und der damit verbundenen Risiken erfolgt. Das bedeutet, dass wir am Ende der Entscheidung <strong>zum Handeln bereit<\/strong> sind\u00a0(Falque & Bougon, 2013, p. 132).<\/p>\n<p>F\u00fcr die strategische Entscheidung ist diese Unterscheidung zwischen Pr\u00e4ferenz und Verpflichtung nicht so trivial; sie zeigt, dass die strategische Entscheidung keine Standardwahl sein kann, sondern vielmehr eine Entscheidung, die den Unternehmer stark verpflichtet. Sie <strong>beruht auf strategischem Denken<\/strong>, das dazu beitr\u00e4gt, die den Entscheidungen zugrundeliegenden Ziele zu kl\u00e4ren, und somit die <strong>Entscheidungspraxis<\/strong> verbessert.<\/p>\n<\/div><div class=\"fusion-clearfix\"><\/div><\/div><\/div><\/div><\/div><\/p>\n","protected":false},"excerpt":{"rendered":"","protected":false},"author":7,"featured_media":0,"parent":0,"menu_order":10,"comment_status":"closed","ping_status":"closed","template":"","meta":{"_sb_is_suggestion_mode":false,"_sb_show_suggestion_boards":false,"_sb_show_comment_boards":false,"_sb_suggestion_history":"","_sb_update_block_changes":"","_monsterinsights_skip_tracking":false,"_monsterinsights_sitenote_active":false,"_monsterinsights_sitenote_note":"","_monsterinsights_sitenote_category":0,"footnotes":""},"class_list":["post-2682","page","type-page","status-publish","hentry"],"_links":{"self":[{"href":"https:\/\/agripedia.ch\/strategidea\/de\/wp-json\/wp\/v2\/pages\/2682","targetHints":{"allow":["GET"]}}],"collection":[{"href":"https:\/\/agripedia.ch\/strategidea\/de\/wp-json\/wp\/v2\/pages"}],"about":[{"href":"https:\/\/agripedia.ch\/strategidea\/de\/wp-json\/wp\/v2\/types\/page"}],"author":[{"embeddable":true,"href":"https:\/\/agripedia.ch\/strategidea\/de\/wp-json\/wp\/v2\/users\/7"}],"replies":[{"embeddable":true,"href":"https:\/\/agripedia.ch\/strategidea\/de\/wp-json\/wp\/v2\/comments?post=2682"}],"version-history":[{"count":14,"href":"https:\/\/agripedia.ch\/strategidea\/de\/wp-json\/wp\/v2\/pages\/2682\/revisions"}],"predecessor-version":[{"id":6690,"href":"https:\/\/agripedia.ch\/strategidea\/de\/wp-json\/wp\/v2\/pages\/2682\/revisions\/6690"}],"wp:attachment":[{"href":"https:\/\/agripedia.ch\/strategidea\/de\/wp-json\/wp\/v2\/media?parent=2682"}],"curies":[{"name":"wp","href":"https:\/\/api.w.org\/{rel}","templated":true}]}}