{"id":2672,"date":"2019-07-06T15:28:45","date_gmt":"2019-07-06T15:28:45","guid":{"rendered":"https:\/\/agripedia.ch\/strategidea\/?page_id=2672"},"modified":"2025-01-14T08:20:01","modified_gmt":"2025-01-14T08:20:01","slug":"die-strategische-analyse","status":"publish","type":"page","link":"https:\/\/agripedia.ch\/strategidea\/de\/die-strategische-analyse\/","title":{"rendered":"Die strategische Analyse"},"content":{"rendered":"<p><div class=\"fusion-fullwidth fullwidth-box fusion-builder-row-1 nonhundred-percent-fullwidth non-hundred-percent-height-scrolling\" style=\"--awb-border-radius-top-left:0px;--awb-border-radius-top-right:0px;--awb-border-radius-bottom-right:0px;--awb-border-radius-bottom-left:0px;--awb-flex-wrap:wrap;\" ><div class=\"fusion-builder-row fusion-row\"><div class=\"fusion-layout-column fusion_builder_column fusion-builder-column-0 fusion_builder_column_1_3 1_3 fusion-one-third fusion-column-first\" style=\"--awb-bg-size:cover;width:33.333333333333%;width:calc(33.333333333333% - ( ( 4% + 4% ) * 0.33333333333333 ) );margin-right: 4%;\"><div class=\"fusion-column-wrapper fusion-flex-column-wrapper-legacy\"><div class=\"fusion-button-wrapper\"><a class=\"fusion-button button-flat fusion-button-default-size button-default fusion-button-default button-1 fusion-button-default-span fusion-button-default-type\" style=\"--button-border-radius-top-left:0;--button-border-radius-top-right:0;--button-border-radius-bottom-right:0;--button-border-radius-bottom-left:0;\" target=\"_self\" href=\"https:\/\/agripedia.ch\/strategidea\/de\/die-interne-analyse\/\"><span class=\"fusion-button-text awb-button__text awb-button__text--default\">Interne Analyse<\/span><\/a><\/div><div class=\"fusion-clearfix\"><\/div><\/div><\/div><div class=\"fusion-layout-column fusion_builder_column fusion-builder-column-1 fusion_builder_column_1_3 1_3 fusion-one-third\" style=\"--awb-bg-size:cover;width:33.333333333333%;width:calc(33.333333333333% - ( ( 4% + 4% ) * 0.33333333333333 ) );margin-right: 4%;\"><div class=\"fusion-column-wrapper fusion-flex-column-wrapper-legacy\"><div class=\"fusion-button-wrapper\"><a class=\"fusion-button button-flat fusion-button-default-size button-default fusion-button-default button-2 fusion-button-default-span fusion-button-default-type\" style=\"--button-border-radius-top-left:0;--button-border-radius-top-right:0;--button-border-radius-bottom-right:0;--button-border-radius-bottom-left:0;\" target=\"_self\" href=\"https:\/\/agripedia.ch\/strategidea\/de\/die-externe-strategische-analyse\/\"><span class=\"fusion-button-text awb-button__text awb-button__text--default\">Externe Analyse<\/span><\/a><\/div><div class=\"fusion-clearfix\"><\/div><\/div><\/div><div class=\"fusion-layout-column fusion_builder_column fusion-builder-column-2 fusion_builder_column_1_3 1_3 fusion-one-third fusion-column-last fusion-column-inner-bg-wrapper\" style=\"--awb-inner-bg-size:cover;width:33.333333333333%;width:calc(33.333333333333% - ( ( 4% + 4% ) * 0.33333333333333 ) );\"><span class=\"fusion-column-inner-bg hover-type-none\"><a class=\"fusion-column-anchor\" href=\"https:\/\/agripedia.ch\/strategidea\/de\/synthese-der-strategischen-analyse\/\"><span class=\"fusion-column-inner-bg-image\"><\/span><\/a><\/span><div class=\"fusion-column-wrapper fusion-column-has-shadow fusion-flex-column-wrapper-legacy\"><div class=\"fusion-button-wrapper\"><a class=\"fusion-button button-flat fusion-button-default-size button-default fusion-button-default button-3 fusion-button-default-span fusion-button-default-type\" style=\"--button-border-radius-top-left:0;--button-border-radius-top-right:0;--button-border-radius-bottom-right:0;--button-border-radius-bottom-left:0;\" target=\"_self\" href=\"https:\/\/agripedia.ch\/strategidea\/de\/synthese-der-strategischen-analyse\/\"><span class=\"fusion-button-text awb-button__text awb-button__text--default\">Synthese der strategischen Analyse<\/span><\/a><\/div><div class=\"fusion-clearfix\"><\/div><\/div><\/div><div class=\"fusion-layout-column fusion_builder_column fusion-builder-column-3 fusion_builder_column_1_1 1_1 fusion-one-full fusion-column-first fusion-column-last\" style=\"--awb-bg-size:cover;\"><div class=\"fusion-column-wrapper fusion-flex-column-wrapper-legacy\"><div class=\"fusion-section-separator section-separator clouds fusion-section-separator-1\" style=\"--awb-spacer-height:99px;--awb-svg-margin-left:0;--awb-svg-margin-right:0;--awb-divider-height:99px;--awb-spacer-padding-top:inherit;--awb-sep-padding:0;--awb-svg-padding:0;\"><div class=\"fusion-section-separator-svg\"><svg class=\"fusion-clouds-candy\" xmlns=\"http:\/\/www.w3.org\/2000\/svg\" version=\"1.1\" width=\"100%\" height=\"100\" viewBox=\"0 0 100 100\" preserveAspectRatio=\"none\" fill=\"rgba(246,246,246,1)\"><path d=\"M-5 100 Q 0 20 5 100 Z\"><\/path>\n\t\t\t\t\t\t\t\t<path d=\"M0 100 Q 5 0 10 100\"><\/path>\n\t\t\t\t\t\t\t\t<path d=\"M5 100 Q 10 30 15 100\"><\/path>\n\t\t\t\t\t\t\t\t<path d=\"M10 100 Q 15 10 20 100\"><\/path>\n\t\t\t\t\t\t\t\t<path d=\"M15 100 Q 20 30 25 100\"><\/path>\n\t\t\t\t\t\t\t\t<path d=\"M20 100 Q 25 -10 30 100\"><\/path>\n\t\t\t\t\t\t\t\t<path d=\"M25 100 Q 30 10 35 100\"><\/path>\n\t\t\t\t\t\t\t\t<path d=\"M30 100 Q 35 30 40 100\"><\/path>\n\t\t\t\t\t\t\t\t<path d=\"M35 100 Q 40 10 45 100\"><\/path>\n\t\t\t\t\t\t\t\t<path d=\"M40 100 Q 45 50 50 100\"><\/path>\n\t\t\t\t\t\t\t\t<path d=\"M45 100 Q 50 20 55 100\"><\/path>\n\t\t\t\t\t\t\t\t<path d=\"M50 100 Q 55 40 60 100\"><\/path>\n\t\t\t\t\t\t\t\t<path d=\"M55 100 Q 60 60 65 100\"><\/path>\n\t\t\t\t\t\t\t\t<path d=\"M60 100 Q 65 50 70 100\"><\/path>\n\t\t\t\t\t\t\t\t<path d=\"M65 100 Q 70 20 75 100\"><\/path>\n\t\t\t\t\t\t\t\t<path d=\"M70 100 Q 75 45 80 100\"><\/path>\n\t\t\t\t\t\t\t\t<path d=\"M75 100 Q 80 30 85 100\"><\/path>\n\t\t\t\t\t\t\t\t<path d=\"M80 100 Q 85 20 90 100\"><\/path>\n\t\t\t\t\t\t\t\t<path d=\"M85 100 Q 90 50 95 100\"><\/path>\n\t\t\t\t\t\t\t\t<path d=\"M90 100 Q 95 25 100 100\"><\/path>\n\t\t\t\t\t\t\t\t<path d=\"M95 100 Q 100 15 105 100 Z\"><\/path><\/svg><\/div><div class=\"fusion-section-separator-spacer\"><div class=\"fusion-section-separator-spacer-height\"><\/div><\/div><\/div><div class=\"fusion-clearfix\"><\/div><\/div><\/div><\/div><\/div><div class=\"fusion-fullwidth fullwidth-box fusion-builder-row-2 nonhundred-percent-fullwidth non-hundred-percent-height-scrolling\" style=\"--awb-border-radius-top-left:0px;--awb-border-radius-top-right:0px;--awb-border-radius-bottom-right:0px;--awb-border-radius-bottom-left:0px;--awb-flex-wrap:wrap;\" ><div class=\"fusion-builder-row fusion-row\"><div class=\"fusion-layout-column fusion_builder_column fusion-builder-column-4 fusion_builder_column_1_1 1_1 fusion-one-full fusion-column-first fusion-column-last\" style=\"--awb-bg-size:cover;--awb-margin-bottom:0px;\"><div class=\"fusion-column-wrapper fusion-flex-column-wrapper-legacy\"><div class=\"fusion-text fusion-text-1\"><div id=\"attachment_4305\" style=\"width: 941px\" class=\"wp-caption aligncenter\"><img decoding=\"async\" aria-describedby=\"caption-attachment-4305\" class=\"wp-image-4305 \" src=\"https:\/\/agripedia.ch\/strategidea\/wp-content\/uploads\/sites\/7\/2021\/11\/Index5_VUE-DENSEMBLE-DE-L\u2019ANALYSE-STRAT\u00c9GIQUE_DE.png\" alt=\"\" width=\"931\" height=\"721\" srcset=\"https:\/\/agripedia.ch\/strategidea\/wp-content\/uploads\/sites\/7\/2021\/11\/Index5_VUE-DENSEMBLE-DE-L\u2019ANALYSE-STRAT\u00c9GIQUE_DE-200x155.png 200w, https:\/\/agripedia.ch\/strategidea\/wp-content\/uploads\/sites\/7\/2021\/11\/Index5_VUE-DENSEMBLE-DE-L\u2019ANALYSE-STRAT\u00c9GIQUE_DE-300x232.png 300w, https:\/\/agripedia.ch\/strategidea\/wp-content\/uploads\/sites\/7\/2021\/11\/Index5_VUE-DENSEMBLE-DE-L\u2019ANALYSE-STRAT\u00c9GIQUE_DE-400x310.png 400w, https:\/\/agripedia.ch\/strategidea\/wp-content\/uploads\/sites\/7\/2021\/11\/Index5_VUE-DENSEMBLE-DE-L\u2019ANALYSE-STRAT\u00c9GIQUE_DE-600x465.png 600w, https:\/\/agripedia.ch\/strategidea\/wp-content\/uploads\/sites\/7\/2021\/11\/Index5_VUE-DENSEMBLE-DE-L\u2019ANALYSE-STRAT\u00c9GIQUE_DE-768x595.png 768w, https:\/\/agripedia.ch\/strategidea\/wp-content\/uploads\/sites\/7\/2021\/11\/Index5_VUE-DENSEMBLE-DE-L\u2019ANALYSE-STRAT\u00c9GIQUE_DE-800x620.png 800w, https:\/\/agripedia.ch\/strategidea\/wp-content\/uploads\/sites\/7\/2021\/11\/Index5_VUE-DENSEMBLE-DE-L\u2019ANALYSE-STRAT\u00c9GIQUE_DE-1024x793.png 1024w, https:\/\/agripedia.ch\/strategidea\/wp-content\/uploads\/sites\/7\/2021\/11\/Index5_VUE-DENSEMBLE-DE-L\u2019ANALYSE-STRAT\u00c9GIQUE_DE.png 1097w\" sizes=\"(max-width: 931px) 100vw, 931px\" \/><p id=\"caption-attachment-4305\" class=\"wp-caption-text\">* Synthese der wichtigsten St\u00e4rken und Schw\u00e4chen, Chancen und Gefahren hinsichtlich einer Gesamtstrategie<\/p><\/div>\n<\/div><div class=\"fusion-clearfix\"><\/div><\/div><\/div><div class=\"fusion-layout-column fusion_builder_column fusion-builder-column-5 fusion_builder_column_1_2 1_2 fusion-one-half fusion-column-first\" style=\"--awb-bg-size:cover;width:50%;width:calc(50% - ( ( 4% ) * 0.5 ) );margin-right: 4%;\"><div class=\"fusion-column-wrapper fusion-flex-column-wrapper-legacy\"><div class=\"fusion-text fusion-text-2\"><p><strong>Die strategische Analyse beinhaltet die Bestimmung der St\u00e4rken und Schw\u00e4chen des Familienbetriebssystems einerseits und der Chancen und Gefahren seines Umfelds andererseits. Diese Analyse kann f\u00fcr den ganzen Familienbetrieb oder nur f\u00fcr einen strategischen Gech\u00e4ftsbereich (SGE oder SGF) vorgenommen werden, vorausgesetzt letztere wurden vorg\u00e4ngig identifiziert.<\/strong><\/p>\n<p>Die strategische Analyse beinhaltet vor allem die internen und externen Faktoren, welche die langfristige Ausrichtung des Systems Unternehmen-Familie beeinflussen zu identifizieren sowie die Interaktionen zu beurteilen. Bei der strategischen Analyse wird die Entwicklung der verschiedenen Faktoren antizipiert, um die Entscheidung des Betriebsleiters vorzubereiten.<\/p>\n<p>Das Kernst\u00fcck der strategischen Analyse kann in zwei Teile gegliedert werden:<\/p>\n<ul>\n<li><strong>Interne Analyse. <\/strong>In der Landwirtschaft betrifft diese die Analyse des gesamten Systems Unternehmen und Familie. Diese internen Faktoren werden in Form von <strong>St\u00e4rken<\/strong> und <strong>Schw\u00e4chen<\/strong> erfasst. Eine St\u00e4rke ist eine Aktivit\u00e4t oder Ressource, die der Realisierung der Strategie dient. Eine Schw\u00e4che ist ein Mangel, ein Handicap oder eine L\u00fccke, die der Realisierung der Strategie schadet. Die Entwicklung der St\u00e4rken und Schw\u00e4chen h\u00e4ngt direkt von den Entscheidungen des Betriebsleiters\/der Betriebsleiterin ab.<\/li>\n<li><strong>Externe Analyse<\/strong>. Sie betrifft die Analyse des Umfelds, das in mindestens zwei Ebenen unterteilt werden kann: das Mikro-Umfeld (Beziehungsnetzwerk) und das Makro-Umfeld (Rahmenbedingungen). Diese externen Faktoren werden in Form von <strong>Chancen<\/strong> und <strong>Gefahren <\/strong>ausgedr\u00fcckt. Eine Chance ist ein Element des Umfelds des Familienbetriebssystems, das sich positiv (oder m\u00f6glicherweise positiv) auf die Umsetzung der Strategie auswirkt. Eine Gefahr hingegen ist ein Element des Umfelds, das sich negativ auf die Umsetzung der Strategie auswirkt.<\/li>\n<\/ul>\n<\/div><div class=\"fusion-clearfix\"><\/div><\/div><\/div><div class=\"fusion-layout-column fusion_builder_column fusion-builder-column-6 fusion_builder_column_1_2 1_2 fusion-one-half fusion-column-last\" style=\"--awb-bg-size:cover;width:50%;width:calc(50% - ( ( 4% ) * 0.5 ) );\"><div class=\"fusion-column-wrapper fusion-flex-column-wrapper-legacy\"><div class=\"fusion-text fusion-text-3\"><p>Die detaillierten Analysen der internen und externen Faktoren sind zahlreich. Jede Analyse fokussiert sich auf die Untersuchung gewisser Faktorengruppen, die als relevant erachtet werden. Die detaillierten Analysen werden in den nachfolgenden Abschnitten beschrieben.<\/p>\n<p>Bei der detaillierten Analyse einer Faktorengruppe ist es wichtig, quantitative und qualitative Daten zu ber\u00fccksichtigen und diese nicht nur auf Zahlen zu beschr\u00e4nken. Quantitative und qualitative Informationen k\u00f6nnen neuen Blickwinkel er\u00f6ffnen.<\/p>\n<p>Es ist von Vorteil, wenn die verschiedenen Analysen von unterschiedlichen Personen (Betriebsleiter, Familie, Schl\u00fcsselpersonen des Betriebs, Berater, externe Fachpersonen usw.) durchgef\u00fchrt werden. Grunds\u00e4tzlich ist aber der Betriebsleiter Initiator der gesamten strategischen Analyse.<\/p>\n<p>Die Analyse sollte sich nicht auf die Vision einer externen Fachperson begrenzen, sondern basiert auf pers\u00f6nlichen \u00dcberlegungen des Betriebsleiters und widerspiegelt seine Beweggr\u00fcnde, seine Werte und Erwartungen. Je nach pers\u00f6nlicher Zielsetzung kann ein gewisses Element des Umfelds f\u00fcr den einen Betriebsleiter eine Chance, f\u00fcr einen anderen eine Gefahr darstellen. Ist sich der Betriebsleiter seiner Motivation und seiner strategischen Ziele bewusst, kann er die wirklichen Chancen und Gefahren identifizieren, die ihn im Umfeld direkt betreffen!<\/p>\n<\/div><div class=\"fusion-clearfix\"><\/div><\/div><\/div><\/div><\/div><\/p>\n","protected":false},"excerpt":{"rendered":"","protected":false},"author":7,"featured_media":0,"parent":0,"menu_order":5,"comment_status":"closed","ping_status":"closed","template":"","meta":{"_sb_is_suggestion_mode":false,"_sb_show_suggestion_boards":false,"_sb_show_comment_boards":false,"_sb_suggestion_history":"","_sb_update_block_changes":"","_monsterinsights_skip_tracking":false,"_monsterinsights_sitenote_active":false,"_monsterinsights_sitenote_note":"","_monsterinsights_sitenote_category":0,"footnotes":""},"class_list":["post-2672","page","type-page","status-publish","hentry"],"_links":{"self":[{"href":"https:\/\/agripedia.ch\/strategidea\/de\/wp-json\/wp\/v2\/pages\/2672","targetHints":{"allow":["GET"]}}],"collection":[{"href":"https:\/\/agripedia.ch\/strategidea\/de\/wp-json\/wp\/v2\/pages"}],"about":[{"href":"https:\/\/agripedia.ch\/strategidea\/de\/wp-json\/wp\/v2\/types\/page"}],"author":[{"embeddable":true,"href":"https:\/\/agripedia.ch\/strategidea\/de\/wp-json\/wp\/v2\/users\/7"}],"replies":[{"embeddable":true,"href":"https:\/\/agripedia.ch\/strategidea\/de\/wp-json\/wp\/v2\/comments?post=2672"}],"version-history":[{"count":14,"href":"https:\/\/agripedia.ch\/strategidea\/de\/wp-json\/wp\/v2\/pages\/2672\/revisions"}],"predecessor-version":[{"id":6800,"href":"https:\/\/agripedia.ch\/strategidea\/de\/wp-json\/wp\/v2\/pages\/2672\/revisions\/6800"}],"wp:attachment":[{"href":"https:\/\/agripedia.ch\/strategidea\/de\/wp-json\/wp\/v2\/media?parent=2672"}],"curies":[{"name":"wp","href":"https:\/\/api.w.org\/{rel}","templated":true}]}}