{"id":2663,"date":"2019-07-06T15:17:17","date_gmt":"2019-07-06T15:17:17","guid":{"rendered":"https:\/\/agripedia.ch\/strategidea\/?page_id=2663"},"modified":"2023-02-07T11:57:17","modified_gmt":"2023-02-07T11:57:17","slug":"vorwort","status":"publish","type":"page","link":"https:\/\/agripedia.ch\/strategidea\/de\/vorwort\/","title":{"rendered":"Vorwort"},"content":{"rendered":"<p><div class=\"fusion-fullwidth fullwidth-box fusion-builder-row-1 nonhundred-percent-fullwidth non-hundred-percent-height-scrolling\" style=\"--awb-border-radius-top-left:0px;--awb-border-radius-top-right:0px;--awb-border-radius-bottom-right:0px;--awb-border-radius-bottom-left:0px;--awb-flex-wrap:wrap;\" ><div class=\"fusion-builder-row fusion-row\"><div class=\"fusion-layout-column fusion_builder_column fusion-builder-column-0 fusion_builder_column_1_3 1_3 fusion-one-third fusion-column-first\" style=\"--awb-bg-size:cover;width:33.333333333333%;width:calc(33.333333333333% - ( ( 4% + 4% ) * 0.33333333333333 ) );margin-right: 4%;\"><div class=\"fusion-column-wrapper fusion-flex-column-wrapper-legacy\"><div class=\"fusion-button-wrapper\"><a class=\"fusion-button button-flat fusion-button-default-size button-default fusion-button-default button-1 fusion-button-default-span fusion-button-default-type\" style=\"--button-border-radius-top-left:0;--button-border-radius-top-right:0;--button-border-radius-bottom-right:0;--button-border-radius-bottom-left:0;\" target=\"_self\" href=\"https:\/\/agripedia.ch\/strategidea\/de\/preambule\/wie-kann-man-diese-publikation-nutzen\/\"><span class=\"fusion-button-text awb-button__text awb-button__text--default\">Wie wird dieser Ordner genutzt?<\/span><\/a><\/div><div class=\"fusion-clearfix\"><\/div><\/div><\/div><div class=\"fusion-layout-column fusion_builder_column fusion-builder-column-1 fusion_builder_column_1_3 1_3 fusion-one-third\" style=\"--awb-bg-size:cover;width:33.333333333333%;width:calc(33.333333333333% - ( ( 4% + 4% ) * 0.33333333333333 ) );margin-right: 4%;\"><div class=\"fusion-column-wrapper fusion-flex-column-wrapper-legacy\"><div class=\"fusion-button-wrapper\"><a class=\"fusion-button button-flat fusion-button-default-size button-default fusion-button-default button-2 fusion-button-default-span fusion-button-default-type\" style=\"--button-border-radius-top-left:0;--button-border-radius-top-right:0;--button-border-radius-bottom-right:0;--button-border-radius-bottom-left:0;\" target=\"_self\" href=\"https:\/\/agripedia.ch\/strategidea\/de\/preambule\/drei-phasen-des-strategischen-ansatzes\/\"><span class=\"fusion-button-text awb-button__text awb-button__text--default\">Drei Phasen des strategischen Ansatzes<\/span><\/a><\/div><div class=\"fusion-clearfix\"><\/div><\/div><\/div><div class=\"fusion-layout-column fusion_builder_column fusion-builder-column-2 fusion_builder_column_1_3 1_3 fusion-one-third fusion-column-last\" style=\"--awb-bg-size:cover;width:33.333333333333%;width:calc(33.333333333333% - ( ( 4% + 4% ) * 0.33333333333333 ) );\"><div class=\"fusion-column-wrapper fusion-flex-column-wrapper-legacy\"><div class=\"fusion-button-wrapper\"><a class=\"fusion-button button-flat fusion-button-default-size button-default fusion-button-default button-3 fusion-button-default-span fusion-button-default-type\" style=\"--button-border-radius-top-left:0;--button-border-radius-top-right:0;--button-border-radius-bottom-right:0;--button-border-radius-bottom-left:0;\" target=\"_self\" href=\"https:\/\/agripedia.ch\/strategidea\/de\/preambule\/einfuehrung-in-die-strategische-orientierung\/\"><span class=\"fusion-button-text awb-button__text awb-button__text--default\">Einf\u00fchrung in die strategische Orientierung<\/span><\/a><\/div><div class=\"fusion-clearfix\"><\/div><\/div><\/div><div class=\"fusion-layout-column fusion_builder_column fusion-builder-column-3 fusion_builder_column_1_1 1_1 fusion-one-full fusion-column-first fusion-column-last\" style=\"--awb-bg-size:cover;\"><div class=\"fusion-column-wrapper fusion-flex-column-wrapper-legacy\"><div class=\"fusion-section-separator section-separator clouds fusion-section-separator-1\" style=\"--awb-spacer-height:99px;--awb-svg-margin-left:0;--awb-svg-margin-right:0;--awb-divider-height:99px;--awb-spacer-padding-top:inherit;--awb-sep-padding:0;--awb-svg-padding:0;\"><div class=\"fusion-section-separator-svg\"><svg class=\"fusion-clouds-candy\" xmlns=\"http:\/\/www.w3.org\/2000\/svg\" version=\"1.1\" width=\"100%\" height=\"100\" viewBox=\"0 0 100 100\" preserveAspectRatio=\"none\" fill=\"rgba(246,246,246,1)\"><path d=\"M-5 100 Q 0 20 5 100 Z\"><\/path>\n\t\t\t\t\t\t\t\t<path d=\"M0 100 Q 5 0 10 100\"><\/path>\n\t\t\t\t\t\t\t\t<path d=\"M5 100 Q 10 30 15 100\"><\/path>\n\t\t\t\t\t\t\t\t<path d=\"M10 100 Q 15 10 20 100\"><\/path>\n\t\t\t\t\t\t\t\t<path d=\"M15 100 Q 20 30 25 100\"><\/path>\n\t\t\t\t\t\t\t\t<path d=\"M20 100 Q 25 -10 30 100\"><\/path>\n\t\t\t\t\t\t\t\t<path d=\"M25 100 Q 30 10 35 100\"><\/path>\n\t\t\t\t\t\t\t\t<path d=\"M30 100 Q 35 30 40 100\"><\/path>\n\t\t\t\t\t\t\t\t<path d=\"M35 100 Q 40 10 45 100\"><\/path>\n\t\t\t\t\t\t\t\t<path d=\"M40 100 Q 45 50 50 100\"><\/path>\n\t\t\t\t\t\t\t\t<path d=\"M45 100 Q 50 20 55 100\"><\/path>\n\t\t\t\t\t\t\t\t<path d=\"M50 100 Q 55 40 60 100\"><\/path>\n\t\t\t\t\t\t\t\t<path d=\"M55 100 Q 60 60 65 100\"><\/path>\n\t\t\t\t\t\t\t\t<path d=\"M60 100 Q 65 50 70 100\"><\/path>\n\t\t\t\t\t\t\t\t<path d=\"M65 100 Q 70 20 75 100\"><\/path>\n\t\t\t\t\t\t\t\t<path d=\"M70 100 Q 75 45 80 100\"><\/path>\n\t\t\t\t\t\t\t\t<path d=\"M75 100 Q 80 30 85 100\"><\/path>\n\t\t\t\t\t\t\t\t<path d=\"M80 100 Q 85 20 90 100\"><\/path>\n\t\t\t\t\t\t\t\t<path d=\"M85 100 Q 90 50 95 100\"><\/path>\n\t\t\t\t\t\t\t\t<path d=\"M90 100 Q 95 25 100 100\"><\/path>\n\t\t\t\t\t\t\t\t<path d=\"M95 100 Q 100 15 105 100 Z\"><\/path><\/svg><\/div><div class=\"fusion-section-separator-spacer\"><div class=\"fusion-section-separator-spacer-height\"><\/div><\/div><\/div><div class=\"fusion-clearfix\"><\/div><\/div><\/div><\/div><\/div><div class=\"fusion-fullwidth fullwidth-box fusion-builder-row-2 nonhundred-percent-fullwidth non-hundred-percent-height-scrolling\" style=\"--awb-border-radius-top-left:0px;--awb-border-radius-top-right:0px;--awb-border-radius-bottom-right:0px;--awb-border-radius-bottom-left:0px;--awb-flex-wrap:wrap;\" ><div class=\"fusion-builder-row fusion-row\"><div class=\"fusion-layout-column fusion_builder_column fusion-builder-column-4 fusion_builder_column_1_2 1_2 fusion-one-half fusion-column-first\" style=\"--awb-bg-size:cover;width:50%;width:calc(50% - ( ( 4% ) * 0.5 ) );margin-right: 4%;\"><div class=\"fusion-column-wrapper fusion-flex-column-wrapper-legacy\"><div class=\"fusion-text fusion-text-1\"><p>Die Publikationen der Reihe STRATEGIDEA bereiten die Kernkonzepte des strategischen Managements f\u00fcr den Kontext des landwirtschaftlichen Familienbetriebs auf.<\/p>\n<p>Zur Vereinfachung der theoretischen und methodischen Grundlagen wird der strategische Ansatz in drei Phasen unterteilt:<\/p>\n<ul>\n<li>Die strategische Orientierung<\/li>\n<li>Die strategische F\u00fchrung<\/li>\n<li>Die Kommunikation der Strategie<\/li>\n<\/ul>\n<\/div><div class=\"fusion-clearfix\"><\/div><\/div><\/div><div class=\"fusion-layout-column fusion_builder_column fusion-builder-column-5 fusion_builder_column_1_2 1_2 fusion-one-half fusion-column-last\" style=\"--awb-bg-size:cover;width:50%;width:calc(50% - ( ( 4% ) * 0.5 ) );\"><div class=\"fusion-column-wrapper fusion-flex-column-wrapper-legacy\"><div class=\"fusion-text fusion-text-2\"><blockquote>\n<p>Dieser Ordner befasst sich mit den strategischen Grundsatz\u00fcberlegungen. Weitere Publikationen werden sich mit der Steuerung und Kommunikation der gew\u00e4hlten Strategie befassen.<\/p>\n<\/blockquote>\n<\/div><div class=\"fusion-clearfix\"><\/div><\/div><\/div><div class=\"fusion-layout-column fusion_builder_column fusion-builder-column-6 fusion_builder_column_1_1 1_1 fusion-one-full fusion-column-first fusion-column-last\" style=\"--awb-bg-size:cover;--awb-margin-bottom:0px;\"><div class=\"fusion-column-wrapper fusion-flex-column-wrapper-legacy\"><div class=\"fusion-section-separator section-separator clouds fusion-section-separator-2\" style=\"--awb-spacer-height:99px;--awb-svg-margin-left:0;--awb-svg-margin-right:0;--awb-divider-height:99px;--awb-spacer-padding-top:inherit;--awb-sep-padding:0;--awb-svg-padding:0;\"><div class=\"fusion-section-separator-svg\"><svg class=\"fusion-clouds-candy\" xmlns=\"http:\/\/www.w3.org\/2000\/svg\" version=\"1.1\" width=\"100%\" height=\"100\" viewBox=\"0 0 100 100\" preserveAspectRatio=\"none\" fill=\"rgba(246,246,246,1)\"><path d=\"M-5 100 Q 0 20 5 100 Z\"><\/path>\n\t\t\t\t\t\t\t\t<path d=\"M0 100 Q 5 0 10 100\"><\/path>\n\t\t\t\t\t\t\t\t<path d=\"M5 100 Q 10 30 15 100\"><\/path>\n\t\t\t\t\t\t\t\t<path d=\"M10 100 Q 15 10 20 100\"><\/path>\n\t\t\t\t\t\t\t\t<path d=\"M15 100 Q 20 30 25 100\"><\/path>\n\t\t\t\t\t\t\t\t<path d=\"M20 100 Q 25 -10 30 100\"><\/path>\n\t\t\t\t\t\t\t\t<path d=\"M25 100 Q 30 10 35 100\"><\/path>\n\t\t\t\t\t\t\t\t<path d=\"M30 100 Q 35 30 40 100\"><\/path>\n\t\t\t\t\t\t\t\t<path d=\"M35 100 Q 40 10 45 100\"><\/path>\n\t\t\t\t\t\t\t\t<path d=\"M40 100 Q 45 50 50 100\"><\/path>\n\t\t\t\t\t\t\t\t<path d=\"M45 100 Q 50 20 55 100\"><\/path>\n\t\t\t\t\t\t\t\t<path d=\"M50 100 Q 55 40 60 100\"><\/path>\n\t\t\t\t\t\t\t\t<path d=\"M55 100 Q 60 60 65 100\"><\/path>\n\t\t\t\t\t\t\t\t<path d=\"M60 100 Q 65 50 70 100\"><\/path>\n\t\t\t\t\t\t\t\t<path d=\"M65 100 Q 70 20 75 100\"><\/path>\n\t\t\t\t\t\t\t\t<path d=\"M70 100 Q 75 45 80 100\"><\/path>\n\t\t\t\t\t\t\t\t<path d=\"M75 100 Q 80 30 85 100\"><\/path>\n\t\t\t\t\t\t\t\t<path d=\"M80 100 Q 85 20 90 100\"><\/path>\n\t\t\t\t\t\t\t\t<path d=\"M85 100 Q 90 50 95 100\"><\/path>\n\t\t\t\t\t\t\t\t<path d=\"M90 100 Q 95 25 100 100\"><\/path>\n\t\t\t\t\t\t\t\t<path d=\"M95 100 Q 100 15 105 100 Z\"><\/path><\/svg><\/div><div class=\"fusion-section-separator-spacer\"><div class=\"fusion-section-separator-spacer-height\"><\/div><\/div><\/div><div class=\"fusion-text fusion-text-3\"><h2>Strategie, was ist das?<\/h2>\n<p><img decoding=\"async\" class=\"wp-image-211 size-400 alignright\" src=\"https:\/\/agripedia.ch\/strategidea\/wp-content\/uploads\/sites\/7\/2018\/10\/Boussole-et-carte-400x566.jpg\" alt=\"\" width=\"400\" height=\"566\" srcset=\"https:\/\/agripedia.ch\/strategidea\/wp-content\/uploads\/sites\/7\/2018\/10\/Boussole-et-carte-200x283.jpg 200w, https:\/\/agripedia.ch\/strategidea\/wp-content\/uploads\/sites\/7\/2018\/10\/Boussole-et-carte-212x300.jpg 212w, https:\/\/agripedia.ch\/strategidea\/wp-content\/uploads\/sites\/7\/2018\/10\/Boussole-et-carte-400x566.jpg 400w, https:\/\/agripedia.ch\/strategidea\/wp-content\/uploads\/sites\/7\/2018\/10\/Boussole-et-carte-600x849.jpg 600w, https:\/\/agripedia.ch\/strategidea\/wp-content\/uploads\/sites\/7\/2018\/10\/Boussole-et-carte-724x1024.jpg 724w, https:\/\/agripedia.ch\/strategidea\/wp-content\/uploads\/sites\/7\/2018\/10\/Boussole-et-carte-768x1086.jpg 768w, https:\/\/agripedia.ch\/strategidea\/wp-content\/uploads\/sites\/7\/2018\/10\/Boussole-et-carte-800x1131.jpg 800w, https:\/\/agripedia.ch\/strategidea\/wp-content\/uploads\/sites\/7\/2018\/10\/Boussole-et-carte-1200x1697.jpg 1200w\" sizes=\"(max-width: 400px) 100vw, 400px\" \/><\/p>\n<p>Der Begriff Strategie wurde in der Kriegsf\u00fchrung entwickelt. Er bezeichnete die <strong>Kunst der Heeresf\u00fchrung<\/strong>. Sp\u00e4ter wurde der Strategie-Begriff in der Unternehmensf\u00fchrung \u00fcbernommen. Ab den 1980er-Jahren wurden erste Ans\u00e4tze zum strategischen Management in der Landwirtschaft entwickelt, zuerst in den USA, sp\u00e4ter auch in Europa (Capitaine, 2013).<\/p>\n<p>Die klassische \u00d6konomie kennt mehrere Definitionen f\u00fcr den Begriff <strong>Unternehmensstrategie<\/strong>. Eine der einfachsten Definitionen bezeichnet eine Strategie als \u00ablangfristige Orientierung einer Organisation\u00bb (Johnson & Al., 2014). Drei weitere \u00abhistorische\u00bb\u00a0Definitionen sind:<\/p>\n<ul>\n<li>\u00abDie Festlegung von Zweck und langfristigen Zielen eines Unternehmens und das Umsetzen der Massnahmen und die optimale Zuteilung von Ressourcen.\u00bb Alfred Chandler<\/li>\n<li>\u00abBei der Wettbewerbsstrategie geht es darum, anders zu sein. Das bedingt, einen bestimmten T\u00e4tigkeitsbereich auszuw\u00e4hlen und einzigartige Werte anzubieten.\u00bb Michael Porter<\/li>\n<li>\u00abEine Konfiguration in einem Fluss von Entscheidungen\u00bb Henry Mintzberg<\/li>\n<\/ul>\n<p>Diese Definitionen schliessen einander nicht aus, sondern betonen jeweils die unterschiedlichen Aspekte <strong>Mobilisierung der Ressourcen<\/strong>, die <strong>Anpassungsf\u00e4higkeit<\/strong> im Wettbewerb und das <strong>F\u00e4llen von<\/strong> <strong>Entscheidungen<\/strong>. Die stetige Anpassung an die Ver\u00e4nderungen des Umfelds ist f\u00fcr den Landwirtschaftsbetrieb <strong>hoch<\/strong> <strong>komplex<\/strong> und mit grossen Unsicherheiten verbunden.Die Rhythmen auf dem Landwirtschaftsbetrieb sind von den Rhythmen der Natur abh\u00e4ngig; von den Jahreszeiten, den Saisonalit\u00e4ten von Pflanzen und Tieren, von den Fruchtfolgen und vom Einsatz spezifischer Produktionsmittel. Diese nat\u00fcrlichen Rhythmen<strong> liegen oft im Widerspruch mit den kurzfristigen Ver\u00e4nderungen der M\u00e4rkte<\/strong> und an den Tendenzen zur Standardisierung (die durch den geringen Markteinfluss jedes einzelnen Unternehmens zus\u00e4tzlich versch\u00e4rft wird). <strong>Investitions- und Kapitalbedarf<\/strong> f\u00fcr die Produktionsind <strong>hoch<\/strong>, wodurch das landwirtschaftliche Unternehmen seinen eingeschlagenen Kurs nur langsam \u00e4ndern kann.<\/p>\n<p>Der multifunktionale Landwirtschaftsbetrieb erbringt nicht nur marktwirtschaftliche Leistungen, sondern hat <strong>als Nutzer und Gestalter des l\u00e4ndlichen Raums<\/strong> auch eine starke politische und gesellschaftliche Bedeutung. Dies hebt ihn von anderen wirtschaftlichen Unternehmen ab.<\/p>\n<p>Kommen wir zu den Definitionen des strategischen Managements zur\u00fcck. Es geht also f\u00fcr die Betriebsleiterinnen und \u2013leiter (Einzelpersonen, Familien, oder Partner einer Betriebsgemeinschaft) darum, den Landwirtschaftsbetrieb mit einer langfristigen Perspektive an die Ver\u00e4nderungen der Umwelt anzupassen.<\/p>\n<p>Ein Landwirtschaftsbetrieb ist per se ein Unternehmen, das aber noch eine weitere spezielle Eigenschaft hat. In den meisten F\u00e4llen sind die Landwirtschaftsbetriebe in der Schweiz immer noch Familienbetriebe. Das heisst, die Wechselwirkungen zwischen der Familie und dem Unternehmen sind stark. Dies hat zur Folge, dass die \u201eUnternehmensstrategie\u201c h\u00e4ufig dasselbe ist, wie die pers\u00f6nliche Strategie der Betriebsleiterin \/ des Betriebsleiters, in der die pers\u00f6nlichen Motive und Werte eine wichtige Stellung einnehmen.<\/p>\n<p>Ein Landwirtschaftsbetrieb ist wohl ein Unternehmen, doch wir m\u00f6chten hier eine seiner weiteren Eigenheiten hervorheben. Es ist die <strong>grosse Bedeutung, die den nat\u00fcrlichen Personen zukommt.<\/strong> Der Begriff \u00abUnternehmensstrategie\u00bb scheint in gewisser Weise \u00fcbertrieben. Es handelt sich immer um die <strong>Strategie der Landwirtin oder des Landwirts, <\/strong>die in ein gr\u00f6sseres Ganzes eingebettet ist, das auch die <strong>Wechselwirkungen zwischen Unternehmen und Familie<\/strong> einschliesst. Ebenso unangebracht w\u00e4ren jedoch die Bezeichnungen \u00abpers\u00f6nliche\u00bb oder \u00abindividuelle Strategie\u00bb. Konzepte wie Motivationen, W\u00fcnsche und pers\u00f6nliche Ziele treffen eher zu.<\/p>\n<p>Zum Schluss sei es uns noch erlaubt zu erw\u00e4hnen, dass Landwirtinnen und Landwirte\u00a0 beim Management ihres Unternehmens eher selten auf formalisierte Verfahren zur\u00fcckgreifen. Viele f\u00e4llen ihre Entscheidungen aufgrund ihrer Intuition und praktischen Erfahrung als landwirtschaftliche Unternehmende.<\/p>\n<\/div><div class=\"fusion-clearfix\"><\/div><\/div><\/div><\/div><\/div><\/p>\n","protected":false},"excerpt":{"rendered":"","protected":false},"author":7,"featured_media":0,"parent":0,"menu_order":1,"comment_status":"closed","ping_status":"closed","template":"","meta":{"_sb_is_suggestion_mode":false,"_sb_show_suggestion_boards":false,"_sb_show_comment_boards":false,"_sb_suggestion_history":"","_sb_update_block_changes":"","_monsterinsights_skip_tracking":false,"_monsterinsights_sitenote_active":false,"_monsterinsights_sitenote_note":"","_monsterinsights_sitenote_category":0,"footnotes":""},"class_list":["post-2663","page","type-page","status-publish","hentry"],"_links":{"self":[{"href":"https:\/\/agripedia.ch\/strategidea\/de\/wp-json\/wp\/v2\/pages\/2663","targetHints":{"allow":["GET"]}}],"collection":[{"href":"https:\/\/agripedia.ch\/strategidea\/de\/wp-json\/wp\/v2\/pages"}],"about":[{"href":"https:\/\/agripedia.ch\/strategidea\/de\/wp-json\/wp\/v2\/types\/page"}],"author":[{"embeddable":true,"href":"https:\/\/agripedia.ch\/strategidea\/de\/wp-json\/wp\/v2\/users\/7"}],"replies":[{"embeddable":true,"href":"https:\/\/agripedia.ch\/strategidea\/de\/wp-json\/wp\/v2\/comments?post=2663"}],"version-history":[{"count":11,"href":"https:\/\/agripedia.ch\/strategidea\/de\/wp-json\/wp\/v2\/pages\/2663\/revisions"}],"predecessor-version":[{"id":5775,"href":"https:\/\/agripedia.ch\/strategidea\/de\/wp-json\/wp\/v2\/pages\/2663\/revisions\/5775"}],"wp:attachment":[{"href":"https:\/\/agripedia.ch\/strategidea\/de\/wp-json\/wp\/v2\/media?parent=2663"}],"curies":[{"name":"wp","href":"https:\/\/api.w.org\/{rel}","templated":true}]}}