{"id":4,"date":"2020-04-27T14:31:38","date_gmt":"2020-04-27T14:31:38","guid":{"rendered":"https:\/\/agripedia.ch\/selbstgemacht-eingemacht-feingemacht\/?page_id=4"},"modified":"2023-02-14T15:57:37","modified_gmt":"2023-02-14T15:57:37","slug":"startseite","status":"publish","type":"page","link":"https:\/\/agripedia.ch\/selbstgemacht-eingemacht-feingemacht\/","title":{"rendered":"Startseite"},"content":{"rendered":"<p><div class=\"fusion-fullwidth fullwidth-box fusion-builder-row-1 fusion-flex-container nonhundred-percent-fullwidth non-hundred-percent-height-scrolling\" style=\"--awb-border-radius-top-left:0px;--awb-border-radius-top-right:0px;--awb-border-radius-bottom-right:0px;--awb-border-radius-bottom-left:0px;--awb-flex-wrap:wrap;\" ><div class=\"fusion-builder-row fusion-row fusion-flex-align-items-flex-start fusion-flex-content-wrap\" style=\"max-width:1144px;margin-left: calc(-4% \/ 2 );margin-right: calc(-4% \/ 2 );\"><div class=\"fusion-layout-column fusion_builder_column fusion-builder-column-0 fusion_builder_column_1_1 1_1 fusion-flex-column\" style=\"--awb-bg-size:cover;--awb-width-large:100%;--awb-margin-top-large:0px;--awb-spacing-right-large:1.92%;--awb-margin-bottom-large:20px;--awb-spacing-left-large:1.92%;--awb-width-medium:100%;--awb-spacing-right-medium:1.92%;--awb-spacing-left-medium:1.92%;--awb-width-small:100%;--awb-spacing-right-small:1.92%;--awb-spacing-left-small:1.92%;\"><div class=\"fusion-column-wrapper fusion-column-has-shadow fusion-flex-justify-content-flex-start fusion-content-layout-column\"><div class=\"fusion-title title fusion-title-1 fusion-sep-none fusion-title-text fusion-title-size-two\"><h2 class=\"fusion-title-heading title-heading-left fusion-responsive-typography-calculated\" style=\"margin:0;--fontSize:40;line-height:1.5;\">Rezepte und Arbeitsvorlagen<\/h2><\/div><\/div><\/div><\/div><\/div><div class=\"fusion-fullwidth fullwidth-box fusion-builder-row-2 fusion-flex-container nonhundred-percent-fullwidth non-hundred-percent-height-scrolling\" style=\"--awb-border-radius-top-left:0px;--awb-border-radius-top-right:0px;--awb-border-radius-bottom-right:0px;--awb-border-radius-bottom-left:0px;--awb-flex-wrap:wrap;\" ><div class=\"fusion-builder-row fusion-row fusion-flex-align-items-flex-start fusion-flex-content-wrap\" style=\"max-width:1144px;margin-left: calc(-4% \/ 2 );margin-right: calc(-4% \/ 2 );\"><div class=\"fusion-layout-column fusion_builder_column fusion-builder-column-1 fusion_builder_column_2_3 2_3 fusion-flex-column\" style=\"--awb-bg-size:cover;--awb-width-large:66.666666666667%;--awb-margin-top-large:0px;--awb-spacing-right-large:2.88%;--awb-margin-bottom-large:20px;--awb-spacing-left-large:2.88%;--awb-width-medium:66.666666666667%;--awb-spacing-right-medium:2.88%;--awb-spacing-left-medium:2.88%;--awb-width-small:100%;--awb-spacing-right-small:1.92%;--awb-spacing-left-small:1.92%;\"><div class=\"fusion-column-wrapper fusion-column-has-shadow fusion-flex-justify-content-flex-start fusion-content-layout-column\"><div class=\"fusion-text fusion-text-1\"><p>Diese Webseite ist Bestandteil des Gesamtwerks \u00abselbstgemacht \u2013 eingemacht \u2013 feingemacht\u00bb \u2013 Verarbeitung von Lebensmitteln f\u00fcr die Selbstversorgung, dem umfassenden Nachschlagewerk zu Verarbeitung und Konservierung von Obst, Gem\u00fcse, Milch und Fleisch.<\/p>\n<p>Hier finden Sie die Rezepte und Arbeitsvorlagen, die zuvor auf der CD des Ordners erh\u00e4ltlich waren.<\/p>\n<\/div><div class=\"fusion-text fusion-text-2\">\n<\/p>\n<p>Sie m\u00fcssen sich anmelden oder registrieren, um auf die Inhalte zugreifen zu k\u00f6nnnen.<\/p>\n<p><div class=\"fusion-button-wrapper\"><a class=\"fusion-button button-flat fusion-button-default-size button-default fusion-button-default button-1 fusion-button-default-span fusion-button-default-type agri-fein-button\" target=\"_self\" href=\"https:\/\/agripedia.ch\/selbstgemacht-eingemacht-feingemacht\/login\/\"><span class=\"fusion-button-text awb-button__text awb-button__text--default\">Anmelden<\/span><\/a><\/div>\n<div class=\"fusion-button-wrapper\"><a class=\"fusion-button button-flat fusion-button-default-size button-default fusion-button-default button-2 fusion-button-default-span fusion-button-default-type agri-fein-button\" target=\"_self\" href=\"https:\/\/agripedia.ch\/selbstgemacht-eingemacht-feingemacht\/abonnements\/\"><span class=\"fusion-button-text awb-button__text awb-button__text--default\">Registrieren<\/span><\/a><\/div>\n<\/p>\n<\/div><\/div><\/div><div class=\"fusion-layout-column fusion_builder_column fusion-builder-column-2 fusion_builder_column_1_3 1_3 fusion-flex-column agri-infobox\" style=\"--awb-bg-size:cover;--awb-width-large:33.333333333333%;--awb-margin-top-large:0px;--awb-spacing-right-large:5.76%;--awb-margin-bottom-large:20px;--awb-spacing-left-large:5.76%;--awb-width-medium:33.333333333333%;--awb-spacing-right-medium:5.76%;--awb-spacing-left-medium:5.76%;--awb-width-small:100%;--awb-spacing-right-small:1.92%;--awb-spacing-left-small:1.92%;\"><div class=\"fusion-column-wrapper fusion-column-has-shadow fusion-flex-justify-content-flex-start fusion-content-layout-column\"><div class=\"fusion-title title fusion-title-2 fusion-sep-none fusion-title-text fusion-title-size-four\"><h4 class=\"fusion-title-heading title-heading-left fusion-responsive-typography-calculated\" style=\"margin:0;--fontSize:24;--minFontSize:24;line-height:1.5;\">Ordner Selbstversorgung \u00abselbstgemacht \u2013 eingemacht \u2013 feingemacht\u00bb<\/h4><\/div><div class=\"fusion-text fusion-text-3\"><p>Der gesamte Ordner \u00abselbstgemacht \u2013 eingemacht \u2013 feingemacht\u00bb kann bei AGRIDEA bestellt werden.<\/p>\n<\/div><div style=\"text-align:center;\"><a class=\"fusion-button button-flat fusion-button-default-size button-default fusion-button-default button-3 fusion-button-default-span fusion-button-default-type\" target=\"_blank\" rel=\"noopener noreferrer\" href=\"https:\/\/agridea.abacuscity.ch\/de\/A~1534~1\/selbstgemacht-eingemacht-feingemacht-Ordner-Selbstversorgung\/Deutsch\/Print-Papier\"><span class=\"fusion-button-text awb-button__text awb-button__text--default\">Bestellen<\/span><\/a><\/div><\/div><\/div><\/div><\/div><div class=\"fusion-fullwidth fullwidth-box fusion-builder-row-3 fusion-flex-container nonhundred-percent-fullwidth non-hundred-percent-height-scrolling\" style=\"--awb-border-radius-top-left:0px;--awb-border-radius-top-right:0px;--awb-border-radius-bottom-right:0px;--awb-border-radius-bottom-left:0px;--awb-flex-wrap:wrap;\" ><div class=\"fusion-builder-row fusion-row fusion-flex-align-items-flex-start fusion-flex-content-wrap\" style=\"max-width:1144px;margin-left: calc(-4% \/ 2 );margin-right: calc(-4% \/ 2 );\"><div class=\"fusion-layout-column fusion_builder_column fusion-builder-column-3 fusion_builder_column_1_1 1_1 fusion-flex-column\" style=\"--awb-bg-size:cover;--awb-width-large:100%;--awb-margin-top-large:0px;--awb-spacing-right-large:1.92%;--awb-margin-bottom-large:20px;--awb-spacing-left-large:1.92%;--awb-width-medium:100%;--awb-spacing-right-medium:1.92%;--awb-spacing-left-medium:1.92%;--awb-width-small:100%;--awb-spacing-right-small:1.92%;--awb-spacing-left-small:1.92%;\"><div class=\"fusion-column-wrapper fusion-column-has-shadow fusion-flex-justify-content-flex-start fusion-content-layout-column\"><div class=\"accordian fusion-accordian\" style=\"--awb-border-size:1px;--awb-icon-size:20px;--awb-content-font-size:var(--awb-typography4-font-size);--awb-icon-alignment:left;--awb-hover-color:#f9f9f9;--awb-border-color:#cccccc;--awb-background-color:#ffffff;--awb-divider-color:var(--awb-color3);--awb-divider-hover-color:var(--awb-color3);--awb-icon-color:#333333;--awb-title-color:var(--awb-color8);--awb-content-color:var(--awb-color8);--awb-icon-box-color:#7a7a7a;--awb-toggle-hover-accent-color:#000000;--awb-title-font-family:var(--awb-typography1-font-family);--awb-title-font-weight:var(--awb-typography1-font-weight);--awb-title-font-style:var(--awb-typography1-font-style);--awb-title-font-size:20px;--awb-title-line-height:1.5;--awb-content-font-family:var(--awb-typography4-font-family);--awb-content-font-weight:var(--awb-typography4-font-weight);--awb-content-font-style:var(--awb-typography4-font-style);\"><div class=\"panel-group fusion-toggle-icon-unboxed\" id=\"accordion-4-1\"><div class=\"fusion-panel panel-default panel-e54cb0d3c7562a511 fusion-toggle-no-divider fusion-toggle-boxed-mode\"><div class=\"panel-heading\"><h4 class=\"panel-title toggle\" id=\"toggle_e54cb0d3c7562a511\"><a aria-expanded=\"false\" aria-controls=\"e54cb0d3c7562a511\" role=\"button\" data-toggle=\"collapse\" data-parent=\"#accordion-4-1\" data-target=\"#e54cb0d3c7562a511\" href=\"#e54cb0d3c7562a511\"><span class=\"fusion-toggle-icon-wrapper\" aria-hidden=\"true\"><i class=\"fa-fusion-box active-icon awb-icon-minus\" aria-hidden=\"true\"><\/i><i class=\"fa-fusion-box inactive-icon awb-icon-plus\" aria-hidden=\"true\"><\/i><\/span><span class=\"fusion-toggle-heading\">Impressum<\/span><\/a><\/h4><\/div><div id=\"e54cb0d3c7562a511\" class=\"panel-collapse collapse \" aria-labelledby=\"toggle_e54cb0d3c7562a511\"><div class=\"panel-body toggle-content fusion-clearfix\">\n<p><strong>Herausgeberin<br \/>\n<\/strong>AGRIDEA<br \/>\nEschikon 28 \u2022 CH-8315 Lindau<br \/>\nT +41 (0)52 354 97 00 \u2022 F +41 (0)52 354 97 97<br \/>\nkontakt@agridea.ch \u2022 www.agridea.ch<\/p>\n<p><strong>Autorinnen<\/strong><br \/>\nUrsina Galbusera, joli mont manufaktur GmbH, Wattenwil<br \/>\nSilvia Hohl, Landwirtschaftliches Zentrum SG, Rheinhof, Salez<br \/>\nMaya Mohler, Landschaft, Natur, Ern\u00e4hrung, Ebenrain, Sissach<br \/>\nFrieda Steffen-Regli, Fachlehrerin Hauswirtschaft, eidg. dipl. B\u00e4uerin, Andermatt<br \/>\nRita Steiner-Lippuner, Fachstelle f\u00fcr b\u00e4uerliche Hauswirtschaft Wallierhof, Riedholz<\/p>\n<p><strong>Mitarbeit<\/strong><br \/>\nK\u00e4thi H\u00fcrzeler, dipl. B\u00e4uerin, Grod-D\u00e4niken<br \/>\nElisabeth Scholl, Pf\u00e4ffi kon ZH<br \/>\nAndrea Sch\u00fctz Wicki, Fruthwilen<\/p>\n<p><strong>Redaktion<\/strong><br \/>\nIrmgard Hemmerlein, Kerstin K\u00f6nig, Ruth Bossardt, Esther Thalmann, AGRIDEA<\/p>\n<p><strong>Layoutkonzept und Fotos<\/strong><br \/>\nMichael Knipfer, AGRIDEA<\/p>\n<p><strong>Satz<\/strong><br \/>\nIris Turke, i.t. desktop, Lommis<\/p>\n<p><strong>Grafiken<\/strong><br \/>\nManuel Jorquera, Z\u00fcrich<\/p>\n<p>\u00a9 AGRIDEA, 4. Auflage, Juni 2015<\/p>\n<\/div><\/div><\/div><\/div><\/div><\/div><\/div><\/div><\/div><\/p>\n","protected":false},"excerpt":{"rendered":"","protected":false},"author":3,"featured_media":0,"parent":0,"menu_order":0,"comment_status":"closed","ping_status":"closed","template":"100-width.php","meta":{"_sb_is_suggestion_mode":false,"_sb_show_suggestion_boards":false,"_sb_show_comment_boards":false,"_sb_suggestion_history":"","_sb_update_block_changes":"","_monsterinsights_skip_tracking":false,"_monsterinsights_sitenote_active":false,"_monsterinsights_sitenote_note":"","_monsterinsights_sitenote_category":0,"footnotes":""},"class_list":["post-4","page","type-page","status-publish","hentry"],"_links":{"self":[{"href":"https:\/\/agripedia.ch\/selbstgemacht-eingemacht-feingemacht\/wp-json\/wp\/v2\/pages\/4","targetHints":{"allow":["GET"]}}],"collection":[{"href":"https:\/\/agripedia.ch\/selbstgemacht-eingemacht-feingemacht\/wp-json\/wp\/v2\/pages"}],"about":[{"href":"https:\/\/agripedia.ch\/selbstgemacht-eingemacht-feingemacht\/wp-json\/wp\/v2\/types\/page"}],"author":[{"embeddable":true,"href":"https:\/\/agripedia.ch\/selbstgemacht-eingemacht-feingemacht\/wp-json\/wp\/v2\/users\/3"}],"replies":[{"embeddable":true,"href":"https:\/\/agripedia.ch\/selbstgemacht-eingemacht-feingemacht\/wp-json\/wp\/v2\/comments?post=4"}],"version-history":[{"count":57,"href":"https:\/\/agripedia.ch\/selbstgemacht-eingemacht-feingemacht\/wp-json\/wp\/v2\/pages\/4\/revisions"}],"predecessor-version":[{"id":4306,"href":"https:\/\/agripedia.ch\/selbstgemacht-eingemacht-feingemacht\/wp-json\/wp\/v2\/pages\/4\/revisions\/4306"}],"wp:attachment":[{"href":"https:\/\/agripedia.ch\/selbstgemacht-eingemacht-feingemacht\/wp-json\/wp\/v2\/media?parent=4"}],"curies":[{"name":"wp","href":"https:\/\/api.w.org\/{rel}","templated":true}]}}