{"id":8,"date":"2019-05-22T14:30:00","date_gmt":"2019-05-22T14:30:00","guid":{"rendered":"https:\/\/agripedia.ch\/repartitiondutravail\/?page_id=8"},"modified":"2022-12-09T19:44:06","modified_gmt":"2022-12-09T18:44:06","slug":"accueil","status":"publish","type":"page","link":"https:\/\/agripedia.ch\/repartitiondutravail\/","title":{"rendered":"Accueil"},"content":{"rendered":"<p><div class=\"fusion-fullwidth fullwidth-box fusion-builder-row-1 fusion-flex-container nonhundred-percent-fullwidth non-hundred-percent-height-scrolling\" style=\"--awb-border-radius-top-left:0px;--awb-border-radius-top-right:0px;--awb-border-radius-bottom-right:0px;--awb-border-radius-bottom-left:0px;--awb-flex-wrap:wrap;\" ><div class=\"fusion-builder-row fusion-row fusion-flex-align-items-flex-start fusion-flex-content-wrap\" style=\"max-width:1144px;margin-left: calc(-4% \/ 2 );margin-right: calc(-4% \/ 2 );\"><div class=\"fusion-layout-column fusion_builder_column fusion-builder-column-0 fusion_builder_column_1_1 1_1 fusion-flex-column\" style=\"--awb-bg-size:cover;--awb-width-large:100%;--awb-margin-top-large:0px;--awb-spacing-right-large:1.92%;--awb-margin-bottom-large:20px;--awb-spacing-left-large:1.92%;--awb-width-medium:100%;--awb-order-medium:0;--awb-spacing-right-medium:1.92%;--awb-spacing-left-medium:1.92%;--awb-width-small:100%;--awb-order-small:0;--awb-spacing-right-small:1.92%;--awb-spacing-left-small:1.92%;\"><div class=\"fusion-column-wrapper fusion-column-has-shadow fusion-flex-justify-content-flex-start fusion-content-layout-column\"><div class=\"fusion-text fusion-text-1\"><p><strong>Dans l\u2019agriculture, le lieu de travail et le m\u00e9nage sont fortement li\u00e9s. Cette page Agripedia rassemble des informations sur la r\u00e9partition du travail entre hommes et femmes dans les exploitations agricoles familiales.<\/strong><\/p>\n<\/div><div class=\"fusion-separator fusion-full-width-sep\" style=\"align-self: center;margin-left: auto;margin-right: auto;margin-top:1.5em;margin-bottom:1.5em;width:100%;\"><\/div><\/div><\/div><\/div><\/div><div class=\"fusion-fullwidth fullwidth-box fusion-builder-row-2 fusion-flex-container nonhundred-percent-fullwidth non-hundred-percent-height-scrolling\" style=\"--awb-border-radius-top-left:0px;--awb-border-radius-top-right:0px;--awb-border-radius-bottom-right:0px;--awb-border-radius-bottom-left:0px;--awb-flex-wrap:wrap;\" ><div class=\"fusion-builder-row fusion-row fusion-flex-align-items-flex-start fusion-flex-content-wrap\" style=\"max-width:1144px;margin-left: calc(-4% \/ 2 );margin-right: calc(-4% \/ 2 );\"><div class=\"fusion-layout-column fusion_builder_column fusion-builder-column-1 fusion_builder_column_1_2 1_2 fusion-flex-column\" style=\"--awb-bg-size:cover;--awb-width-large:50%;--awb-margin-top-large:0px;--awb-spacing-right-large:3.84%;--awb-margin-bottom-large:0px;--awb-spacing-left-large:3.84%;--awb-width-medium:50%;--awb-spacing-right-medium:3.84%;--awb-spacing-left-medium:3.84%;--awb-width-small:100%;--awb-spacing-right-small:1.92%;--awb-spacing-left-small:1.92%;\"><div class=\"fusion-column-wrapper fusion-flex-justify-content-flex-start fusion-content-layout-column\"><div class=\"fusion-title title fusion-title-1 fusion-sep-none fusion-title-text fusion-title-size-four\"><h4 class=\"fusion-title-heading title-heading-left fusion-responsive-typography-calculated\" style=\"margin:0;--fontSize:24;--minFontSize:24;line-height:1.2;\">Informations tout public<\/h4><\/div><div class=\"fusion-text fusion-text-2\"><p>Cette publication s\u2019adresse \u00e0 tout public int\u00e9ress\u00e9 par les questions de r\u00e9partition du travail homme-femme qui peuvent \u00eatre abord\u00e9es dans la globalit\u00e9 de la famille et de l\u2019exploitation (H\u00e4berli I. & Jurt C., Revue UFA 2019).<\/p>\n<blockquote>\n<p>Il s\u2019agit aussi de comprendre comment la r\u00e9partition du travail est per\u00e7ue et quels facteurs entravent ou favorisent les changements.<\/p>\n<\/blockquote>\n<p>Dans la plupart des cas, les femmes sont responsables des t\u00e2ches m\u00e9nag\u00e8res et de la garde des enfants, tandis que les hommes reprennent le travail agricole sur le terrain. Malgr\u00e9 la s\u00e9paration tr\u00e8s nette des t\u00e2ches m\u00e9nag\u00e8res et des t\u00e2ches administratives li\u00e9es \u00e0 l\u2019entreprise, il existe une interface avec le travail agricole en tant que tel, qui s\u2019y superpose.<\/p>\n<\/div><div ><a class=\"fusion-button button-flat fusion-button-default-size button-default fusion-button-default button-1 fusion-button-default-span fusion-button-default-type\" target=\"_self\" href=\"https:\/\/agripedia.ch\/repartitiondutravail\/accueil\/informations-tout-public\/\"><span class=\"fusion-button-text awb-button__text awb-button__text--default\">Informations tout public<\/span><\/a><\/div><\/div><\/div><div class=\"fusion-layout-column fusion_builder_column fusion-builder-column-2 fusion_builder_column_1_2 1_2 fusion-flex-column\" style=\"--awb-bg-size:cover;--awb-width-large:50%;--awb-margin-top-large:0px;--awb-spacing-right-large:3.84%;--awb-margin-bottom-large:20px;--awb-spacing-left-large:3.84%;--awb-width-medium:50%;--awb-spacing-right-medium:3.84%;--awb-spacing-left-medium:3.84%;--awb-width-small:100%;--awb-spacing-right-small:1.92%;--awb-spacing-left-small:1.92%;\"><div class=\"fusion-column-wrapper fusion-flex-justify-content-flex-start fusion-content-layout-column\"><div class=\"fusion-title title fusion-title-2 fusion-sep-none fusion-title-text fusion-title-size-four\"><h4 class=\"fusion-title-heading title-heading-left fusion-responsive-typography-calculated\" style=\"margin:0;--fontSize:24;--minFontSize:24;line-height:1.2;\">Sp\u00e9cialistes en conseil agricole<\/h4><\/div><div class=\"fusion-text fusion-text-3\"><p>Cette publication a \u00e9galement pour but de sensibiliser d\u2019avantage les conseillers-\u00e8res agricoles sur les risques de surcharge de travail dans les familles paysannes, de mettre \u00e0 leur disposition des m\u00e9thodes et des outils d\u2019accompagnement sur l\u2019organisation et\u00a0 la r\u00e9partition du travail sur la ferme et le m\u00e9nage, de leur donner les moyens de mieux d\u00e9tecter les signaux de surcharge de travail et d\u2019indiquer des mesures d\u2019accompagnement faisable \u00e0 leur niveau et les relais de pr\u00e9vention existants en cas de surcharge \u00e0 risque.<\/p>\n<p>Cette publication contribue \u00e0 am\u00e9liorer les conditions de sant\u00e9 psychique des agriculteurs et agricultrices. Et elle favorise les r\u00e9flexions sur le travail des femmes dans les entreprises agricoles.<\/p>\n<blockquote>\n<p>La sensibilisation des sp\u00e9cialistes en conseil agricole \u00e0 ces questions permettra probablement d\u2019assurer l\u2019int\u00e9gration des femmes dans la planification du travail et de valoriser certaines t\u00e2ches indispensable au fonctionnement de l\u2019entreprise familiale.<\/p>\n<\/blockquote>\n<h5>Trois champs d\u2019action :<\/h5>\n<ul>\n<li><strong>Sensibiliser<\/strong> les sp\u00e9cialistes en conseil agricole sur l\u2019importance d\u2019une bonne r\u00e9partition de la charge de travail h\/f dans l\u2019entreprise agricole et dans le m\u00e9nage.<\/li>\n<li>Proposer des <strong>m\u00e9thodes<\/strong> d\u2019accompagnement et des <strong>outils<\/strong> de calcul de temps de travail et sa valorisation, en tenant compte des facteurs subjectifs, individuels et interpersonnels.<\/li>\n<li><strong>Pr\u00e9vention<\/strong> par la d\u00e9tection des signaux de surcharge de travail chez la femme et chez l\u2019homme et mise en \u0153uvre des mesures d\u2019accompagnement \u00ab faisable par le conseiller-\u00e8re \u00bb en cas de surcharge notable (par exemple pr\u00e9vention du burnout et relais possibles).<\/li>\n<\/ul>\n<pre><\/pre>\n<\/div><div ><a class=\"fusion-button button-flat fusion-button-default-size button-default fusion-button-default button-2 fusion-button-default-span fusion-button-default-type\" target=\"_self\" href=\"https:\/\/agripedia.ch\/repartitiondutravail\/accueil\/specialistes-en-conseil-agricole\/\"><span class=\"fusion-button-text awb-button__text awb-button__text--default\">Sp\u00e9cialistes en conseil agricole<\/span><\/a><\/div><\/div><\/div><\/div><\/div><div class=\"fusion-fullwidth fullwidth-box fusion-builder-row-3 fusion-flex-container hundred-percent-fullwidth non-hundred-percent-height-scrolling\" style=\"--awb-border-radius-top-left:0px;--awb-border-radius-top-right:0px;--awb-border-radius-bottom-right:0px;--awb-border-radius-bottom-left:0px;--awb-flex-wrap:wrap;\" ><div class=\"fusion-builder-row fusion-row fusion-flex-align-items-flex-start fusion-flex-content-wrap\" style=\"width:104% !important;max-width:104% !important;margin-left: calc(-4% \/ 2 );margin-right: calc(-4% \/ 2 );\"><div class=\"fusion-layout-column fusion_builder_column fusion-builder-column-3 fusion_builder_column_1_1 1_1 fusion-flex-column\" style=\"--awb-bg-size:cover;--awb-width-large:100%;--awb-margin-top-large:0px;--awb-spacing-right-large:1.92%;--awb-margin-bottom-large:20px;--awb-spacing-left-large:1.92%;--awb-width-medium:100%;--awb-spacing-right-medium:1.92%;--awb-spacing-left-medium:1.92%;--awb-width-small:100%;--awb-spacing-right-small:1.92%;--awb-spacing-left-small:1.92%;\"><div class=\"fusion-column-wrapper fusion-flex-justify-content-flex-start fusion-content-layout-column\"><div class=\"fusion-text fusion-text-4\"><p style=\"text-align: center\"><span style=\"color: #ffffff\">_<\/span><\/p>\n<p style=\"text-align: center\"><em>Le Bureau f\u00e9d\u00e9ral de l\u2019\u00e9galit\u00e9 entre femmes et hommes soutient le projet<br \/>\nau moyen des aides financi\u00e8res pr\u00e9vues par la loi sur l\u2019\u00e9galit\u00e9.<\/em><\/p>\n<pre><img decoding=\"async\" class=\"aligncenter wp-image-52 size-600\" src=\"https:\/\/agripedia.ch\/repartitiondutravail\/wp-content\/uploads\/sites\/17\/2019\/06\/EDI_EBG_FIN_df_CMYK_pos_quer-600x86.png\" alt=\"\" width=\"600\" height=\"86\" srcset=\"https:\/\/agripedia.ch\/repartitiondutravail\/wp-content\/uploads\/sites\/17\/2019\/06\/EDI_EBG_FIN_df_CMYK_pos_quer-200x29.png 200w, https:\/\/agripedia.ch\/repartitiondutravail\/wp-content\/uploads\/sites\/17\/2019\/06\/EDI_EBG_FIN_df_CMYK_pos_quer-300x43.png 300w, https:\/\/agripedia.ch\/repartitiondutravail\/wp-content\/uploads\/sites\/17\/2019\/06\/EDI_EBG_FIN_df_CMYK_pos_quer-400x57.png 400w, https:\/\/agripedia.ch\/repartitiondutravail\/wp-content\/uploads\/sites\/17\/2019\/06\/EDI_EBG_FIN_df_CMYK_pos_quer-600x86.png 600w, https:\/\/agripedia.ch\/repartitiondutravail\/wp-content\/uploads\/sites\/17\/2019\/06\/EDI_EBG_FIN_df_CMYK_pos_quer-768x110.png 768w, https:\/\/agripedia.ch\/repartitiondutravail\/wp-content\/uploads\/sites\/17\/2019\/06\/EDI_EBG_FIN_df_CMYK_pos_quer-800x114.png 800w, https:\/\/agripedia.ch\/repartitiondutravail\/wp-content\/uploads\/sites\/17\/2019\/06\/EDI_EBG_FIN_df_CMYK_pos_quer-1024x146.png 1024w, https:\/\/agripedia.ch\/repartitiondutravail\/wp-content\/uploads\/sites\/17\/2019\/06\/EDI_EBG_FIN_df_CMYK_pos_quer-1200x171.png 1200w, https:\/\/agripedia.ch\/repartitiondutravail\/wp-content\/uploads\/sites\/17\/2019\/06\/EDI_EBG_FIN_df_CMYK_pos_quer.png 1764w\" sizes=\"(max-width: 600px) 100vw, 600px\" \/><\/pre>\n<\/div><\/div><\/div><\/div><\/div><\/p>\n","protected":false},"excerpt":{"rendered":"","protected":false},"author":7,"featured_media":0,"parent":0,"menu_order":0,"comment_status":"closed","ping_status":"closed","template":"100-width.php","meta":{"_sb_is_suggestion_mode":false,"_sb_show_suggestion_boards":false,"_sb_show_comment_boards":false,"_sb_suggestion_history":"","_sb_update_block_changes":"","_monsterinsights_skip_tracking":false,"_monsterinsights_sitenote_active":false,"_monsterinsights_sitenote_note":"","_monsterinsights_sitenote_category":0,"footnotes":""},"class_list":["post-8","page","type-page","status-publish","hentry"],"_links":{"self":[{"href":"https:\/\/agripedia.ch\/repartitiondutravail\/wp-json\/wp\/v2\/pages\/8","targetHints":{"allow":["GET"]}}],"collection":[{"href":"https:\/\/agripedia.ch\/repartitiondutravail\/wp-json\/wp\/v2\/pages"}],"about":[{"href":"https:\/\/agripedia.ch\/repartitiondutravail\/wp-json\/wp\/v2\/types\/page"}],"author":[{"embeddable":true,"href":"https:\/\/agripedia.ch\/repartitiondutravail\/wp-json\/wp\/v2\/users\/7"}],"replies":[{"embeddable":true,"href":"https:\/\/agripedia.ch\/repartitiondutravail\/wp-json\/wp\/v2\/comments?post=8"}],"version-history":[{"count":71,"href":"https:\/\/agripedia.ch\/repartitiondutravail\/wp-json\/wp\/v2\/pages\/8\/revisions"}],"predecessor-version":[{"id":1047,"href":"https:\/\/agripedia.ch\/repartitiondutravail\/wp-json\/wp\/v2\/pages\/8\/revisions\/1047"}],"wp:attachment":[{"href":"https:\/\/agripedia.ch\/repartitiondutravail\/wp-json\/wp\/v2\/media?parent=8"}],"curies":[{"name":"wp","href":"https:\/\/api.w.org\/{rel}","templated":true}]}}