{"id":581,"date":"2020-03-20T15:41:30","date_gmt":"2020-03-20T15:41:30","guid":{"rendered":"https:\/\/agripedia.ch\/repartitiondutravail\/?page_id=581"},"modified":"2020-03-20T16:12:48","modified_gmt":"2020-03-20T16:12:48","slug":"bibliographie","status":"publish","type":"page","link":"https:\/\/agripedia.ch\/repartitiondutravail\/accueil\/bibliographie\/","title":{"rendered":"Bibliographie"},"content":{"rendered":"<div class=\"fusion-fullwidth fullwidth-box fusion-builder-row-1 fusion-flex-container nonhundred-percent-fullwidth non-hundred-percent-height-scrolling\" style=\"--awb-border-radius-top-left:0px;--awb-border-radius-top-right:0px;--awb-border-radius-bottom-right:0px;--awb-border-radius-bottom-left:0px;--awb-flex-wrap:wrap;\" ><div class=\"fusion-builder-row fusion-row fusion-flex-align-items-flex-start fusion-flex-content-wrap\" style=\"max-width:calc( 1100px + 0px );margin-left: calc(-0px \/ 2 );margin-right: calc(-0px \/ 2 );\"><div class=\"fusion-layout-column fusion_builder_column fusion-builder-column-0 fusion_builder_column_1_1 1_1 fusion-flex-column\" style=\"--awb-bg-size:cover;--awb-width-large:100%;--awb-margin-top-large:0px;--awb-spacing-right-large:0px;--awb-margin-bottom-large:0px;--awb-spacing-left-large:0px;--awb-width-medium:100%;--awb-spacing-right-medium:0px;--awb-spacing-left-medium:0px;--awb-width-small:100%;--awb-spacing-right-small:0px;--awb-spacing-left-small:0px;\"><div class=\"fusion-column-wrapper fusion-flex-justify-content-flex-start fusion-content-layout-column\"><div class=\"fusion-text fusion-text-1\"><h4>Bibliographie et r\u00e9f\u00e9rences<\/h4>\n<p>(1) Carl Gustav Jung est un m\u00e9decin psychiatre suisse n\u00e9 le 26 juillet 1875 \u00e0 Kesswil et mort le 6 juin 1961 \u00e0 K\u00fcsnacht, en Suisse al\u00e9manique. Fondateur de la psychologie analytique et penseur influent, il est l\u2019auteur de nombreux ouvrages<\/p>\n<p>(2) Willibald Ruch (* 22. Juli 1956 in K\u00fchnsdorf, K\u00e4rnten) ist Professor f\u00fcr Pers\u00f6nlichkeitspsychologie und Diagnostik an der Universit\u00e4t Z\u00fcrich.<\/p>\n<p>(3) John Dryden, n\u00e9 le 19 ao\u00fbt 1631 \u00e0 Aldwincle, Northamptonshire, et mort le 12 mai 1700 (\u00e0 68\u00a0ans), est un po\u00e8te et un dramaturge anglais ayant exerc\u00e9 une forte influence au XVII<sup>e<\/sup>\u00a0si\u00e8cle<\/p>\n<p>(4) Sitting Bull, Sitting Bull, n\u00e9 vers 1831 dans l\u2019actuel Dakota du Sud et mort le 15 d\u00e9cembre 1890 dans la R\u00e9serve indienne de Standing Rock, est un chef de tribu et m\u00e9decin des Lakotas Hunkpapasguerrier<\/p>\n<\/div><\/div><\/div><\/div><\/div>\n","protected":false},"excerpt":{"rendered":"","protected":false},"author":7,"featured_media":0,"parent":8,"menu_order":3,"comment_status":"closed","ping_status":"closed","template":"","meta":{"_sb_is_suggestion_mode":false,"_sb_show_suggestion_boards":false,"_sb_show_comment_boards":false,"_sb_suggestion_history":"","_sb_update_block_changes":"","_monsterinsights_skip_tracking":false,"_monsterinsights_sitenote_active":false,"_monsterinsights_sitenote_note":"","_monsterinsights_sitenote_category":0,"footnotes":""},"class_list":["post-581","page","type-page","status-publish","hentry"],"_links":{"self":[{"href":"https:\/\/agripedia.ch\/repartitiondutravail\/wp-json\/wp\/v2\/pages\/581","targetHints":{"allow":["GET"]}}],"collection":[{"href":"https:\/\/agripedia.ch\/repartitiondutravail\/wp-json\/wp\/v2\/pages"}],"about":[{"href":"https:\/\/agripedia.ch\/repartitiondutravail\/wp-json\/wp\/v2\/types\/page"}],"author":[{"embeddable":true,"href":"https:\/\/agripedia.ch\/repartitiondutravail\/wp-json\/wp\/v2\/users\/7"}],"replies":[{"embeddable":true,"href":"https:\/\/agripedia.ch\/repartitiondutravail\/wp-json\/wp\/v2\/comments?post=581"}],"version-history":[{"count":5,"href":"https:\/\/agripedia.ch\/repartitiondutravail\/wp-json\/wp\/v2\/pages\/581\/revisions"}],"predecessor-version":[{"id":593,"href":"https:\/\/agripedia.ch\/repartitiondutravail\/wp-json\/wp\/v2\/pages\/581\/revisions\/593"}],"up":[{"embeddable":true,"href":"https:\/\/agripedia.ch\/repartitiondutravail\/wp-json\/wp\/v2\/pages\/8"}],"wp:attachment":[{"href":"https:\/\/agripedia.ch\/repartitiondutravail\/wp-json\/wp\/v2\/media?parent=581"}],"curies":[{"name":"wp","href":"https:\/\/api.w.org\/{rel}","templated":true}]}}