{"id":19,"date":"2019-05-22T14:48:19","date_gmt":"2019-05-22T14:48:19","guid":{"rendered":"https:\/\/agripedia.ch\/repartitiondutravail\/?page_id=19"},"modified":"2022-12-13T17:52:17","modified_gmt":"2022-12-13T16:52:17","slug":"informations-tout-public","status":"publish","type":"page","link":"https:\/\/agripedia.ch\/repartitiondutravail\/accueil\/informations-tout-public\/","title":{"rendered":"Tout public"},"content":{"rendered":"<p><div class=\"fusion-fullwidth fullwidth-box fusion-builder-row-1 fusion-flex-container nonhundred-percent-fullwidth non-hundred-percent-height-scrolling\" style=\"--awb-border-radius-top-left:0px;--awb-border-radius-top-right:0px;--awb-border-radius-bottom-right:0px;--awb-border-radius-bottom-left:0px;--awb-flex-wrap:wrap;\" ><div class=\"fusion-builder-row fusion-row fusion-flex-align-items-flex-start fusion-flex-content-wrap\" style=\"max-width:1144px;margin-left: calc(-4% \/ 2 );margin-right: calc(-4% \/ 2 );\"><div class=\"fusion-layout-column fusion_builder_column fusion-builder-column-0 fusion_builder_column_2_3 2_3 fusion-flex-column\" style=\"--awb-bg-size:cover;--awb-width-large:66.666666666667%;--awb-margin-top-large:0px;--awb-spacing-right-large:2.88%;--awb-margin-bottom-large:20px;--awb-spacing-left-large:2.88%;--awb-width-medium:66.666666666667%;--awb-spacing-right-medium:2.88%;--awb-spacing-left-medium:2.88%;--awb-width-small:100%;--awb-spacing-right-small:1.92%;--awb-spacing-left-small:1.92%;\"><div class=\"fusion-column-wrapper fusion-flex-justify-content-flex-start fusion-content-layout-column\"><div class=\"fusion-text fusion-text-1\"><p>Sur une entreprise agricole familiale, la responsabilit\u00e9 principale des t\u00e2ches m\u00e9nag\u00e8res incombe g\u00e9n\u00e9ralement \u00e0 la femme. Ce travail invisible est depuis longtemps un probl\u00e8me dans le calcul du temps de travail. Si le travail est invisible, il n\u2019est pas non plus possible de l\u2019inclure activement et d\u2019en pr\u00e9voir les r\u00e9percussions sur l\u2019exploitation et la famille. Il y a d\u00e8s lors conflit entre la charge de travail et les exigences sociales en mati\u00e8re de temps libre. Les fronti\u00e8res entre loisirs et travail ne sont pas clairement s\u00e9par\u00e9es. Ce qui p\u00e9jore grandement la qualit\u00e9 de la vie au sein de la famille paysanne.<\/p>\n<\/div><div class=\"fusion-text fusion-text-2\"><blockquote>\n<p>La r\u00e9partition de la charge de travail est bas\u00e9e sur des mod\u00e8les de comportement fortement li\u00e9s au genre qui ont \u00e9t\u00e9 v\u00e9cus par la g\u00e9n\u00e9ration parentale.<\/p>\n<\/blockquote>\n<p>Lorsqu\u2019une femme entre dans une famille en commen\u00e7ant sa vie dans l\u2019entreprise familiale, on lui attribue \u00e9galement un r\u00f4le auquel elle s\u2019identifie plus ou moins. Son identification \u00e0 ce r\u00f4le, \u00e0 son tour, d\u00e9pend de ses propres ant\u00e9c\u00e9dents, qui ont fa\u00e7onn\u00e9 ses valeurs personnelles ainsi que les id\u00e9es sur les fonctions et les r\u00f4les des membres de la famille.<\/p>\n<\/div><\/div><\/div><div class=\"fusion-layout-column fusion_builder_column fusion-builder-column-1 fusion_builder_column_1_3 1_3 fusion-flex-column\" style=\"--awb-bg-size:cover;--awb-width-large:33.333333333333%;--awb-margin-top-large:0px;--awb-spacing-right-large:5.76%;--awb-margin-bottom-large:20px;--awb-spacing-left-large:5.76%;--awb-width-medium:33.333333333333%;--awb-spacing-right-medium:5.76%;--awb-spacing-left-medium:5.76%;--awb-width-small:100%;--awb-spacing-right-small:1.92%;--awb-spacing-left-small:1.92%;\"><div class=\"fusion-column-wrapper fusion-flex-justify-content-flex-start fusion-content-layout-column\"><div class=\"fusion-text fusion-text-3\"><h4>Contexte historique, social et humain du 19\u00e8me si\u00e8cle \u00e0 nos jours de la vie paysanne<\/h4>\n<p><a href=\"https:\/\/agripedia.ch\/repartitiondutravail\/wp-content\/uploads\/sites\/17\/2019\/06\/La-vie-de-la-paysanne_juin-2019.pdf\" target=\"_blank\" rel=\"noopener noreferrer\">La vie de la paysanne<\/a><\/p>\n<\/div><div class=\"fusion-image-carousel fusion-image-carousel-auto fusion-image-carousel-1 fusion-carousel-border\"><div class=\"awb-carousel awb-swiper awb-swiper-carousel awb-swiper-dots-position-bottom awb-carousel--carousel\" data-layout=\"carousel\" data-autoplay=\"yes\" data-autoplayspeed=\"2500\" data-autoplaypause=\"no\" data-columns=\"1\" data-columnsmedium=\"0\" data-columnssmall=\"0\" data-itemmargin=\"13\" data-itemwidth=\"180\" data-touchscroll=\"no\" data-freemode=\"no\" data-imagesize=\"auto\" data-scrollitems=\"0\" data-centeredslides=\"no\" data-rotationangle=\"50\" data-depth=\"100\" data-speed=\"500\" data-shadow=\"no\" style=\"--awb-columns:1;--awb-border-width:1px;--awb-border-color:#e9eaee;\"><div class=\"swiper-wrapper awb-image-carousel-wrapper fusion-flex-align-items-center\"><div class=\"swiper-slide\"><div class=\"fusion-carousel-item-wrapper\"><div class=\"fusion-image-wrapper hover-type-none\"><img decoding=\"async\" width=\"823\" height=\"823\" src=\"https:\/\/agripedia.ch\/repartitiondutravail\/wp-content\/uploads\/sites\/17\/2019\/07\/Photo-ancienne_r\u00e9colte-de-pommes-de-terre_femme-et-enfant.jpg\" class=\"attachment-full size-full\" alt=\"\" srcset=\"https:\/\/agripedia.ch\/repartitiondutravail\/wp-content\/uploads\/sites\/17\/2019\/07\/Photo-ancienne_r\u00e9colte-de-pommes-de-terre_femme-et-enfant-66x66.jpg 66w, https:\/\/agripedia.ch\/repartitiondutravail\/wp-content\/uploads\/sites\/17\/2019\/07\/Photo-ancienne_r\u00e9colte-de-pommes-de-terre_femme-et-enfant-150x150.jpg 150w, https:\/\/agripedia.ch\/repartitiondutravail\/wp-content\/uploads\/sites\/17\/2019\/07\/Photo-ancienne_r\u00e9colte-de-pommes-de-terre_femme-et-enfant-200x200.jpg 200w, https:\/\/agripedia.ch\/repartitiondutravail\/wp-content\/uploads\/sites\/17\/2019\/07\/Photo-ancienne_r\u00e9colte-de-pommes-de-terre_femme-et-enfant-300x300.jpg 300w, https:\/\/agripedia.ch\/repartitiondutravail\/wp-content\/uploads\/sites\/17\/2019\/07\/Photo-ancienne_r\u00e9colte-de-pommes-de-terre_femme-et-enfant-400x400.jpg 400w, https:\/\/agripedia.ch\/repartitiondutravail\/wp-content\/uploads\/sites\/17\/2019\/07\/Photo-ancienne_r\u00e9colte-de-pommes-de-terre_femme-et-enfant-600x600.jpg 600w, https:\/\/agripedia.ch\/repartitiondutravail\/wp-content\/uploads\/sites\/17\/2019\/07\/Photo-ancienne_r\u00e9colte-de-pommes-de-terre_femme-et-enfant-768x768.jpg 768w, https:\/\/agripedia.ch\/repartitiondutravail\/wp-content\/uploads\/sites\/17\/2019\/07\/Photo-ancienne_r\u00e9colte-de-pommes-de-terre_femme-et-enfant-800x800.jpg 800w, https:\/\/agripedia.ch\/repartitiondutravail\/wp-content\/uploads\/sites\/17\/2019\/07\/Photo-ancienne_r\u00e9colte-de-pommes-de-terre_femme-et-enfant.jpg 823w\" sizes=\"(max-width: 823px) 100vw, 823px\" \/><\/div><\/div><\/div><div class=\"swiper-slide\"><div class=\"fusion-carousel-item-wrapper\"><div class=\"fusion-image-wrapper hover-type-none\"><img decoding=\"async\" width=\"1056\" height=\"1056\" src=\"https:\/\/agripedia.ch\/repartitiondutravail\/wp-content\/uploads\/sites\/17\/2019\/07\/Photo-ancienne_Femme-avec-poules.jpg\" class=\"attachment-full size-full\" alt=\"\" srcset=\"https:\/\/agripedia.ch\/repartitiondutravail\/wp-content\/uploads\/sites\/17\/2019\/07\/Photo-ancienne_Femme-avec-poules-66x66.jpg 66w, https:\/\/agripedia.ch\/repartitiondutravail\/wp-content\/uploads\/sites\/17\/2019\/07\/Photo-ancienne_Femme-avec-poules-150x150.jpg 150w, https:\/\/agripedia.ch\/repartitiondutravail\/wp-content\/uploads\/sites\/17\/2019\/07\/Photo-ancienne_Femme-avec-poules-200x200.jpg 200w, https:\/\/agripedia.ch\/repartitiondutravail\/wp-content\/uploads\/sites\/17\/2019\/07\/Photo-ancienne_Femme-avec-poules-300x300.jpg 300w, https:\/\/agripedia.ch\/repartitiondutravail\/wp-content\/uploads\/sites\/17\/2019\/07\/Photo-ancienne_Femme-avec-poules-400x400.jpg 400w, https:\/\/agripedia.ch\/repartitiondutravail\/wp-content\/uploads\/sites\/17\/2019\/07\/Photo-ancienne_Femme-avec-poules-600x600.jpg 600w, https:\/\/agripedia.ch\/repartitiondutravail\/wp-content\/uploads\/sites\/17\/2019\/07\/Photo-ancienne_Femme-avec-poules-768x768.jpg 768w, https:\/\/agripedia.ch\/repartitiondutravail\/wp-content\/uploads\/sites\/17\/2019\/07\/Photo-ancienne_Femme-avec-poules-800x800.jpg 800w, https:\/\/agripedia.ch\/repartitiondutravail\/wp-content\/uploads\/sites\/17\/2019\/07\/Photo-ancienne_Femme-avec-poules-1024x1024.jpg 1024w, https:\/\/agripedia.ch\/repartitiondutravail\/wp-content\/uploads\/sites\/17\/2019\/07\/Photo-ancienne_Femme-avec-poules.jpg 1056w\" sizes=\"(max-width: 1056px) 100vw, 1056px\" \/><\/div><\/div><\/div><div class=\"swiper-slide\"><div class=\"fusion-carousel-item-wrapper\"><div class=\"fusion-image-wrapper hover-type-none\"><img decoding=\"async\" width=\"1171\" height=\"1171\" src=\"https:\/\/agripedia.ch\/repartitiondutravail\/wp-content\/uploads\/sites\/17\/2019\/07\/Photo-ancienne_contrat-de-mariage.jpg\" class=\"attachment-full size-full\" alt=\"\" srcset=\"https:\/\/agripedia.ch\/repartitiondutravail\/wp-content\/uploads\/sites\/17\/2019\/07\/Photo-ancienne_contrat-de-mariage-66x66.jpg 66w, https:\/\/agripedia.ch\/repartitiondutravail\/wp-content\/uploads\/sites\/17\/2019\/07\/Photo-ancienne_contrat-de-mariage-150x150.jpg 150w, https:\/\/agripedia.ch\/repartitiondutravail\/wp-content\/uploads\/sites\/17\/2019\/07\/Photo-ancienne_contrat-de-mariage-200x200.jpg 200w, https:\/\/agripedia.ch\/repartitiondutravail\/wp-content\/uploads\/sites\/17\/2019\/07\/Photo-ancienne_contrat-de-mariage-300x300.jpg 300w, https:\/\/agripedia.ch\/repartitiondutravail\/wp-content\/uploads\/sites\/17\/2019\/07\/Photo-ancienne_contrat-de-mariage-400x400.jpg 400w, https:\/\/agripedia.ch\/repartitiondutravail\/wp-content\/uploads\/sites\/17\/2019\/07\/Photo-ancienne_contrat-de-mariage-600x600.jpg 600w, https:\/\/agripedia.ch\/repartitiondutravail\/wp-content\/uploads\/sites\/17\/2019\/07\/Photo-ancienne_contrat-de-mariage-768x768.jpg 768w, https:\/\/agripedia.ch\/repartitiondutravail\/wp-content\/uploads\/sites\/17\/2019\/07\/Photo-ancienne_contrat-de-mariage-800x800.jpg 800w, https:\/\/agripedia.ch\/repartitiondutravail\/wp-content\/uploads\/sites\/17\/2019\/07\/Photo-ancienne_contrat-de-mariage-1024x1024.jpg 1024w, https:\/\/agripedia.ch\/repartitiondutravail\/wp-content\/uploads\/sites\/17\/2019\/07\/Photo-ancienne_contrat-de-mariage.jpg 1171w\" sizes=\"(max-width: 1171px) 100vw, 1171px\" \/><\/div><\/div><\/div><\/div><div class=\"awb-swiper-button awb-swiper-button-prev\"><i class=\"awb-icon-angle-left\" aria-hidden=\"true\"><\/i><\/div><div class=\"awb-swiper-button awb-swiper-button-next\"><i class=\"awb-icon-angle-right\" aria-hidden=\"true\"><\/i><\/div><\/div><\/div><div class=\"fusion-text fusion-text-4 agri-caption\"><p>Source d\u2019image: La paysanne pratique<\/p>\n<\/div><\/div><\/div><\/div><\/div><div class=\"fusion-fullwidth fullwidth-box fusion-builder-row-2 fusion-flex-container nonhundred-percent-fullwidth non-hundred-percent-height-scrolling\" style=\"--awb-border-radius-top-left:0px;--awb-border-radius-top-right:0px;--awb-border-radius-bottom-right:0px;--awb-border-radius-bottom-left:0px;--awb-flex-wrap:wrap;\" ><div class=\"fusion-builder-row fusion-row fusion-flex-align-items-flex-start fusion-flex-content-wrap\" style=\"max-width:1144px;margin-left: calc(-4% \/ 2 );margin-right: calc(-4% \/ 2 );\"><div class=\"fusion-layout-column fusion_builder_column fusion-builder-column-2 fusion_builder_column_1_1 1_1 fusion-flex-column\" style=\"--awb-bg-size:cover;--awb-width-large:100%;--awb-margin-top-large:0px;--awb-spacing-right-large:1.92%;--awb-margin-bottom-large:0px;--awb-spacing-left-large:1.92%;--awb-width-medium:100%;--awb-spacing-right-medium:1.92%;--awb-spacing-left-medium:1.92%;--awb-width-small:100%;--awb-spacing-right-small:1.92%;--awb-spacing-left-small:1.92%;\"><div class=\"fusion-column-wrapper fusion-flex-justify-content-flex-start fusion-content-layout-column\"><div class=\"fusion-separator fusion-full-width-sep agri-separator\" style=\"align-self: center;margin-left: auto;margin-right: auto;width:100%;\"><\/div><\/div><\/div><div class=\"fusion-layout-column fusion_builder_column fusion-builder-column-3 fusion_builder_column_1_3 1_3 fusion-flex-column\" style=\"--awb-bg-size:cover;--awb-width-large:33.333333333333%;--awb-margin-top-large:0px;--awb-spacing-right-large:5.76%;--awb-margin-bottom-large:20px;--awb-spacing-left-large:5.76%;--awb-width-medium:33.333333333333%;--awb-spacing-right-medium:5.76%;--awb-spacing-left-medium:5.76%;--awb-width-small:100%;--awb-spacing-right-small:1.92%;--awb-spacing-left-small:1.92%;\"><div class=\"fusion-column-wrapper fusion-flex-justify-content-flex-start fusion-content-layout-column\"><div class=\"fusion-text fusion-text-5\"><h4>La femme en agriculture<\/h4>\n<p><a href=\"https:\/\/agripedia.ch\/repartitiondutravail\/wp-content\/uploads\/sites\/17\/2020\/03\/TP_2_FR_Les-femmes-dans-lagriculture-en-suisse_OGAG_2012.pdf\" target=\"_blank\" rel=\"noopener noreferrer\">Les femmes dans l\u2019agriculture en Suisse.<em><br \/>\n<\/em><\/a>Office f\u00e9d\u00e9ral de l\u2019agriculture, 2012<\/p>\n<p><a href=\"https:\/\/agripedia.ch\/repartitiondutravail\/wp-content\/uploads\/sites\/17\/2020\/03\/TP_3_FR_Revue-UFA_Les-paysannes-ont-des-droits_2284_4.pdf\" target=\"_blank\" rel=\"noopener noreferrer\">Les paysannes ont des droits.<\/a><br \/>\nRevue UFA, Cahier sp\u00e9cial, 2013<\/p>\n<p><a href=\"https:\/\/www.sbv-usp.ch\/fr\/ettiquettes\/femmes-dans-lagriculture\/\" target=\"_blank\" rel=\"noopener noreferrer\">Femmes dans l\u2019agriculture, USP<\/a><\/p>\n<p><a href=\"https:\/\/agripedia.ch\/repartitiondutravail\/wp-content\/uploads\/sites\/17\/2021\/02\/Frauen-in-der-Landwirtschaft_bericht-FR-2016.pdf\" target=\"_blank\" rel=\"noopener noreferrer\">Les femmes dans l\u2019agriculture<br \/>\n<\/a>Rapport du Conseil f\u00e9d\u00e9ral, 2016<\/p>\n<p><a href=\"https:\/\/themes.agripedia.ch\/fr\/participation-des-femmes-dans-les-organisations-agricoles\/\" target=\"_blank\" rel=\"noopener noreferrer\">Renforcer la participation des femmes dans les organisations professionnelles agricoles<\/a><br \/>\nAGRIDEA, 2018<\/p>\n<p><a href=\"https:\/\/www.agrarbericht.ch\/fr\/lhomme\" target=\"_blank\" rel=\"noopener noreferrer\">Le rapport agricole, familles paysannes<\/a><br \/>\nOffice f\u00e9d\u00e9ral de l\u2019agriculture, 2022<\/p>\n<\/div><\/div><\/div><div class=\"fusion-layout-column fusion_builder_column fusion-builder-column-4 fusion_builder_column_1_3 1_3 fusion-flex-column\" style=\"--awb-bg-size:cover;--awb-width-large:33.333333333333%;--awb-margin-top-large:0px;--awb-spacing-right-large:5.76%;--awb-margin-bottom-large:20px;--awb-spacing-left-large:5.76%;--awb-width-medium:33.333333333333%;--awb-spacing-right-medium:5.76%;--awb-spacing-left-medium:5.76%;--awb-width-small:100%;--awb-spacing-right-small:1.92%;--awb-spacing-left-small:1.92%;\"><div class=\"fusion-column-wrapper fusion-flex-justify-content-flex-start fusion-content-layout-column\"><div class=\"fusion-text fusion-text-6\"><h4>La famille paysanne<\/h4>\n<p><a href=\"https:\/\/agripedia.ch\/repartitiondutravail\/wp-content\/uploads\/sites\/17\/2020\/03\/TP_4_FR_Rapport_OFAG_2019_Conditions-de-travail-et-de-vie.pdf\" target=\"_blank\" rel=\"noopener noreferrer\">Condition de travail et de vie.<\/a><br \/>\nOffice f\u00e9d\u00e9ral de l\u2019agriculture, 2019<\/p>\n<p><a href=\"https:\/\/agripedia.ch\/repartitiondutravail\/wp-content\/uploads\/sites\/17\/2020\/03\/TP_5_FR_Rapport-OFAG_2018_USPF_plateforme-aide.pdf\" target=\"_blank\" rel=\"noopener noreferrer\">USPF \u2013 une plateforme d\u2019aide et de soutien.<\/a><br \/>\nOffice f\u00e9d\u00e9ral de l\u2019agriculture, 2018<\/p>\n<p><a href=\"https:\/\/www.paysannes.ch\/guides\/\" target=\"_blank\" rel=\"noopener noreferrer\">Guides pour les femmes et les hommes de l\u2019espace rural<\/a><br \/>\nUnion Suisse des paysannes et des femmes rurales<\/p>\n<p><a href=\"http:\/\/www.fao.org\/family-farming-decade\/home\/fr\/\" target=\"_blank\" rel=\"noopener noreferrer\">L\u2019agriculture familiale 2019-2028, FAO<\/a><\/p>\n<p><a href=\"https:\/\/agripedia.ch\/repartitiondutravail\/wp-content\/uploads\/sites\/17\/2021\/03\/Supporter-sa-belle-m\u00e8re.pdf\" target=\"_blank\" rel=\"noopener noreferrer\">Supporter sa belle m\u00e8re<\/a><\/p>\n<\/div><\/div><\/div><div class=\"fusion-layout-column fusion_builder_column fusion-builder-column-5 fusion_builder_column_1_3 1_3 fusion-flex-column\" style=\"--awb-bg-size:cover;--awb-width-large:33.333333333333%;--awb-margin-top-large:0px;--awb-spacing-right-large:5.76%;--awb-margin-bottom-large:20px;--awb-spacing-left-large:5.76%;--awb-width-medium:33.333333333333%;--awb-spacing-right-medium:5.76%;--awb-spacing-left-medium:5.76%;--awb-width-small:100%;--awb-spacing-right-small:1.92%;--awb-spacing-left-small:1.92%;\"><div class=\"fusion-column-wrapper fusion-flex-justify-content-flex-start fusion-content-layout-column\"><div class=\"fusion-text fusion-text-7\"><h4>La surcharge de travail<br \/>\net le burnout<\/h4>\n<p><a href=\"https:\/\/agripedia.ch\/repartitiondutravail\/wp-content\/uploads\/sites\/17\/2020\/03\/TP_6_FR_Fr\u00e9quences-des-burnouts-dans-lagriculture-suisse_Reissig.pdf\" target=\"_blank\" rel=\"noopener noreferrer\">Fr\u00e9quences des Burnouts dans l\u2019agriculture suisse.<\/a><br \/>\nReissig, Recherche agronomique suisse 8, 2017<\/p>\n<p><a href=\"https:\/\/agripedia.ch\/repartitiondutravail\/wp-content\/uploads\/sites\/17\/2020\/03\/TP_7_FR_Rapport-OFAG_2018_Suicide-dans-le-secteur-agricole_FR.pdf\" target=\"_blank\" rel=\"noopener noreferrer\">Suicide dans le secteur agricole.<\/a><br \/>\nOffice F\u00e9d\u00e9rale de l\u2019Agriculture, 2018<\/p>\n<p><a href=\"https:\/\/agripedia.ch\/repartitiondutravail\/wp-content\/uploads\/sites\/17\/2020\/03\/TP_8_FR_Rapport-OFAG_2018_Labourscope.pdf\" target=\"_blank\" rel=\"noopener noreferrer\">LabourScope \u2013 Un outil de planification pour l\u2019agriculture et l\u2019\u00e9conomie domestique.<\/a><br \/>\nOffice F\u00e9d\u00e9rale de l\u2019Agriculture, 2018<\/p>\n<\/div><\/div><\/div><\/div><\/div><div class=\"fusion-fullwidth fullwidth-box fusion-builder-row-3 fusion-flex-container nonhundred-percent-fullwidth non-hundred-percent-height-scrolling\" style=\"--awb-border-radius-top-left:0px;--awb-border-radius-top-right:0px;--awb-border-radius-bottom-right:0px;--awb-border-radius-bottom-left:0px;--awb-flex-wrap:wrap;\" ><div class=\"fusion-builder-row fusion-row fusion-flex-align-items-flex-start fusion-flex-content-wrap\" style=\"max-width:1144px;margin-left: calc(-4% \/ 2 );margin-right: calc(-4% \/ 2 );\"><div class=\"fusion-layout-column fusion_builder_column fusion-builder-column-6 fusion_builder_column_1_1 1_1 fusion-flex-column\" style=\"--awb-bg-size:cover;--awb-width-large:100%;--awb-margin-top-large:0px;--awb-spacing-right-large:1.92%;--awb-margin-bottom-large:20px;--awb-spacing-left-large:1.92%;--awb-width-medium:100%;--awb-order-medium:0;--awb-spacing-right-medium:1.92%;--awb-spacing-left-medium:1.92%;--awb-width-small:100%;--awb-order-small:0;--awb-spacing-right-small:1.92%;--awb-spacing-left-small:1.92%;\"><div class=\"fusion-column-wrapper fusion-column-has-shadow fusion-flex-justify-content-flex-start fusion-content-layout-column\"><div class=\"fusion-title title fusion-title-1 fusion-sep-none fusion-title-text fusion-title-size-three\"><h3 class=\"fusion-title-heading title-heading-left fusion-responsive-typography-calculated\" style=\"margin:0;--fontSize:30;line-height:1.2;\">Articles de presses<\/h3><\/div><div class=\"fusion-text fusion-text-8\"><ul>\n<li><a href=\"https:\/\/www.agrihebdo.ch\/dossiers\/sante\">Le stress est aussi ressenti \u00e0 la ferme<\/a>, <em>Agri, 06.11.2019<\/em><\/li>\n<li><a href=\"https:\/\/www.terrenature.ch\/paysans-stress-burn-out\/\" target=\"_blank\" rel=\"noopener noreferrer\">\u00ab Les paysans sont une population \u00e0 risque pour le stress et le burn-out \u00bb<\/a>, <em>Terre & Nature, 31.10.2019<\/em><\/li>\n<li><a href=\"https:\/\/www.woz.ch\/-9c74\" target=\"_blank\" rel=\"noopener noreferrer\">B\u00e4uerin, nicht erwerbst\u00e4tig, mit Vollzeitjob<\/a>, <em>WOZ, Nr. 23\/2019, 06.06.2019<\/em><\/li>\n<\/ul>\n<\/div><\/div><\/div><\/div><\/div><div class=\"fusion-fullwidth fullwidth-box fusion-builder-row-4 fusion-flex-container nonhundred-percent-fullwidth non-hundred-percent-height-scrolling\" style=\"--awb-border-radius-top-left:0px;--awb-border-radius-top-right:0px;--awb-border-radius-bottom-right:0px;--awb-border-radius-bottom-left:0px;--awb-flex-wrap:wrap;\" ><div class=\"fusion-builder-row fusion-row fusion-flex-align-items-flex-start fusion-flex-content-wrap\" style=\"max-width:1144px;margin-left: calc(-4% \/ 2 );margin-right: calc(-4% \/ 2 );\"><div class=\"fusion-layout-column fusion_builder_column fusion-builder-column-7 fusion_builder_column_1_1 1_1 fusion-flex-column\" style=\"--awb-bg-size:cover;--awb-width-large:100%;--awb-margin-top-large:0px;--awb-spacing-right-large:1.92%;--awb-margin-bottom-large:20px;--awb-spacing-left-large:1.92%;--awb-width-medium:100%;--awb-order-medium:0;--awb-spacing-right-medium:1.92%;--awb-spacing-left-medium:1.92%;--awb-width-small:100%;--awb-order-small:0;--awb-spacing-right-small:1.92%;--awb-spacing-left-small:1.92%;\"><div class=\"fusion-column-wrapper fusion-column-has-shadow fusion-flex-justify-content-flex-start fusion-content-layout-column\"><div class=\"fusion-separator fusion-full-width-sep agri-separator\" style=\"align-self: center;margin-left: auto;margin-right: auto;width:100%;\"><\/div><div class=\"fusion-text fusion-text-9\"><p style=\"text-align: center\"><em>Le Bureau f\u00e9d\u00e9ral de l\u2019\u00e9galit\u00e9 entre femmes et hommes soutient le projet<br \/>\nau moyen des aides financi\u00e8res pr\u00e9vues par la loi sur l\u2019\u00e9galit\u00e9.<\/em><\/p>\n<pre><img decoding=\"async\" class=\"aligncenter wp-image-52 size-600\" src=\"https:\/\/agripedia.ch\/repartitiondutravail\/wp-content\/uploads\/sites\/17\/2019\/06\/EDI_EBG_FIN_df_CMYK_pos_quer-600x86.png\" alt=\"\" width=\"600\" height=\"86\" srcset=\"https:\/\/agripedia.ch\/repartitiondutravail\/wp-content\/uploads\/sites\/17\/2019\/06\/EDI_EBG_FIN_df_CMYK_pos_quer-200x29.png 200w, https:\/\/agripedia.ch\/repartitiondutravail\/wp-content\/uploads\/sites\/17\/2019\/06\/EDI_EBG_FIN_df_CMYK_pos_quer-300x43.png 300w, https:\/\/agripedia.ch\/repartitiondutravail\/wp-content\/uploads\/sites\/17\/2019\/06\/EDI_EBG_FIN_df_CMYK_pos_quer-400x57.png 400w, https:\/\/agripedia.ch\/repartitiondutravail\/wp-content\/uploads\/sites\/17\/2019\/06\/EDI_EBG_FIN_df_CMYK_pos_quer-600x86.png 600w, https:\/\/agripedia.ch\/repartitiondutravail\/wp-content\/uploads\/sites\/17\/2019\/06\/EDI_EBG_FIN_df_CMYK_pos_quer-768x110.png 768w, https:\/\/agripedia.ch\/repartitiondutravail\/wp-content\/uploads\/sites\/17\/2019\/06\/EDI_EBG_FIN_df_CMYK_pos_quer-800x114.png 800w, https:\/\/agripedia.ch\/repartitiondutravail\/wp-content\/uploads\/sites\/17\/2019\/06\/EDI_EBG_FIN_df_CMYK_pos_quer-1024x146.png 1024w, https:\/\/agripedia.ch\/repartitiondutravail\/wp-content\/uploads\/sites\/17\/2019\/06\/EDI_EBG_FIN_df_CMYK_pos_quer-1200x171.png 1200w, https:\/\/agripedia.ch\/repartitiondutravail\/wp-content\/uploads\/sites\/17\/2019\/06\/EDI_EBG_FIN_df_CMYK_pos_quer.png 1764w\" sizes=\"(max-width: 600px) 100vw, 600px\" \/><\/pre>\n<\/div><\/div><\/div><\/div><\/div><\/p>\n","protected":false},"excerpt":{"rendered":"","protected":false},"author":7,"featured_media":0,"parent":8,"menu_order":1,"comment_status":"closed","ping_status":"closed","template":"","meta":{"_sb_is_suggestion_mode":false,"_sb_show_suggestion_boards":false,"_sb_show_comment_boards":false,"_sb_suggestion_history":"","_sb_update_block_changes":"","_monsterinsights_skip_tracking":false,"_monsterinsights_sitenote_active":false,"_monsterinsights_sitenote_note":"","_monsterinsights_sitenote_category":0,"footnotes":""},"class_list":["post-19","page","type-page","status-publish","hentry"],"_links":{"self":[{"href":"https:\/\/agripedia.ch\/repartitiondutravail\/wp-json\/wp\/v2\/pages\/19","targetHints":{"allow":["GET"]}}],"collection":[{"href":"https:\/\/agripedia.ch\/repartitiondutravail\/wp-json\/wp\/v2\/pages"}],"about":[{"href":"https:\/\/agripedia.ch\/repartitiondutravail\/wp-json\/wp\/v2\/types\/page"}],"author":[{"embeddable":true,"href":"https:\/\/agripedia.ch\/repartitiondutravail\/wp-json\/wp\/v2\/users\/7"}],"replies":[{"embeddable":true,"href":"https:\/\/agripedia.ch\/repartitiondutravail\/wp-json\/wp\/v2\/comments?post=19"}],"version-history":[{"count":93,"href":"https:\/\/agripedia.ch\/repartitiondutravail\/wp-json\/wp\/v2\/pages\/19\/revisions"}],"predecessor-version":[{"id":1102,"href":"https:\/\/agripedia.ch\/repartitiondutravail\/wp-json\/wp\/v2\/pages\/19\/revisions\/1102"}],"up":[{"embeddable":true,"href":"https:\/\/agripedia.ch\/repartitiondutravail\/wp-json\/wp\/v2\/pages\/8"}],"wp:attachment":[{"href":"https:\/\/agripedia.ch\/repartitiondutravail\/wp-json\/wp\/v2\/media?parent=19"}],"curies":[{"name":"wp","href":"https:\/\/api.w.org\/{rel}","templated":true}]}}