{"id":734,"date":"2021-02-16T08:54:53","date_gmt":"2021-02-16T08:54:53","guid":{"rendered":"https:\/\/agripedia.ch\/repartitiondutravail\/startseite\/quellen\/"},"modified":"2021-02-16T08:54:54","modified_gmt":"2021-02-16T08:54:54","slug":"quellen","status":"publish","type":"page","link":"https:\/\/agripedia.ch\/repartitiondutravail\/de\/startseite\/quellen\/","title":{"rendered":"Quellen"},"content":{"rendered":"<div class=\"fusion-fullwidth fullwidth-box fusion-builder-row-1 fusion-flex-container nonhundred-percent-fullwidth non-hundred-percent-height-scrolling\" style=\"--awb-border-radius-top-left:0px;--awb-border-radius-top-right:0px;--awb-border-radius-bottom-right:0px;--awb-border-radius-bottom-left:0px;--awb-flex-wrap:wrap;\" ><div class=\"fusion-builder-row fusion-row fusion-flex-align-items-flex-start fusion-flex-content-wrap\" style=\"max-width:calc( 1100px + 0px );margin-left: calc(-0px \/ 2 );margin-right: calc(-0px \/ 2 );\"><div class=\"fusion-layout-column fusion_builder_column fusion-builder-column-0 fusion_builder_column_1_1 1_1 fusion-flex-column\" style=\"--awb-bg-size:cover;--awb-width-large:100%;--awb-margin-top-large:0px;--awb-spacing-right-large:0px;--awb-margin-bottom-large:0px;--awb-spacing-left-large:0px;--awb-width-medium:100%;--awb-spacing-right-medium:0px;--awb-spacing-left-medium:0px;--awb-width-small:100%;--awb-spacing-right-small:0px;--awb-spacing-left-small:0px;\"><div class=\"fusion-column-wrapper fusion-flex-justify-content-flex-start fusion-content-layout-column\"><div class=\"fusion-text fusion-text-1\"><h4>Quellen<\/h4>\n<p>(1) Carl Gustav Jung ist ein Schweizer Psychiater, geboren am 26. Juli 1875 in Kesswil und gestorben am 6. Juni 1961 in K\u00fcsnacht. Begr\u00fcnder der analytischen Psychologie und ein einflussreicher Denker, ist Autor zahlreicher B\u00fccher<\/p>\n<p>(2) Willibald Ruch (* 22. Juli 1956 in K\u00fchnsdorf, K\u00e4rnten) ist Professor f\u00fcr Pers\u00f6nlichkeitspsychologie und Diagnostik an der Universit\u00e4t Z\u00fcrich.<\/p>\n<p>(3) John Dryden, geboren am 19. August 1631 in Aldwincle, Northamptonshire, und gestorben am 12. Mai 1700 (im Alter von 68 Jahren), war ein englischer Dichter und Dramatiker, der im 17. Jahrhundert gro\u00dfen Einfluss hatte.<\/p>\n<p>(4) Sitting Bull,\u00a0 geboren um 1831 im heutigen South Dakota und gestorben am 15. Dezember 1890 im Standing Rock Indianerreservat, ist ein Stammesh\u00e4uptling und Arzt der Lakota Hunkpapapasguerrier<\/p>\n<\/div><\/div><\/div><\/div><\/div>\n","protected":false},"excerpt":{"rendered":"","protected":false},"author":7,"featured_media":0,"parent":626,"menu_order":3,"comment_status":"closed","ping_status":"closed","template":"","meta":{"_sb_is_suggestion_mode":false,"_sb_show_suggestion_boards":false,"_sb_show_comment_boards":false,"_sb_suggestion_history":"","_sb_update_block_changes":"","_monsterinsights_skip_tracking":false,"_monsterinsights_sitenote_active":false,"_monsterinsights_sitenote_note":"","_monsterinsights_sitenote_category":0,"footnotes":""},"class_list":["post-734","page","type-page","status-publish","hentry"],"_links":{"self":[{"href":"https:\/\/agripedia.ch\/repartitiondutravail\/de\/wp-json\/wp\/v2\/pages\/734","targetHints":{"allow":["GET"]}}],"collection":[{"href":"https:\/\/agripedia.ch\/repartitiondutravail\/de\/wp-json\/wp\/v2\/pages"}],"about":[{"href":"https:\/\/agripedia.ch\/repartitiondutravail\/de\/wp-json\/wp\/v2\/types\/page"}],"author":[{"embeddable":true,"href":"https:\/\/agripedia.ch\/repartitiondutravail\/de\/wp-json\/wp\/v2\/users\/7"}],"replies":[{"embeddable":true,"href":"https:\/\/agripedia.ch\/repartitiondutravail\/de\/wp-json\/wp\/v2\/comments?post=734"}],"version-history":[{"count":1,"href":"https:\/\/agripedia.ch\/repartitiondutravail\/de\/wp-json\/wp\/v2\/pages\/734\/revisions"}],"predecessor-version":[{"id":735,"href":"https:\/\/agripedia.ch\/repartitiondutravail\/de\/wp-json\/wp\/v2\/pages\/734\/revisions\/735"}],"up":[{"embeddable":true,"href":"https:\/\/agripedia.ch\/repartitiondutravail\/de\/wp-json\/wp\/v2\/pages\/626"}],"wp:attachment":[{"href":"https:\/\/agripedia.ch\/repartitiondutravail\/de\/wp-json\/wp\/v2\/media?parent=734"}],"curies":[{"name":"wp","href":"https:\/\/api.w.org\/{rel}","templated":true}]}}