{"id":628,"date":"2021-01-11T09:25:19","date_gmt":"2021-01-11T09:25:19","guid":{"rendered":"https:\/\/agripedia.ch\/repartitiondutravail\/startseite\/allgemeine-informationen\/"},"modified":"2022-12-13T17:53:24","modified_gmt":"2022-12-13T16:53:24","slug":"allgemeine-informationen","status":"publish","type":"page","link":"https:\/\/agripedia.ch\/repartitiondutravail\/de\/startseite\/allgemeine-informationen\/","title":{"rendered":"Allgemeine Informationen"},"content":{"rendered":"<p><div class=\"fusion-fullwidth fullwidth-box fusion-builder-row-1 fusion-flex-container nonhundred-percent-fullwidth non-hundred-percent-height-scrolling\" style=\"--awb-border-radius-top-left:0px;--awb-border-radius-top-right:0px;--awb-border-radius-bottom-right:0px;--awb-border-radius-bottom-left:0px;--awb-flex-wrap:wrap;\" ><div class=\"fusion-builder-row fusion-row fusion-flex-align-items-flex-start fusion-flex-content-wrap\" style=\"max-width:1144px;margin-left: calc(-4% \/ 2 );margin-right: calc(-4% \/ 2 );\"><div class=\"fusion-layout-column fusion_builder_column fusion-builder-column-0 fusion_builder_column_2_3 2_3 fusion-flex-column\" style=\"--awb-bg-size:cover;--awb-width-large:66.666666666667%;--awb-margin-top-large:0px;--awb-spacing-right-large:2.88%;--awb-margin-bottom-large:20px;--awb-spacing-left-large:2.88%;--awb-width-medium:66.666666666667%;--awb-spacing-right-medium:2.88%;--awb-spacing-left-medium:2.88%;--awb-width-small:100%;--awb-spacing-right-small:1.92%;--awb-spacing-left-small:1.92%;\"><div class=\"fusion-column-wrapper fusion-flex-justify-content-flex-start fusion-content-layout-column\"><div class=\"fusion-text fusion-text-1\"><p>Auf einem Familienbetrieb liegt die Hauptverantwortung f\u00fcr die Hausarbeit meist bei der Frau. Diese unsichtbare Arbeit ist schon lange ein Problem bei der Berechnung der Arbeitszeit. Wenn die Arbeit unsichtbar ist, ist es auch nicht m\u00f6glich, sie aktiv einzubeziehen und ihre Auswirkungen auf den Betrieb und die Familie vorherzusehen. Es besteht also ein Konflikt zwischen der Arbeitsbelastung und den gesellschaftlichen Anforderungen an die Freizeit. Die Grenzen zwischen Freizeit und Arbeit sind nicht klar getrennt. Dies hat einen negativen Einfluss auf die Lebensqualit\u00e4t innerhalb der Bauernfamilie.<\/p>\n<\/div><div class=\"fusion-text fusion-text-2\"><blockquote>\n<p>Die Verteilung der Arbeitsbelastung basiert auf stark geschlechtsspezifisch gepr\u00e4gten Verhaltensmustern der elterlichen Generation.<\/p>\n<\/blockquote>\n<p>Wenn eine Frau in eine Familie eintritt, indem sie in das Familienunternehmen einsteigt, wird ihr auch eine Rolle zugewiesen, mit der sie sich mehr oder weniger identifiziert. Ihre Identifikation mit dieser Rolle h\u00e4ngt wiederum von ihrem eigenen Hintergrund ab, der ihre pers\u00f6nlichen Werte und Vorstellungen \u00fcber die Funktionen und Rollen der Familienmitglieder gepr\u00e4gt hat.<\/p>\n<\/div><\/div><\/div><div class=\"fusion-layout-column fusion_builder_column fusion-builder-column-1 fusion_builder_column_1_3 1_3 fusion-flex-column\" style=\"--awb-bg-size:cover;--awb-width-large:33.333333333333%;--awb-margin-top-large:0px;--awb-spacing-right-large:5.76%;--awb-margin-bottom-large:20px;--awb-spacing-left-large:5.76%;--awb-width-medium:33.333333333333%;--awb-spacing-right-medium:5.76%;--awb-spacing-left-medium:5.76%;--awb-width-small:100%;--awb-spacing-right-small:1.92%;--awb-spacing-left-small:1.92%;\"><div class=\"fusion-column-wrapper fusion-flex-justify-content-flex-start fusion-content-layout-column\"><div class=\"fusion-text fusion-text-3\"><p><strong>Historischer, sozialer und menschlicher Kontext des b\u00e4uerlichen Lebens vom 19. Jahrhundert bis heute<\/strong><\/p>\n<p><a href=\"https:\/\/agripedia.ch\/repartitiondutravail\/wp-content\/uploads\/sites\/17\/2021\/02\/Das-Leben-der-B\u00e4uerin.pptx\" target=\"_blank\" rel=\"noopener noreferrer\">Das Leben der B\u00e4uerin<\/a><\/p>\n<\/div><div class=\"fusion-image-carousel fusion-image-carousel-auto fusion-image-carousel-1 fusion-carousel-border\"><div class=\"awb-carousel awb-swiper awb-swiper-carousel awb-swiper-dots-position-bottom awb-carousel--carousel\" data-layout=\"carousel\" data-autoplay=\"yes\" data-autoplayspeed=\"2500\" data-autoplaypause=\"no\" data-columns=\"1\" data-columnsmedium=\"0\" data-columnssmall=\"0\" data-itemmargin=\"13\" data-itemwidth=\"180\" data-touchscroll=\"no\" data-freemode=\"no\" data-imagesize=\"auto\" data-scrollitems=\"0\" data-centeredslides=\"no\" data-rotationangle=\"50\" data-depth=\"100\" data-speed=\"500\" data-shadow=\"no\" style=\"--awb-columns:1;--awb-border-width:1px;--awb-border-color:#e9eaee;\"><div class=\"swiper-wrapper awb-image-carousel-wrapper fusion-flex-align-items-center\"><div class=\"swiper-slide\"><div class=\"fusion-carousel-item-wrapper\"><div class=\"fusion-image-wrapper hover-type-none\"><img decoding=\"async\" width=\"823\" height=\"823\" src=\"https:\/\/agripedia.ch\/repartitiondutravail\/wp-content\/uploads\/sites\/17\/2019\/07\/Photo-ancienne_r\u00e9colte-de-pommes-de-terre_femme-et-enfant.jpg\" class=\"attachment-full size-full\" alt=\"\" srcset=\"https:\/\/agripedia.ch\/repartitiondutravail\/wp-content\/uploads\/sites\/17\/2019\/07\/Photo-ancienne_r\u00e9colte-de-pommes-de-terre_femme-et-enfant-66x66.jpg 66w, https:\/\/agripedia.ch\/repartitiondutravail\/wp-content\/uploads\/sites\/17\/2019\/07\/Photo-ancienne_r\u00e9colte-de-pommes-de-terre_femme-et-enfant-150x150.jpg 150w, https:\/\/agripedia.ch\/repartitiondutravail\/wp-content\/uploads\/sites\/17\/2019\/07\/Photo-ancienne_r\u00e9colte-de-pommes-de-terre_femme-et-enfant-200x200.jpg 200w, https:\/\/agripedia.ch\/repartitiondutravail\/wp-content\/uploads\/sites\/17\/2019\/07\/Photo-ancienne_r\u00e9colte-de-pommes-de-terre_femme-et-enfant-300x300.jpg 300w, https:\/\/agripedia.ch\/repartitiondutravail\/wp-content\/uploads\/sites\/17\/2019\/07\/Photo-ancienne_r\u00e9colte-de-pommes-de-terre_femme-et-enfant-400x400.jpg 400w, https:\/\/agripedia.ch\/repartitiondutravail\/wp-content\/uploads\/sites\/17\/2019\/07\/Photo-ancienne_r\u00e9colte-de-pommes-de-terre_femme-et-enfant-600x600.jpg 600w, https:\/\/agripedia.ch\/repartitiondutravail\/wp-content\/uploads\/sites\/17\/2019\/07\/Photo-ancienne_r\u00e9colte-de-pommes-de-terre_femme-et-enfant-768x768.jpg 768w, https:\/\/agripedia.ch\/repartitiondutravail\/wp-content\/uploads\/sites\/17\/2019\/07\/Photo-ancienne_r\u00e9colte-de-pommes-de-terre_femme-et-enfant-800x800.jpg 800w, https:\/\/agripedia.ch\/repartitiondutravail\/wp-content\/uploads\/sites\/17\/2019\/07\/Photo-ancienne_r\u00e9colte-de-pommes-de-terre_femme-et-enfant.jpg 823w\" sizes=\"(max-width: 823px) 100vw, 823px\" \/><\/div><\/div><\/div><div class=\"swiper-slide\"><div class=\"fusion-carousel-item-wrapper\"><div class=\"fusion-image-wrapper hover-type-none\"><img decoding=\"async\" width=\"1056\" height=\"1056\" src=\"https:\/\/agripedia.ch\/repartitiondutravail\/wp-content\/uploads\/sites\/17\/2019\/07\/Photo-ancienne_Femme-avec-poules.jpg\" class=\"attachment-full size-full\" alt=\"\" srcset=\"https:\/\/agripedia.ch\/repartitiondutravail\/wp-content\/uploads\/sites\/17\/2019\/07\/Photo-ancienne_Femme-avec-poules-66x66.jpg 66w, https:\/\/agripedia.ch\/repartitiondutravail\/wp-content\/uploads\/sites\/17\/2019\/07\/Photo-ancienne_Femme-avec-poules-150x150.jpg 150w, https:\/\/agripedia.ch\/repartitiondutravail\/wp-content\/uploads\/sites\/17\/2019\/07\/Photo-ancienne_Femme-avec-poules-200x200.jpg 200w, https:\/\/agripedia.ch\/repartitiondutravail\/wp-content\/uploads\/sites\/17\/2019\/07\/Photo-ancienne_Femme-avec-poules-300x300.jpg 300w, https:\/\/agripedia.ch\/repartitiondutravail\/wp-content\/uploads\/sites\/17\/2019\/07\/Photo-ancienne_Femme-avec-poules-400x400.jpg 400w, https:\/\/agripedia.ch\/repartitiondutravail\/wp-content\/uploads\/sites\/17\/2019\/07\/Photo-ancienne_Femme-avec-poules-600x600.jpg 600w, https:\/\/agripedia.ch\/repartitiondutravail\/wp-content\/uploads\/sites\/17\/2019\/07\/Photo-ancienne_Femme-avec-poules-768x768.jpg 768w, https:\/\/agripedia.ch\/repartitiondutravail\/wp-content\/uploads\/sites\/17\/2019\/07\/Photo-ancienne_Femme-avec-poules-800x800.jpg 800w, https:\/\/agripedia.ch\/repartitiondutravail\/wp-content\/uploads\/sites\/17\/2019\/07\/Photo-ancienne_Femme-avec-poules-1024x1024.jpg 1024w, https:\/\/agripedia.ch\/repartitiondutravail\/wp-content\/uploads\/sites\/17\/2019\/07\/Photo-ancienne_Femme-avec-poules.jpg 1056w\" sizes=\"(max-width: 1056px) 100vw, 1056px\" \/><\/div><\/div><\/div><div class=\"swiper-slide\"><div class=\"fusion-carousel-item-wrapper\"><div class=\"fusion-image-wrapper hover-type-none\"><img decoding=\"async\" width=\"1171\" height=\"1171\" src=\"https:\/\/agripedia.ch\/repartitiondutravail\/wp-content\/uploads\/sites\/17\/2019\/07\/Photo-ancienne_contrat-de-mariage.jpg\" class=\"attachment-full size-full\" alt=\"\" srcset=\"https:\/\/agripedia.ch\/repartitiondutravail\/wp-content\/uploads\/sites\/17\/2019\/07\/Photo-ancienne_contrat-de-mariage-66x66.jpg 66w, https:\/\/agripedia.ch\/repartitiondutravail\/wp-content\/uploads\/sites\/17\/2019\/07\/Photo-ancienne_contrat-de-mariage-150x150.jpg 150w, https:\/\/agripedia.ch\/repartitiondutravail\/wp-content\/uploads\/sites\/17\/2019\/07\/Photo-ancienne_contrat-de-mariage-200x200.jpg 200w, https:\/\/agripedia.ch\/repartitiondutravail\/wp-content\/uploads\/sites\/17\/2019\/07\/Photo-ancienne_contrat-de-mariage-300x300.jpg 300w, https:\/\/agripedia.ch\/repartitiondutravail\/wp-content\/uploads\/sites\/17\/2019\/07\/Photo-ancienne_contrat-de-mariage-400x400.jpg 400w, https:\/\/agripedia.ch\/repartitiondutravail\/wp-content\/uploads\/sites\/17\/2019\/07\/Photo-ancienne_contrat-de-mariage-600x600.jpg 600w, https:\/\/agripedia.ch\/repartitiondutravail\/wp-content\/uploads\/sites\/17\/2019\/07\/Photo-ancienne_contrat-de-mariage-768x768.jpg 768w, https:\/\/agripedia.ch\/repartitiondutravail\/wp-content\/uploads\/sites\/17\/2019\/07\/Photo-ancienne_contrat-de-mariage-800x800.jpg 800w, https:\/\/agripedia.ch\/repartitiondutravail\/wp-content\/uploads\/sites\/17\/2019\/07\/Photo-ancienne_contrat-de-mariage-1024x1024.jpg 1024w, https:\/\/agripedia.ch\/repartitiondutravail\/wp-content\/uploads\/sites\/17\/2019\/07\/Photo-ancienne_contrat-de-mariage.jpg 1171w\" sizes=\"(max-width: 1171px) 100vw, 1171px\" \/><\/div><\/div><\/div><\/div><div class=\"awb-swiper-button awb-swiper-button-prev\"><i class=\"awb-icon-angle-left\" aria-hidden=\"true\"><\/i><\/div><div class=\"awb-swiper-button awb-swiper-button-next\"><i class=\"awb-icon-angle-right\" aria-hidden=\"true\"><\/i><\/div><\/div><\/div><div class=\"fusion-text fusion-text-4 agri-caption\"><p>Bildquelle: La paysanne pratique<\/p>\n<\/div><\/div><\/div><\/div><\/div><div class=\"fusion-fullwidth fullwidth-box fusion-builder-row-2 fusion-flex-container nonhundred-percent-fullwidth non-hundred-percent-height-scrolling\" style=\"--awb-border-radius-top-left:0px;--awb-border-radius-top-right:0px;--awb-border-radius-bottom-right:0px;--awb-border-radius-bottom-left:0px;--awb-flex-wrap:wrap;\" ><div class=\"fusion-builder-row fusion-row fusion-flex-align-items-flex-start fusion-flex-content-wrap\" style=\"max-width:1144px;margin-left: calc(-4% \/ 2 );margin-right: calc(-4% \/ 2 );\"><div class=\"fusion-layout-column fusion_builder_column fusion-builder-column-2 fusion_builder_column_1_1 1_1 fusion-flex-column\" style=\"--awb-bg-size:cover;--awb-width-large:100%;--awb-margin-top-large:0px;--awb-spacing-right-large:1.92%;--awb-margin-bottom-large:0px;--awb-spacing-left-large:1.92%;--awb-width-medium:100%;--awb-spacing-right-medium:1.92%;--awb-spacing-left-medium:1.92%;--awb-width-small:100%;--awb-spacing-right-small:1.92%;--awb-spacing-left-small:1.92%;\"><div class=\"fusion-column-wrapper fusion-flex-justify-content-flex-start fusion-content-layout-column\"><div class=\"fusion-text fusion-text-5\"><p><span style=\"color: #ffffff\">_<\/span><\/p>\n<\/div><\/div><\/div><div class=\"fusion-layout-column fusion_builder_column fusion-builder-column-3 fusion_builder_column_1_3 1_3 fusion-flex-column\" style=\"--awb-bg-size:cover;--awb-width-large:33.333333333333%;--awb-margin-top-large:0px;--awb-spacing-right-large:5.76%;--awb-margin-bottom-large:20px;--awb-spacing-left-large:5.76%;--awb-width-medium:33.333333333333%;--awb-spacing-right-medium:5.76%;--awb-spacing-left-medium:5.76%;--awb-width-small:100%;--awb-spacing-right-small:1.92%;--awb-spacing-left-small:1.92%;\"><div class=\"fusion-column-wrapper fusion-flex-justify-content-flex-start fusion-content-layout-column\"><div class=\"fusion-text fusion-text-6\"><p><strong>Frauen in der Landwirtschaft<\/strong><\/p>\n<p><a href=\"https:\/\/agripedia.ch\/repartitiondutravail\/wp-content\/uploads\/sites\/17\/2021\/01\/Frauen-in-der-Landwirtschaft.pdf\" target=\"_blank\" rel=\"noopener noreferrer\">Die Frauen in der Schweizer Landwirtschaft<\/a><br \/>\nBundesamt f\u00fcr Landwirtschaft, 2012<\/p>\n<p><a href=\"https:\/\/agripedia.ch\/repartitiondutravail\/wp-content\/uploads\/sites\/17\/2021\/01\/D_Baeuerinnen_haben-Rechte_Sonderbeilage-UFA-Revue.pdf\" target=\"_blank\" rel=\"noopener noreferrer\">B\u00e4uerinnen haben Rechte<\/a><br \/>\nSonderausgabe UFA-Revue, 2013<\/p>\n<p><a href=\"https:\/\/www.sbv-usp.ch\/de\/schlagworte\/frauen-in-der-landwirtschaft\/\" target=\"_blank\" rel=\"noopener noreferrer\">Frauen in der Landwirtschaft SBV<\/a><\/p>\n<p><a href=\"https:\/\/agripedia.ch\/repartitiondutravail\/wp-content\/uploads\/sites\/17\/2021\/02\/Frauen-in-de-Landwirtschaft_bericht-DE-BLW.pdf\" target=\"_blank\" rel=\"noopener noreferrer\">Frauen in der Landwirtschaft<\/a><br \/>\nBericht BLW, 2016<\/p>\n<p><a href=\"https:\/\/themes.agripedia.ch\/beteiligung-von-frauen-in-landwirtschaftlichen-organisationen-foerdern\/\" target=\"_blank\" rel=\"noopener noreferrer\">Beteiligung von Frauen in landwirt. Organisationen f\u00f6rdern<\/a><br \/>\nAGRIDEA, 2018<\/p>\n<p><a href=\"https:\/\/www.agrarbericht.ch\/de\/mensch\" target=\"_blank\" rel=\"noopener noreferrer\">Agrarbericht, Bauernfamilien<\/a><br \/>\nBundesamt f\u00fcr Landwirtschaft, 2022<\/p>\n<\/div><\/div><\/div><div class=\"fusion-layout-column fusion_builder_column fusion-builder-column-4 fusion_builder_column_1_3 1_3 fusion-flex-column\" style=\"--awb-bg-size:cover;--awb-width-large:33.333333333333%;--awb-margin-top-large:0px;--awb-spacing-right-large:5.76%;--awb-margin-bottom-large:20px;--awb-spacing-left-large:5.76%;--awb-width-medium:33.333333333333%;--awb-spacing-right-medium:5.76%;--awb-spacing-left-medium:5.76%;--awb-width-small:100%;--awb-spacing-right-small:1.92%;--awb-spacing-left-small:1.92%;\"><div class=\"fusion-column-wrapper fusion-flex-justify-content-flex-start fusion-content-layout-column\"><div class=\"fusion-text fusion-text-7\"><p><strong>Die Bauernfamilie<\/strong><\/p>\n<p><a href=\"https:\/\/agripedia.ch\/repartitiondutravail\/wp-content\/uploads\/sites\/17\/2021\/01\/Agrarbericht-2020_Mensch_Bauernfamilie.pdf\" target=\"_blank\" rel=\"noopener noreferrer\">Lebens- und Arbeitsbedingungen<\/a><br \/>\nAgrarbericht, 2019<\/p>\n<p><a href=\"https:\/\/agripedia.ch\/repartitiondutravail\/wp-content\/uploads\/sites\/17\/2021\/01\/SBLV_Vermittlung.pdf\" target=\"_blank\" rel=\"noopener noreferrer\">SBLV \u2013 eine Unterst\u00fctzungsplattform<\/a><br \/>\nAgrarbericht, 2018<\/p>\n<p><a href=\"https:\/\/www.landfrauen.ch\/ratgeber\/\" target=\"_blank\" rel=\"noopener noreferrer\">Ratgeber & Merkbl\u00e4tter f\u00fcr Frauen und M\u00e4nner vom Land<\/a><br \/>\nSchweizerischer B\u00e4uerinnen und Landfrauenverband<\/p>\n<p><a href=\"http:\/\/www.fao.org\/family-farming-decade\/home\/en\/\" target=\"_blank\" rel=\"noopener noreferrer\">Family Farming FAO<\/a><\/p>\n<p><a href=\"https:\/\/agripedia.ch\/repartitiondutravail\/wp-content\/uploads\/sites\/17\/2021\/04\/Unterst\u00fctzung-seiner-Schwiegermutter.pdf\" target=\"_blank\" rel=\"noopener noreferrer\">Unterst\u00fctzung der Schwiegermutter<\/a><\/p>\n<\/div><\/div><\/div><div class=\"fusion-layout-column fusion_builder_column fusion-builder-column-5 fusion_builder_column_1_3 1_3 fusion-flex-column\" style=\"--awb-bg-size:cover;--awb-width-large:33.333333333333%;--awb-margin-top-large:0px;--awb-spacing-right-large:5.76%;--awb-margin-bottom-large:20px;--awb-spacing-left-large:5.76%;--awb-width-medium:33.333333333333%;--awb-spacing-right-medium:5.76%;--awb-spacing-left-medium:5.76%;--awb-width-small:100%;--awb-spacing-right-small:1.92%;--awb-spacing-left-small:1.92%;\"><div class=\"fusion-column-wrapper fusion-flex-justify-content-flex-start fusion-content-layout-column\"><div class=\"fusion-text fusion-text-8\"><p><strong>Arbeitsbelastung und Burnout<\/strong><\/p>\n<p><a href=\"https:\/\/agripedia.ch\/repartitiondutravail\/wp-content\/uploads\/sites\/17\/2021\/01\/Agrarforschung_Bourneout.pdf\" target=\"_blank\" rel=\"noopener noreferrer\">H\u00e4ufigkeit von Burnouts in der Schweizer Landwirtschaft<\/a><br \/>\nAgrarforschung Schweiz, 2017<\/p>\n<p><a href=\"https:\/\/agripedia.ch\/repartitiondutravail\/wp-content\/uploads\/sites\/17\/2021\/01\/Agrarbericht_2018_Suizid.pdf\" target=\"_blank\" rel=\"noopener noreferrer\">Suizid in der Landwirtschaft<\/a><br \/>\nAgrarbericht, 2018<\/p>\n<p><a href=\"https:\/\/agripedia.ch\/repartitiondutravail\/wp-content\/uploads\/sites\/17\/2021\/01\/Agrarbericht_2018_Labourscope.pdf\" target=\"_blank\" rel=\"noopener noreferrer\">LabourScope \u2013 Tool zur Analyse und Planung von Arbeiten in der Land- und Hauswirtschaft<\/a><br \/>\nAgrarbericht, 2018<\/p>\n<\/div><\/div><\/div><div class=\"fusion-layout-column fusion_builder_column fusion-builder-column-6 fusion_builder_column_1_1 1_1 fusion-flex-column\" style=\"--awb-bg-size:cover;--awb-width-large:100%;--awb-margin-top-large:0px;--awb-spacing-right-large:1.92%;--awb-margin-bottom-large:20px;--awb-spacing-left-large:1.92%;--awb-width-medium:100%;--awb-order-medium:0;--awb-spacing-right-medium:1.92%;--awb-spacing-left-medium:1.92%;--awb-width-small:100%;--awb-order-small:0;--awb-spacing-right-small:1.92%;--awb-spacing-left-small:1.92%;\"><div class=\"fusion-column-wrapper fusion-column-has-shadow fusion-flex-justify-content-flex-start fusion-content-layout-column\"><div class=\"fusion-title title fusion-title-1 fusion-sep-none fusion-title-text fusion-title-size-four\"><h4 class=\"fusion-title-heading title-heading-left fusion-responsive-typography-calculated\" style=\"margin:0;--fontSize:24;--minFontSize:24;line-height:1.2;\">Medienbeitr\u00e4ge zum Thema<\/h4><\/div><div class=\"fusion-text fusion-text-9\"><ul>\n<li><a href=\"https:\/\/www.agrihebdo.ch\/dossiers\/sante\">Le stress est aussi ressenti \u00e0 la ferme<\/a>, <em>Agri, 06.11.2019<\/em><\/li>\n<li><a href=\"https:\/\/www.terrenature.ch\/paysans-stress-burn-out\/\" target=\"_blank\" rel=\"noopener noreferrer\">\u00ab Les paysans sont une population \u00e0 risque pour le stress et le burn-out \u00bb<\/a>, <em>Terre & Nature, 31.10.2019<\/em><\/li>\n<li><a href=\"https:\/\/www.woz.ch\/-9c74\" target=\"_blank\" rel=\"noopener noreferrer\">B\u00e4uerin, nicht erwerbst\u00e4tig, mit Vollzeitjob<\/a>, <em>WOZ, Nr. 23\/2019, 06.06.2019<\/em><\/li>\n<\/ul>\n<\/div><\/div><\/div><div class=\"fusion-layout-column fusion_builder_column fusion-builder-column-7 fusion_builder_column_1_1 1_1 fusion-flex-column\" style=\"--awb-bg-size:cover;--awb-width-large:100%;--awb-margin-top-large:0px;--awb-spacing-right-large:1.92%;--awb-margin-bottom-large:20px;--awb-spacing-left-large:1.92%;--awb-width-medium:100%;--awb-spacing-right-medium:1.92%;--awb-spacing-left-medium:1.92%;--awb-width-small:100%;--awb-spacing-right-small:1.92%;--awb-spacing-left-small:1.92%;\"><div class=\"fusion-column-wrapper fusion-flex-justify-content-flex-start fusion-content-layout-column\"><div class=\"fusion-text fusion-text-10\"><p style=\"text-align: center\"><span style=\"color: #ffffff\">_<\/span><\/p>\n<p style=\"text-align: center\"><em>Dieses Projekt wurde vom B\u00fcro f\u00fcr Gleichstellung zwischen Frau und Mann finanziell unterst\u00fctzt.<\/em><\/p>\n<pre><img decoding=\"async\" class=\"aligncenter wp-image-52 size-600\" src=\"https:\/\/agripedia.ch\/repartitiondutravail\/wp-content\/uploads\/sites\/17\/2019\/06\/EDI_EBG_FIN_df_CMYK_pos_quer-600x86.png\" alt=\"\" width=\"600\" height=\"86\" srcset=\"https:\/\/agripedia.ch\/repartitiondutravail\/wp-content\/uploads\/sites\/17\/2019\/06\/EDI_EBG_FIN_df_CMYK_pos_quer-200x29.png 200w, https:\/\/agripedia.ch\/repartitiondutravail\/wp-content\/uploads\/sites\/17\/2019\/06\/EDI_EBG_FIN_df_CMYK_pos_quer-300x43.png 300w, https:\/\/agripedia.ch\/repartitiondutravail\/wp-content\/uploads\/sites\/17\/2019\/06\/EDI_EBG_FIN_df_CMYK_pos_quer-400x57.png 400w, https:\/\/agripedia.ch\/repartitiondutravail\/wp-content\/uploads\/sites\/17\/2019\/06\/EDI_EBG_FIN_df_CMYK_pos_quer-600x86.png 600w, https:\/\/agripedia.ch\/repartitiondutravail\/wp-content\/uploads\/sites\/17\/2019\/06\/EDI_EBG_FIN_df_CMYK_pos_quer-768x110.png 768w, https:\/\/agripedia.ch\/repartitiondutravail\/wp-content\/uploads\/sites\/17\/2019\/06\/EDI_EBG_FIN_df_CMYK_pos_quer-800x114.png 800w, https:\/\/agripedia.ch\/repartitiondutravail\/wp-content\/uploads\/sites\/17\/2019\/06\/EDI_EBG_FIN_df_CMYK_pos_quer-1024x146.png 1024w, https:\/\/agripedia.ch\/repartitiondutravail\/wp-content\/uploads\/sites\/17\/2019\/06\/EDI_EBG_FIN_df_CMYK_pos_quer-1200x171.png 1200w, https:\/\/agripedia.ch\/repartitiondutravail\/wp-content\/uploads\/sites\/17\/2019\/06\/EDI_EBG_FIN_df_CMYK_pos_quer.png 1764w\" sizes=\"(max-width: 600px) 100vw, 600px\" \/><\/pre>\n<\/div><\/div><\/div><\/div><\/div><\/p>\n","protected":false},"excerpt":{"rendered":"","protected":false},"author":7,"featured_media":0,"parent":626,"menu_order":1,"comment_status":"closed","ping_status":"closed","template":"","meta":{"_sb_is_suggestion_mode":false,"_sb_show_suggestion_boards":false,"_sb_show_comment_boards":false,"_sb_suggestion_history":"","_sb_update_block_changes":"","_monsterinsights_skip_tracking":false,"_monsterinsights_sitenote_active":false,"_monsterinsights_sitenote_note":"","_monsterinsights_sitenote_category":0,"footnotes":""},"class_list":["post-628","page","type-page","status-publish","hentry"],"_links":{"self":[{"href":"https:\/\/agripedia.ch\/repartitiondutravail\/de\/wp-json\/wp\/v2\/pages\/628","targetHints":{"allow":["GET"]}}],"collection":[{"href":"https:\/\/agripedia.ch\/repartitiondutravail\/de\/wp-json\/wp\/v2\/pages"}],"about":[{"href":"https:\/\/agripedia.ch\/repartitiondutravail\/de\/wp-json\/wp\/v2\/types\/page"}],"author":[{"embeddable":true,"href":"https:\/\/agripedia.ch\/repartitiondutravail\/de\/wp-json\/wp\/v2\/users\/7"}],"replies":[{"embeddable":true,"href":"https:\/\/agripedia.ch\/repartitiondutravail\/de\/wp-json\/wp\/v2\/comments?post=628"}],"version-history":[{"count":25,"href":"https:\/\/agripedia.ch\/repartitiondutravail\/de\/wp-json\/wp\/v2\/pages\/628\/revisions"}],"predecessor-version":[{"id":1069,"href":"https:\/\/agripedia.ch\/repartitiondutravail\/de\/wp-json\/wp\/v2\/pages\/628\/revisions\/1069"}],"up":[{"embeddable":true,"href":"https:\/\/agripedia.ch\/repartitiondutravail\/de\/wp-json\/wp\/v2\/pages\/626"}],"wp:attachment":[{"href":"https:\/\/agripedia.ch\/repartitiondutravail\/de\/wp-json\/wp\/v2\/media?parent=628"}],"curies":[{"name":"wp","href":"https:\/\/api.w.org\/{rel}","templated":true}]}}