{"id":626,"date":"2021-01-11T09:23:41","date_gmt":"2021-01-11T09:23:41","guid":{"rendered":"https:\/\/agripedia.ch\/repartitiondutravail\/startseite\/"},"modified":"2022-12-09T19:45:28","modified_gmt":"2022-12-09T18:45:28","slug":"startseite","status":"publish","type":"page","link":"https:\/\/agripedia.ch\/repartitiondutravail\/de\/","title":{"rendered":"Startseite"},"content":{"rendered":"<p><div class=\"fusion-fullwidth fullwidth-box fusion-builder-row-1 fusion-flex-container nonhundred-percent-fullwidth non-hundred-percent-height-scrolling\" style=\"--awb-border-radius-top-left:0px;--awb-border-radius-top-right:0px;--awb-border-radius-bottom-right:0px;--awb-border-radius-bottom-left:0px;--awb-flex-wrap:wrap;\" ><div class=\"fusion-builder-row fusion-row fusion-flex-align-items-flex-start fusion-flex-content-wrap\" style=\"max-width:1144px;margin-left: calc(-4% \/ 2 );margin-right: calc(-4% \/ 2 );\"><div class=\"fusion-layout-column fusion_builder_column fusion-builder-column-0 fusion_builder_column_1_1 1_1 fusion-flex-column\" style=\"--awb-bg-size:cover;--awb-width-large:100%;--awb-margin-top-large:0px;--awb-spacing-right-large:1.92%;--awb-margin-bottom-large:20px;--awb-spacing-left-large:1.92%;--awb-width-medium:100%;--awb-order-medium:0;--awb-spacing-right-medium:1.92%;--awb-spacing-left-medium:1.92%;--awb-width-small:100%;--awb-order-small:0;--awb-spacing-right-small:1.92%;--awb-spacing-left-small:1.92%;\"><div class=\"fusion-column-wrapper fusion-column-has-shadow fusion-flex-justify-content-flex-start fusion-content-layout-column\"><div class=\"fusion-text fusion-text-1\"><p><strong>In der Landwirtschaft sind Arbeitsplatz und Haushalt stark miteinander verkn\u00fcpft. Auf dieser Agripedia-Seite werden Informationen zur Arbeitsverteilung zwischen Mann und Frau auf landwirtschaftlichen Familienbetrieben zusammengetrage.\u00a0 <\/strong><\/p>\n<\/div><div class=\"fusion-separator fusion-full-width-sep\" style=\"align-self: center;margin-left: auto;margin-right: auto;margin-top:1.5em;margin-bottom:1.5em;width:100%;\"><\/div><\/div><\/div><\/div><\/div><div class=\"fusion-fullwidth fullwidth-box fusion-builder-row-2 fusion-flex-container nonhundred-percent-fullwidth non-hundred-percent-height-scrolling\" style=\"--awb-border-radius-top-left:0px;--awb-border-radius-top-right:0px;--awb-border-radius-bottom-right:0px;--awb-border-radius-bottom-left:0px;--awb-flex-wrap:wrap;\" ><div class=\"fusion-builder-row fusion-row fusion-flex-align-items-flex-start fusion-flex-content-wrap\" style=\"max-width:1144px;margin-left: calc(-4% \/ 2 );margin-right: calc(-4% \/ 2 );\"><div class=\"fusion-layout-column fusion_builder_column fusion-builder-column-1 fusion_builder_column_1_2 1_2 fusion-flex-column\" style=\"--awb-bg-size:cover;--awb-width-large:50%;--awb-margin-top-large:0px;--awb-spacing-right-large:3.84%;--awb-margin-bottom-large:0px;--awb-spacing-left-large:3.84%;--awb-width-medium:50%;--awb-spacing-right-medium:3.84%;--awb-spacing-left-medium:3.84%;--awb-width-small:100%;--awb-spacing-right-small:1.92%;--awb-spacing-left-small:1.92%;\"><div class=\"fusion-column-wrapper fusion-flex-justify-content-flex-start fusion-content-layout-column\"><div class=\"fusion-title title fusion-title-1 fusion-sep-none fusion-title-text fusion-title-size-four\"><h4 class=\"fusion-title-heading title-heading-left fusion-responsive-typography-calculated\" style=\"margin:0;--fontSize:24;--minFontSize:24;line-height:1.2;\">Allgemeine Informationen<\/h4><\/div><div class=\"fusion-text fusion-text-2\"><p>Dieser Bereich bietet interessierten Personen verschiedene Informationen zur Arbeitsverteilung von Frau und Mann auf landwirtschaftlichen Betrieben.<\/p>\n<blockquote>\n<p>Es geht darum zu verstehen, wie die Arbeitsteilung wahrgenommen wird und welche Faktoren den Wandel unterst\u00fctzen oder behindern.<\/p>\n<\/blockquote>\n<p>In den meisten F\u00e4llen ist die Frau zust\u00e4ndig f\u00fcr die Hausarbeiten und die Kinderbetreuung und der Mann ist f\u00fcr die landwirtschaftlichen Arbeiten auf dem Betrieb. Obwohl die Arbeiten im Haushalt und Administration klar getrennt sind, gibt es dort \u00dcberscheidungen mit den landwirtschaftlichen Arbeiten. Mit den nachfolgenden Informationen sollen diese \u00dcberschneidungen sichtbarer gemacht werden.<\/p>\n<\/div><div ><a class=\"fusion-button button-flat fusion-button-default-size button-default fusion-button-default button-1 fusion-button-default-span fusion-button-default-type\" target=\"_self\" href=\"https:\/\/agripedia.ch\/repartitiondutravail\/de\/startseite\/allgemeine-informationen\/\"><span class=\"fusion-button-text awb-button__text awb-button__text--default\">Allgemeine Informationen<\/span><\/a><\/div><\/div><\/div><div class=\"fusion-layout-column fusion_builder_column fusion-builder-column-2 fusion_builder_column_1_2 1_2 fusion-flex-column\" style=\"--awb-bg-size:cover;--awb-width-large:50%;--awb-margin-top-large:0px;--awb-spacing-right-large:3.84%;--awb-margin-bottom-large:20px;--awb-spacing-left-large:3.84%;--awb-width-medium:50%;--awb-spacing-right-medium:3.84%;--awb-spacing-left-medium:3.84%;--awb-width-small:100%;--awb-spacing-right-small:1.92%;--awb-spacing-left-small:1.92%;\"><div class=\"fusion-column-wrapper fusion-flex-justify-content-flex-start fusion-content-layout-column\"><div class=\"fusion-title title fusion-title-2 fusion-sep-none fusion-title-text fusion-title-size-four\"><h4 class=\"fusion-title-heading title-heading-left fusion-responsive-typography-calculated\" style=\"margin:0;--fontSize:24;--minFontSize:24;line-height:1.2;\">Informationen f\u00fcr landwirtschaftliche Beratungspersonen<\/h4><\/div><div class=\"fusion-text fusion-text-3\"><p>Dieser Bereich hat das Ziel, die landwirtschaftlichen Beratungspersonen \u00fcber die Risiken der Arbeits\u00fcberlastung in den b\u00e4uerlichen Familien zu sensibilisieren sowie verschiedene Methoden und Tools zur Organisation und Verteilung der Arbeit auf Betrieb und Haushalt zur Verf\u00fcgung zu stellen. Auch soll \u00a0damit beigetragen werden, die Zeichen der \u00dcberbelastung fr\u00fchzeitig zu erkennen und begleitende Massnahmen zu empfehlen, sowie auf existierende Pr\u00e4ventionsangebote im Falle von Arbeits\u00fcberlastung aufmerksam zu machen.<br \/>\nWeiter geht es darum, die Bedingungen der psychischen Gesundheit der B\u00e4uerinnen und Bauern zu verbessen. Auch tr\u00e4gt sie zu einer kritischen Auseinandersetzung \u00fcber die Arbeit der Frauen in den landwirtschaftlichen Betrieben bei.<\/p>\n<blockquote>\n<p>Die Sensibilisierung der landwirtschaftlichen Beratungspersonen zu diesen Fragen soll zur besseren Integration der Frauen in der Arbeitsplanung sowie der Wertsch\u00e4tzung von gewissen Aufgaben, die unverzichtbar sind f\u00fcr den Familienbetrieb, beitragen.<\/p>\n<\/blockquote>\n<h5>Die drei Aktionsfelder :<\/h5>\n<ul>\n<li><strong>Sensibilisierung <\/strong>\u00a0der Beratungspersonen \u00fcber die Wichtigkeit einer guten Arbeitsverteilung zwischen Frau und Mann auf dem Landwirtschaftsbetrieb.<\/li>\n<li><strong>Bereitstellung<\/strong> von unterst\u00fctzenden <strong>Methoden und Werkzeugen<\/strong> zur Berechnung der Arbeitszeit und ihrer Bewertung unter Ber\u00fccksichtigung subjektiver, individueller und zwischenmenschlicher Faktoren.<\/li>\n<li><strong>Pr\u00e4vention<\/strong> durch die Fr\u00fcherkennung von Zeichen der \u00dcberarbeitung bei Frau und Mann und die Umsetzung von begleitenden und machbaren Massnahmen durch die Beratungsperson (Bsp. Pr\u00e4vention von Burnouts<\/li>\n<\/ul>\n<\/div><div ><a class=\"fusion-button button-flat fusion-button-default-size button-default fusion-button-default button-2 fusion-button-default-span fusion-button-default-type\" target=\"_self\" href=\"https:\/\/agripedia.ch\/repartitiondutravail\/de\/startseite\/informationen-fur-landwirtschaftliche-beratungspersonen\/\"><span class=\"fusion-button-text awb-button__text awb-button__text--default\">Informationen f\u00fcr landwirtschaftliche Beratungspersonen<\/span><\/a><\/div><\/div><\/div><\/div><\/div><div class=\"fusion-fullwidth fullwidth-box fusion-builder-row-3 fusion-flex-container hundred-percent-fullwidth non-hundred-percent-height-scrolling\" style=\"--awb-border-radius-top-left:0px;--awb-border-radius-top-right:0px;--awb-border-radius-bottom-right:0px;--awb-border-radius-bottom-left:0px;--awb-flex-wrap:wrap;\" ><div class=\"fusion-builder-row fusion-row fusion-flex-align-items-flex-start fusion-flex-content-wrap\" style=\"width:104% !important;max-width:104% !important;margin-left: calc(-4% \/ 2 );margin-right: calc(-4% \/ 2 );\"><div class=\"fusion-layout-column fusion_builder_column fusion-builder-column-3 fusion_builder_column_1_1 1_1 fusion-flex-column\" style=\"--awb-bg-size:cover;--awb-width-large:100%;--awb-margin-top-large:0px;--awb-spacing-right-large:1.92%;--awb-margin-bottom-large:20px;--awb-spacing-left-large:1.92%;--awb-width-medium:100%;--awb-spacing-right-medium:1.92%;--awb-spacing-left-medium:1.92%;--awb-width-small:100%;--awb-spacing-right-small:1.92%;--awb-spacing-left-small:1.92%;\"><div class=\"fusion-column-wrapper fusion-flex-justify-content-flex-start fusion-content-layout-column\"><div class=\"fusion-text fusion-text-4\"><p style=\"text-align: center\"><span style=\"color: #ffffff\">_<\/span><\/p>\n<p style=\"text-align: center\"><em>Dieses Projekt wurde vom eidgen\u00f6ssichen\u00a0 B\u00fcro f\u00fcr die Gleichstellung von Frau und Mann finanziell unterst\u00fctzt<\/em><\/p>\n<pre><img decoding=\"async\" class=\"aligncenter wp-image-52 size-600\" src=\"https:\/\/agripedia.ch\/repartitiondutravail\/wp-content\/uploads\/sites\/17\/2019\/06\/EDI_EBG_FIN_df_CMYK_pos_quer-600x86.png\" alt=\"\" width=\"600\" height=\"86\" srcset=\"https:\/\/agripedia.ch\/repartitiondutravail\/wp-content\/uploads\/sites\/17\/2019\/06\/EDI_EBG_FIN_df_CMYK_pos_quer-200x29.png 200w, https:\/\/agripedia.ch\/repartitiondutravail\/wp-content\/uploads\/sites\/17\/2019\/06\/EDI_EBG_FIN_df_CMYK_pos_quer-300x43.png 300w, https:\/\/agripedia.ch\/repartitiondutravail\/wp-content\/uploads\/sites\/17\/2019\/06\/EDI_EBG_FIN_df_CMYK_pos_quer-400x57.png 400w, https:\/\/agripedia.ch\/repartitiondutravail\/wp-content\/uploads\/sites\/17\/2019\/06\/EDI_EBG_FIN_df_CMYK_pos_quer-600x86.png 600w, https:\/\/agripedia.ch\/repartitiondutravail\/wp-content\/uploads\/sites\/17\/2019\/06\/EDI_EBG_FIN_df_CMYK_pos_quer-768x110.png 768w, https:\/\/agripedia.ch\/repartitiondutravail\/wp-content\/uploads\/sites\/17\/2019\/06\/EDI_EBG_FIN_df_CMYK_pos_quer-800x114.png 800w, https:\/\/agripedia.ch\/repartitiondutravail\/wp-content\/uploads\/sites\/17\/2019\/06\/EDI_EBG_FIN_df_CMYK_pos_quer-1024x146.png 1024w, https:\/\/agripedia.ch\/repartitiondutravail\/wp-content\/uploads\/sites\/17\/2019\/06\/EDI_EBG_FIN_df_CMYK_pos_quer-1200x171.png 1200w, https:\/\/agripedia.ch\/repartitiondutravail\/wp-content\/uploads\/sites\/17\/2019\/06\/EDI_EBG_FIN_df_CMYK_pos_quer.png 1764w\" sizes=\"(max-width: 600px) 100vw, 600px\" \/><\/pre>\n<\/div><\/div><\/div><\/div><\/div><\/p>\n","protected":false},"excerpt":{"rendered":"","protected":false},"author":7,"featured_media":0,"parent":0,"menu_order":0,"comment_status":"closed","ping_status":"closed","template":"100-width.php","meta":{"_sb_is_suggestion_mode":false,"_sb_show_suggestion_boards":false,"_sb_show_comment_boards":false,"_sb_suggestion_history":"","_sb_update_block_changes":"","_monsterinsights_skip_tracking":false,"_monsterinsights_sitenote_active":false,"_monsterinsights_sitenote_note":"","_monsterinsights_sitenote_category":0,"footnotes":""},"class_list":["post-626","page","type-page","status-publish","hentry"],"_links":{"self":[{"href":"https:\/\/agripedia.ch\/repartitiondutravail\/de\/wp-json\/wp\/v2\/pages\/626","targetHints":{"allow":["GET"]}}],"collection":[{"href":"https:\/\/agripedia.ch\/repartitiondutravail\/de\/wp-json\/wp\/v2\/pages"}],"about":[{"href":"https:\/\/agripedia.ch\/repartitiondutravail\/de\/wp-json\/wp\/v2\/types\/page"}],"author":[{"embeddable":true,"href":"https:\/\/agripedia.ch\/repartitiondutravail\/de\/wp-json\/wp\/v2\/users\/7"}],"replies":[{"embeddable":true,"href":"https:\/\/agripedia.ch\/repartitiondutravail\/de\/wp-json\/wp\/v2\/comments?post=626"}],"version-history":[{"count":23,"href":"https:\/\/agripedia.ch\/repartitiondutravail\/de\/wp-json\/wp\/v2\/pages\/626\/revisions"}],"predecessor-version":[{"id":1054,"href":"https:\/\/agripedia.ch\/repartitiondutravail\/de\/wp-json\/wp\/v2\/pages\/626\/revisions\/1054"}],"wp:attachment":[{"href":"https:\/\/agripedia.ch\/repartitiondutravail\/de\/wp-json\/wp\/v2\/media?parent=626"}],"curies":[{"name":"wp","href":"https:\/\/api.w.org\/{rel}","templated":true}]}}