{"id":5,"date":"2018-06-01T05:27:12","date_gmt":"2018-06-01T05:27:12","guid":{"rendered":"http:\/\/ozzlorvo.preview.infomaniak.website\/pfo\/?page_id=5"},"modified":"2019-02-28T12:07:40","modified_gmt":"2019-02-28T12:07:40","slug":"inhaltsverzeichnis","status":"publish","type":"page","link":"https:\/\/agripedia.ch\/pfo\/","title":{"rendered":"Startseite"},"content":{"rendered":"<h1>Gelebte Gleichstellung als Chance f\u00fcr landwirtschaftliche Organisationen<\/h1>\n<p>Die Beteiligung von Frauen in landwirtschaftlichen Organisationen ist nach wie vor gering. Ausnahmen sind\u00a0Organisationen im Bereich Direktvermarktung und Agrotourismus.\u00a0Landwirtschaftliche Organisationen ebenso wie M\u00e4nner und Frauen selbst k\u00f6nnen dazu beitragen, die aktuelle Situation zu ver\u00e4ndern und sich f\u00fcr eine\u00a0 h\u00f6here Frauenbeteiligung in landwirtschaftlichen Organisationen einsetzen. Dies ist nicht nur aus der Perspektive der Gleichstellung geboten. Studien zeigen klar auf, dass eine h\u00f6here Frauenbeteiligung auch f\u00fcr die Organisationen selbst Chancen er\u00f6ffnet und konkrete Vorteile bringt.<\/p>\n<p>Um in der Thematik weiterzukommen, ist es zentral, konkrete Schritte zu tun und Massnahmen zu realisieren, die bei den Organisationen selbst ebenso wie bei den Frauen ansetzen.<strong> Denn eines ist klar:<\/strong><strong>\u00a0Gleichstellung ist nicht das alleinige Problem von Frauen.<\/strong> Sie kann nur dann gelingen, wenn sie von M\u00e4nnern und Frauen in landwirtschaftlichen Organisationen gleichermassen als wichtig eingestuft und gemeinsam in Angriff genommen wird. Erst wenn das Thema von\u00a0F\u00fchrungspersonen als Teil ihrer sozialen Verantwortung erkannt und in der jeweiligen Organisation positiv verankert ist, erst wenn es\u00a0konkret gelebt wird, er\u00f6ffnet sich die Chance f\u00fcr eine Ver\u00e4nderung im gr\u00f6sseren Massstab. Daf\u00fcr braucht es insbesondere auch M\u00e4nner, die sich f\u00fcr Gleichstellung und Chancengleichheit in landwirtschaftlichen Organisationen einsetzen.<\/p>\n<h2>Wie gelingt mehr Frauenbeteiligung ganz konkret?<\/h2>\n<p>Im Rahmen des Projekts &#8222;Partizipation von Frauen in landwirtschaftlichen Organisationen PFO&#8220; wurden in mehreren Pilotprojekten Massnahmen getestet, die zu einer h\u00f6heren Frauenbeteiligung in landwirtschaftlichen Organisationen beitragen k\u00f6nnen. Sie sind auf zwei Ebenen angesiedelt: Massnahmen im Bereich <strong>Bildung, Coaching und Erfahrungsaustausch<\/strong> sollten Frauen darin best\u00e4rken, in landwirtschaftlichen Organisationen Verantwortung zu \u00fcbernehmen. Bildungsangebote zum Thema Engagement geh\u00f6ren hier ebenso dazu wie Filme, um Frauen zum Engagement zu motivieren.<\/p>\n<p>Massnahmen im Bereich <strong>Organisationsentwicklung und Bewusstseinsbildung in Organisationen<\/strong> setzten auf der Ebene der landwirtschaftlichen Organisationen an und sind darauf ausgerichtet, die aktuelle Beteiligung und den Mehrwert der Beteiligung von Frauen sowie Handlungsm\u00f6glichkeiten bewusst zu machen.<\/p>\n<p><a href=\"https:\/\/agripedia.ch\/pfo\/ueberblick-ueber-die-massnahmen\/\" target=\"_blank\" rel=\"noopener\">Link zu den konkreten PFO-Pilotmassnahmen<\/a><\/p>\n<h2>Ansatzpunkte und Hebel f\u00fcr eine erfolgreiche Umsetzung<\/h2>\n<p>Die Erfahrungen aus den Pilotprojekten sind wichtige Ankn\u00fcpfungspunkte f\u00fcr weitere Aktivit\u00e4ten. Sie sind in der vorliegenden Brosch\u00fcre aufgearbeitet und stehen allen Interessierten zur Verf\u00fcgung.\u00a0Zudem stellt die Brosch\u00fcre weitere wichtige Ansatzpunkte und Hebel vor, wie die Frauenbeteiligung in landwirtschaftlichen Organisationen erh\u00f6ht werden kann und enth\u00e4lt zahlreich Tipps und weiterf\u00fchrende Informationen f\u00fcr die Umsetzung.<\/p>\n<p>Wir wollen mit der Brosch\u00fcre insbesondere auch F\u00fchrungspersonen in landwirtschaftlichen Organisationen ansprechen, f\u00fcr das Thema sensibilisieren und zum Handeln motivieren. In diesem Sinne w\u00fcnschen wir\u00a0 eine erkenntnisreiche Lekt\u00fcre. Vor allem aber hoffen wir, dass die Vorschl\u00e4ge f\u00fcr Massnahmen und Tipps zur Umsetzung aufgegriffen werden und &#8211; im Sinne einer h\u00f6heren Frauenbeteiligung in landwirtschaftlichen Organisationen &#8211; m\u00f6glichst bald Wirkung entfalten.<\/p>\n<p><a href=\"https:\/\/agripedia.ch\/pfo\/weitere-hebel-und-ansatzpunkte\/\" target=\"_blank\" rel=\"noopener\">Link zu den Hebeln und Ansatzpunkten<\/a><\/p>\n","protected":false},"excerpt":{"rendered":"<p>Gelebte Gleichstellung als Chance f\u00fcr landwirtschaftliche Organisationen Die Beteiligung von Frauen in landwirtschaftlichen Organisationen ist nach wie vor gering. Ausnahmen sind\u00a0Organisationen im Bereich Direktvermarktung und Agrotourismus.\u00a0Landwirtschaftliche Organisationen ebenso wie M\u00e4nner und Frauen selbst k\u00f6nnen dazu beitragen, die aktuelle Situation zu ver\u00e4ndern und sich f\u00fcr eine\u00a0 h\u00f6here Frauenbeteiligung in landwirtschaftlichen Organisationen einsetzen. Dies ist nicht nur  [&#8230;]<\/p>\n","protected":false},"author":3,"featured_media":0,"parent":0,"menu_order":-1,"comment_status":"closed","ping_status":"closed","template":"","meta":{"_sb_is_suggestion_mode":false,"_sb_show_suggestion_boards":false,"_sb_show_comment_boards":false,"_sb_suggestion_history":"","_sb_update_block_changes":"","_monsterinsights_skip_tracking":false,"_monsterinsights_sitenote_active":false,"_monsterinsights_sitenote_note":"","_monsterinsights_sitenote_category":0,"footnotes":""},"class_list":["post-5","page","type-page","status-publish","hentry"],"_links":{"self":[{"href":"https:\/\/agripedia.ch\/pfo\/wp-json\/wp\/v2\/pages\/5","targetHints":{"allow":["GET"]}}],"collection":[{"href":"https:\/\/agripedia.ch\/pfo\/wp-json\/wp\/v2\/pages"}],"about":[{"href":"https:\/\/agripedia.ch\/pfo\/wp-json\/wp\/v2\/types\/page"}],"author":[{"embeddable":true,"href":"https:\/\/agripedia.ch\/pfo\/wp-json\/wp\/v2\/users\/3"}],"replies":[{"embeddable":true,"href":"https:\/\/agripedia.ch\/pfo\/wp-json\/wp\/v2\/comments?post=5"}],"version-history":[{"count":4,"href":"https:\/\/agripedia.ch\/pfo\/wp-json\/wp\/v2\/pages\/5\/revisions"}],"predecessor-version":[{"id":1076,"href":"https:\/\/agripedia.ch\/pfo\/wp-json\/wp\/v2\/pages\/5\/revisions\/1076"}],"wp:attachment":[{"href":"https:\/\/agripedia.ch\/pfo\/wp-json\/wp\/v2\/media?parent=5"}],"curies":[{"name":"wp","href":"https:\/\/api.w.org\/{rel}","templated":true}]}}