{"id":485,"date":"2018-10-15T10:34:59","date_gmt":"2018-10-15T08:34:59","guid":{"rendered":"http:\/\/ozzlorvo.preview.infomaniak.website\/pfo\/?page_id=485"},"modified":"2019-03-07T07:35:35","modified_gmt":"2019-03-07T07:35:35","slug":"conference-organisee-conjointement-entre-les-organisations-masculines-et-feminines","status":"publish","type":"page","link":"https:\/\/agripedia.ch\/pfo\/ueberblick-ueber-die-massnahmen\/rekrutierung-in-landwirtschaftlichen-organisationen\/conference-organisee-conjointement-entre-les-organisations-masculines-et-feminines\/","title":{"rendered":"Gemeinsam ver\u00f6ffentlichte Informationsbulletins der Fraun- und M\u00e4nnerorganisationen"},"content":{"rendered":"<h1><strong>Gemeinsam ver\u00f6ffentlichte Informationsbulletins der\u00a0Frauen- und M\u00e4nnerorganisationen<\/strong><\/h1>\n<p>Im Rahmen des Projekts hat die Verinigung der Neuenburger B\u00e4uerinnen (Union de paysannes neuch\u00e2teloises) der Landwirtschaftskammer vorgeschlagen, ihre Informationsbulletins zusammenzulegen. Diese Massnahme wurde Ende 2016 umgesetzt und wird fortgef\u00fchrt. Die Informationen der Union des paysannes neuch\u00e2teloises erscheinen vier Mal j\u00e4hrlich und werden dann im Monatsbulletin der Landwirtschaftskammer integriert.<\/p>\n<h3><strong>Ziele<\/strong><\/h3>\n<ul>\n<li>Arbeit und Aktivit\u00e4ten der beiden Dachorganisationen sichtbar machen.<\/li>\n<\/ul>\n<h3><strong>Erfolgsfaktoren<\/strong><\/h3>\n<ul>\n<li>Erleichterter Start aufgrund der Tatsache, dass das Sekretariat das Layout, den Druck und den Versand der beiden besagten Bulletins bereits fr\u00fcher managte.<\/li>\n<li>Kostensenkung auf Dauer (sobald die Fusion der Dateien korrekt erfolgt ist)<\/li>\n<li>Die Feedbacks der B\u00e4uerinnen sind positiv, denn es wird sichtbar, was gemacht wird, welche Ereignisse geplant sind usw.<\/li>\n<\/ul>\n<p>&nbsp;<\/p>\n<p>&nbsp;<\/p>\n","protected":false},"excerpt":{"rendered":"<p>Gemeinsam ver\u00f6ffentlichte Informationsbulletins der\u00a0Frauen- und M\u00e4nnerorganisationen Im Rahmen des Projekts hat die Verinigung der Neuenburger B\u00e4uerinnen (Union de paysannes neuch\u00e2teloises) der Landwirtschaftskammer vorgeschlagen, ihre Informationsbulletins zusammenzulegen. Diese Massnahme wurde Ende 2016 umgesetzt und wird fortgef\u00fchrt. Die Informationen der Union des paysannes neuch\u00e2teloises erscheinen vier Mal j\u00e4hrlich und werden dann im Monatsbulletin der Landwirtschaftskammer integriert. Ziele  [&#8230;]<\/p>\n","protected":false},"author":16,"featured_media":0,"parent":39,"menu_order":0,"comment_status":"closed","ping_status":"closed","template":"","meta":{"_sb_is_suggestion_mode":false,"_sb_show_suggestion_boards":false,"_sb_show_comment_boards":false,"_sb_suggestion_history":"","_sb_update_block_changes":"","_monsterinsights_skip_tracking":false,"_monsterinsights_sitenote_active":false,"_monsterinsights_sitenote_note":"","_monsterinsights_sitenote_category":0,"footnotes":""},"class_list":["post-485","page","type-page","status-publish","hentry"],"_links":{"self":[{"href":"https:\/\/agripedia.ch\/pfo\/wp-json\/wp\/v2\/pages\/485","targetHints":{"allow":["GET"]}}],"collection":[{"href":"https:\/\/agripedia.ch\/pfo\/wp-json\/wp\/v2\/pages"}],"about":[{"href":"https:\/\/agripedia.ch\/pfo\/wp-json\/wp\/v2\/types\/page"}],"author":[{"embeddable":true,"href":"https:\/\/agripedia.ch\/pfo\/wp-json\/wp\/v2\/users\/16"}],"replies":[{"embeddable":true,"href":"https:\/\/agripedia.ch\/pfo\/wp-json\/wp\/v2\/comments?post=485"}],"version-history":[{"count":4,"href":"https:\/\/agripedia.ch\/pfo\/wp-json\/wp\/v2\/pages\/485\/revisions"}],"predecessor-version":[{"id":1249,"href":"https:\/\/agripedia.ch\/pfo\/wp-json\/wp\/v2\/pages\/485\/revisions\/1249"}],"up":[{"embeddable":true,"href":"https:\/\/agripedia.ch\/pfo\/wp-json\/wp\/v2\/pages\/39"}],"wp:attachment":[{"href":"https:\/\/agripedia.ch\/pfo\/wp-json\/wp\/v2\/media?parent=485"}],"curies":[{"name":"wp","href":"https:\/\/api.w.org\/{rel}","templated":true}]}}