{"id":478,"date":"2018-10-15T08:29:33","date_gmt":"2018-10-15T08:29:33","guid":{"rendered":"http:\/\/ozzlorvo.preview.infomaniak.website\/pfo\/?page_id=478"},"modified":"2022-06-19T11:11:12","modified_gmt":"2022-06-19T11:11:12","slug":"charte-asc","status":"publish","type":"page","link":"https:\/\/agripedia.ch\/pfo\/ueberblick-ueber-die-massnahmen\/rekrutierung-in-landwirtschaftlichen-organisationen\/charte-asc\/","title":{"rendered":"Charta als gemeinsame Absichtserkl\u00e4rung"},"content":{"rendered":"<div class=\"fusion-fullwidth fullwidth-box fusion-builder-row-1 nonhundred-percent-fullwidth non-hundred-percent-height-scrolling\" style=\"--awb-border-radius-top-left:0px;--awb-border-radius-top-right:0px;--awb-border-radius-bottom-right:0px;--awb-border-radius-bottom-left:0px;--awb-flex-wrap:wrap;\" ><div class=\"fusion-builder-row fusion-row\"><div class=\"fusion-layout-column fusion_builder_column fusion-builder-column-0 fusion_builder_column_1_1 1_1 fusion-one-full fusion-column-first fusion-column-last\" style=\"--awb-bg-size:cover;--awb-margin-bottom:0px;\"><div class=\"fusion-column-wrapper fusion-flex-column-wrapper-legacy\"><div class=\"fusion-text fusion-text-1\"><h1>Handlungsm\u00f6glichkeiten f\u00fcr \u201eDelegierten\u201c-Verb\u00e4nde?<\/h1>\n<p>Die bestehenden landwirtschaftlichen Vereine bzw. Verb\u00e4nde lassen sich zwei Kategorien unterschieden:<\/p>\n<ul>\n<li><strong>\u201eEntsender-Verb\u00e4nde\/-Vereine\u201c:\u00a0<\/strong>Sie sind meist auf lokaler Ebene und\/oder in fachlich \u201ekleineren\u201c Strukturen organisiert.<\/li>\n<li><strong>\u201eDelegierten-Verb\u00e4nde\/-Vereine\u201c:\u00a0<\/strong>Diese sind meist als Zusammenfassung mehrerer kleiner Vereine\/Verb\u00e4nde (regionale oder fachliche \u201eDachverb\u00e4nde\u201c\/Gremien, \u201eExperten-Verb\u00e4nde-\/Organisationen mit Vertretenden verschiedener Bereiche) organisiert.<\/li>\n<\/ul>\n<p>Diese\u00a0 Tatsache bringt Herausforderungen mit sich, die auch im Projekt PFO sp\u00fcrbar waren und die es\u00a0 schwer machten im Rahmen der Pilotmassnahme \u201eRecrutement\u201c erfolgreiche Massnahmen umzusetzen: So waren im\u00a0Unterprojekt Rekrutierung von der 1. Kategorie, den \u201eEntsender-Verb\u00e4nden\u201c, lediglich \u201eFrauen-Vereine\u201c beteiligt. Entsender-Verb\u00e4nde, in denen mehrheitlich M\u00e4nner aktiv sind, waren nicht Partner bei diesem Unterprojekt. Von der 2. Kategorie, den \u201eDelegierten-Verb\u00e4nden\u201c, waren wichtige Vertreter Projektpartner. Diese erkl\u00e4ren, dass sie mehr Frauen als Delegierte bzw. Gremienmitglieder w\u00fcnschen.\u00a0Sie wenden aber gleichzeitig ein, dass sie nicht wissen, was sie dazu beitragen k\u00f6nnten, weil die Mitgliedsvereine entscheiden, wen sie entsenden. Die Projektpartner best\u00e4tigen damit das \u201ePyramiden-Ph\u00e4nomen\u201c, das bereits im Rahmen des Projekts FARAH erkannt und beschrieben wurde.<\/p>\n<p>Link zum Projekt FARAH (nur Franz\u00f6sisch): <a href=\"https:\/\/agripedia.ch\/pfo\/wp-content\/uploads\/sites\/9\/2018\/11\/rapport-final-FARAH-version-OK-23.10.2013.pdf\">Rapport final FARAH<\/a><\/p>\n<h2>Ergebnisse:<\/h2>\n<p>Die direkte Ansprache und Ermutigung von Frauen f\u00fcr Gremienarbeit wurde bereits im Projekt FARAH\u00a0 als f\u00f6rderlich erkannt, um den Frauenanteil in landwirtschaftlichen Organisationen zu erh\u00f6hen. Im Unterprojekt \u201eRekrutierung\u201c erwies sich diese Massnahme jedoch aufgrund der pyramidalen Struktur der\u00a0 landwirtschaftlichen Organisationen als f\u00fcr die Projektpartner kaum umsetzbar.\u00a0Eine positive Ver\u00e4nderung im\u00a0 Sinne der angestrebten Erh\u00f6hung des Frauenanteils in der landwirtschaftlichen Vertretungsarbeit konnten im Unterprojekt Rekrutierung daher auch nicht festgestellt werden.<\/p>\n<h3>Folgende Erkenntnisse lassen sich festhalten:<\/h3>\n<ul>\n<li>Die Motivation und der Ver\u00e4nderungswunsch hin zu einer verst\u00e4rkten Partizipation von Frauen in der Vertretungsarbeit ist bei den Projektpartnern vorhanden.<\/li>\n<li>Direkte Ansprache und Ermutigung von Frauen zur Mitarbeit in den Gremien durch \u201eDelegierten-Verb\u00e4nde\u201c sind unpassende Massnahmen, weil die \u201eDelegierten-Verb\u00e4nde\u201c nicht \u00fcber die Entsendung bestimmen.<\/li>\n<li>Die Ansprache muss in den \u201eEntsender-Verb\u00e4nden\u201c geschehen.<\/li>\n<li>Es ist unbekannt, wie \u201eEntsender-Verb\u00e4nde\u201c mit mehrheitlich m\u00e4nnlichen Mitgliedern zur Teilnahme am Unterprojekt h\u00e4tten motiviert werden k\u00f6nnen.<\/li>\n<li>Solange in \u201eEntsender-Verb\u00e4nden\u201c fast nur M\u00e4nner Mitglieder sind und solange von den \u201eDelegierten-Verb\u00e4nden\u201c Vorgaben zur Delegation fehlen, die zu einer Erh\u00f6hung des Frauenanteils beitragen k\u00f6nnten, sind Ver\u00e4nderungen eher nicht zu erwarten. Denn:\u00a0Zumeist erledigt sich das Thema unter anderem mit Feststellungen wie: \u201eWir haben ja gar keine bzw. fast keine Frauen\u201c \u2013 scheinbar \u2013 von selbst.<\/li>\n<\/ul>\n<h3>Schlussfolgerungen f\u00fcr weitere Aktivit\u00e4ten:<\/h3>\n<ul>\n<li>M\u00f6glicherweise ist der Ver\u00e4nderungsdruck zu gering und\u00a0man muss hinzunehmen, dass der Frauenanteil in den landwirtschaftlichen Organisationen tief ist.<\/li>\n<li>Das bew\u00e4hrte und bekannte Instrument, den Minderheiten-Anteil zu erh\u00f6hen, ist eine Quotenregelung. Doch\u00a0 selbst f\u00fcr die Zusammensetzung des Bundesrates wurde, wie sich bei der j\u00fcngsten Nachbesetzung zeigte,\u00a0just das Geschlecht explizit als Kriterium verworfen: Die Geschlechterquote als Argument f\u00fcr Kandidatur und Wahl einer Bundesr\u00e4tin wurde abgelehnt. Hingegen wurden und werden mehrere informelle Quotenvorgaben bei der Kandidatur und Wahl seit Jahrzehnten ber\u00fccksichtigt (Parteizugeh\u00f6rigkeit, Landesteil- und Landessprachevertretung, Konfession, Fachgebiet, etc., etc.).<\/li>\n<li>Daraus folgt f\u00fcr die landwirtschaftlichen Organisationen: Es ist zwar bekannt, WAS wirksam zu einer Erh\u00f6hung des Minderheiten (respektive Frauen)-Anteils beitragen k\u00f6nnte: n\u00e4mlich die Festlegung einer Quote \u2013 und zwar von mindestens einem Drittel.<\/li>\n<li>Gleichzeitig zeigte eine einzige Diskussion mit dem Ziel, das Interesse der Vertreter von \u201eDelegierten-Verb\u00e4nden\u201c in diese Richtung auszuloten, klar auf, dass die Einf\u00fchrung einer Frauenquote bei den \u201eEntsender-Verb\u00e4nden\u201c weder w\u00e4hrend der Projektdauer als L\u00f6sung infrage kam noch eine taugliche L\u00f6sung f\u00fcr die nahe Zukunft w\u00e4re.<\/li>\n<\/ul>\n<h3>Ein gemeinsame Absichtserkl\u00e4rung als Weg?<\/h3>\n<p>Aufgrund dieser Erkenntnisse wurde am PFO Workshop im August 2018 beschlossen,\u00a0 f\u00fcr das Projekt PFO eine <span style=\"color: #ff0000;\"><strong>Schlussdeklaration<\/strong> <\/span>ohne Quotenregelung zu erarbeiten (siehe <a href=\"https:\/\/agripedia.ch\/pfo\/wp-content\/uploads\/sites\/9\/2019\/06\/Fotoprotokoll_PFO-Workshop_UST-CKR-RMO.pdf\">Protokoll des PFO-Workshops<\/a>). Als gemeinsame Absichtserkl\u00e4rung der unterzeichnenden Organisationen hat sie hohen symbolischen Wert und soll dazu beitragen, der F\u00f6rderung einer ausgewogenen und gleichwertigen Beteiligung von M\u00e4nnern und Frauen in landwirtschaftlichen Organisationen vermehrt Aufmerksamkeit\u00a0zu schenken.<\/p>\n<p>Link zur Kopie der signierten Schlussdeklaration PFO: <a href=\"https:\/\/agripedia.ch\/pfo\/wp-content\/uploads\/sites\/9\/2019\/01\/Schlussdeklaration-D\u00e9claration-final-PFO_SIGNIERT_DE.pdf\" target=\"_blank\" rel=\"noopener\">Schlussdeklaration PFO<\/a><\/p>\n<\/div><div class=\"fusion-content-boxes content-boxes columns row fusion-columns-1 fusion-columns-total-1 fusion-content-boxes-1 content-boxes-icon-with-title content-left\" style=\"--awb-hover-accent-color:#e10707;--awb-circle-hover-accent-color:#e10707;--awb-item-margin-bottom:40px;\" data-animationOffset=\"top-into-view\"><div style=\"--awb-backgroundcolor:#e0e0e0;\" class=\"fusion-column content-box-column content-box-column content-box-column-1 col-lg-12 col-md-12 col-sm-12 fusion-content-box-hover content-box-column-last content-box-column-last-in-row\"><div class=\"col content-box-wrapper content-wrapper-background link-area-link-icon link-type-text icon-hover-animation-fade\" data-animationOffset=\"top-into-view\"><div class=\"heading heading-with-icon icon-left\"><a class=\"heading-link\" style=\"float:left;\" href=\"https:\/\/agripedia.ch\/pfo\/wp-content\/uploads\/sites\/9\/2022\/06\/Umfrage-Umsetzung-Deklaration-PFO.pdf\" target=\"_self\"><div class=\"icon\"><i style=\"border-color:#333333;border-width:1px;background-color:#333333;box-sizing:content-box;height:42px;width:42px;line-height:42px;border-radius:50%;font-size:21px;\" aria-hidden=\"true\" class=\"fontawesome-icon fa-file-pdf fas circle-yes\"><\/i><\/div><h2 class=\"content-box-heading fusion-responsive-typography-calculated\" style=\"--h2_typography-font-size:18px;--fontSize:18;line-height:1.5;\">Ergebnisse einer Umfrage zur Umsetzung der PFO-Schlussdeklaration<\/h2><\/a><\/div><div class=\"fusion-clearfix\"><\/div><div class=\"content-container\">\n<p>Drei Jahre nach der Unterzeichnung der PFO-Schlussdeklaration wurde AGRIDEA im M\u00e4rz 2022 vom SBLV mit der Aufgabe beauftragt, nachzufragen, welche konkreten Schritte die unterzeichnenden Organisationen aktiv zur Umsetzung der Ziele dieser Deklaration unternommen haben. Der Bericht \u00ab<a href=\"https:\/\/agripedia.ch\/pfo\/wp-content\/uploads\/sites\/9\/2022\/06\/Umfrage-Umsetzung-Deklaration-PFO.pdf\" target=\"_blank\" rel=\"noopener\">Umfrage zur Umsetzung der PFO-Deklaration 2018<\/a>\u00bb gibt einen groben \u00dcberblick \u00fcber den aktuellen Stand und die Aktivit\u00e4ten der Organisationen und zeigt weiterf\u00fchrende Handlungsm\u00f6glichkeiten und Forschungsl\u00fccken auf.<\/p>\n<\/div><\/div><\/div><div class=\"fusion-clearfix\"><\/div><\/div><div class=\"fusion-clearfix\"><\/div><\/div><\/div><\/div><\/div>\n","protected":false},"excerpt":{"rendered":"","protected":false},"author":16,"featured_media":0,"parent":39,"menu_order":0,"comment_status":"closed","ping_status":"closed","template":"","meta":{"_sb_is_suggestion_mode":false,"_sb_show_suggestion_boards":false,"_sb_show_comment_boards":false,"_sb_suggestion_history":"","_sb_update_block_changes":"","_monsterinsights_skip_tracking":false,"_monsterinsights_sitenote_active":false,"_monsterinsights_sitenote_note":"","_monsterinsights_sitenote_category":0,"footnotes":""},"class_list":["post-478","page","type-page","status-publish","hentry"],"_links":{"self":[{"href":"https:\/\/agripedia.ch\/pfo\/wp-json\/wp\/v2\/pages\/478","targetHints":{"allow":["GET"]}}],"collection":[{"href":"https:\/\/agripedia.ch\/pfo\/wp-json\/wp\/v2\/pages"}],"about":[{"href":"https:\/\/agripedia.ch\/pfo\/wp-json\/wp\/v2\/types\/page"}],"author":[{"embeddable":true,"href":"https:\/\/agripedia.ch\/pfo\/wp-json\/wp\/v2\/users\/16"}],"replies":[{"embeddable":true,"href":"https:\/\/agripedia.ch\/pfo\/wp-json\/wp\/v2\/comments?post=478"}],"version-history":[{"count":18,"href":"https:\/\/agripedia.ch\/pfo\/wp-json\/wp\/v2\/pages\/478\/revisions"}],"predecessor-version":[{"id":1351,"href":"https:\/\/agripedia.ch\/pfo\/wp-json\/wp\/v2\/pages\/478\/revisions\/1351"}],"up":[{"embeddable":true,"href":"https:\/\/agripedia.ch\/pfo\/wp-json\/wp\/v2\/pages\/39"}],"wp:attachment":[{"href":"https:\/\/agripedia.ch\/pfo\/wp-json\/wp\/v2\/media?parent=478"}],"curies":[{"name":"wp","href":"https:\/\/api.w.org\/{rel}","templated":true}]}}