{"id":444,"date":"2018-10-05T18:21:25","date_gmt":"2018-10-05T16:21:25","guid":{"rendered":"http:\/\/ozzlorvo.preview.infomaniak.website\/pfo\/?page_id=444"},"modified":"2019-03-02T17:09:09","modified_gmt":"2019-03-02T17:09:09","slug":"sich-ueberblick-ueber-die-aktuelle-frauenbeteiligung-verschaffen","status":"publish","type":"page","link":"https:\/\/agripedia.ch\/pfo\/weitere-hebel-und-ansatzpunkte\/sich-ueberblick-ueber-die-aktuelle-frauenbeteiligung-verschaffen\/","title":{"rendered":"Sich \u00dcberblick verschaffen und Ver\u00e4nderungen anstossen"},"content":{"rendered":"\r\n<h1>Sich \u00dcberblick verschaffen und Ver\u00e4nderungen anstossen<\/h1>\r\n\r\n\r\n\r\n<h3>Weiss ich genug \u00fcber die Frauenbeteiligung in meiner Organisation?<\/h3>\r\nBerichte und Studien zu Frauen in der Landwirtschaft (siehe Bibliographie) sind aufschlussreich, um ihre aktuelle Situation zu verstehen und mehr \u00fcber die Hintergr\u00fcnde zu erfahren. Ebenso hilfreich kann es sein, sich in der eigenen Organisation und den eigenen Strukturen einen \u00dcberblick zu verschaffen und beispielsweise den aktuellen Stand der Frauenbeteiligung in F\u00fchrungsgremien zu erheben oder auch die L\u00f6hne von Frauen und M\u00e4nnern zu vergleichen. Neben der Erhebung von Zahlen und statistischen Analysen liefert zum Beispiel auch die Befragung der Betroffenen wichtige Erkenntnisse und Hintergrundinformationen. Der Aufwand f\u00fcr solche Evaluationen muss nicht immer riesig sein: Neben umfangreicheren Studien sind h\u00e4ufig auch kleinere Erhebungen schon \u00e4usserst n\u00fctzlich.\r\n<h3>Wie gelingt es Ver\u00e4nderungen erfolgreich anzustossen?<\/h3>\r\nWer Ver\u00e4nderungen in der eigenen Organisation anstossen will, braucht daf\u00fcr den notwendigen R\u00fcckhalt. Ver\u00e4nderungen sind zwar auch von der Basis her m\u00f6glich, doch meist wird es ohne R\u00fcckhalt bei F\u00fchrungspersonen (in der Gesch\u00e4ftsleitung, vor allem aber auch in den Vorst\u00e4nden) sehr schwierig. Sich rechtzeitig die notwendige Unterst\u00fctzung zu sichern, ist daher f\u00fcr erfolgreiche Ver\u00e4nderungen zentral. Je besser die daf\u00fcr verantwortlichen Personen in der Organisation verankert sind, umso eher kann das Vorhaben gelingen.\u00a0 Auch Hintergrundwissen zu den Gesetzm\u00e4ssigkeiten von Ver\u00e4nderungsprozessen oder zu Fragen der Organisationsentwicklung sowie eine externe Begleitung k\u00f6nnen zu einer erfolgreichen Umsetzung wesentlich beitragen.\r\n<h3>Pilotmassnahmen, die im Rahmen von PFO umgesetzt wurden:<\/h3>\r\n<a href=\"https:\/\/agripedia.ch\/pfo\/ueberblick-ueber-die-massnahmen\/sich-ueberblick-ueber-die-aktuelle-frauenbeteiligung-verschaffen\/evaluation-der-partizipation-von-frauen-im-sbv\/\">Evaluation der Beteiligung von Frauen in den Strukturen des Schweizer Bauernverbandes<\/a>\r\n<a href=\"https:\/\/agripedia.ch\/pfo\/ueberblick-ueber-die-massnahmen\/aufarbeitung-fusionsgeschichte-lbv\/\">Aufarbeitung der Fusionsgeschichte des Luzerner B\u00e4uerinnen- und Bauernverbandes LBV<\/a>\r\n<a href=\"https:\/\/agripedia.ch\/pfo\/ueberblick-ueber-die-massnahmen\/rekrutierung-in-landwirtschaftlichen-organisationen\/\">Rekrutierung in landwirtschaftlichen Organisationen<\/a>\r\n<h3>Weitere m\u00f6gliche Massnahmen<\/h3>\r\n<ul>\r\n \t<li>Erhebung der aktuellen Frauenbeteiligung in der eigenen Organisation<\/li>\r\n \t<li>Interviews mit in F\u00fchrungsgremien engagierten M\u00e4nnern und Frauen zu Bremsen und Hebeln f\u00fcr eine Ver\u00e4nderung<\/li>\r\n \t<li>Auswertung bereits bestehender Daten<\/li>\r\n \t<li>Historische Aufarbeitung &#8211; z.B. zu Auswirkungen struktureller Ver\u00e4nderungen auf die Frauenbeteiligung<\/li>\r\n \t<li>Monitoring und Evaluationen<\/li>\r\n<\/ul>\r\n<h3>Hilfreiche Fragen f\u00fcr die Auswahl und Umsetzung von Massnahmen<\/h3>\r\n<ul>\r\n \t<li>Kennen wir die aktuelle Situation oder m\u00fcssen noch Daten erhoben werden bzw. Interviews gemacht werden?<\/li>\r\n \t<li>Wo soll die Massnahme ansetzen? Wollen wir Frauen direkt f\u00f6rdern oder gibt es die Bereitschaft bzw. Notwendigkeit f\u00fcr Ver\u00e4nderungen auf Ebene der Organisation?<\/li>\r\n \t<li>Liegt die Massnahme in unserem Einflussbereich bzw. welche Partner brauchen wir f\u00fcr die Umsetzung?<\/li>\r\n \t<li>Besteht innerhalb unserer Organisation ein Konsens f\u00fcr die Notwendigkeit einer Ver\u00e4nderung bzw. gibt es ausreichend Unterst\u00fctzung daf\u00fcr?<\/li>\r\n \t<li>Stehen die Entscheidungstr\u00e4ger (Vorstand, Gesch\u00e4ftsleitung) hinter der Massnahme?<\/li>\r\n \t<li>Gibt es einen Konsens \u00fcber die Ver\u00e4nderungsziele?<\/li>\r\n \t<li>Wie ist die Massnahme generell in der Organisation verankert bzw. wie l\u00e4sst sie sich gut verankern?<\/li>\r\n \t<li>Erreichen wir die Zielgruppe bzw. wie k\u00f6nnen wir sie gut erreichen?<\/li>\r\n<\/ul>\r\n<h3>N\u00fctzliche Informationen, Links, Kontakte und Referenzen<\/h3>\r\n<ul>\r\n \t<li><a href=\"https:\/\/www.blw.admin.ch\/blw\/de\/home\/politik\/frauen-in-der-landwirtschaft.html\" target=\"_blank\" rel=\"noopener\">Frauen in der Landwirtschaft (Bundesamt f\u00fcr Landwirtschaft)<\/a><\/li>\r\n \t<li><a href=\"https:\/\/www.landfrauen.ch\/frau-mann\/\" target=\"_blank\" rel=\"noopener\">Frau und Mann (SBLV)<\/a><\/li>\r\n \t<li><a href=\"http:\/\/www.agridea.ch\/de\/projekte-begleiten\/arbeitsmethodik\/\" target=\"_blank\" rel=\"noopener\">Organisationsentwicklungsangebote der AGRIDEA<\/a><\/li>\r\n \t<li><a href=\"https:\/\/www.agridea.ch\/de\/kurse\/kurse\/betrieb-familie-diversifizierung\/wenn-veraenderung-zum-thema-wird-27082019-bis-29082019-morschach-sz\/\" target=\"_blank\" rel=\"noopener\">AGRIDEA Kurs: Wenn Ver\u00e4nderung zum Thema wird<\/a><\/li>\r\n<\/ul>\r\n&nbsp;\r\n\r\n&nbsp;\r\n\r\n&nbsp;\r\n\r\n&nbsp;\r\n\r\n&nbsp;\r\n\r\n\r\n\r\n\r\n\r\n&nbsp;\r\n\r\n\r\n\r\n\r\n\r\n&nbsp;\r\n\r\n\r\n\r\n\r\n\r\n&nbsp;\r\n\r\n\r\n\r\n\r\n\r\n&nbsp;\r\n\r\n\r\n\r\n\r\n\r\n&nbsp;\r\n\r\n\r\n\r\n\r\n\r\n&nbsp;\r\n\r\n\r\n\r\n\r\n\r\n&nbsp;\r\n\r\n","protected":false},"excerpt":{"rendered":"<p>Sich \u00dcberblick verschaffen und Ver\u00e4nderungen anstossen Weiss ich genug \u00fcber die Frauenbeteiligung in meiner Organisation? Berichte und Studien zu Frauen in der Landwirtschaft (siehe Bibliographie) sind aufschlussreich, um ihre aktuelle Situation zu verstehen und mehr \u00fcber die Hintergr\u00fcnde zu erfahren. Ebenso hilfreich kann es sein, sich in der eigenen Organisation und den eigenen Strukturen einen  [&#8230;]<\/p>\n","protected":false},"author":15,"featured_media":0,"parent":45,"menu_order":0,"comment_status":"closed","ping_status":"closed","template":"","meta":{"_sb_is_suggestion_mode":false,"_sb_show_suggestion_boards":false,"_sb_show_comment_boards":false,"_sb_suggestion_history":"","_sb_update_block_changes":"","_monsterinsights_skip_tracking":false,"_monsterinsights_sitenote_active":false,"_monsterinsights_sitenote_note":"","_monsterinsights_sitenote_category":0,"footnotes":""},"class_list":["post-444","page","type-page","status-publish","hentry"],"_links":{"self":[{"href":"https:\/\/agripedia.ch\/pfo\/wp-json\/wp\/v2\/pages\/444","targetHints":{"allow":["GET"]}}],"collection":[{"href":"https:\/\/agripedia.ch\/pfo\/wp-json\/wp\/v2\/pages"}],"about":[{"href":"https:\/\/agripedia.ch\/pfo\/wp-json\/wp\/v2\/types\/page"}],"author":[{"embeddable":true,"href":"https:\/\/agripedia.ch\/pfo\/wp-json\/wp\/v2\/users\/15"}],"replies":[{"embeddable":true,"href":"https:\/\/agripedia.ch\/pfo\/wp-json\/wp\/v2\/comments?post=444"}],"version-history":[{"count":6,"href":"https:\/\/agripedia.ch\/pfo\/wp-json\/wp\/v2\/pages\/444\/revisions"}],"predecessor-version":[{"id":1240,"href":"https:\/\/agripedia.ch\/pfo\/wp-json\/wp\/v2\/pages\/444\/revisions\/1240"}],"up":[{"embeddable":true,"href":"https:\/\/agripedia.ch\/pfo\/wp-json\/wp\/v2\/pages\/45"}],"wp:attachment":[{"href":"https:\/\/agripedia.ch\/pfo\/wp-json\/wp\/v2\/media?parent=444"}],"curies":[{"name":"wp","href":"https:\/\/api.w.org\/{rel}","templated":true}]}}