{"id":33,"date":"2018-06-04T13:36:38","date_gmt":"2018-06-04T11:36:38","guid":{"rendered":"http:\/\/ozzlorvo.preview.infomaniak.website\/pfo\/?page_id=33"},"modified":"2019-03-01T11:04:49","modified_gmt":"2019-03-01T11:04:49","slug":"lehrgang-engagement","status":"publish","type":"page","link":"https:\/\/agripedia.ch\/pfo\/ueberblick-ueber-die-massnahmen\/lehrgang-engagement\/","title":{"rendered":"Filmserie &#8222;Engag\u00e9es&#8220;"},"content":{"rendered":"<h1><strong>Filmserie \u201eEngag\u00e9es\u201c<\/strong><\/h1>\n<p>Die von der Vereinigung der Neuenburger B\u00e4uerinnen (Union des paysannes neuch\u00e2teloises) und der AGRIDEA angebotenen Filme r\u00fcckten das Engagement und die Motivation von Frauen, dem Beispiel anderer Frauen zu folgen, in den Fokus. In dieser Filmserie wurden vier Themen ausgew\u00e4hlt, die f\u00fcr das Engagement f\u00f6rderlich oder hinderlich sind: Vereinbarkeit von Familie und Arbeit, Netzwerke und Chancen, Gr\u00fcnde f\u00fcr ein Engagement und Mut, den Schritt zu wagen.<\/p>\n<h3><strong>Erfolgsfaktoren<\/strong><\/h3>\n<ul>\n<li>Qualit\u00e4t und Vielfalt der befragten Personen.<\/li>\n<li>Arbeit eines Profi-Videofilmers.<\/li>\n<li>Das Video als modernes und effizientes Arbeitsinstrument, um wichtige Botschaften zu \u00fcbermitteln.<\/li>\n<\/ul>\n<h3><strong>Stolpersteine<\/strong><\/h3>\n<ul>\n<li>Schwierigkeit, sich im Internet zu behaupten, inmitten von tausend anderen Videos, die t\u00e4glich zirkulieren.<\/li>\n<li>Zielpublikum erreichen.<\/li>\n<li>Ein Video kann nicht als alleiniger Motivationsfaktor f\u00fcr ein Engagement betrachtet werden, muss aber zu einer Serie von Elementen geh\u00f6ren.<\/li>\n<\/ul>\n<h3><strong>Wichtige Etappen<\/strong><\/h3>\n<p>Auswahl an Zeugenberichten, damit sich jede Frau im einen oder anderen Bericht wieder erkennt:<\/p>\n<ul>\n<li>Unterschiedlich starkes Engagement (lokal bis national)<\/li>\n<li>Unterschiedliche Charakteren (sch\u00fcchterne und selbstbewusste Personen)<\/li>\n<li>Unterschiedliche Organisationen (Branchenorganisation, Dachorganisation oder politische Organisation)<\/li>\n<li>Unterschiedliche Bedeutung des Engagements (sichtbar oder diskret)<\/li>\n<\/ul>\n<p>Themen und Fragen f\u00fcr die Dreharbeiten m\u00fcssen gut vorbereitet sein, damit das erforderliche Material f\u00fcr einen Film zur Verf\u00fcgung steht:<\/p>\n<ul>\n<li>Die Botschaft, die vermittelt werden soll, muss vorg\u00e4ngig definiert sein (z.\u00a0B. jedes noch so kleine Engagement z\u00e4hlt. Es ist wichtig, mit der Organisation, die man vertritt, im Einklang zu sein und Freude an den Aufgaben zu haben, die \u00fcbertragen werden).<\/li>\n<li>Fragen vorbereiten, um den befragten Personen eine entspannte Atmosph\u00e4re zu bieten und sie zum Reden zu ermuntern.<\/li>\n<\/ul>\n<p>Auswahl der Bilder auf der Grundlage der Gespr\u00e4che und Themen:<\/p>\n<ul>\n<li>Je nach potenzieller Wirkung der Rede<\/li>\n<li>Zur F\u00f6rderung eines guten Gleichgewichts zwischen den verschiedenen befragten Personen<\/li>\n<\/ul>\n<p>Ausstrahlung der Filme:<\/p>\n<ul>\n<li>\u25e6Bestehende Netzwerke n\u00fctzen (soziale Netzwerke, Mailinglisten)<\/li>\n<li>Promotionen auf das Zielpublikum ausrichten (Presseartikel, Ausstrahlung an Versammlungen)<\/li>\n<\/ul>\n<h3><strong>Referenzen &amp; Links<\/strong><\/h3>\n<p>Artikel (Franz\u00f6sisch) vom 25. Mai 2018 im &#8222;Agri&#8220;:\u00a0<a href=\"https:\/\/agripedia.ch\/pfo\/wp-content\/uploads\/sites\/9\/2018\/11\/25mai_Les-probl\u00e9matiques-sont-souvent-les-m\u00eames-1.pdf\" target=\"_blank\" rel=\"noopener\">Les probl\u00e9matiques sont souvent les-m\u00eames<\/a><\/p>\n<p>Links zu den Videos &#8222;Engag\u00e9es&#8220; (Franz\u00f6sisch mit Untertiteln):&#8220;<\/p>\n<div class=\"video-shortcode\"><iframe width=\"1100\" height=\"619\" src=\"https:\/\/www.youtube.com\/embed\/qAiphFPe-48?feature=oembed\" frameborder=\"0\" allow=\"accelerometer; autoplay; encrypted-media; gyroscope; picture-in-picture\" allowfullscreen><\/iframe><\/div>\n<div class=\"video-shortcode\"><iframe width=\"1100\" height=\"619\" src=\"https:\/\/www.youtube.com\/embed\/D8u31ApQ3e4?feature=oembed\" frameborder=\"0\" allow=\"accelerometer; autoplay; encrypted-media; gyroscope; picture-in-picture\" allowfullscreen><\/iframe><\/div>\n<div class=\"video-shortcode\"><iframe width=\"1100\" height=\"619\" src=\"https:\/\/www.youtube.com\/embed\/GkLTqHXbK6A?feature=oembed\" frameborder=\"0\" allow=\"accelerometer; autoplay; encrypted-media; gyroscope; picture-in-picture\" allowfullscreen><\/iframe><\/div>\n<div class=\"video-shortcode\"><iframe width=\"1100\" height=\"619\" src=\"https:\/\/www.youtube.com\/embed\/YwS9b9o0pe0?feature=oembed\" frameborder=\"0\" allow=\"accelerometer; autoplay; encrypted-media; gyroscope; picture-in-picture\" allowfullscreen><\/iframe><\/div>\n","protected":false},"excerpt":{"rendered":"<p>Filmserie \u201eEngag\u00e9es\u201c Die von der Vereinigung der Neuenburger B\u00e4uerinnen (Union des paysannes neuch\u00e2teloises) und der AGRIDEA angebotenen Filme r\u00fcckten das Engagement und die Motivation von Frauen, dem Beispiel anderer Frauen zu folgen, in den Fokus. In dieser Filmserie wurden vier Themen ausgew\u00e4hlt, die f\u00fcr das Engagement f\u00f6rderlich oder hinderlich sind: Vereinbarkeit von Familie und Arbeit,  [&#8230;]<\/p>\n","protected":false},"author":15,"featured_media":0,"parent":26,"menu_order":0,"comment_status":"closed","ping_status":"closed","template":"","meta":{"_sb_is_suggestion_mode":false,"_sb_show_suggestion_boards":false,"_sb_show_comment_boards":false,"_sb_suggestion_history":"","_sb_update_block_changes":"","_monsterinsights_skip_tracking":false,"_monsterinsights_sitenote_active":false,"_monsterinsights_sitenote_note":"","_monsterinsights_sitenote_category":0,"footnotes":""},"class_list":["post-33","page","type-page","status-publish","hentry"],"_links":{"self":[{"href":"https:\/\/agripedia.ch\/pfo\/wp-json\/wp\/v2\/pages\/33","targetHints":{"allow":["GET"]}}],"collection":[{"href":"https:\/\/agripedia.ch\/pfo\/wp-json\/wp\/v2\/pages"}],"about":[{"href":"https:\/\/agripedia.ch\/pfo\/wp-json\/wp\/v2\/types\/page"}],"author":[{"embeddable":true,"href":"https:\/\/agripedia.ch\/pfo\/wp-json\/wp\/v2\/users\/15"}],"replies":[{"embeddable":true,"href":"https:\/\/agripedia.ch\/pfo\/wp-json\/wp\/v2\/comments?post=33"}],"version-history":[{"count":8,"href":"https:\/\/agripedia.ch\/pfo\/wp-json\/wp\/v2\/pages\/33\/revisions"}],"predecessor-version":[{"id":1181,"href":"https:\/\/agripedia.ch\/pfo\/wp-json\/wp\/v2\/pages\/33\/revisions\/1181"}],"up":[{"embeddable":true,"href":"https:\/\/agripedia.ch\/pfo\/wp-json\/wp\/v2\/pages\/26"}],"wp:attachment":[{"href":"https:\/\/agripedia.ch\/pfo\/wp-json\/wp\/v2\/media?parent=33"}],"curies":[{"name":"wp","href":"https:\/\/api.w.org\/{rel}","templated":true}]}}