{"id":26,"date":"2018-06-04T13:29:19","date_gmt":"2018-06-04T11:29:19","guid":{"rendered":"http:\/\/ozzlorvo.preview.infomaniak.website\/pfo\/?page_id=26"},"modified":"2019-10-17T12:58:53","modified_gmt":"2019-10-17T12:58:53","slug":"ueberblick-ueber-die-massnahmen","status":"publish","type":"page","link":"https:\/\/agripedia.ch\/pfo\/ueberblick-ueber-die-massnahmen\/","title":{"rendered":"Beschreibung der PFO-Pilotprojekte"},"content":{"rendered":"<h1>PFO: Pilotprojekte f\u00fcr mehr Frauenbeteiligung in landwirtschaftlichen Organisationen<\/h1>\n<p>Wie kann mehr Frauenbeteiligung in landwirtschaftlichen Organisationen konkret gelingen? Diese Frage war handlungsleitend f\u00fcr das Projekt PFO &#8211; Partizipation von Frauen in landwirtschaftlichen Organisationen. Das Projekt verfolgte den Ansatz, mit konkreten Pilotprojekten einen positiven Beitrag zu mehr Frauenbeteiligung zu leisten und von den darin gemachten Erfahrungen zu lernen. Die umgesetzten Massnahmen wurden gemeinsam mit interessierten landwirtschaftlichen Organisationen entwickelt und ausgewertet.<\/p>\n<p><strong>Das Projekt verfolgte zwei Stossrichtungen:<\/strong> Es setzte einerseits bei der individuellen F\u00f6rderung von Frauen an und wollte sie darin best\u00e4rken, in landwirtschaftlichen Organisationen Verantwortung zu \u00fcbernehmen. Andererseits wurden Massnahmen auf Ebene der Organisationen getestet, um diese zu sensibilisieren und geschlechtergemischte Gremien zu f\u00f6rdern sowie die Zusammenarbeit von B\u00e4uerinnen-Organisationen und &#8222;m\u00e4nnlichen&#8220; landwirtschaftlichen Organisationen zu st\u00e4rken.<\/p>\n<h3>Pilotmassnahmen im Bereich Bildung,\u00a0<strong>Coaching und Erfahrungsaustausch<\/strong><\/h3>\n<p>Sie wollen Frauen darin best\u00e4rken, in landwirtschaftlichen Organisationen Verantwortung zu \u00fcbernehmen. Bildungsangebote zum Thema Engagement geh\u00f6ren ebenso dazu wie Filme, um Frauen zum Engagement zu motivieren:<\/p>\n<p><a href=\"https:\/\/agripedia.ch\/pfo\/ueberblick-ueber-die-massnahmen\/bildungsmassnahme-kompetent-engagiert-kuerzungsvorschlag\/\"><strong>Bildungsangebot \u201eKompetent engagiert\u201c<\/strong><\/a><\/p>\n<p>Ein zweieinhalb-t\u00e4giges Bildungsangebot f\u00fcr Frauen: mit Online-Austausch zum Kennenlernen und zum Abschluss, inhaltlichen Inputs und Diskussionen, Erfahrungsaustausch ebenso wie zahlreichen intensiven \u00dcbungsm\u00f6glichkeiten f\u00fcr Auftritte, Videoanalyse &amp; Feedback.<\/p>\n<p><a href=\"https:\/\/agripedia.ch\/pfo\/ueberblick-ueber-die-massnahmen\/cycle-de-formation-a-lengagement-en-romandieckr\/\"><strong>Lehrgang Engagement in der Romandie<\/strong><\/a><\/p>\n<p>Zwei Ausbildungstage f\u00fcr Frauen unter dem Motto &#8222;Ich habe etwas zu sagen, mein Mitwirken bringt das \u00f6ffentliche Leben weiter!&#8220;<\/p>\n<p><a href=\"https:\/\/agripedia.ch\/pfo\/ueberblick-ueber-die-massnahmen\/lehrgang-engagement\/\"><strong>Fra<\/strong><strong>uen vernetzen und Vorbilder aufzeigen<\/strong><\/a><\/p>\n<p>Kern der Massnahme sind Filme, in denen engagierte Frauen die Hauptrolle spielen. Sie erz\u00e4hlen von ihrem Werdegang, ihren Motivationen und davon, was ihnen das Engagement bringt. Ziel: Weitere Frauen zum Engagement ermutigen.<\/p>\n<h3>Massnahmen im Bereich <strong>Organisationsentwicklung und Bewusstseinsbildung in Organisationen<\/strong><\/h3>\n<p>Sie setzen auf der Ebene der landwirtschaftlichen Organisationen an und wollen die aktuelle Beteiligung und den Mehrwert der Beteiligung von Frauen sowie Handlungsm\u00f6glichkeiten bewusst machen:<\/p>\n<p><a href=\"https:\/\/agripedia.ch\/pfo\/ueberblick-ueber-die-massnahmen\/wirkungspruefung-charta-fuer-eine-ganzheitliche-beratung\/\"><strong>Wirkungspr\u00fcfung der \u201eCharta f\u00fcr eine ganzheitliche Beratung auf dem Landwirtschaftsbetrieb\u201c<\/strong><\/a><\/p>\n<p>Wie wirkt sich die BFS-Charta (BFS=Beratungsforum Schweiz)\u00a0auf die Beratungspraxis des Inforama Bern und auf die Einbindung von Frauen aus? Was lernen wir daraus f\u00fcr eine ganzheitliche und geschlechterausgewogene Beratung?<\/p>\n<p><a href=\"https:\/\/agripedia.ch\/pfo\/ueberblick-ueber-die-massnahmen\/rekrutierung-in-landwirtschaftlichen-organisationen\/\"><strong>Rekrutierung in landwirtschaftlichen Organisationen<\/strong><\/a><\/p>\n<p>Gemeinsame Publikationen und Veranstaltungen und weitere Handlungsm\u00f6glichkeiten von Organisationen f\u00fcr mehr Frauenbeteiligung.<\/p>\n<p><a href=\"https:\/\/agripedia.ch\/pfo\/ueberblick-ueber-die-massnahmen\/aufarbeitung-fusionsgeschichte-lbv\/\"><strong>Aufarbeitung der Fusion zum Luzerner B\u00e4uerinnen- und Bauernverband LBV<\/strong><\/a><\/p>\n<p>Wie verlief die Fusion und wie wirkte sie sich auf die Beteiligung von Frauen aus? Was l\u00e4sst sich daraus f\u00fcr die Weiterentwicklung auf dem Weg hin zum gleichwertigen Miteinander von Bauern und B\u00e4uerinnen im gemeinsamen Verband ableiten?<\/p>\n<p><a href=\"https:\/\/agripedia.ch\/pfo\/ueberblick-ueber-die-massnahmen\/evaluation-der-partizipation-von-frauen-im-sbv\/\"><strong>Evaluation der Partizipation von Frauen im Schweizer Bauernverband SBV<\/strong><\/a><\/p>\n<p>Eine Bestandsaufnahme der Beteiligung von Frauen in den Vorst\u00e4nden der Organisationen des SBV auf unterschiedlichen Niveaus sowie konkrete Vorschl\u00e4ge, um die Situation zu verbessern.<\/p>\n","protected":false},"excerpt":{"rendered":"<p>PFO: Pilotprojekte f\u00fcr mehr Frauenbeteiligung in landwirtschaftlichen Organisationen Wie kann mehr Frauenbeteiligung in landwirtschaftlichen Organisationen konkret gelingen? Diese Frage war handlungsleitend f\u00fcr das Projekt PFO &#8211; Partizipation von Frauen in landwirtschaftlichen Organisationen. Das Projekt verfolgte den Ansatz, mit konkreten Pilotprojekten einen positiven Beitrag zu mehr Frauenbeteiligung zu leisten und von den darin gemachten Erfahrungen zu  [&#8230;]<\/p>\n","protected":false},"author":15,"featured_media":0,"parent":0,"menu_order":2,"comment_status":"closed","ping_status":"closed","template":"","meta":{"_sb_is_suggestion_mode":false,"_sb_show_suggestion_boards":false,"_sb_show_comment_boards":false,"_sb_suggestion_history":"","_sb_update_block_changes":"","_monsterinsights_skip_tracking":false,"_monsterinsights_sitenote_active":false,"_monsterinsights_sitenote_note":"","_monsterinsights_sitenote_category":0,"footnotes":""},"class_list":["post-26","page","type-page","status-publish","hentry"],"_links":{"self":[{"href":"https:\/\/agripedia.ch\/pfo\/wp-json\/wp\/v2\/pages\/26","targetHints":{"allow":["GET"]}}],"collection":[{"href":"https:\/\/agripedia.ch\/pfo\/wp-json\/wp\/v2\/pages"}],"about":[{"href":"https:\/\/agripedia.ch\/pfo\/wp-json\/wp\/v2\/types\/page"}],"author":[{"embeddable":true,"href":"https:\/\/agripedia.ch\/pfo\/wp-json\/wp\/v2\/users\/15"}],"replies":[{"embeddable":true,"href":"https:\/\/agripedia.ch\/pfo\/wp-json\/wp\/v2\/comments?post=26"}],"version-history":[{"count":5,"href":"https:\/\/agripedia.ch\/pfo\/wp-json\/wp\/v2\/pages\/26\/revisions"}],"predecessor-version":[{"id":1285,"href":"https:\/\/agripedia.ch\/pfo\/wp-json\/wp\/v2\/pages\/26\/revisions\/1285"}],"wp:attachment":[{"href":"https:\/\/agripedia.ch\/pfo\/wp-json\/wp\/v2\/media?parent=26"}],"curies":[{"name":"wp","href":"https:\/\/api.w.org\/{rel}","templated":true}]}}