{"id":249,"date":"2018-08-10T15:34:16","date_gmt":"2018-08-10T13:34:16","guid":{"rendered":"http:\/\/ozzlorvo.preview.infomaniak.website\/pfo\/?page_id=249"},"modified":"2019-03-02T14:55:16","modified_gmt":"2019-03-02T14:55:16","slug":"reframing-situationen-neu-deuten","status":"publish","type":"page","link":"https:\/\/agripedia.ch\/pfo\/weitere-hebel-und-ansatzpunkte\/reframing-situationen-neu-deuten\/","title":{"rendered":"Reframing &#8211; Situationen neu deuten"},"content":{"rendered":"<h1>Situationen neu deuten (Reframing)<\/h1>\n<h3>Die Behauptungen &#8222;Frauen wollen nicht&#8220; bzw. &#8222;Frauen kennen sich inhaltlich zu wenig aus&#8220; neu interpretieren<\/h3>\n<p>Oft wird\u00a0argumentiert, dass Frauen deshalb so wenig in landwirtschaftlichen Organisationen aktiv seien, weil es ihnen an Selbstvertrauen fehle und sie zu wenig Wissen h\u00e4tten.\u00a0 Diese Begr\u00fcndung ist aufgrund der Erfahrung mit den Pilotmassnahmen im Bereich Bildung kritisch zu beurteilen.<\/p>\n<p>Es scheint, dass die Begr\u00fcndung heissen m\u00fcsste: Es gibt auch deshalb einen verh\u00e4ltnism\u00e4ssig geringen Anteil von Frauen in der landwirtschaftlichen Vertretungsarbeit, weil Frauen die Zuversicht fehlt, dass sie die notwendige\u00a0Begleitung und Unterst\u00fctzung bekommen. Die Beobachtungen im Projekt PFO deuten n\u00e4mlich darauf hin, dass Frauen besonders dann bereit sind, sich zu engagieren, wenn sie davon ausgehen k\u00f6nnen,\u00a0die passende Unterst\u00fctzung f\u00fcr die Aus\u00fcbung der vorgesehenen Funktion zu erhalten.<\/p>\n<p>Unterst\u00fctzung ist dabei umfassend zu verstehen: von der Unterst\u00fctzung beim\u00a0Weiterentwickeln\u00a0ihrer Kompetenzen, \u00fcber\u00a0die Vertiefung inhaltlicher Fragen bis hin zur Ber\u00fccksichtigung der zeitlichen und \u00f6rtlichen Verf\u00fcgbarkeit der Frauen und zur Anpassung der Rahmenbedingungen, um Frauen eine bessere Teilnahme zu erm\u00f6glichen, wobei hier auch die Verpflichtungen der Frauen in Betrieb und Familie oder f\u00fcr andere berufliche Aufgaben zu ber\u00fccksichtigen sind.<\/p>\n<p>Falls die neue Begr\u00fcndung zutrifft, verschiebt sich der Fokus weg vom Pers\u00f6nlichen (die Frauen m\u00fcssen halt mehr R\u00fccksicht nehmen, sich anders organisieren,\u00a0sich vorg\u00e4ngig weiterbilden) hin zu den Strukturen der Organisationen: Was tun Organisationen, um eine Funktions\u00fcbernahme f\u00fcr Frauen attraktiv zu machen? Die mangelnde Zuversicht ist dabei nicht erneut als ein pers\u00f6nliches Problem von Frauen, genauer der spezifischen Frau, zu behandeln, sondern als Resultat von gemachten Erfahrungen zu begreifen; pers\u00f6nlichen Erfahrungen zwar, die selbstverst\u00e4ndlich subjektiv eingesch\u00e4tzt werden k\u00f6nnen, die aber in der Summe doch als strukturelle Ph\u00e4nomene untersucht werden sollten:<\/p>\n<ul>\n<li>Was bieten Organisationen an Unterst\u00fctzung und Begleitung?<\/li>\n<li>Wie ber\u00fccksichtigen Organisationen die Anspr\u00fcche anderweitiger Aktivit\u00e4ten ihrer Funktionstr\u00e4gerinnen und -tr\u00e4ger?<\/li>\n<li>Wie sorgen Organisationen daf\u00fcr, dass &#8222;neuen&#8220; Funktionstr\u00e4gerinnen und -tr\u00e4gern L\u00f6sungen angeboten werden, die ihren Bed\u00fcrfnissen entgegenkommen?<\/li>\n<li>Wie kommunizieren Organisationen dies \u2013 wann, wo, an wen, mit welchen Wirkungen?<\/li>\n<\/ul>\n","protected":false},"excerpt":{"rendered":"<p>Situationen neu deuten (Reframing) Die Behauptungen &#8222;Frauen wollen nicht&#8220; bzw. &#8222;Frauen kennen sich inhaltlich zu wenig aus&#8220; neu interpretieren Oft wird\u00a0argumentiert, dass Frauen deshalb so wenig in landwirtschaftlichen Organisationen aktiv seien, weil es ihnen an Selbstvertrauen fehle und sie zu wenig Wissen h\u00e4tten.\u00a0 Diese Begr\u00fcndung ist aufgrund der Erfahrung mit den Pilotmassnahmen im Bereich Bildung  [&#8230;]<\/p>\n","protected":false},"author":15,"featured_media":0,"parent":45,"menu_order":0,"comment_status":"closed","ping_status":"closed","template":"","meta":{"_sb_is_suggestion_mode":false,"_sb_show_suggestion_boards":false,"_sb_show_comment_boards":false,"_sb_suggestion_history":"","_sb_update_block_changes":"","_monsterinsights_skip_tracking":false,"_monsterinsights_sitenote_active":false,"_monsterinsights_sitenote_note":"","_monsterinsights_sitenote_category":0,"footnotes":""},"class_list":["post-249","page","type-page","status-publish","hentry"],"_links":{"self":[{"href":"https:\/\/agripedia.ch\/pfo\/wp-json\/wp\/v2\/pages\/249","targetHints":{"allow":["GET"]}}],"collection":[{"href":"https:\/\/agripedia.ch\/pfo\/wp-json\/wp\/v2\/pages"}],"about":[{"href":"https:\/\/agripedia.ch\/pfo\/wp-json\/wp\/v2\/types\/page"}],"author":[{"embeddable":true,"href":"https:\/\/agripedia.ch\/pfo\/wp-json\/wp\/v2\/users\/15"}],"replies":[{"embeddable":true,"href":"https:\/\/agripedia.ch\/pfo\/wp-json\/wp\/v2\/comments?post=249"}],"version-history":[{"count":1,"href":"https:\/\/agripedia.ch\/pfo\/wp-json\/wp\/v2\/pages\/249\/revisions"}],"predecessor-version":[{"id":1215,"href":"https:\/\/agripedia.ch\/pfo\/wp-json\/wp\/v2\/pages\/249\/revisions\/1215"}],"up":[{"embeddable":true,"href":"https:\/\/agripedia.ch\/pfo\/wp-json\/wp\/v2\/pages\/45"}],"wp:attachment":[{"href":"https:\/\/agripedia.ch\/pfo\/wp-json\/wp\/v2\/media?parent=249"}],"curies":[{"name":"wp","href":"https:\/\/api.w.org\/{rel}","templated":true}]}}