{"id":133,"date":"2018-06-11T17:18:17","date_gmt":"2018-06-11T17:18:17","guid":{"rendered":"http:\/\/ozzlorvo.preview.infomaniak.website\/pfo\/?page_id=133"},"modified":"2019-02-28T11:58:31","modified_gmt":"2019-02-28T11:58:31","slug":"cycle-de-formation-a-lengagement-en-romandieckr","status":"publish","type":"page","link":"https:\/\/agripedia.ch\/pfo\/ueberblick-ueber-die-massnahmen\/cycle-de-formation-a-lengagement-en-romandieckr\/","title":{"rendered":"Lehrgang Engagement in der Romandie"},"content":{"rendered":"<h1><strong>Lehrgang Engagement in der Romandie<\/strong><\/h1>\n<p>Die im Rahmen des Projekts PFO durchgef\u00fchrten Ausbildungen wurden gemeinsam von der AGRIDEA, Prom\u00e9terre, der ARPP und Agora angeboten. Es wurde beschlossen, die zwei Ausbildungstage vielmehr auf die Kompetenzen und F\u00e4higkeiten jeder Teilnehmerin als auf die Entwicklung neuer Kompetenzen zu fokussieren.<\/p>\n<h3><strong>Ziele der Ausbildungen:<\/strong><\/h3>\n<ul>\n<li>Frauen, die sich engagieren m\u00f6chten, f\u00f6rdern und bereits aktive Frauen unterst\u00fctzen.<\/li>\n<li>Methoden zur St\u00e4rkung des Selbstvertrauens, des Selbstwerts und der Selbstpositionierung erwerben.<\/li>\n<li>Sein Potenzial und seine St\u00e4rken kennen.<\/li>\n<li>Herausarbeiten, was man will und was man einer Organisation bringen kann, mit dem Ziel, die Freude an einer Besch\u00e4ftigung zu optimieren.<\/li>\n<\/ul>\n<h3><strong>Methoden:<\/strong><\/h3>\n<ul>\n<li>Austausch und Interaktivit\u00e4t<\/li>\n<li>Theoretische Inputs mit praktischen Beispielen und Erfahrungsaustausch<\/li>\n<\/ul>\n<h3><strong>Erfolgsfaktoren:<\/strong><\/h3>\n<ul>\n<li>Ausbildungsziele genau formulieren<\/li>\n<li>Zielgruppe genau definieren<\/li>\n<li>Gezielte F\u00f6rderung<\/li>\n<li>Qualifizierte Referenten haben<\/li>\n<\/ul>\n<h3><strong>Stolpersteine:<\/strong><\/h3>\n<ul>\n<li>Die Ausbildungen sind von kurzer Dauer und k\u00f6nnen nicht wirklich begleitet werden.<\/li>\n<li>Es ist schwierig, Teilnehmerinnen zu finden.<\/li>\n<\/ul>\n<h3><\/h3>\n<h3><strong>Ausbildung Nr. 1, Februar 2017:<br \/>\n\u201e<\/strong><strong>Ich habe etwas zu sagen, mein Mitwirken bringt das \u00f6ffentliche Leben weiter!\u201c<\/strong><\/h3>\n<p><a href=\"https:\/\/agripedia.ch\/pfo\/wp-content\/uploads\/sites\/9\/2018\/11\/16-DTR-Journ\u00e9e-de-formation-_J-ai-des-choses-a-dire.pdf\" target=\"_blank\" rel=\"noopener\">Kurs-Flyer<\/a><\/p>\n<p>Der Ausbildungstag hatte folgende Ziele: Erkennen, worin Bef\u00e4higung besteht, St\u00e4rken und Potenzial jeder Teilnehmerin erkennen und deren Netzwerk ausbauen. Dazu wurde das Schwergewicht auf den Austausch unter Kolleginnen gelegt, aber insbesondere auf die Vorstellung des Werdegangs dreier Frauen, die in der Politik und in landwirtschaftlichen Organisationen t\u00e4tig sind. Jeder der drei Berichte war auf ein spezifisches Thema ausgerichtet: die Bef\u00e4higung, die Vereinbarkeit von Familienleben und Engagement und Stellenwert des Netzwerks. Die positiven Berichterstattungen wurden von den Teilnehmerinnen sehr gesch\u00e4tzt und haben sie darin best\u00e4rkt, dass es wichtig ist, an seine eigenen Ressourcen zu glauben und Kompetenzen zu entwickeln, die allenfalls fehlen.<\/p>\n<p>Der Nachmittag war einer pers\u00f6nlicheren Arbeit gewidmet. Die Teilnehmerinnen mussten ihre eigene Funktionsweise \u00fcberdenken. Es ging darum, herauszufinden, weshalb es an Selbstvertrauen mangelt und wie dem entgegengewirkt werden kann. Dabei wurden auch Instrumente zur Analyse seines Netzwerks vorgestellt.<\/p>\n<h3><\/h3>\n<h3><strong>Ausbildung Nr.\u00b02, November 2018:<br \/>\n\u201eMoi, femme du monde agricole et fi\u00e8re de l\u2019\u00eatre<\/strong><strong>\u201c<\/strong><\/h3>\n<p><a href=\"https:\/\/agripedia.ch\/pfo\/wp-content\/uploads\/sites\/9\/2018\/11\/Flyer_femme-monde-agricole_13.08.pdf\" target=\"_blank\" rel=\"noopener\">Kurs-Flyer<\/a><\/p>\n<p>Beim zweiten Ausbildungstag ging es darum, das Selbstvertrauen der Teilnehmerinnen zu st\u00e4rken, ihre Legitimit\u00e4t und ihre Grundlage in den bestehenden und k\u00fcnftigen T\u00e4tigkeiten sicherzustellen, vor Publikum \u00fcber seinen beruflichen Werdegang sprechen zu k\u00f6nnen und vor allem sich \u00fcber Erfolge und dazugeh\u00f6renden Kompetenzen bewusst zu werden.<\/p>\n<p><a href=\"https:\/\/agripedia.ch\/pfo\/wp-content\/uploads\/sites\/9\/2018\/11\/16-novembre-2018_Developper-sa-propre-estime.pdf\" target=\"_blank\" rel=\"noopener\">Artikel in AGRI November 2018 (Franz\u00f6sisch)<\/a><\/p>\n<p><a href=\"https:\/\/agripedia.ch\/pfo\/wp-content\/uploads\/sites\/9\/2018\/11\/Novembre-2018_Terre-de-chez-nous.pdf\" target=\"_blank\" rel=\"noopener\">Artikel in Terre de chez nous November 2018 (Franz\u00f6sisch)<\/a><\/p>\n","protected":false},"excerpt":{"rendered":"<p>Lehrgang Engagement in der Romandie Die im Rahmen des Projekts PFO durchgef\u00fchrten Ausbildungen wurden gemeinsam von der AGRIDEA, Prom\u00e9terre, der ARPP und Agora angeboten. Es wurde beschlossen, die zwei Ausbildungstage vielmehr auf die Kompetenzen und F\u00e4higkeiten jeder Teilnehmerin als auf die Entwicklung neuer Kompetenzen zu fokussieren. Ziele der Ausbildungen: Frauen, die sich engagieren m\u00f6chten, f\u00f6rdern  [&#8230;]<\/p>\n","protected":false},"author":16,"featured_media":0,"parent":26,"menu_order":0,"comment_status":"closed","ping_status":"closed","template":"","meta":{"_sb_is_suggestion_mode":false,"_sb_show_suggestion_boards":false,"_sb_show_comment_boards":false,"_sb_suggestion_history":"","_sb_update_block_changes":"","_monsterinsights_skip_tracking":false,"_monsterinsights_sitenote_active":false,"_monsterinsights_sitenote_note":"","_monsterinsights_sitenote_category":0,"footnotes":""},"class_list":["post-133","page","type-page","status-publish","hentry"],"_links":{"self":[{"href":"https:\/\/agripedia.ch\/pfo\/wp-json\/wp\/v2\/pages\/133","targetHints":{"allow":["GET"]}}],"collection":[{"href":"https:\/\/agripedia.ch\/pfo\/wp-json\/wp\/v2\/pages"}],"about":[{"href":"https:\/\/agripedia.ch\/pfo\/wp-json\/wp\/v2\/types\/page"}],"author":[{"embeddable":true,"href":"https:\/\/agripedia.ch\/pfo\/wp-json\/wp\/v2\/users\/16"}],"replies":[{"embeddable":true,"href":"https:\/\/agripedia.ch\/pfo\/wp-json\/wp\/v2\/comments?post=133"}],"version-history":[{"count":16,"href":"https:\/\/agripedia.ch\/pfo\/wp-json\/wp\/v2\/pages\/133\/revisions"}],"predecessor-version":[{"id":1073,"href":"https:\/\/agripedia.ch\/pfo\/wp-json\/wp\/v2\/pages\/133\/revisions\/1073"}],"up":[{"embeddable":true,"href":"https:\/\/agripedia.ch\/pfo\/wp-json\/wp\/v2\/pages\/26"}],"wp:attachment":[{"href":"https:\/\/agripedia.ch\/pfo\/wp-json\/wp\/v2\/media?parent=133"}],"curies":[{"name":"wp","href":"https:\/\/api.w.org\/{rel}","templated":true}]}}