{"id":131,"date":"2018-07-31T15:15:28","date_gmt":"2018-07-31T15:15:28","guid":{"rendered":"http:\/\/ozzlorvo.preview.infomaniak.website\/pfo\/?page_id=131"},"modified":"2019-03-01T12:33:12","modified_gmt":"2019-03-01T12:33:12","slug":"ausbildung-und-qualifizierung","status":"publish","type":"page","link":"https:\/\/agripedia.ch\/pfo\/weitere-hebel-und-ansatzpunkte\/ausbildung-und-qualifizierung\/","title":{"rendered":"Ausbildung und Qualifizierung"},"content":{"rendered":"<h1>Ausbildung und Qualifizierung<\/h1>\n<p>Wer sich in einer Organisation engagiert, tut dies nicht leichtfertig. Neben dem Zeitaufwand setzt dies etliche Kompetenzen voraus. In Studien und Reden der Frauen wird regelm\u00e4ssig \u00fcber die erforderliche Ausbildung f\u00fcr ein Engagement der Frauen gesprochen. Selbst wenn es offensichtlich ist, dass jede Frau unabh\u00e4ngig von der beruflichen und pers\u00f6nlichen Laufbahn zahlreiche Kompetenzen aufweist, hilft eine Ausbildung, sich in einer Rolle auszuweisen.<\/p>\n<p>Die Ausbildungen erlauben es, das Vertrauen in seine Eigenschaften und F\u00e4higkeiten zu st\u00e4rken, und stellen zugleich ein wichtiges Netzwerk dar.<\/p>\n<h3><strong>Pilotmassnahmen im Rahmen des PFO:<\/strong><\/h3>\n<ul>\n<li><a href=\"https:\/\/agripedia.ch\/pfo\/fr\/ueberblick-ueber-die-massnahmen\/lehrgang-engagement-in-der-romandie-ckr\/cycle-de-formation-a-lengagement-en-romandieckr\/\" target=\"_blank\" rel=\"noopener\">Ausbildungszyklus zum Engagement<\/a><br \/>\n(in der Romandie)<\/li>\n<li><a href=\"https:\/\/agripedia.ch\/pfo\/ueberblick-ueber-die-massnahmen\/bildungsmassnahme-kompetent-engagiert\/\" target=\"_blank\" rel=\"noopener\">Kompetenz zum Engagement: Positionen motiviert und \u00fcberlegt vertreten<\/a><br \/>\n(in der Deutschschweiz)<\/li>\n<\/ul>\n<h3><strong>Kompetenztraining und Unterst\u00fctzungsangebote f\u00fcr Gremienarbeit umfassender konzipieren:<\/strong><\/h3>\n<p>Die Auswertung der Pilotmassnahmen zeigt, dass es f\u00fcr die Ver\u00e4nderung der Verh\u00e4ltnisse nicht gen\u00fcgen wird, nur die im Projekt erprobten Kurse weiter durchzuf\u00fchren. Vielmehr sollten die Kurse erg\u00e4nzt werden mit aufbauenden Bildungsangeboten in \u00e4hnlichem Stil, die ab einem gewissen Punkt idealerweise f\u00fcr M\u00e4nner und Frauen zug\u00e4nglich sind. Eine Gesamtkonzept f\u00fcr Bildungsangebote f\u00fcr Funktionstr\u00e4gerinnen und Funktionstr\u00e4ger in der landwirtschaftlichen Vertretungsarbeit, die sich an geschlechtergemischte und allenfalls in begr\u00fcndeten F\u00e4llen an geschlechtergetrennte Zielgruppen richten, w\u00e4re sinnvoll. Sowohl Vertreter von Organisationen, in denen sich bislang selten oder nie Frauen engagiert haben, als auch Frauen, die sich engagieren m\u00f6chten, w\u00fcrden dadurch besser miteinander in Kontakt kommen. Dadurch w\u00fcrde sich der Anteil von Frauen in Vertreter-Organisationen, in denen Frauen bisher\u00a0 selten oder nie t\u00e4tig wurden, vermutlich erh\u00f6hen lassen. Zudem k\u00f6nnte man so die Rekrutierungsprobleme, \u00fcber die viele Vertreter-Organisationen klagen, etwas reduzieren.<\/p>\n<h3><strong>M\u00f6gliche Themen f\u00fcr weitere Bildungsangebote:<\/strong><\/h3>\n<ul>\n<li>Vor Publikum sprechen<\/li>\n<li>Kommunizieren und \u00fcberzeugen<\/li>\n<li>Gute Zusammenarbeit pflegen<\/li>\n<li>Networking<\/li>\n<li>Vortrag vorbereiten<\/li>\n<li>Stress bew\u00e4ltigen<\/li>\n<li>Selbstleitung und Leitung von Arbeitsgruppen\/ Gremien<\/li>\n<\/ul>\n<h3><strong>Referenzen\u00a0und Links<\/strong><\/h3>\n<p>Ausbildungsprogramm:<\/p>\n<ul>\n<li>Romandie: Ausbildungen einiger kantonaler Gleichstellungsb\u00fcros vor der Wahlperiode.<\/li>\n<li>USA: Organisation Emily\u2019s list: Political opportunity Program (POP) Ausbildungsseminare (Kompetenzen in der Mittelbeschaffung, der Kommunikation mit den Medien, Vorbereitung einer Wahlkampagne, Treffen von Gew\u00e4hlten und finanzielle Unterst\u00fctzung der Kandidatinnen). <a href=\"http:\/\/www.emilyslist.org\">www.emilyslist.org<\/a>, Quelle: Service pour la promotion de l\u2019\u00e9galit\u00e9 entre homme et femme du canton de Gen\u00e8ve, 2007, Les mesures de promotion de la repr\u00e9sentation des femmes en politique.<\/li>\n<li>Qu\u00e9bec: Groupe Femmes, Politique et D\u00e9mocratie, bietet Kolloquien an, Anl\u00e4sse, Dokumentationen und Ausbildungen:<a href=\"http:\/\/gfpd.ca\/formations\/nos-formations\"> http:\/\/gfpd.ca\/formations\/nos-formations<\/a><\/li>\n<li>\u00d6sterreich: ZAMn unterwegs \u2013 Bildungsinitiative f\u00fcr B\u00e4uerinnen, die sich in ihrer Rolle als Funktion\u00e4rin weiterentwickeln wollen oder die sich zuk\u00fcnftig in agrarischen und regionalen Gremien engagieren m\u00f6chten: <a href=\"https:\/\/zam.lfi.at\/\">https:\/\/zam.lfi.at\/<\/a><\/li>\n<\/ul>\n","protected":false},"excerpt":{"rendered":"<p>Ausbildung und Qualifizierung Wer sich in einer Organisation engagiert, tut dies nicht leichtfertig. Neben dem Zeitaufwand setzt dies etliche Kompetenzen voraus. In Studien und Reden der Frauen wird regelm\u00e4ssig \u00fcber die erforderliche Ausbildung f\u00fcr ein Engagement der Frauen gesprochen. Selbst wenn es offensichtlich ist, dass jede Frau unabh\u00e4ngig von der beruflichen und pers\u00f6nlichen Laufbahn zahlreiche  [&#8230;]<\/p>\n","protected":false},"author":16,"featured_media":0,"parent":45,"menu_order":0,"comment_status":"closed","ping_status":"closed","template":"","meta":{"_sb_is_suggestion_mode":false,"_sb_show_suggestion_boards":false,"_sb_show_comment_boards":false,"_sb_suggestion_history":"","_sb_update_block_changes":"","_monsterinsights_skip_tracking":false,"_monsterinsights_sitenote_active":false,"_monsterinsights_sitenote_note":"","_monsterinsights_sitenote_category":0,"footnotes":""},"class_list":["post-131","page","type-page","status-publish","hentry"],"_links":{"self":[{"href":"https:\/\/agripedia.ch\/pfo\/wp-json\/wp\/v2\/pages\/131","targetHints":{"allow":["GET"]}}],"collection":[{"href":"https:\/\/agripedia.ch\/pfo\/wp-json\/wp\/v2\/pages"}],"about":[{"href":"https:\/\/agripedia.ch\/pfo\/wp-json\/wp\/v2\/types\/page"}],"author":[{"embeddable":true,"href":"https:\/\/agripedia.ch\/pfo\/wp-json\/wp\/v2\/users\/16"}],"replies":[{"embeddable":true,"href":"https:\/\/agripedia.ch\/pfo\/wp-json\/wp\/v2\/comments?post=131"}],"version-history":[{"count":10,"href":"https:\/\/agripedia.ch\/pfo\/wp-json\/wp\/v2\/pages\/131\/revisions"}],"predecessor-version":[{"id":1202,"href":"https:\/\/agripedia.ch\/pfo\/wp-json\/wp\/v2\/pages\/131\/revisions\/1202"}],"up":[{"embeddable":true,"href":"https:\/\/agripedia.ch\/pfo\/wp-json\/wp\/v2\/pages\/45"}],"wp:attachment":[{"href":"https:\/\/agripedia.ch\/pfo\/wp-json\/wp\/v2\/media?parent=131"}],"curies":[{"name":"wp","href":"https:\/\/api.w.org\/{rel}","templated":true}]}}