{"id":1252,"date":"2019-03-07T08:16:44","date_gmt":"2019-03-07T08:16:44","guid":{"rendered":"https:\/\/agripedia.ch\/pfo\/?page_id=1252"},"modified":"2019-03-07T08:21:09","modified_gmt":"2019-03-07T08:21:09","slug":"links-und-verfuegbares-material","status":"publish","type":"page","link":"https:\/\/agripedia.ch\/pfo\/links-und-verfuegbares-material\/","title":{"rendered":"Links und verf\u00fcgbares Material"},"content":{"rendered":"<h1>Links und verf\u00fcgbares Material<\/h1>\n<h3><strong>Dokumente:<\/strong><\/h3>\n<p>Aline Bihler, Loan J\u00e9r\u00f4me, Val\u00e9rie Mi\u00e9ville-Ott, 2013:\u00a0<a href=\"https:\/\/agripedia.ch\/pfo\/wp-content\/uploads\/sites\/9\/2018\/11\/rapport-final-FARAH-version-OK-23.10.2013.pdf\" rel=\"noopener\">La place des femmes en agriculture, participation des femmes dans les organisations professionnelles agricoles en Franche-comt\u00e9 et en suisse<\/a><\/p>\n<p>BPW SWITZERLAND, 2014: <a href=\"https:\/\/bpw.ch\/media\/archive1\/quoten\/Quota%20de%20femmes.pdf\" target=\"_blank\" rel=\"noopener\">Quota de femmes en Suisse, l&#8217;argumentaire<\/a><\/p>\n<p>BPW SWITZERLAND, 2014: <a href=\"https:\/\/bpw.ch\/media\/archive1\/quoten\/Frauenquote.pdf\" target=\"_blank\" rel=\"noopener\">Frauenquote in der Schweiz. Das Argumentarium.\u00a0<\/a><\/p>\n<p>Chambres d&#8217;agriculture de Bretagne, 2012:\u00a0<a href=\"http:\/\/www.agriculteurs35.com\/ca1\/PJ.nsf\/TECHPJPARCLEF\/23916\/$File\/Guide-%C3%A9lues-agriculture2012.pdf?OpenElement\" target=\"_blank\" rel=\"noopener\">Guide des \u00e9lues agricoles de Bretagne &#8222;De l&#8217;id\u00e9e \u00e0 l&#8217;engagement&#8220;<\/a>FRSEA, 2009: <a href=\"http:\/\/occitanie.chambre-agriculture.fr\/fileadmin\/user_upload\/National\/FAL_commun\/publications\/Occitanie\/engagement_agricultrices.pdf\" target=\"_blank\" rel=\"noopener\">L&#8217;engagement citoyen des agricultrices<\/a><\/p>\n<p>H\u00e9l\u00e8ne Yvonne Meynaud, 2009:\u00a0<a href=\"https:\/\/www.cairn.info\/revue-cahiers-du-genre-2009-2-page-15.htm\" target=\"_blank\" rel=\"noopener\">La mixit\u00e9 au service de la performance \u00e9conomique\u00a0: r\u00e9flexions pour penser la r\u00e9sistance<\/a><\/p>\n<p>Fahning, Ines, Grossenbacher, Veronika, M\u00f6lders, Tanja und Wotha, Brigitte (Hrsg.): Frauen bewegen Landwirtschaft \u2013 Landwirtschaft bewegt Frauen. Dokumentation der 3. Internationalen Tagung 2017. Waldenburg-Hohebuch\/ G\u00f6ttingen: Evangelisches Bauernwerk und Agrarsoziale Gesellschaft e.V. <a href=\"http:\/\/frauen-landwirtschaft.de\/\" target=\"_blank\" rel=\"noopener\">Bestellm\u00f6glichkeit hier<\/a><\/p>\n<p>Theresia Oedl-Wieser, Philipp Gmeiner, Ingrid Machold, 2012: <a href=\"https:\/\/agripedia.ch\/pfo\/wp-content\/uploads\/sites\/9\/2018\/11\/02_frauen_in_der_lw_final.pdf\" rel=\"noopener\">Frauen in der Landwirtschaft in Oesterreich, Factsheet 02<\/a><\/p>\n<p>Elisabeth B\u00e4schlin, Sandra Contzen, Rita Helfenberger (Hg.), 2011: <a href=\"https:\/\/www.efefverlag.ch\/product\/frauen-in-der-landwirtschaft\/\" target=\"_blank\" rel=\"noopener\">Frauen in der Landwirtschaft. Debatten aus Wissenschaft und Praxis.<\/a> eFeF-Verlag Wettingen<\/p>\n<p>Schweizerische Eidgenossenschaft 2016: <a href=\"https:\/\/agripedia.ch\/Users\/rmo3\/Downloads\/12.3990_Frauenbericht_d%20(3).pdf\">Frauen in der Landwirtschaft, Bericht des Bundesrats in Erf\u00fcllung der Motion der Kommission f\u00fcr Wirtschaft und Abgaben des St\u00e4nderats vom 14. November 2012 (12.3990)<\/a><\/p>\n<h3><strong>Pressedossier:<\/strong><\/h3>\n<p>Journal AGRI: 19 octobre 2018:\u00a0<a href=\"https:\/\/agripedia.ch\/pfo\/wp-content\/uploads\/sites\/9\/2018\/11\/19-octobre-2018_Une-fusion-pionni\u00e8re-chez-les-lucernois.pdf\">Une fusion pionni\u00e8re chez les lucernois<\/a><\/p>\n<p>Journal AGRI: 25 mai 2018: <a href=\"https:\/\/agripedia.ch\/pfo\/wp-content\/uploads\/sites\/9\/2018\/11\/25mai_Les-probl\u00e9matiques-sont-souvent-les-m\u00eames.pdf\">Les probl\u00e9matiques sont souvent les m\u00eames<\/a><\/p>\n<p>Journal AGRI: 20 janvier 2017:\u00a0<a href=\"https:\/\/agripedia.ch\/pfo\/wp-content\/uploads\/sites\/9\/2018\/11\/AGRI_20.01.2017_-Un-projet-national-pour-davantage-de-femmes-dans-les-comit\u00e9s-agricoles-2.pdf\">Un projet national pour davantage de femmes dans les comit\u00e9s agricoles<\/a><\/p>\n<p>Der Z\u00fcrcher Bauer 2017: \u00a0<a href=\"https:\/\/agripedia.ch\/pfo\/wp-admin\/upload.php?item=796\">Kompetent engagiert<\/a><\/p>\n<p>Journal LANDfreund: avril 2016:\u00a0<a href=\"https:\/\/agripedia.ch\/pfo\/wp-content\/uploads\/sites\/9\/2018\/11\/2016-04-_Landfreund_PFO_B\u00e4uerinnen_LF0416.pdf\">B\u00e4uerinnen sollen und wollen bestimmen k\u00f6nnen<\/a><\/p>\n<p>Bauernzeitung: Juni 2016: <a href=\"https:\/\/agripedia.ch\/pfo\/wp-content\/uploads\/sites\/9\/2018\/11\/2016-06-17_Baeuerin_und_Politik_Barbara_Heiniger.pdf\">In der Debatte statt auf dem Hof<\/a><\/p>\n<p>Journal Bilan: juin 2013:\u00a0<a href=\"http:\/\/www.bilan.ch\/economie-les-plus-de-la-redaction\/femmes-leaders-vive-les-quotas\">Femmes leaders vive les quotas<\/a><\/p>\n<h3>Links:<\/h3>\n<p>Bundesamt f\u00fcr Landwirtschaft, <a href=\"https:\/\/www.blw.admin.ch\/blw\/de\/home\/politik\/frauen-in-der-landwirtschaft.html\">Frauen in der Landwirtschaft\u00a0<\/a><\/p>\n<p>Themenplattform\u00a0<a href=\"https:\/\/www.landfrauen.ch\/frau-mann\/\">Frau und Mann in der Landwirtschaft<\/a>\u00a0des Schweizerischen B\u00e4uerinnen- und\u00a0 Landfrauenverbandes (SBLV)<\/p>\n<p>&#8222;ZAMm unterwegs&#8220;, <a href=\"https:\/\/zam.lfi.at\/?+Zertifikationslehrgang+Professionelle+Vertretung+im+laendlichen+Raum+Bildungsjahr+2018+19+&amp;id=2500%2C1778465%2C%2C%2Cc1F1PSUyMCZjdD0yJmJhY2s9MQ%3D%3D\" target=\"_blank\" rel=\"noopener\">Zertifikationslehrgang &#8222;Professionelle Vertretung im l\u00e4ndlichen Raum&#8220;<\/a> in \u00d6sterreich<\/p>\n<p><a href=\"https:\/\/zam.lfi.at\/\" target=\"_blank\" rel=\"noopener\">ZAM,\u00a0Bildungsangebote f\u00fcr B\u00e4uerinnen und Bauern in den Bereichen Pers\u00f6nlichkeitsbildung, Unternehmensf\u00fchrung, Agrarwirtschaft und Agrarpolitik\/\u00d6sterreich<\/a><\/p>\n<p>Tagung und Tagungsband &#8222;<a href=\"http:\/\/frauen-landwirtschaft.de\/\" target=\"_blank\" rel=\"noopener\">Frauen bewegen Landwirtschaft, Landwirtschaft bewegt <\/a><span class=\"xr_tr xr_kern xr_s1\">Frauen&#8220; 2017<\/span><\/p>\n<p>Bundesanstalt f\u00fcr Bergbauernfragen: <a href=\"https:\/\/berggebiete.at\/cm3\/de\/home\/19-themen\/gender\/706-fact-sheet-nr-2.html\" target=\"_blank\" rel=\"noopener\">Studien und Factsheets zur Frauen- und Geschlechterforschung im l\u00e4ndlichen Raum in \u00d6sterreich<\/a><\/p>\n","protected":false},"excerpt":{"rendered":"<p>Links und verf\u00fcgbares Material Dokumente: Aline Bihler, Loan J\u00e9r\u00f4me, Val\u00e9rie Mi\u00e9ville-Ott, 2013:\u00a0La place des femmes en agriculture, participation des femmes dans les organisations professionnelles agricoles en Franche-comt\u00e9 et en suisse BPW SWITZERLAND, 2014: Quota de femmes en Suisse, l&#8217;argumentaire BPW SWITZERLAND, 2014: Frauenquote in der Schweiz. Das Argumentarium.\u00a0 Chambres d&#8217;agriculture de Bretagne, 2012:\u00a0Guide des \u00e9lues  [&#8230;]<\/p>\n","protected":false},"author":18,"featured_media":0,"parent":0,"menu_order":5,"comment_status":"closed","ping_status":"closed","template":"","meta":{"_sb_is_suggestion_mode":false,"_sb_show_suggestion_boards":false,"_sb_show_comment_boards":false,"_sb_suggestion_history":"","_sb_update_block_changes":"","_monsterinsights_skip_tracking":false,"_monsterinsights_sitenote_active":false,"_monsterinsights_sitenote_note":"","_monsterinsights_sitenote_category":0,"footnotes":""},"class_list":["post-1252","page","type-page","status-publish","hentry"],"_links":{"self":[{"href":"https:\/\/agripedia.ch\/pfo\/wp-json\/wp\/v2\/pages\/1252","targetHints":{"allow":["GET"]}}],"collection":[{"href":"https:\/\/agripedia.ch\/pfo\/wp-json\/wp\/v2\/pages"}],"about":[{"href":"https:\/\/agripedia.ch\/pfo\/wp-json\/wp\/v2\/types\/page"}],"author":[{"embeddable":true,"href":"https:\/\/agripedia.ch\/pfo\/wp-json\/wp\/v2\/users\/18"}],"replies":[{"embeddable":true,"href":"https:\/\/agripedia.ch\/pfo\/wp-json\/wp\/v2\/comments?post=1252"}],"version-history":[{"count":4,"href":"https:\/\/agripedia.ch\/pfo\/wp-json\/wp\/v2\/pages\/1252\/revisions"}],"predecessor-version":[{"id":1256,"href":"https:\/\/agripedia.ch\/pfo\/wp-json\/wp\/v2\/pages\/1252\/revisions\/1256"}],"wp:attachment":[{"href":"https:\/\/agripedia.ch\/pfo\/wp-json\/wp\/v2\/media?parent=1252"}],"curies":[{"name":"wp","href":"https:\/\/api.w.org\/{rel}","templated":true}]}}