{"id":1185,"date":"2019-03-01T11:42:19","date_gmt":"2019-03-01T11:42:19","guid":{"rendered":"https:\/\/agripedia.ch\/pfo\/?page_id=1185"},"modified":"2019-10-17T13:15:48","modified_gmt":"2019-10-17T13:15:48","slug":"1185-2","status":"publish","type":"page","link":"https:\/\/agripedia.ch\/pfo\/1185-2\/?lang=fr","title":{"rendered":"Leviers et axes d&#8217;action pour une mise en oeuvre r\u00e9ussie"},"content":{"rendered":"<h1><strong>Description des autres axes d\u2019action et leviers recens\u00e9s dans le cadre du projet<\/strong><\/h1>\n<p>Les mesures d\u00e9crites ci-apr\u00e8s se recoupent partiellement avec les exp\u00e9riences tir\u00e9es de projets ant\u00e9rieurs ou d\u2019autres domaines d\u2019application. Si nous les citons ici, c\u2019est parce que le projet actuel a \u00e9galement montr\u00e9 leur validit\u00e9 et leur importance.<\/p>\n<h3><a href=\"https:\/\/agripedia.ch\/pfo\/1185-2\/1190-2\/?lang=fr\" target=\"_blank\" rel=\"noopener\">Formation et qualification<\/a><\/h3>\n<h3><a href=\"https:\/\/agripedia.ch\/pfo\/1185-2\/donner-envie-par-lexemple\/?lang=fr\" target=\"_blank\" rel=\"noopener\">Donner envie par l\u2019exemple<\/a><\/h3>\n<h3><a href=\"https:\/\/agripedia.ch\/pfo\/1185-2\/1230-2\/?lang=fr\" target=\"_blank\" rel=\"noopener\">Obtenir une vue d\u2019ensemble et engager des changements<\/a><\/h3>\n<h3><a href=\"https:\/\/agripedia.ch\/pfo\/1185-2\/refraiming\/?lang=fr\" target=\"_blank\" rel=\"noopener\">R\u00e9interpr\u00e9ter les situations (recadrage)<\/a><\/h3>\n<h3><a href=\"https:\/\/agripedia.ch\/pfo\/1185-2\/1241-2\/?lang=fr\" target=\"_blank\" rel=\"noopener\">Institutionnaliser le soutien et l\u2019accompagnement<\/a><\/h3>\n<h3><a href=\"https:\/\/agripedia.ch\/pfo\/1185-2\/remettre-en-question-les-roles\/?lang=fr\" target=\"_blank\" rel=\"noopener\">Remettre en question les r\u00f4les et les red\u00e9finir<\/a><\/h3>\n","protected":false},"excerpt":{"rendered":"<p>Description des autres axes d\u2019action et leviers recens\u00e9s dans le cadre du projet Les mesures d\u00e9crites ci-apr\u00e8s se recoupent partiellement avec les exp\u00e9riences tir\u00e9es de projets ant\u00e9rieurs ou d\u2019autres domaines d\u2019application. Si nous les citons ici, c\u2019est parce que le projet actuel a \u00e9galement montr\u00e9 leur validit\u00e9 et leur importance. Formation et qualification Donner envie  [&#8230;]<\/p>\n","protected":false},"author":18,"featured_media":0,"parent":0,"menu_order":3,"comment_status":"closed","ping_status":"closed","template":"","meta":{"_sb_is_suggestion_mode":false,"_sb_show_suggestion_boards":false,"_sb_show_comment_boards":false,"_sb_suggestion_history":"","_sb_update_block_changes":"","_monsterinsights_skip_tracking":false,"_monsterinsights_sitenote_active":false,"_monsterinsights_sitenote_note":"","_monsterinsights_sitenote_category":0,"footnotes":""},"class_list":["post-1185","page","type-page","status-publish","hentry"],"_links":{"self":[{"href":"https:\/\/agripedia.ch\/pfo\/wp-json\/wp\/v2\/pages\/1185","targetHints":{"allow":["GET"]}}],"collection":[{"href":"https:\/\/agripedia.ch\/pfo\/wp-json\/wp\/v2\/pages"}],"about":[{"href":"https:\/\/agripedia.ch\/pfo\/wp-json\/wp\/v2\/types\/page"}],"author":[{"embeddable":true,"href":"https:\/\/agripedia.ch\/pfo\/wp-json\/wp\/v2\/users\/18"}],"replies":[{"embeddable":true,"href":"https:\/\/agripedia.ch\/pfo\/wp-json\/wp\/v2\/comments?post=1185"}],"version-history":[{"count":9,"href":"https:\/\/agripedia.ch\/pfo\/wp-json\/wp\/v2\/pages\/1185\/revisions"}],"predecessor-version":[{"id":1294,"href":"https:\/\/agripedia.ch\/pfo\/wp-json\/wp\/v2\/pages\/1185\/revisions\/1294"}],"wp:attachment":[{"href":"https:\/\/agripedia.ch\/pfo\/wp-json\/wp\/v2\/media?parent=1185"}],"curies":[{"name":"wp","href":"https:\/\/api.w.org\/{rel}","templated":true}]}}