{"id":1134,"date":"2019-02-28T21:12:32","date_gmt":"2019-02-28T21:12:32","guid":{"rendered":"https:\/\/agripedia.ch\/pfo\/?page_id=1134"},"modified":"2019-02-28T21:13:44","modified_gmt":"2019-02-28T21:13:44","slug":"1134-2","status":"publish","type":"page","link":"https:\/\/agripedia.ch\/pfo\/description-des-projets-pfo\/1109-2\/1134-2\/?lang=fr","title":{"rendered":"Bulletins d&#8217;informations des organisations masculines et f\u00e9minines publi\u00e9s en commun"},"content":{"rendered":"<h1><strong>Bulletins d&#8217;informations des organisations masculines et f\u00e9minines publi\u00e9s en commun<\/strong><\/h1>\n<p>Dans le cadre du projet, l&#8217;Union de paysannes neuch\u00e2teloises a propos\u00e9 \u00e0 la chambre d&#8217;agriculture de mettre en commun leurs bulletins d&#8217;information. Cette mesure a \u00e9t\u00e9 mise en place d\u00e8s la fin de l&#8217;ann\u00e9e 2016 et va \u00eatre p\u00e9rennis\u00e9e. Les informations provenant de l&#8217;Union des paysannes neuch\u00e2teloises sont publi\u00e9es 4 fois par ann\u00e9es dans le bulletin mensuel de la chambre.<\/p>\n<h3><strong>Objectifs <\/strong><\/h3>\n<ul>\n<li>Permettre de rendre visible le travail et les activit\u00e9s des deux organisations fa\u00eeti\u00e8res.<\/li>\n<\/ul>\n<h3><strong>Facteurs de succ\u00e8s<\/strong><\/h3>\n<ul>\n<li>Mise en route facilit\u00e9e par le fait que le secr\u00e9tariat g\u00e9rait d\u00e9j\u00e0 avant la mise en page, l\u2019impression et l\u2019envoi des deux bulletins s\u00e9par\u00e9s.<\/li>\n<li>Permet une diminution des co\u00fbts \u00e0 termes (une fois la fusion des fichiers effectu\u00e9s correctement)<\/li>\n<li>Les retours de la part des paysannes sont positifs, car les uns et les autres voient ce qu\u2019ils font, quels sont les \u00e9v\u00e9nements, etc.<\/li>\n<\/ul>\n","protected":false},"excerpt":{"rendered":"<p>Bulletins d&#8217;informations des organisations masculines et f\u00e9minines publi\u00e9s en commun Dans le cadre du projet, l&#8217;Union de paysannes neuch\u00e2teloises a propos\u00e9 \u00e0 la chambre d&#8217;agriculture de mettre en commun leurs bulletins d&#8217;information. Cette mesure a \u00e9t\u00e9 mise en place d\u00e8s la fin de l&#8217;ann\u00e9e 2016 et va \u00eatre p\u00e9rennis\u00e9e. Les informations provenant de l&#8217;Union des  [&#8230;]<\/p>\n","protected":false},"author":18,"featured_media":0,"parent":1109,"menu_order":0,"comment_status":"closed","ping_status":"closed","template":"","meta":{"_sb_is_suggestion_mode":false,"_sb_show_suggestion_boards":false,"_sb_show_comment_boards":false,"_sb_suggestion_history":"","_sb_update_block_changes":"","_monsterinsights_skip_tracking":false,"_monsterinsights_sitenote_active":false,"_monsterinsights_sitenote_note":"","_monsterinsights_sitenote_category":0,"footnotes":""},"class_list":["post-1134","page","type-page","status-publish","hentry"],"_links":{"self":[{"href":"https:\/\/agripedia.ch\/pfo\/wp-json\/wp\/v2\/pages\/1134","targetHints":{"allow":["GET"]}}],"collection":[{"href":"https:\/\/agripedia.ch\/pfo\/wp-json\/wp\/v2\/pages"}],"about":[{"href":"https:\/\/agripedia.ch\/pfo\/wp-json\/wp\/v2\/types\/page"}],"author":[{"embeddable":true,"href":"https:\/\/agripedia.ch\/pfo\/wp-json\/wp\/v2\/users\/18"}],"replies":[{"embeddable":true,"href":"https:\/\/agripedia.ch\/pfo\/wp-json\/wp\/v2\/comments?post=1134"}],"version-history":[{"count":3,"href":"https:\/\/agripedia.ch\/pfo\/wp-json\/wp\/v2\/pages\/1134\/revisions"}],"predecessor-version":[{"id":1137,"href":"https:\/\/agripedia.ch\/pfo\/wp-json\/wp\/v2\/pages\/1134\/revisions\/1137"}],"up":[{"embeddable":true,"href":"https:\/\/agripedia.ch\/pfo\/wp-json\/wp\/v2\/pages\/1109"}],"wp:attachment":[{"href":"https:\/\/agripedia.ch\/pfo\/wp-json\/wp\/v2\/media?parent=1134"}],"curies":[{"name":"wp","href":"https:\/\/api.w.org\/{rel}","templated":true}]}}