{"id":1079,"date":"2018-06-04T13:36:38","date_gmt":"2018-06-04T11:36:38","guid":{"rendered":"https:\/\/agripedia.ch\/pfo\/?page_id=1079"},"modified":"2019-02-28T14:46:25","modified_gmt":"2019-02-28T14:46:25","slug":"lehrgang-engagement","status":"publish","type":"page","link":"https:\/\/agripedia.ch\/pfo\/description-des-projets-pfo\/lehrgang-engagement\/?lang=fr","title":{"rendered":"S\u00e9rie de films &#8222;Engag\u00e9es&#8220;"},"content":{"rendered":"<h1><strong>S\u00e9rie de films &#8222;Engag\u00e9es&#8220;<\/strong><\/h1>\n<p>Mettre en \u00e9vidence l&#8217;engagement, motiver les femmes \u00e0 suivre l&#8217;exemple d&#8217;autres femmes, tels sont les objectifs des films propos\u00e9 par L&#8217;Union des paysannes neuch\u00e2teloises et AGRIDEA. Quatre th\u00e8mes ont \u00e9t\u00e9 s\u00e9lectionn\u00e9s, en tant que freins ou leviers \u00e0 l&#8217;engagement pour construire cette s\u00e9rie de films. Ces th\u00e8mes sont: la conciliation entre la famille et le travail, les r\u00e9seaux et opportunit\u00e9s, les raisons de l&#8217;engagement et oser se lancer.<\/p>\n<h2><strong>Facteurs de succ\u00e8s<\/strong><\/h2>\n<ul>\n<li>La qualit\u00e9 et la diversit\u00e9 des personnes interview\u00e9es.<\/li>\n<li>Le travail d&#8217;un vid\u00e9aste professionnel.<\/li>\n<li>La vid\u00e9o comme outil de travail moderne et efficace pour faire passer des messages important.<\/li>\n<\/ul>\n<h2><strong>Obstacles<\/strong><\/h2>\n<ul>\n<li>La difficult\u00e9 de faire sa place sur Internet au milieu des milliers d&#8217;autres vid\u00e9os qui circulent quotidiennement.<\/li>\n<li>Atteindre le public cible<\/li>\n<li>Une vid\u00e9o ne peut pas \u00eatre consid\u00e9r\u00e9e comme un facteur unique de motivation \u00e0 l&#8217;engagement, mais doit faire partie d&#8217;une s\u00e9rie d&#8217;\u00e9l\u00e9ments<\/li>\n<\/ul>\n<h2><strong>Les \u00e9tapes importantes<\/strong><\/h2>\n<ul>\n<li>La s\u00e9lection des t\u00e9moignages afin que chacune puisse se reconna\u00eetre dans l&#8217;un ou l&#8217;autre des t\u00e9moignages:\n<ul>\n<li>Diversit\u00e9 de niveau d&#8217;engagement (du local au national)<\/li>\n<li>Diversit\u00e9 de caract\u00e8res (personnes r\u00e9serv\u00e9es et affirm\u00e9es)<\/li>\n<li>Diversit\u00e9 d&#8217;organisation (de branche, fa\u00eeti\u00e8re ou politique)<\/li>\n<li>Diversit\u00e9 d&#8217;importance d\u2019engagement (visible ou discret)<\/li>\n<\/ul>\n<\/li>\n<\/ul>\n<ul>\n<li>Avoir bien pr\u00e9par\u00e9 les th\u00e8mes et les questions pour le tournage afin d&#8217;avoir par la suite le mat\u00e9riel n\u00e9cessaire pour monter les films:\n<ul>\n<li>D\u00e9finir \u00e0 l&#8217;avance le message que l&#8217;on veut faire passer (par. ex. Il n&#8217;y a pas de petits engagements, chaque engagement compte. Il est important d&#8217;\u00eatre en accord avec l&#8217;organisation que l&#8217;on a choisi de repr\u00e9senter et de d&#8217;avoir du plaisir pour les t\u00e2ches qui nous sont confi\u00e9e).<\/li>\n<li>Pr\u00e9parer les questions pour mettre \u00e0 l&#8217;aise les personnes interrog\u00e9es et les inciter \u00e0 parler.<\/li>\n<\/ul>\n<\/li>\n<li>La s\u00e9lection des images sur la base des entretiens:\n<ul>\n<li>En fonction des th\u00e8mes<\/li>\n<li>En fonction de l&#8217;impact potentiel du discours<\/li>\n<li>Pour favoriser un bon \u00e9quilibre entre les diff\u00e9rentes personnes interrog\u00e9es<\/li>\n<\/ul>\n<\/li>\n<li>La diffusion des films\n<ul>\n<li>Utiliser les r\u00e9seaux existants (r\u00e9seaux sociaux, mailinglists)<\/li>\n<li>Cibler les promotions sur le public cible (article de presse, diffusion lors d&#8217;assembl\u00e9es)<\/li>\n<\/ul>\n<\/li>\n<\/ul>\n<h2><strong>R\u00e9f\u00e9rences &amp; Liens<\/strong><\/h2>\n<p>Article dans le journal Agri du 25 mai 2018:\u00a0 <a href=\"https:\/\/agripedia.ch\/pfo\/wp-content\/uploads\/sites\/9\/2018\/11\/25mai_Les-probl\u00e9matiques-sont-souvent-les-m\u00eames-1.pdf\" target=\"_blank\" rel=\"noopener\">Les probl\u00e9matiques sont souvent les-m\u00eames<\/a><\/p>\n<p>Liens vers les vid\u00e9os &#8222;Engag\u00e9es&#8220;:<\/p>\n<div class=\"video-shortcode\"><iframe width=\"1100\" height=\"619\" src=\"https:\/\/www.youtube.com\/embed\/qAiphFPe-48?feature=oembed\" frameborder=\"0\" allow=\"accelerometer; autoplay; encrypted-media; gyroscope; picture-in-picture\" allowfullscreen><\/iframe><\/div>\n<div class=\"video-shortcode\"><iframe width=\"1100\" height=\"619\" src=\"https:\/\/www.youtube.com\/embed\/D8u31ApQ3e4?feature=oembed\" frameborder=\"0\" allow=\"accelerometer; autoplay; encrypted-media; gyroscope; picture-in-picture\" allowfullscreen><\/iframe><\/div>\n<div class=\"video-shortcode\"><iframe width=\"1100\" height=\"619\" src=\"https:\/\/www.youtube.com\/embed\/GkLTqHXbK6A?feature=oembed\" frameborder=\"0\" allow=\"accelerometer; autoplay; encrypted-media; gyroscope; picture-in-picture\" allowfullscreen><\/iframe><\/div>\n<div class=\"video-shortcode\"><iframe width=\"1100\" height=\"619\" src=\"https:\/\/www.youtube.com\/embed\/YwS9b9o0pe0?feature=oembed\" frameborder=\"0\" allow=\"accelerometer; autoplay; encrypted-media; gyroscope; picture-in-picture\" allowfullscreen><\/iframe><\/div>\n","protected":false},"excerpt":{"rendered":"<p>S\u00e9rie de films &#8222;Engag\u00e9es&#8220; Mettre en \u00e9vidence l&#8217;engagement, motiver les femmes \u00e0 suivre l&#8217;exemple d&#8217;autres femmes, tels sont les objectifs des films propos\u00e9 par L&#8217;Union des paysannes neuch\u00e2teloises et AGRIDEA. Quatre th\u00e8mes ont \u00e9t\u00e9 s\u00e9lectionn\u00e9s, en tant que freins ou leviers \u00e0 l&#8217;engagement pour construire cette s\u00e9rie de films. Ces th\u00e8mes sont: la conciliation entre  [&#8230;]<\/p>\n","protected":false},"author":15,"featured_media":0,"parent":1037,"menu_order":0,"comment_status":"closed","ping_status":"closed","template":"","meta":{"_sb_is_suggestion_mode":false,"_sb_show_suggestion_boards":false,"_sb_show_comment_boards":false,"_sb_suggestion_history":"","_sb_update_block_changes":"","_monsterinsights_skip_tracking":false,"_monsterinsights_sitenote_active":false,"_monsterinsights_sitenote_note":"","_monsterinsights_sitenote_category":0,"footnotes":""},"class_list":["post-1079","page","type-page","status-publish","hentry"],"_links":{"self":[{"href":"https:\/\/agripedia.ch\/pfo\/wp-json\/wp\/v2\/pages\/1079","targetHints":{"allow":["GET"]}}],"collection":[{"href":"https:\/\/agripedia.ch\/pfo\/wp-json\/wp\/v2\/pages"}],"about":[{"href":"https:\/\/agripedia.ch\/pfo\/wp-json\/wp\/v2\/types\/page"}],"author":[{"embeddable":true,"href":"https:\/\/agripedia.ch\/pfo\/wp-json\/wp\/v2\/users\/15"}],"replies":[{"embeddable":true,"href":"https:\/\/agripedia.ch\/pfo\/wp-json\/wp\/v2\/comments?post=1079"}],"version-history":[{"count":6,"href":"https:\/\/agripedia.ch\/pfo\/wp-json\/wp\/v2\/pages\/1079\/revisions"}],"predecessor-version":[{"id":1086,"href":"https:\/\/agripedia.ch\/pfo\/wp-json\/wp\/v2\/pages\/1079\/revisions\/1086"}],"up":[{"embeddable":true,"href":"https:\/\/agripedia.ch\/pfo\/wp-json\/wp\/v2\/pages\/1037"}],"wp:attachment":[{"href":"https:\/\/agripedia.ch\/pfo\/wp-json\/wp\/v2\/media?parent=1079"}],"curies":[{"name":"wp","href":"https:\/\/api.w.org\/{rel}","templated":true}]}}