{"id":1068,"date":"2019-02-28T11:42:46","date_gmt":"2019-02-28T11:42:46","guid":{"rendered":"https:\/\/agripedia.ch\/pfo\/?page_id=1068"},"modified":"2019-02-28T12:00:39","modified_gmt":"2019-02-28T12:00:39","slug":"cycle-de-formation-a-lengagement-en-suisse-romande","status":"publish","type":"page","link":"https:\/\/agripedia.ch\/pfo\/description-des-projets-pfo\/cycle-de-formation-a-lengagement-en-suisse-romande\/?lang=fr","title":{"rendered":"Cycle de Formation \u00e0 l&#8217;engagement en Suisse romande"},"content":{"rendered":"<h1><strong>Cycle de formations \u00e0 l\u2019engagement en Suisse romande<\/strong><\/h1>\n<p>Les formations propos\u00e9es dans le cadre du projet PFO on fait l&#8217;objet d&#8217;une collaboration entre AGRIDEA, Prom\u00e9terre, l&#8217;ARPP et Agora. Le choix a \u00e9t\u00e9 d&#8217;orienter les deux journ\u00e9es\u00a0 sur la mise en \u00e9vidence des comp\u00e9tences et des qualit\u00e9s de chacune des participantes plut\u00f4t que sur le d\u00e9veloppement de nouvelles comp\u00e9tences \u00e0 proprement parler.<\/p>\n<h3><strong>Objectifs des formations :<\/strong><\/h3>\n<ul>\n<li>Encourager les femmes qui souhaitent s&#8217;engager et soutenir celles qui sont d\u00e9j\u00e0 active.<\/li>\n<li>Acqu\u00e9rir des outils pour prendre confiance, gagner en l\u00e9gitimit\u00e9 et mieux se positionner.<\/li>\n<li>Conna\u00eetre son potentiel et ses forces.<\/li>\n<li>Clarifier ce que l&#8217;on veut et ce que l&#8217;on peut amener \u00e0 une organisation, en optimisant les chances de prendre du plaisir.<\/li>\n<\/ul>\n<h3><strong>M\u00e9thodes :<\/strong><\/h3>\n<ul>\n<li>\u00c9changes et interactivit\u00e9<\/li>\n<li>Apports th\u00e9oriques associ\u00e9s \u00e0 des exercices pratiques et des \u00e9changes d&#8217;exp\u00e9riences<\/li>\n<\/ul>\n<h3><strong>Facteurs de succ\u00e8s :<\/strong><\/h3>\n<ul>\n<li>Bien d\u00e9finir les objectifs des formations<\/li>\n<li>Bien d\u00e9finir le publique cible<\/li>\n<li>Faire une promotion cibl\u00e9e<\/li>\n<li>Avoir des intervenants de qualit\u00e9<\/li>\n<\/ul>\n<h3><strong>Obstacles :<\/strong><\/h3>\n<ul>\n<li>Formations de courte dur\u00e9e ne permettant pas un v\u00e9ritable suivi.<\/li>\n<li>Difficult\u00e9 \u00e0 faire venir des participantes.<\/li>\n<\/ul>\n<h3><strong>Formation n\u00b01, f\u00e9vrier 2017 :<br \/>\n&#8222;J&#8217;ai des choses \u00e0 dire: ma participation fait avancer la vie publique&#8220;<\/strong><\/h3>\n<p><a href=\"https:\/\/agripedia.ch\/pfo\/wp-content\/uploads\/sites\/9\/2018\/11\/16-DTR-Journ\u00e9e-de-formation-_J-ai-des-choses-a-dire.pdf\" target=\"_blank\" rel=\"noopener\">Flyer<\/a><\/p>\n<p>La journ\u00e9e de formation avait comme objectifs de comprendre comment se construit la l\u00e9gitimit\u00e9, de mieux conna\u00eetre les forces et les potentiels des chacune des participante et de d\u00e9velopper leur r\u00e9seau. Pour atteindre ces objectifs, l&#8217;accent a \u00e9t\u00e9 mis sur l\u2019\u00e9change entre pairs, mais surtout sur la pr\u00e9sentation du parcours de trois femmes active en politique et au sein des organisations agricoles. Chacun des trois t\u00e9moignages \u00e9taient ax\u00e9 sur un th\u00e8me sp\u00e9cifique: la l\u00e9gitimit\u00e9, la conciliation vie de famille et engagement, et l&#8217;importance du r\u00e9seau. Ces t\u00e9moignages positifs ont \u00e9t\u00e9 tr\u00e8s appr\u00e9ci\u00e9s des participantes et les ont encourag\u00e9 dans l&#8217;id\u00e9e qu&#8217;il est important d&#8217;avoir confiance en ses propres ressources et qu&#8217;il est possible de d\u00e9velopper les comp\u00e9tences qui pourrait leur manquer.<\/p>\n<p>L&#8217;apr\u00e8s-midi a \u00e9t\u00e9 consacr\u00e9 \u00e0 un travail plus personnel qui a amen\u00e9 les participants \u00e0 r\u00e9fl\u00e9chir \u00e0 leur propre mode de fonctionnement afin de trouver quels blocages les emp\u00eachent d&#8217;avoir confiance en elles et comment les surpasser. Des outils permettant l&#8217;analyse de son r\u00e9seau ont \u00e9galement \u00e9t\u00e9 pr\u00e9sent\u00e9s.<\/p>\n<h3><strong>Formation n\u00b02, novembre 2018:<br \/>\n&#8222;Moi, femme du monde agricole et fi\u00e8re de l\u2019\u00eatre&#8220;<\/strong><\/h3>\n<p><a href=\"https:\/\/agripedia.ch\/pfo\/wp-content\/uploads\/sites\/9\/2018\/11\/Flyer_femme-monde-agricole_13.08.pdf\" target=\"_blank\" rel=\"noopener\">Flyer<\/a><\/p>\n<p>La 2\u00e8me journ\u00e9e de formation a eu comme objectif principale de renforcer la confiance en elle des participantes. La volont\u00e9 \u00e9tait de leur permettre de s&#8217;assurer de leur l\u00e9gitimit\u00e9 et de leur assise dans leurs activit\u00e9s actuelles et futures, de\u00a0 s\u2019exprimer face \u00e0 un public sur leur parcours de vie professionnelle et surtout de prendre conscience de leurs succ\u00e8s et du socle de comp\u00e9tences qui les constituent.<\/p>\n<p><a href=\"https:\/\/agripedia.ch\/pfo\/wp-content\/uploads\/sites\/9\/2018\/11\/16-novembre-2018_Developper-sa-propre-estime.pdf\" target=\"_blank\" rel=\"noopener\">Article dans AGRI 16 novembre 2018<\/a><\/p>\n<p><a href=\"https:\/\/agripedia.ch\/pfo\/wp-content\/uploads\/sites\/9\/2018\/11\/Novembre-2018_Terre-de-chez-nous.pdf\" target=\"_blank\" rel=\"noopener\">Article Terre de chez nous Novembre 2018<\/a><\/p>\n","protected":false},"excerpt":{"rendered":"<p>Cycle de formations \u00e0 l\u2019engagement en Suisse romande Les formations propos\u00e9es dans le cadre du projet PFO on fait l&#8217;objet d&#8217;une collaboration entre AGRIDEA, Prom\u00e9terre, l&#8217;ARPP et Agora. Le choix a \u00e9t\u00e9 d&#8217;orienter les deux journ\u00e9es\u00a0 sur la mise en \u00e9vidence des comp\u00e9tences et des qualit\u00e9s de chacune des participantes plut\u00f4t que sur le d\u00e9veloppement  [&#8230;]<\/p>\n","protected":false},"author":18,"featured_media":0,"parent":1037,"menu_order":0,"comment_status":"closed","ping_status":"closed","template":"","meta":{"_sb_is_suggestion_mode":false,"_sb_show_suggestion_boards":false,"_sb_show_comment_boards":false,"_sb_suggestion_history":"","_sb_update_block_changes":"","_monsterinsights_skip_tracking":false,"_monsterinsights_sitenote_active":false,"_monsterinsights_sitenote_note":"","_monsterinsights_sitenote_category":0,"footnotes":""},"class_list":["post-1068","page","type-page","status-publish","hentry"],"_links":{"self":[{"href":"https:\/\/agripedia.ch\/pfo\/wp-json\/wp\/v2\/pages\/1068","targetHints":{"allow":["GET"]}}],"collection":[{"href":"https:\/\/agripedia.ch\/pfo\/wp-json\/wp\/v2\/pages"}],"about":[{"href":"https:\/\/agripedia.ch\/pfo\/wp-json\/wp\/v2\/types\/page"}],"author":[{"embeddable":true,"href":"https:\/\/agripedia.ch\/pfo\/wp-json\/wp\/v2\/users\/18"}],"replies":[{"embeddable":true,"href":"https:\/\/agripedia.ch\/pfo\/wp-json\/wp\/v2\/comments?post=1068"}],"version-history":[{"count":4,"href":"https:\/\/agripedia.ch\/pfo\/wp-json\/wp\/v2\/pages\/1068\/revisions"}],"predecessor-version":[{"id":1074,"href":"https:\/\/agripedia.ch\/pfo\/wp-json\/wp\/v2\/pages\/1068\/revisions\/1074"}],"up":[{"embeddable":true,"href":"https:\/\/agripedia.ch\/pfo\/wp-json\/wp\/v2\/pages\/1037"}],"wp:attachment":[{"href":"https:\/\/agripedia.ch\/pfo\/wp-json\/wp\/v2\/media?parent=1068"}],"curies":[{"name":"wp","href":"https:\/\/api.w.org\/{rel}","templated":true}]}}