{"id":1049,"date":"2019-02-26T17:17:06","date_gmt":"2019-02-26T17:17:06","guid":{"rendered":"https:\/\/agripedia.ch\/pfo\/?page_id=1049"},"modified":"2019-03-01T11:34:42","modified_gmt":"2019-03-01T11:34:42","slug":"1049-2","status":"publish","type":"page","link":"https:\/\/agripedia.ch\/pfo\/description-des-projets-pfo\/1049-2\/?lang=fr","title":{"rendered":"Cours &#8222;Engag\u00e9e et comp\u00e9tente&#8220; (Suisse al\u00e9manique)"},"content":{"rendered":"<h1><strong>Cours \u00ab\u00a0Engag\u00e9e et comp\u00e9tente\u00a0\u00bb (Suisse al\u00e9manique)<\/strong><\/h1>\n<p>Jusqu\u2019ici uniquement dispens\u00e9 en allemand, le cours \u00ab\u00a0<em>Kompetent engagiert: Motiviert und bedacht ein Anliegen vertreten<\/em>\u00a0\u00bb (Engag\u00e9e et comp\u00e9tente\u00a0: repr\u00e9senter des int\u00e9r\u00eats avec ma\u00eetrise et conviction) est une mesure conjointe de l\u2019Union suisse des paysannes et des femmes rurales (USPF) et d\u2019AGRIDEA d\u00e9coulant de deux des facteurs les plus fr\u00e9quemment cit\u00e9s pour expliquer la faible proportion de femmes parmi les repr\u00e9sentants des organisations agricoles\u00a0:<\/p>\n<ol>\n<li>Les femmes manquent de confiance en elles.<\/li>\n<li>Les femmes pensent \u00eatre moins comp\u00e9tentes sur les th\u00e8mes de politique agricole.<\/li>\n<\/ol>\n<p>Pour pallier ces facteurs, l\u2019USPF et AGRIDEA ont con\u00e7u un cours offrant des possibilit\u00e9s d\u2019\u00e9changes et int\u00e9grant des composantes d\u2019apprentissage mixte (c\u2019est-\u00e0-dire une combinaison de cours pr\u00e9sentiels et de cours en ligne). Ce cours vise \u00e0 soutenir l\u2019apprentissage individuel et la pr\u00e9paration de t\u00e2ches \u00e0 r\u00e9aliser \u00e0 domicile par des exercices, des conseils et de nombreux supports. Gr\u00e2ce aux deux journ\u00e9es de cours pr\u00e9sentiel, les participantes renforcent leur confiance en elles par des exercices pratiques suivis de feedbacks, am\u00e9liorent leur capacit\u00e9 \u00e0 s\u2019exprimer en public et d\u00e9veloppent leurs comp\u00e9tences en mati\u00e8re d\u2019argumentation. Deux s\u00e9ances en ligne en visioconf\u00e9rence visent \u00e0 montrer que les outils num\u00e9riques facilitent la coop\u00e9ration \u00e0 distance et \u00e0 soutenir les \u00e9changes pendant les diff\u00e9rentes phases o\u00f9 les femmes ne se rencontrent pas en personne. La dur\u00e9e formelle du cours est de 2,5\u00a0jours, le processus d\u2019apprentissage s\u2019\u00e9tendant dans l\u2019ensemble sur une p\u00e9riode d\u2019environ huit semaines.<\/p>\n<h3><strong>Objectifs du cours<\/strong><\/h3>\n<ul>\n<li>Les participantes acqui\u00e8rent une meilleure vue d\u2019ensemble du syst\u00e8me et du fonctionnement de la politique agricole et de l\u2019\u00e9conomie rurale.<\/li>\n<li>Elles reconnaissent les c\u00f4t\u00e9s positifs d\u2019un engagement, sont motiv\u00e9es et sentent qu\u2019elles disposent des outils n\u00e9cessaires pour assumer une fonction de repr\u00e9sentation.<\/li>\n<li>Leurs comp\u00e9tences personnelles sont reconnues et renforc\u00e9es, elles r\u00e9fl\u00e9chissent \u00e0 leur r\u00f4le en tant que femmes et agricultrices et d\u00e9finissent les int\u00e9r\u00eats et principaux th\u00e8mes qu\u2019elles souhaiteraient d\u00e9fendre dans le cadre d\u2019un engagement.<\/li>\n<\/ul>\n<h3><strong>R\u00e9sultats<\/strong><\/h3>\n<p>Cette mesure pilote a montr\u00e9 que, s\u2019agissant du d\u00e9veloppement des comp\u00e9tences d\u00e9terminantes \u00e0 l\u2019ex\u00e9cution de fonctions de repr\u00e9sentation des int\u00e9r\u00eats agricoles, il existe un important besoin de soutien et d\u2019encadrement. La combinaison entre le renforcement des comp\u00e9tences en mati\u00e8re de politique agricole et le d\u00e9veloppement des comp\u00e9tences personnelles et sociales s\u2019est r\u00e9v\u00e9l\u00e9e payante. Le concept didactique derri\u00e8re cette formation a su convaincre. Les supports consacr\u00e9s \u00e0 la politique agricole favorisent le d\u00e9veloppement des comp\u00e9tences vis\u00e9es et fournissent des orientations en vue de discussions plus approfondies.<\/p>\n<p>Le groupe cible du cours \u00e9tait les femmes n\u2019assumant pas encore un engagement. Dans les faits, une bonne moiti\u00e9 des participantes disposait d\u00e9j\u00e0 d\u2019une, parfois m\u00eame longue, exp\u00e9rience dans des fonctions de repr\u00e9sentation des int\u00e9r\u00eats agricoles ou politiques. La grande vari\u00e9t\u00e9 de niveaux d\u2019exp\u00e9rience des participantes a \u00e9t\u00e9 un v\u00e9ritable facteur de r\u00e9ussite pour le cours\u00a0: les \u00ab\u00a0novices\u00a0\u00bb se sont r\u00e9jouies de pouvoir faire personnellement la connaissance de femmes disposant d\u2019une exp\u00e9rience de l\u2019engagement qu\u2019elles avaient parfois vues dans les m\u00e9dias ou lors de manifestations, et de pouvoir b\u00e9n\u00e9ficier de leurs conseils et de leurs exp\u00e9riences. Les participantes exp\u00e9riment\u00e9es ont mis \u00e0 profit le cours pour dresser un bilan de leurs comp\u00e9tences, et ont appr\u00e9ci\u00e9 d\u2019avoir des retours de femmes qu\u2019elles rencontraient parfois pour la premi\u00e8re fois. Pour les femmes engag\u00e9es depuis longtemps, il a \u00e9t\u00e9 encourageant de constater que d\u2019autres femmes s\u2019int\u00e9ressaient au travail de repr\u00e9sentation et que, gr\u00e2ce \u00e0 leur engagement futur, ce travail allait pouvoir \u00e9galement reposer sur de nouvelles et de plus nombreuses \u00e9paules f\u00e9minines. Les \u00ab\u00a0novices\u00a0\u00bb, pour leur part, ont trouv\u00e9 enrichissant de d\u00e9couvrir que les femmes plus exp\u00e9riment\u00e9es se posaient parfois des questions de m\u00eame nature par rapport \u00e0 leur confiance en elles et qu\u2019elles avaient d\u00e9velopp\u00e9 des strat\u00e9gies utiles pour leur travail de repr\u00e9sentation. Dans l\u2019ensemble, le cours a \u00e9t\u00e9 marqu\u00e9 par une grande valorisation mutuelle des participantes.<\/p>\n<p><strong>Efficience, efficacit\u00e9 et durabilit\u00e9 du cours <\/strong><\/p>\n<p>Lors d\u2019une premi\u00e8re \u00e9valuation r\u00e9alis\u00e9e juste apr\u00e8s la fin du cours, toutes les participantes ont d\u00e9clar\u00e9 avoir davantage confiance en leur capacit\u00e9 d\u2019assumer un mandat au sein d\u2019une organisation agricole. Pendant la p\u00e9riode de cours, une participante a m\u00eame \u00e9t\u00e9 sollicit\u00e9e pour un mandat, qu\u2019elle a accept\u00e9. Les femmes d\u00e9j\u00e0 exp\u00e9riment\u00e9es et ayant donc une confiance en elles suffisante ont n\u00e9anmoins jug\u00e9 utile leur participation au cours, qui leur a permis de \u00ab\u00a0se s\u00e9curiser\u00a0\u00bb et d\u2019encourager d\u2019autres femmes. Il est ressorti clairement du cours que le meilleur moyen de renforcer sa confiance en soi est de faire des exp\u00e9riences et que le cours r\u00e9pondait \u00e9galement \u00e0 un important besoin de \u00ab\u00a0se rass\u00e9r\u00e9ner\u00a0\u00bb. Les participantes, en particulier celles qui n\u2019assumaient pas encore de mandat, ont soulign\u00e9 qu\u2019il \u00e9tait important pour elles de savoir o\u00f9 elles pourraient trouver du soutien le cas \u00e9ch\u00e9ant.<\/p>\n<p>Il reste \u00e0 savoir si les femmes \u00ab\u00a0cherchent\u00a0\u00bb plus activement \u00e0 s\u2019engager apr\u00e8s avoir suivi le cours, ce qui doit \u00eatre \u00e9valu\u00e9 six \u00e0 douze\u00a0mois apr\u00e8s la fin de la formation.<\/p>\n<h3><strong>Facteurs de succ\u00e8s<\/strong><\/h3>\n<ul>\n<li><strong>La coop\u00e9ration interdisciplinaire comme cl\u00e9 du succ\u00e8s\u00a0: <\/strong>la coop\u00e9ration entre l\u2019USPF et AGRIDEA a port\u00e9 ses fruits. La tenue d\u2019un tel cours exige non seulement des comp\u00e9tences techniques dans les domaines de la politique agricole, de l\u2019agriculture et de la formation des adultes, mais aussi de solides connaissances en psychologie. Les crit\u00e8res habituels s\u2019appliquent en mati\u00e8re de formation des adultes\u00a0: analyse et concept didactiques ad\u00e9quats, coop\u00e9ration respectueuse et inspirante entre la direction du cours et les participants, comp\u00e9tences n\u00e9cessaires \u00e0 la mise en \u0153uvre du concept du cours. Naturellement, des connaissances suffisantes du domaine sont n\u00e9cessaires, ainsi qu\u2019une exp\u00e9rience personnelle des th\u00e8mes trait\u00e9s.<\/li>\n<\/ul>\n<h3><strong>Obstacles<\/strong><\/h3>\n<ul>\n<li><strong>Financement\u00a0:<\/strong>\u00a0les femmes sont habitu\u00e9es \u00e0 des cours relativement bon march\u00e9. Dans le cadre du projet PFO, il a \u00e9t\u00e9 possible de proposer les deux cours pilotes \u00e0 un co\u00fbt de participation tr\u00e8s faible. Cependant, le financement n\u2019est pas assur\u00e9 pour l\u2019organisation de nouveaux cours au terme du projet, ce qui signifie que les frais d\u2019inscription devront \u00eatre augment\u00e9s.<\/li>\n<li><strong>Espaces pour les femmes\/visibilit\u00e9 des femmes\u00a0:<\/strong> le cours ne s\u2019adresse qu\u2019aux femmes. Les participantes ont appr\u00e9ci\u00e9 de se retrouver entre femmes pour r\u00e9fl\u00e9chir \u00e0 leurs prestations en public et recevoir des retours. Cet espace \u00ab\u00a0prot\u00e9g\u00e9\u00a0\u00bb a toutefois pour effet ind\u00e9sirable que cette mesure de formation contribue peu \u00e0 renforcer la visibilit\u00e9 des femmes. Dans ce cours, ces femmes qui sont int\u00e9ress\u00e9es par le travail de repr\u00e9sentation dans le monde agricole et qui apportent des comp\u00e9tences \u00e0 cet \u00e9gard restent entre elles. Certes, le cours va dans la bonne direction et incite des femmes \u00e0 s\u2019engager, mais il ne contribue peut-\u00eatre pas assez \u00e0 am\u00e9liorer la repr\u00e9sentation des femmes au sein des organisations agricoles \u00ab\u00a0masculines\u00a0\u00bb, le r\u00e9seau des femmes participantes ne rejoignant pas celui des repr\u00e9sentants des organisations agricoles. Des mesures ad\u00e9quates, par exemple la cr\u00e9ation de formations con\u00e7ues explicitement pour les femmes et les hommes, permettraient de renforcer facilement et efficacement la visibilit\u00e9 et la mise en r\u00e9seau des femmes.<\/li>\n<\/ul>\n<h3>R\u00e9f\u00e9rences<strong> et liens<\/strong><\/h3>\n<p>Informations compl\u00e9mentaires sur ce cours (en allemand)\u00a0:<\/p>\n<p><a href=\"http:\/\/ozzlorvo.preview.infomaniak.website\/pfo\/wp-content\/uploads\/sites\/5\/2018\/06\/Detail-Kursprogramm_kompetent-engagiert.pdf\">Programme de cours d\u00e9taill\u00e9 \u00ab\u00a0kompetent engagiert\u00a0\u00bb 2018<\/a><\/p>\n<p><a href=\"https:\/\/agripedia.ch\/pfo\/wp-content\/uploads\/sites\/9\/2019\/02\/19.008-Programm-Kompetent-engagiert.pdf\">Programme de cours d\u00e9taill\u00e9 \u00ab\u00a0kompetent engagiert\u00a0\u00bb 2019<\/a><\/p>\n","protected":false},"excerpt":{"rendered":"<p>Cours \u00ab\u00a0Engag\u00e9e et comp\u00e9tente\u00a0\u00bb (Suisse al\u00e9manique) Jusqu\u2019ici uniquement dispens\u00e9 en allemand, le cours \u00ab\u00a0Kompetent engagiert: Motiviert und bedacht ein Anliegen vertreten\u00a0\u00bb (Engag\u00e9e et comp\u00e9tente\u00a0: repr\u00e9senter des int\u00e9r\u00eats avec ma\u00eetrise et conviction) est une mesure conjointe de l\u2019Union suisse des paysannes et des femmes rurales (USPF) et d\u2019AGRIDEA d\u00e9coulant de deux des facteurs les plus fr\u00e9quemment  [&#8230;]<\/p>\n","protected":false},"author":18,"featured_media":0,"parent":1037,"menu_order":0,"comment_status":"closed","ping_status":"closed","template":"","meta":{"_sb_is_suggestion_mode":false,"_sb_show_suggestion_boards":false,"_sb_show_comment_boards":false,"_sb_suggestion_history":"","_sb_update_block_changes":"","_monsterinsights_skip_tracking":false,"_monsterinsights_sitenote_active":false,"_monsterinsights_sitenote_note":"","_monsterinsights_sitenote_category":0,"footnotes":""},"class_list":["post-1049","page","type-page","status-publish","hentry"],"_links":{"self":[{"href":"https:\/\/agripedia.ch\/pfo\/wp-json\/wp\/v2\/pages\/1049","targetHints":{"allow":["GET"]}}],"collection":[{"href":"https:\/\/agripedia.ch\/pfo\/wp-json\/wp\/v2\/pages"}],"about":[{"href":"https:\/\/agripedia.ch\/pfo\/wp-json\/wp\/v2\/types\/page"}],"author":[{"embeddable":true,"href":"https:\/\/agripedia.ch\/pfo\/wp-json\/wp\/v2\/users\/18"}],"replies":[{"embeddable":true,"href":"https:\/\/agripedia.ch\/pfo\/wp-json\/wp\/v2\/comments?post=1049"}],"version-history":[{"count":3,"href":"https:\/\/agripedia.ch\/pfo\/wp-json\/wp\/v2\/pages\/1049\/revisions"}],"predecessor-version":[{"id":1182,"href":"https:\/\/agripedia.ch\/pfo\/wp-json\/wp\/v2\/pages\/1049\/revisions\/1182"}],"up":[{"embeddable":true,"href":"https:\/\/agripedia.ch\/pfo\/wp-json\/wp\/v2\/pages\/1037"}],"wp:attachment":[{"href":"https:\/\/agripedia.ch\/pfo\/wp-json\/wp\/v2\/media?parent=1049"}],"curies":[{"name":"wp","href":"https:\/\/api.w.org\/{rel}","templated":true}]}}