{"id":27,"date":"2023-02-10T12:03:04","date_gmt":"2023-02-10T11:03:04","guid":{"rendered":"https:\/\/agripedia.ch\/pflanzliche-proteine\/?page_id=27"},"modified":"2024-12-19T15:55:38","modified_gmt":"2024-12-19T14:55:38","slug":"organisation-der-wertschoepfungskette","status":"publish","type":"page","link":"https:\/\/agripedia.ch\/pflanzliche-proteine\/organisation-der-wertschoepfungskette\/","title":{"rendered":"Organisation der Wertsch\u00f6pfungskette"},"content":{"rendered":"\n<p>Da die Produktion von H\u00fclsenfr\u00fcchten f\u00fcr die menschliche Ern\u00e4hrung in der Schweiz noch relativ neu ist, muss sich die Wertsch\u00f6pfungskette erst etablieren. Je nach Kultur gibt es noch keine strukturierte Wertsch\u00f6pfungskette und die Logistik wird ad-hoc organisiert. Kulturen wie Eiweisserbsen oder Soja sind zwar relativ verbreitet, jedoch nur f\u00fcr die Futterproduktion. F\u00fcr die menschliche Ern\u00e4hrung muss das Produkt reiner sein und dazu fehlen beispielsweise geeignete Maschinen f\u00fcr die ausreichende Reinigung. Grunds\u00e4tzlich sind die technischen Voraussetzungen vorhanden, jedoch nicht immer f\u00fcr alle Kulturen oder in den ben\u00f6tigten Kapazit\u00e4ten.<\/p>\n\n\n\n<h3 class=\"wp-block-heading\">Beschrieb der Wertsch\u00f6pfungskette<\/h3>\n\n\n\n<div class=\"wp-block-columns is-layout-flex wp-container-core-columns-is-layout-9d6595d7 wp-block-columns-is-layout-flex\">\n<div class=\"wp-block-column is-layout-flow wp-block-column-is-layout-flow\">\n<figure class=\"wp-block-image size-full agripedia-no-margin-top\"><img loading=\"lazy\" decoding=\"async\" width=\"572\" height=\"1319\" src=\"https:\/\/agripedia.ch\/pflanzliche-proteine\/wp-content\/uploads\/sites\/49\/2023\/05\/4325_D_Schema_pflanzliche-Proteine-Schweiz.jpg\" alt=\"Wertsch\u00f6pfungskette pflanzliche Proteine in der Schweiz\" class=\"wp-image-856\" srcset=\"https:\/\/agripedia.ch\/pflanzliche-proteine\/wp-content\/uploads\/sites\/49\/2023\/05\/4325_D_Schema_pflanzliche-Proteine-Schweiz.jpg 572w, https:\/\/agripedia.ch\/pflanzliche-proteine\/wp-content\/uploads\/sites\/49\/2023\/05\/4325_D_Schema_pflanzliche-Proteine-Schweiz-130x300.jpg 130w, https:\/\/agripedia.ch\/pflanzliche-proteine\/wp-content\/uploads\/sites\/49\/2023\/05\/4325_D_Schema_pflanzliche-Proteine-Schweiz-444x1024.jpg 444w\" sizes=\"auto, (max-width: 572px) 100vw, 572px\" \/><figcaption class=\"wp-element-caption\">Wertsch\u00f6pfungskette pflanzliche Proteine in der Schweiz (Quelle: eigene Darstellung)<\/figcaption><\/figure>\n<\/div>\n\n\n\n<div class=\"wp-block-column is-layout-flow wp-block-column-is-layout-flow\">\n<p><strong>Die Organisation der Wertsch\u00f6pfungskette f\u00fcr H\u00fclsenfr\u00fcchte ist bez\u00fcglich der Infrastrukturen \u00e4hnlich wie diejenige von Getreide. <\/strong>Swiss Granum ist die schweizerische Branchenorganisation f\u00fcr Getreide, \u00d6lsaaten und Eiweisspflanzen, die alle Glieder in der Wertsch\u00f6pfungskette zusammenbringt und Richtlinien erarbeitet.<\/p>\n\n\n\n<p>Aus der obigen Grafik ist die Wertsch\u00f6pfungskette f\u00fcr H\u00fclsenfr\u00fcchte ersichtlich. Das Produkt wird nach der Ernte zur <strong>Sammelstelle <\/strong>transportiert und mit Hilfe von Sieben sortiert und mit Heissluft bis ca. 13 &#8211; 13.5 % Feuchtigkeit getrocknet. F\u00fcr diesen Prozess k\u00f6nnen oft Maschinen eingesetzt werden, die auch f\u00fcr Getreide verwendet werden. Nach dieser ersten Sortierung durchgeht die Ware eine <strong>Spezialreinigung<\/strong>, um ein nahezu 100 % reines und, falls gew\u00fcnscht, gesch\u00e4ltes Produkt zu erhalten. F\u00fcr diesen Prozess werden spezielle Maschinen ben\u00f6tigt, die das Produkt nach physischen Merkmalen wie Farbe, Form, Gewicht usw. sortieren. Das reine und eventuell gesch\u00e4lte Produkt wird dann teils in <strong>M\u00fchlen <\/strong>verarbeitet.<\/p>\n\n\n\n<p>Folgende Punkte unterscheiden sich haupts\u00e4chlich von der Getreideverarbeitung:<\/p>\n\n\n\n<ul class=\"wp-block-list\">\n<li>Da es sich oft um geringe Mengen handelt, gibt es nur wenige Sammelstellen, die H\u00fclsenfr\u00fcchte \u00fcbernehmen. Sammelstellen m\u00fcssen \u00fcber kleine Trockner verf\u00fcgen, die Mengen \u00fcber einige Tonnen annehmen oder Paloxentrockner haben die noch kleinere Chargen akzeptieren k\u00f6nnen.<\/li>\n\n\n\n<li>F\u00fcr die Spezialreinigung braucht man spezielle Maschinen, auch dort liegen die akzeptierten Mindestmengen bei einigen Tonnen. <strong>Nur wenige M\u00fchlen oder Sammelstellen verf\u00fcgen \u00fcber das n\u00f6tige Knowhow und die entsprechenden Maschinen.<\/strong> Die Firma Eichm\u00fchle AG hat als erstes Unternehmen in der Schweiz in neue Maschinen investiert, um ein Endprodukt mit einem Reinheitsgrad von 99,9 % zu garantieren.<\/li>\n<\/ul>\n\n\n\n<p><strong>Die gr\u00f6sste Herausforderung liegt nicht in den fehlenden Infrastrukturen, sondern in den Kapazit\u00e4ten. Aktuell sind die Mengen noch gering, bei steigender Produktion stellt sich aber die Frage nach den Kapazit\u00e4ten zur Lagerung und Sortierung von H\u00fclsenfr\u00fcchten.<\/strong><\/p>\n<\/div>\n<\/div>\n\n\n\n<h3 class=\"wp-block-heading\">Warum es (noch) keine Schweizer Fleischersatzprodukte gibt<\/h3>\n\n\n\n<p>Wie oben erl\u00e4utert, gibt es in der Schweiz bereits Strukturen zur Produktion und  Verarbeitung von H\u00fclsenfr\u00fcchten. Je nach Komplexit\u00e4t des Endprodukts sind aber noch zus\u00e4tzliche Schritte erforderlich, die im Kapitel \u00abVerarbeitungsstufen\u00bb beschrieben werden. <\/p>\n\n\n\n<p>Die Komplexit\u00e4t der Wertsch\u00f6pfungskette nimmt zu, je st\u00e4rker das Produkt verarbeitet werden muss. So sind die Verarbeitungsschritte bis zum H\u00fclsenfruchtmehl weitestgehend vorhanden. Je nach Menge und Produkt kann es aber schon hier Herausforderungen geben. Es sind zurzeit vor allem Produkte zum direkten Verzehr oder leicht verarbeitete Produkte, die die gesamte Wertsch\u00f6pfungskette in der Schweiz haben.<\/p>\n\n\n\n<p>F\u00fcr die Herstellung von Fleischersatzprodukten k\u00f6nnen nicht einfach die ganzen H\u00fclsenfr\u00fcchte verwendet werden. F\u00fcr die Extrusion sind Proteinkonzentrate oder -isolate n\u00f6tig. Da dieser grundlegende Prozess in der Schweiz bisher nicht existiert, gibt es noch keine Schweizer Fleischersatzprodukte. Die Technologien zur Extrusion werden jedoch angewendet und weiterentwickelt (z. B. Planted, Hilcona). Es gibt in der Schweiz auch wichtige Akteure\/innen, wie beispielsweise die ETH oder B\u00fchler, die Maschinen herstellen und \u00fcber die neusten Technologien verf\u00fcgen.<\/p>\n\n\n\n<p><strong>Mit Protaneo, dem Joint Venture zwischen der Groupe Minoteries SA, IP-SUISSE und Feldkost AG gibt es einen ersten Vorstoss hin zu einem Schweizer Fleischersatzprodukt. Das gewonnene Proteinkonzentrat aus Schweizer Ackerbohnen und Gelberbsen wird durch Trockenextrusion ein Produkt hergestellt, das wie Hackfleisch verwendet werden kann. <\/strong> <\/p>\n\n\n\n<p><strong>Neben Protaneo ist <a href=\"https:\/\/proteinas.ch\/\" data-type=\"link\" data-id=\"https:\/\/proteinas.ch\/\" target=\"_blank\" rel=\"noreferrer noopener\">Proteinas <\/a>derzeit (2024) der einzige Akteur in der Schweiz, der aus Schweizer Eiweisspflanzen (Soja, Ackerbohne und Hafer) ein fl\u00fcssiges Proteinkonzentrat f\u00fcr die Verwendung in verschiedenen Lebensmittelprozessen herstellt.<\/strong><\/p>\n\n\n\n<p>Das Verfahren zur Gewinnung von Proteinisolat ist sehr komplex, ben\u00f6tigt viel Wasser und Energie und wirtschaftlich nur durch einen Skaleneffekt m\u00f6glich. Deshalb fehlt dieser Prozess derzeit in der Schweiz und es ist fraglich, ob die Entwicklung dieses Verarbeitungsschrittes in der Schweiz Sinn macht.<\/p>\n\n\n\n<figure class=\"wp-block-image size-large is-resized\"><img loading=\"lazy\" decoding=\"async\" width=\"1024\" height=\"683\" src=\"https:\/\/agripedia.ch\/pflanzliche-proteine\/wp-content\/uploads\/sites\/49\/2022\/12\/Powder-1024x683.jpg\" alt=\"\" class=\"wp-image-334\" style=\"width:717px;height:478px\" srcset=\"https:\/\/agripedia.ch\/pflanzliche-proteine\/wp-content\/uploads\/sites\/49\/2022\/12\/Powder-1024x683.jpg 1024w, https:\/\/agripedia.ch\/pflanzliche-proteine\/wp-content\/uploads\/sites\/49\/2022\/12\/Powder-300x200.jpg 300w, https:\/\/agripedia.ch\/pflanzliche-proteine\/wp-content\/uploads\/sites\/49\/2022\/12\/Powder-768x512.jpg 768w, https:\/\/agripedia.ch\/pflanzliche-proteine\/wp-content\/uploads\/sites\/49\/2022\/12\/Powder-1536x1024.jpg 1536w, https:\/\/agripedia.ch\/pflanzliche-proteine\/wp-content\/uploads\/sites\/49\/2022\/12\/Powder-1200x800.jpg 1200w, https:\/\/agripedia.ch\/pflanzliche-proteine\/wp-content\/uploads\/sites\/49\/2022\/12\/Powder.jpg 1920w\" sizes=\"auto, (max-width: 1024px) 100vw, 1024px\" \/><\/figure>\n","protected":false},"excerpt":{"rendered":"<p>Da die Produktion von H\u00fclsenfr\u00fcchten f\u00fcr die menschliche Ern\u00e4hrung in der Schweiz noch relativ neu ist, muss sich die Wertsch\u00f6pfungskette erst etablieren. Je nach Kultur gibt es noch keine strukturierte Wertsch\u00f6pfungskette und die Logistik wird ad-hoc organisiert. Kulturen wie Eiweisserbsen oder Soja sind zwar relativ verbreitet, jedoch nur f\u00fcr die Futterproduktion. F\u00fcr die menschliche Ern\u00e4hrung [&hellip;]<\/p>\n","protected":false},"author":26,"featured_media":0,"parent":0,"menu_order":0,"comment_status":"closed","ping_status":"closed","template":"","meta":{"_sb_is_suggestion_mode":false,"_sb_show_suggestion_boards":false,"_sb_show_comment_boards":false,"_sb_suggestion_history":"","_sb_update_block_changes":"","_monsterinsights_skip_tracking":false,"_monsterinsights_sitenote_active":false,"_monsterinsights_sitenote_note":"","_monsterinsights_sitenote_category":0,"footnotes":""},"class_list":["post-27","page","type-page","status-publish","hentry"],"_links":{"self":[{"href":"https:\/\/agripedia.ch\/pflanzliche-proteine\/wp-json\/wp\/v2\/pages\/27","targetHints":{"allow":["GET"]}}],"collection":[{"href":"https:\/\/agripedia.ch\/pflanzliche-proteine\/wp-json\/wp\/v2\/pages"}],"about":[{"href":"https:\/\/agripedia.ch\/pflanzliche-proteine\/wp-json\/wp\/v2\/types\/page"}],"author":[{"embeddable":true,"href":"https:\/\/agripedia.ch\/pflanzliche-proteine\/wp-json\/wp\/v2\/users\/26"}],"replies":[{"embeddable":true,"href":"https:\/\/agripedia.ch\/pflanzliche-proteine\/wp-json\/wp\/v2\/comments?post=27"}],"version-history":[{"count":29,"href":"https:\/\/agripedia.ch\/pflanzliche-proteine\/wp-json\/wp\/v2\/pages\/27\/revisions"}],"predecessor-version":[{"id":960,"href":"https:\/\/agripedia.ch\/pflanzliche-proteine\/wp-json\/wp\/v2\/pages\/27\/revisions\/960"}],"wp:attachment":[{"href":"https:\/\/agripedia.ch\/pflanzliche-proteine\/wp-json\/wp\/v2\/media?parent=27"}],"curies":[{"name":"wp","href":"https:\/\/api.w.org\/{rel}","templated":true}]}}