{"id":13,"date":"2023-02-10T12:02:40","date_gmt":"2023-02-10T11:02:40","guid":{"rendered":"https:\/\/agripedia.ch\/pflanzliche-proteine\/?page_id=13"},"modified":"2023-05-04T16:02:37","modified_gmt":"2023-05-04T14:02:37","slug":"marktentwicklung-und-politik","status":"publish","type":"page","link":"https:\/\/agripedia.ch\/pflanzliche-proteine\/marktentwicklung-und-politik\/","title":{"rendered":"Marktentwicklung und Politik"},"content":{"rendered":"\n<p>Pflanzliche Proteine \u200b\u200bstehen seit einiger Zeit aus vielerlei Gr\u00fcnden im Mittelpunkt der \u00f6ffentlichen Aufmerksamkeit. Sie werden als Erg\u00e4nzung einer abwechslungsreichen Ern\u00e4hrung konsumiert oder dienen als Grundlage f\u00fcr die Herstellung neuer Produkte als Milch- oder Fleischersatz.<\/p>\n\n\n\n<p>Verschiedene Gr\u00fcnde motivieren Konsumierende dazu, vermehrt pflanzliche Proteine zu essen. Einerseits machen sich Konsument\/innen vermehrt \u00f6kologische \u00dcberlegungen, um die negativen Umwelteinfl\u00fcsse der Ern\u00e4hrung zu reduzieren und essen somit weniger Fleisch. Andere reduzieren den Fleischkonsum aus gesundheitlichen sowie ethischen Gr\u00fcnden oder m\u00f6gen einfach die Abwechslung.<\/p>\n\n\n\n<p id=\"_ftnref2\">Entgegen der g\u00e4ngigen Meinung sind Produkte aus pflanzlichen Proteinen nicht auf Veganerinnen oder Vegetarier ausgerichtet, sondern auf die sogenannten Flexitarier\/innen, die bewusst den Konsum von tierischen Produkten reduzieren wollen. Je nach Erhebung sind dieser Kategorie 20 bis 50 % der Schweizerinnen und Schweizer zu zuordnen, w\u00e4hrend sich etwa 5 % vegan oder vegetarisch ern\u00e4hren<a href=\"#_ftn1\" title=\"\">[1]<\/a><a href=\"https:\/\/agripedia.ch\/pflanzliche-proteine\/wp-admin\/post.php?post=13&amp;action=edit#_ftn4\">[<\/a><a href=\"#_ftn2\" title=\"\">2<\/a><a href=\"https:\/\/agripedia.ch\/pflanzliche-proteine\/wp-admin\/post.php?post=13&amp;action=edit#_ftn4\">]<\/a>.<\/p>\n\n\n\n<p>Obwohl sich diese Produkte im Vergleich zu Fleisch noch in der Nische befinden, w\u00e4chst der Absatz seit 2015 sehr stark, wie aus dem nachstehenden Diagramm klar ersichtlich ist. Grosse Verarbeiter wie Emmi, Elsa oder auch Micarna haben den Trend schon lange erkannt und investieren in diese neuen Produktlinien. Dementsprechend ist die Entwicklung auch im Produktsortiment der Grossverteiler sichtbar, das st\u00e4ndig weiter w\u00e4chst und erneuert wird.<\/p>\n\n\n\n<figure class=\"wp-block-image size-full\"><img loading=\"lazy\" decoding=\"async\" width=\"731\" height=\"410\" src=\"https:\/\/agripedia.ch\/pflanzliche-proteine\/wp-content\/uploads\/sites\/49\/2022\/12\/Umsatz-Fleischersatzprodukte.png\" alt=\"\" class=\"wp-image-94\" srcset=\"https:\/\/agripedia.ch\/pflanzliche-proteine\/wp-content\/uploads\/sites\/49\/2022\/12\/Umsatz-Fleischersatzprodukte.png 731w, https:\/\/agripedia.ch\/pflanzliche-proteine\/wp-content\/uploads\/sites\/49\/2022\/12\/Umsatz-Fleischersatzprodukte-300x168.png 300w\" sizes=\"auto, (max-width: 731px) 100vw, 731px\" \/><figcaption class=\"wp-element-caption\">Grafik 1. Absatz von pflanzenbasierten Produkten in Tonnen. Quelle: BLW<\/figcaption><\/figure>\n\n\n\n<p>Neben den Fleischersatzprodukten entwickelt sich der Markt auch stark f\u00fcr pflanzliche Milchalternativen. Die Auswahl an Erzeugnisse ist in den letzten Jahren stark angestiegen. Neben der klassischen Sojamilch gibt es Produkte aus Mandel, Haselnuss, Kokosnuss, verschiedenen Getreidesorten usw. F\u00fcr die beliebte Hafermilch gibt es ein Produkt aus Schweizer Hafer, die anderen werden aus ausl\u00e4ndischem Rohmaterial hergestellt. Auch K\u00e4sealternativen auf pflanzlicher Basis werden mittlerweile produziert.<\/p>\n\n\n\n<p>Obwohl sich der Nachfrageanstieg im letzten Jahr verlangsamt hat, w\u00e4chst das Bed\u00fcrfnis stetig und ein entsprechend interessanter Umsatz wird erreicht (Grafik 2). Der  \u00ab<a href=\"https:\/\/www.coop.ch\/content\/dam\/insieme\/plantbased-report-2023\/Coop-Plant-Based-Food-Report-2023_D.pdf\" title=\"\">Plant Based Food Report 2023<\/a>\u00bb von COOP hat den Markt genau unter der Lupe genommen. Es ist interessant zu sehen, dass alle Fleischersatzprodukte gewachsen sind, aber der Schnitzel-, Geschnetzeltes- und Burger-Ersatz die drei f\u00fchrenden Produkte sind. <\/p>\n\n\n\n<p>Hummus, Falafel, Gem\u00fcsehamburger sowie unverarbeitete H\u00fclsenfr\u00fcchte wurden in der Studie nicht ber\u00fccksichtigt.<\/p>\n\n\n\n<figure class=\"wp-block-image size-full\"><img loading=\"lazy\" decoding=\"async\" width=\"896\" height=\"863\" src=\"https:\/\/agripedia.ch\/pflanzliche-proteine\/wp-content\/uploads\/sites\/49\/2023\/02\/Coop.png\" alt=\"\" class=\"wp-image-523\" srcset=\"https:\/\/agripedia.ch\/pflanzliche-proteine\/wp-content\/uploads\/sites\/49\/2023\/02\/Coop.png 896w, https:\/\/agripedia.ch\/pflanzliche-proteine\/wp-content\/uploads\/sites\/49\/2023\/02\/Coop-300x289.png 300w, https:\/\/agripedia.ch\/pflanzliche-proteine\/wp-content\/uploads\/sites\/49\/2023\/02\/Coop-768x740.png 768w\" sizes=\"auto, (max-width: 896px) 100vw, 896px\" \/><figcaption class=\"wp-element-caption\">Grafik 2. Umsatzentwicklung Fleischersatzprodukte in Mio. CHF von 2017 bis 2022. Quelle: Plant based food report 2023 <a href=\"https:\/\/www.coop.ch\/content\/dam\/insieme\/plantbased-report-2023\/Coop-Plant-Based-Food-Report-2023_D.pdf\" target=\"_blank\" rel=\"noopener\" title=\"\">COOP<\/a><\/figcaption><\/figure>\n\n\n\n<h2 class=\"wp-block-heading\">Import<\/h2>\n\n\n\n<p>Im Unterschied zu anderen L\u00e4ndern profitiert in der Schweiz die Landwirtschaft momentan kaum von diesem Trend. Aus verschiedenen Gr\u00fcnden werden die meisten H\u00fclsenfr\u00fcchte f\u00fcr den direkten Verzehr sowie die Rohstoffe f\u00fcr pflanzliche Milch- oder Fleischersatzprodukte importiert: Mangelnde Verf\u00fcgbarkeit, Qualit\u00e4t, fehlende Produktionsstufen usw. Der Import erfolgt entweder in Form des fertigen Produkts, als Extrudat bzw. Konzentrat oder als unverarbeitetes Rohmaterial. <\/p>\n\n\n\n<p>Der Importanteil der Ausgangsprodukte ist dementsprechend hoch, es gibt jedoch nicht f\u00fcr jede Kategorie genaue Angaben dazu. Auf den Anteil importierte, unverarbeitete H\u00fclsenfr\u00fcchte gehen wir im Teil \u00abAusgew\u00e4hlte Ackerkulturen\u00bb ein. Die nachstehende Grafik zeigt den Anstieg an importiertem Mehl, Griess oder Pulver aus H\u00fclsenfr\u00fcchten f\u00fcr die menschliche Ern\u00e4hrung. Der Import nimmt seit dem Jahr 2000 stetig zu und steigt seit 2014 steil an. Proteinkonzentrate sowie -isolate werden vom Zoll nicht als eigene Kategorie erfasst, es ist daher nicht m\u00f6glich zu sagen, welche Mengen importiert werden und wie sich der Import in den letzten Jahren entwickelt hat.<\/p>\n\n\n\n<figure class=\"wp-block-image size-large\"><img loading=\"lazy\" decoding=\"async\" width=\"1024\" height=\"576\" src=\"https:\/\/agripedia.ch\/pflanzliche-proteine\/wp-content\/uploads\/sites\/49\/2023\/02\/Import_Mehl-1024x576.jpg\" alt=\"\" class=\"wp-image-540\" srcset=\"https:\/\/agripedia.ch\/pflanzliche-proteine\/wp-content\/uploads\/sites\/49\/2023\/02\/Import_Mehl-1024x576.jpg 1024w, https:\/\/agripedia.ch\/pflanzliche-proteine\/wp-content\/uploads\/sites\/49\/2023\/02\/Import_Mehl-300x169.jpg 300w, https:\/\/agripedia.ch\/pflanzliche-proteine\/wp-content\/uploads\/sites\/49\/2023\/02\/Import_Mehl-768x432.jpg 768w, https:\/\/agripedia.ch\/pflanzliche-proteine\/wp-content\/uploads\/sites\/49\/2023\/02\/Import_Mehl-1200x675.jpg 1200w, https:\/\/agripedia.ch\/pflanzliche-proteine\/wp-content\/uploads\/sites\/49\/2023\/02\/Import_Mehl.jpg 1280w\" sizes=\"auto, (max-width: 1024px) 100vw, 1024px\" \/><figcaption class=\"wp-element-caption\">Importmengen von Mehl, Griess und Pulver aus H\u00fclsenfr\u00fcchten f\u00fcr die menschliche Ern\u00e4hrung, seit 2000. Quelle: BAZG<\/figcaption><\/figure>\n\n\n\n<p><\/p>\n\n\n\n<h2 class=\"wp-block-heading\">Politik und Rahmenbedingungen<\/h2>\n\n\n\n<p id=\"_ftnref3\">Im Vergleich zu anderen Ackerkulturen gab es f\u00fcr H\u00fclsenfr\u00fcchte f\u00fcr die menschliche Ern\u00e4hrung bis anhin keine St\u00fctzungen wie Grenzschutz oder Marktst\u00fctzung. Diese gab es lediglich f\u00fcr K\u00f6rnerleguminosen zu Futterzwecken. <strong>Ab 2023 wird die F\u00f6rderung von K\u00f6rnerleguminosen zu Futterzwecken auf K\u00f6rnerleguminosen f\u00fcr die menschliche Ern\u00e4hrung ausgeweitet<\/strong>. Die St\u00fctzung von 1000 Franken pro Hektare und Jahr (Einzelkulturbeitr\u00e4ge) wird f\u00fcr folgende sechs Kulturen ausgerichtet: Phaseolus (Bohnen), Pisum (Erbsen), Lupinus (Lupinen), Vicia (Wicken), Cicer (Kichererbsen) und Lens (Linsen).<a href=\"https:\/\/agripedia.ch\/pflanzliche-proteine\/wp-admin\/post.php?post=13&amp;action=edit#_ftn3\">[<\/a><a href=\"#_ftn3\" title=\"\">3<\/a><a href=\"https:\/\/agripedia.ch\/pflanzliche-proteine\/wp-admin\/post.php?post=13&amp;action=edit#_ftn3\">]<\/a><\/p>\n\n\n\n<p>Der fehlende Grenzschutz und Marktst\u00fctzung f\u00fchren zu sehr viel h\u00f6heren Preisen f\u00fcr in der Schweiz produzierte Produkte. Das hat zur Folge, dass ein Grossteil der in der Schweiz produzierten H\u00fclsenfr\u00fcchten biologisch angebaut werden, da hier der Mehrpreis einfacher weitergegeben und kommuniziert werden kann.<\/p>\n\n\n\n<p>Generell ist die Preisbildung noch flexibel. Aufgrund der geringen Mengen und fehlenden Datengrundlage gibt es noch keine Richtpreise f\u00fcr H\u00fclsenfr\u00fcchte zur menschlichen Ern\u00e4hrung, diese richten sich meistens nach Futterleguminosen. Andererseits handelt es sich h\u00e4ufig um Pionierbetriebe und \u2013kulturen, wo die Produktion direkt vermarktet wird und die Preise individuell verhandelt werden.<\/p>\n\n\n\n<hr class=\"wp-block-separator has-css-opacity\"\/>\n\n\n\n<p id=\"_ftn1\"><a href=\"#_ftnref1\" title=\"\">[1]<\/a> Laut einer Umfrage von Swissveg (2020) sind knapp 20 % der Schweizer Bev\u00f6lkerung Flexitarier.<\/p>\n\n\n\n<p id=\"_ftn2\"><a href=\"#_ftnref2\" title=\"\">[2]<\/a> Laut der Studie von COOP (2021) verzichten 58 % der Schweizer\/innen mehrmals pro Monat oder h\u00e4ufiger bewusst auf tierische Produkte.<\/p>\n\n\n\n<p id=\"_ftn3\"><a href=\"#_ftnref3\" title=\"\">[3]<\/a> <a href=\"https:\/\/www.blw.admin.ch\/blw\/de\/home\/politik\/agrarpolitik\/agrarpakete-aktuell\/verordnungspaket_2022.html\" title=\"\">https:\/\/www.blw.admin.ch\/blw\/de\/home\/politik\/agrarpolitik\/agrarpakete-aktuell\/verordnungspaket_2022.html<\/a><\/p>\n","protected":false},"excerpt":{"rendered":"<p>Pflanzliche Proteine \u200b\u200bstehen seit einiger Zeit aus vielerlei Gr\u00fcnden im Mittelpunkt der \u00f6ffentlichen Aufmerksamkeit. Sie werden als Erg\u00e4nzung einer abwechslungsreichen Ern\u00e4hrung konsumiert oder dienen als Grundlage f\u00fcr die Herstellung neuer Produkte als Milch- oder Fleischersatz. Verschiedene Gr\u00fcnde motivieren Konsumierende dazu, vermehrt pflanzliche Proteine zu essen. Einerseits machen sich Konsument\/innen vermehrt \u00f6kologische \u00dcberlegungen, um die negativen [&hellip;]<\/p>\n","protected":false},"author":26,"featured_media":0,"parent":0,"menu_order":0,"comment_status":"closed","ping_status":"closed","template":"","meta":{"_sb_is_suggestion_mode":false,"_sb_show_suggestion_boards":false,"_sb_show_comment_boards":false,"_sb_suggestion_history":"","_sb_update_block_changes":"","_monsterinsights_skip_tracking":false,"_monsterinsights_sitenote_active":false,"_monsterinsights_sitenote_note":"","_monsterinsights_sitenote_category":0,"footnotes":""},"class_list":["post-13","page","type-page","status-publish","hentry"],"_links":{"self":[{"href":"https:\/\/agripedia.ch\/pflanzliche-proteine\/wp-json\/wp\/v2\/pages\/13","targetHints":{"allow":["GET"]}}],"collection":[{"href":"https:\/\/agripedia.ch\/pflanzliche-proteine\/wp-json\/wp\/v2\/pages"}],"about":[{"href":"https:\/\/agripedia.ch\/pflanzliche-proteine\/wp-json\/wp\/v2\/types\/page"}],"author":[{"embeddable":true,"href":"https:\/\/agripedia.ch\/pflanzliche-proteine\/wp-json\/wp\/v2\/users\/26"}],"replies":[{"embeddable":true,"href":"https:\/\/agripedia.ch\/pflanzliche-proteine\/wp-json\/wp\/v2\/comments?post=13"}],"version-history":[{"count":23,"href":"https:\/\/agripedia.ch\/pflanzliche-proteine\/wp-json\/wp\/v2\/pages\/13\/revisions"}],"predecessor-version":[{"id":872,"href":"https:\/\/agripedia.ch\/pflanzliche-proteine\/wp-json\/wp\/v2\/pages\/13\/revisions\/872"}],"wp:attachment":[{"href":"https:\/\/agripedia.ch\/pflanzliche-proteine\/wp-json\/wp\/v2\/media?parent=13"}],"curies":[{"name":"wp","href":"https:\/\/api.w.org\/{rel}","templated":true}]}}