{"id":127,"date":"2023-02-10T11:43:30","date_gmt":"2023-02-10T10:43:30","guid":{"rendered":"https:\/\/agripedia.ch\/pflanzliche-proteine\/?page_id=127"},"modified":"2025-10-13T10:00:42","modified_gmt":"2025-10-13T08:00:42","slug":"pflanzliche-proteine-in-der-schweiz","status":"publish","type":"page","link":"https:\/\/agripedia.ch\/pflanzliche-proteine\/","title":{"rendered":"Pflanzliche Proteine in der Schweiz (H\u00fclsenfr\u00fcchte)"},"content":{"rendered":"\n<p>Die Nachfrage nach pflanzlichem Eiweiss nimmt in der Schweiz zu, unabh\u00e4ngig davon, ob es sich um getrocknete H\u00fclsenfr\u00fcchte, leicht verarbeitete Produkte wie Tofu und Hummus oder stark verarbeitete Produkte wie Fleischersatzprodukte handelt. Die pflanzlichen Rohstoffe stammen aber meistens aus dem Ausland. Mit dieser Seite m\u00f6chten wir einen \u00dcberblick zum Thema geben und die Herausforderungen auf den verschiedenen Stufen der Wertsch\u00f6pfungskette aufzeigen. Ausserdem wollen wir beleuchten, welche Schritte notwendig sind, damit die Schweizer Landwirtschaft von diesem Trend profitieren kann.<\/p>\n\n\n\n<p>Viele Informationen wurden auf der Grundlage der <strong><a href=\"https:\/\/www.blw.admin.ch\/dam\/blw\/de\/dokumente\/ackerkulturen_zur_lebensmittelproduktion.pdf.download.pdf\/Potenziale%20ausgew%C3%A4hlter%20Ackerkulturen%20zur%20Lebensmittelproduktion.pdf\" target=\"_blank\" rel=\"noreferrer noopener\">BLW-Studie<\/a><\/strong> erstellt, f\u00fcr die wir uns bedanken. Als Mitglied des vom Strickhof geleiteten Netzwerks \u00ab<a href=\"https:\/\/www.strickhof.ch\/publikationen\/netzwerk-protein-power\/\" target=\"_blank\" rel=\"noopener\" title=\"\"><strong>Protein Power<\/strong>\u00bb<\/a>, konnten wir von Informationen aus erster Hand profitieren und unser Netzwerk im Thema erweitern. Dank der Interviews mit den Expertinnen und Experten der Wertsch\u00f6pfungskette, von der Produktion \u00fcber die Verarbeitung bis hin zum Konsum, konnten wir diese Seite mit wertvollen Einsichten aus der Praxis erg\u00e4nzen.<\/p>\n\n\n\n<p><\/p>\n\n\n\n<div class=\"wp-block-columns is-layout-flex wp-container-core-columns-is-layout-9d6595d7 wp-block-columns-is-layout-flex\">\n<div class=\"wp-block-column is-layout-flow wp-block-column-is-layout-flow\">\n<div class=\"wp-block-cover is-light agripedia-teaser-block in-Vorbereitung\"><img loading=\"lazy\" decoding=\"async\" width=\"1920\" height=\"1280\" class=\"wp-block-cover__image-background wp-image-488\" alt=\"\" src=\"https:\/\/agripedia.ch\/pflanzliche-proteine\/wp-content\/uploads\/sites\/49\/2023\/02\/Marktentwicklung-1.jpg\" data-object-fit=\"cover\" srcset=\"https:\/\/agripedia.ch\/pflanzliche-proteine\/wp-content\/uploads\/sites\/49\/2023\/02\/Marktentwicklung-1.jpg 1920w, https:\/\/agripedia.ch\/pflanzliche-proteine\/wp-content\/uploads\/sites\/49\/2023\/02\/Marktentwicklung-1-300x200.jpg 300w, https:\/\/agripedia.ch\/pflanzliche-proteine\/wp-content\/uploads\/sites\/49\/2023\/02\/Marktentwicklung-1-1024x683.jpg 1024w, https:\/\/agripedia.ch\/pflanzliche-proteine\/wp-content\/uploads\/sites\/49\/2023\/02\/Marktentwicklung-1-768x512.jpg 768w, https:\/\/agripedia.ch\/pflanzliche-proteine\/wp-content\/uploads\/sites\/49\/2023\/02\/Marktentwicklung-1-1536x1024.jpg 1536w, https:\/\/agripedia.ch\/pflanzliche-proteine\/wp-content\/uploads\/sites\/49\/2023\/02\/Marktentwicklung-1-1200x800.jpg 1200w\" sizes=\"auto, (max-width: 1920px) 100vw, 1920px\" \/><span aria-hidden=\"true\" class=\"wp-block-cover__background has-background-dim-0 has-background-dim\"><\/span><div class=\"wp-block-cover__inner-container is-layout-flow wp-block-cover-is-layout-flow\">\n<p class=\"has-text-align-center has-large-font-size\"><a href=\"https:\/\/agripedia.ch\/pflanzliche-proteine\/marktentwicklung-und-politik\/\" title=\"Marktentwicklung und Politik\">Marktentwicklung<\/a><\/p>\n<\/div><\/div>\n<\/div>\n\n\n\n<div class=\"wp-block-column is-layout-flow wp-block-column-is-layout-flow\">\n<div class=\"wp-block-cover agripedia-teaser-block\"><img loading=\"lazy\" decoding=\"async\" width=\"1920\" height=\"1281\" class=\"wp-block-cover__image-background wp-image-141\" alt=\"\" src=\"https:\/\/agripedia.ch\/pflanzliche-proteine\/wp-content\/uploads\/sites\/49\/2022\/12\/legume-allgemein-1.jpg\" style=\"object-position:58% 60%\" data-object-fit=\"cover\" data-object-position=\"58% 60%\" srcset=\"https:\/\/agripedia.ch\/pflanzliche-proteine\/wp-content\/uploads\/sites\/49\/2022\/12\/legume-allgemein-1.jpg 1920w, https:\/\/agripedia.ch\/pflanzliche-proteine\/wp-content\/uploads\/sites\/49\/2022\/12\/legume-allgemein-1-300x200.jpg 300w, https:\/\/agripedia.ch\/pflanzliche-proteine\/wp-content\/uploads\/sites\/49\/2022\/12\/legume-allgemein-1-1024x683.jpg 1024w, https:\/\/agripedia.ch\/pflanzliche-proteine\/wp-content\/uploads\/sites\/49\/2022\/12\/legume-allgemein-1-768x512.jpg 768w, https:\/\/agripedia.ch\/pflanzliche-proteine\/wp-content\/uploads\/sites\/49\/2022\/12\/legume-allgemein-1-1536x1025.jpg 1536w, https:\/\/agripedia.ch\/pflanzliche-proteine\/wp-content\/uploads\/sites\/49\/2022\/12\/legume-allgemein-1-1200x801.jpg 1200w\" sizes=\"auto, (max-width: 1920px) 100vw, 1920px\" \/><span aria-hidden=\"true\" class=\"wp-block-cover__background has-background-dim-0 has-background-dim\"><\/span><div class=\"wp-block-cover__inner-container is-layout-flow wp-block-cover-is-layout-flow\">\n<p class=\"has-large-font-size\"><a href=\"https:\/\/agripedia.ch\/pflanzliche-proteine\/ausgewaehlte-ackerkulturen\/\" title=\"Ausgew\u00e4hlte Ackerkulturen\">Ausgew\u00e4hlte Ackerkulturen<\/a><\/p>\n<\/div><\/div>\n<\/div>\n<\/div>\n\n\n\n<div class=\"wp-block-columns is-layout-flex wp-container-core-columns-is-layout-9d6595d7 wp-block-columns-is-layout-flex\">\n<div class=\"wp-block-column is-layout-flow wp-block-column-is-layout-flow\">\n<div class=\"wp-block-cover is-light agripedia-teaser-block\"><img loading=\"lazy\" decoding=\"async\" width=\"1920\" height=\"1368\" class=\"wp-block-cover__image-background wp-image-143\" alt=\"\" src=\"https:\/\/agripedia.ch\/pflanzliche-proteine\/wp-content\/uploads\/sites\/49\/2022\/12\/Verarbeitungsstufen.jpg\" data-object-fit=\"cover\" srcset=\"https:\/\/agripedia.ch\/pflanzliche-proteine\/wp-content\/uploads\/sites\/49\/2022\/12\/Verarbeitungsstufen.jpg 1920w, https:\/\/agripedia.ch\/pflanzliche-proteine\/wp-content\/uploads\/sites\/49\/2022\/12\/Verarbeitungsstufen-300x214.jpg 300w, https:\/\/agripedia.ch\/pflanzliche-proteine\/wp-content\/uploads\/sites\/49\/2022\/12\/Verarbeitungsstufen-1024x730.jpg 1024w, https:\/\/agripedia.ch\/pflanzliche-proteine\/wp-content\/uploads\/sites\/49\/2022\/12\/Verarbeitungsstufen-768x547.jpg 768w, https:\/\/agripedia.ch\/pflanzliche-proteine\/wp-content\/uploads\/sites\/49\/2022\/12\/Verarbeitungsstufen-1536x1094.jpg 1536w, https:\/\/agripedia.ch\/pflanzliche-proteine\/wp-content\/uploads\/sites\/49\/2022\/12\/Verarbeitungsstufen-1200x855.jpg 1200w\" sizes=\"auto, (max-width: 1920px) 100vw, 1920px\" \/><span aria-hidden=\"true\" class=\"wp-block-cover__background has-background-dim-0 has-background-dim\"><\/span><div class=\"wp-block-cover__inner-container is-layout-flow wp-block-cover-is-layout-flow\">\n<p class=\"has-text-align-center has-large-font-size\"><a href=\"https:\/\/agripedia.ch\/pflanzliche-proteine\/verarbeitungsstufen\/\" title=\"Verarbeitungsstufen\">Verarbeitungsstufen<\/a><\/p>\n<\/div><\/div>\n<\/div>\n\n\n\n<div class=\"wp-block-column is-layout-flow wp-block-column-is-layout-flow\">\n<div class=\"wp-block-cover is-light agripedia-teaser-block\"><img loading=\"lazy\" decoding=\"async\" width=\"2560\" height=\"1920\" class=\"wp-block-cover__image-background wp-image-486\" alt=\"\" src=\"https:\/\/agripedia.ch\/pflanzliche-proteine\/wp-content\/uploads\/sites\/49\/2023\/02\/Getreide-Silos-Eichmuehle-3.jpg\" data-object-fit=\"cover\" srcset=\"https:\/\/agripedia.ch\/pflanzliche-proteine\/wp-content\/uploads\/sites\/49\/2023\/02\/Getreide-Silos-Eichmuehle-3.jpg 2560w, https:\/\/agripedia.ch\/pflanzliche-proteine\/wp-content\/uploads\/sites\/49\/2023\/02\/Getreide-Silos-Eichmuehle-3-300x225.jpg 300w, https:\/\/agripedia.ch\/pflanzliche-proteine\/wp-content\/uploads\/sites\/49\/2023\/02\/Getreide-Silos-Eichmuehle-3-1024x768.jpg 1024w, https:\/\/agripedia.ch\/pflanzliche-proteine\/wp-content\/uploads\/sites\/49\/2023\/02\/Getreide-Silos-Eichmuehle-3-768x576.jpg 768w, https:\/\/agripedia.ch\/pflanzliche-proteine\/wp-content\/uploads\/sites\/49\/2023\/02\/Getreide-Silos-Eichmuehle-3-1536x1152.jpg 1536w, https:\/\/agripedia.ch\/pflanzliche-proteine\/wp-content\/uploads\/sites\/49\/2023\/02\/Getreide-Silos-Eichmuehle-3-2048x1536.jpg 2048w, https:\/\/agripedia.ch\/pflanzliche-proteine\/wp-content\/uploads\/sites\/49\/2023\/02\/Getreide-Silos-Eichmuehle-3-1200x900.jpg 1200w, https:\/\/agripedia.ch\/pflanzliche-proteine\/wp-content\/uploads\/sites\/49\/2023\/02\/Getreide-Silos-Eichmuehle-3-1980x1485.jpg 1980w\" sizes=\"auto, (max-width: 2560px) 100vw, 2560px\" \/><span aria-hidden=\"true\" class=\"wp-block-cover__background has-background-dim-0 has-background-dim\"><\/span><div class=\"wp-block-cover__inner-container is-layout-flow wp-block-cover-is-layout-flow\">\n<p class=\"has-text-align-center has-large-font-size\"><a href=\"https:\/\/agripedia.ch\/pflanzliche-proteine\/organisation-der-wertschoepfungskette\/\" title=\"Organisation der Wertsch\u00f6pfungskette\">Organisation der Wertsch\u00f6pfungskette<\/a><\/p>\n<\/div><\/div>\n<\/div>\n<\/div>\n\n\n\n<div class=\"wp-block-columns is-layout-flex wp-container-core-columns-is-layout-9d6595d7 wp-block-columns-is-layout-flex\">\n<div class=\"wp-block-column is-layout-flow wp-block-column-is-layout-flow\">\n<div class=\"wp-block-cover is-light agripedia-teaser-block in-bearbeitung\"><img loading=\"lazy\" decoding=\"async\" width=\"1280\" height=\"853\" class=\"wp-block-cover__image-background wp-image-1045\" alt=\"\" src=\"https:\/\/agripedia.ch\/pflanzliche-proteine\/wp-content\/uploads\/sites\/49\/2025\/02\/flowering-5375993_1280.jpg\" data-object-fit=\"cover\" srcset=\"https:\/\/agripedia.ch\/pflanzliche-proteine\/wp-content\/uploads\/sites\/49\/2025\/02\/flowering-5375993_1280.jpg 1280w, https:\/\/agripedia.ch\/pflanzliche-proteine\/wp-content\/uploads\/sites\/49\/2025\/02\/flowering-5375993_1280-300x200.jpg 300w, https:\/\/agripedia.ch\/pflanzliche-proteine\/wp-content\/uploads\/sites\/49\/2025\/02\/flowering-5375993_1280-1024x682.jpg 1024w, https:\/\/agripedia.ch\/pflanzliche-proteine\/wp-content\/uploads\/sites\/49\/2025\/02\/flowering-5375993_1280-768x512.jpg 768w, https:\/\/agripedia.ch\/pflanzliche-proteine\/wp-content\/uploads\/sites\/49\/2025\/02\/flowering-5375993_1280-1200x800.jpg 1200w\" sizes=\"auto, (max-width: 1280px) 100vw, 1280px\" \/><span aria-hidden=\"true\" class=\"wp-block-cover__background has-background-dim-0 has-background-dim\" style=\"background-color:#93a594\"><\/span><div class=\"wp-block-cover__inner-container is-layout-flow wp-block-cover-is-layout-flow\">\n<p class=\"has-text-align-center has-large-font-size\"><a href=\"https:\/\/agripedia.ch\/pflanzliche-proteine\/biodiversitaet\/\">Biodiversit\u00e4t<\/a><\/p>\n<\/div><\/div>\n<\/div>\n\n\n\n<div class=\"wp-block-column is-layout-flow wp-block-column-is-layout-flow\">\n<div class=\"wp-block-cover is-light agripedia-teaser-block in-bearbeitung\"><img loading=\"lazy\" decoding=\"async\" width=\"336\" height=\"188\" class=\"wp-block-cover__image-background wp-image-1078 size-full\" alt=\"\" src=\"https:\/\/agripedia.ch\/pflanzliche-proteine\/wp-content\/uploads\/sites\/49\/2025\/07\/hqdefault-1.jpeg\" data-object-fit=\"cover\" srcset=\"https:\/\/agripedia.ch\/pflanzliche-proteine\/wp-content\/uploads\/sites\/49\/2025\/07\/hqdefault-1.jpeg 336w, https:\/\/agripedia.ch\/pflanzliche-proteine\/wp-content\/uploads\/sites\/49\/2025\/07\/hqdefault-1-300x168.jpeg 300w\" sizes=\"auto, (max-width: 336px) 100vw, 336px\" \/><span aria-hidden=\"true\" class=\"wp-block-cover__background has-background-dim-0 has-background-dim\" style=\"background-color:#7d8b5b\"><\/span><div class=\"wp-block-cover__inner-container is-layout-flow wp-block-cover-is-layout-flow\">\n<p class=\"has-text-align-center has-large-font-size\"><a href=\"https:\/\/agripedia.ch\/pflanzliche-proteine\/video-anbau-und-verarbeitung-von-huelsenfruechten\/\" data-type=\"link\" data-id=\"https:\/\/agripedia.ch\/pflanzliche-proteine\/video-anbau-und-verarbeitung-von-huelsenfruechten\/\">Video<\/a>s<\/p>\n<\/div><\/div>\n<\/div>\n<\/div>\n\n\n\n<div class=\"wp-block-columns is-layout-flex wp-container-core-columns-is-layout-9d6595d7 wp-block-columns-is-layout-flex\">\n<div class=\"wp-block-column agripedia-teaser-block in-bearbeitung is-layout-flow wp-block-column-is-layout-flow\">\n<div class=\"wp-block-cover agripedia-teaser-block in-bearbeitung\"><img decoding=\"async\" class=\"wp-block-cover__image-background wp-image-1108 size-full\" alt=\"\" src=\"https:\/\/agripedia.ch\/pflanzliche-proteine\/wp-content\/uploads\/sites\/49\/2025\/10\/3_Hummus_mit_schwarzen_Kichererbsen_02.jpg\" data-object-fit=\"cover\"\/><span aria-hidden=\"true\" class=\"wp-block-cover__background has-background-dim-0 has-background-dim\" style=\"background-color:#6b6a68\"><\/span><div class=\"wp-block-cover__inner-container is-layout-constrained wp-block-cover-is-layout-constrained\">\n<p class=\"has-text-align-center has-large-font-size\"><a href=\"https:\/\/agripedia.ch\/pflanzliche-proteine\/rezepte-mit-huelsenfruechten\/\" target=\"_blank\" rel=\"noreferrer noopener\">Rezepte<\/a><\/p>\n<\/div><\/div>\n<\/div>\n\n\n\n<div class=\"wp-block-column is-layout-flow wp-block-column-is-layout-flow\">\n<div class=\"wp-block-cover agripedia-teaser-block in-bearbeitung\"><img loading=\"lazy\" decoding=\"async\" width=\"2560\" height=\"1920\" class=\"wp-block-cover__image-background wp-image-147\" alt=\"\" src=\"https:\/\/agripedia.ch\/pflanzliche-proteine\/wp-content\/uploads\/sites\/49\/2022\/12\/Einsichten-aus-der-Praxis-scaled.jpg\" data-object-fit=\"cover\" srcset=\"https:\/\/agripedia.ch\/pflanzliche-proteine\/wp-content\/uploads\/sites\/49\/2022\/12\/Einsichten-aus-der-Praxis-scaled.jpg 2560w, https:\/\/agripedia.ch\/pflanzliche-proteine\/wp-content\/uploads\/sites\/49\/2022\/12\/Einsichten-aus-der-Praxis-300x225.jpg 300w, https:\/\/agripedia.ch\/pflanzliche-proteine\/wp-content\/uploads\/sites\/49\/2022\/12\/Einsichten-aus-der-Praxis-1024x768.jpg 1024w, https:\/\/agripedia.ch\/pflanzliche-proteine\/wp-content\/uploads\/sites\/49\/2022\/12\/Einsichten-aus-der-Praxis-768x576.jpg 768w, https:\/\/agripedia.ch\/pflanzliche-proteine\/wp-content\/uploads\/sites\/49\/2022\/12\/Einsichten-aus-der-Praxis-1536x1152.jpg 1536w, https:\/\/agripedia.ch\/pflanzliche-proteine\/wp-content\/uploads\/sites\/49\/2022\/12\/Einsichten-aus-der-Praxis-2048x1536.jpg 2048w, https:\/\/agripedia.ch\/pflanzliche-proteine\/wp-content\/uploads\/sites\/49\/2022\/12\/Einsichten-aus-der-Praxis-1200x900.jpg 1200w, https:\/\/agripedia.ch\/pflanzliche-proteine\/wp-content\/uploads\/sites\/49\/2022\/12\/Einsichten-aus-der-Praxis-1980x1485.jpg 1980w\" sizes=\"auto, (max-width: 2560px) 100vw, 2560px\" \/><span aria-hidden=\"true\" class=\"wp-block-cover__background has-background-dim-0 has-background-dim\"><\/span><div class=\"wp-block-cover__inner-container is-layout-flow wp-block-cover-is-layout-flow\">\n<p class=\"has-text-align-center has-large-font-size\"><a href=\"https:\/\/agripedia.ch\/pflanzliche-proteine\/einsichten-aus-der-praxis\/\" title=\"Einsichten aus der Praxis\">Einsichten aus der Praxis<\/a><\/p>\n<\/div><\/div>\n<\/div>\n<\/div>\n\n\n\n<div class=\"wp-block-columns is-layout-flex wp-container-core-columns-is-layout-9d6595d7 wp-block-columns-is-layout-flex\">\n<div class=\"wp-block-column is-layout-flow wp-block-column-is-layout-flow\">\n<div class=\"wp-block-cover is-light agripedia-teaser-block\"><img loading=\"lazy\" decoding=\"async\" width=\"1920\" height=\"1285\" class=\"wp-block-cover__image-background wp-image-149\" alt=\"\" src=\"https:\/\/agripedia.ch\/pflanzliche-proteine\/wp-content\/uploads\/sites\/49\/2022\/12\/Literatur.jpg\" data-object-fit=\"cover\" srcset=\"https:\/\/agripedia.ch\/pflanzliche-proteine\/wp-content\/uploads\/sites\/49\/2022\/12\/Literatur.jpg 1920w, https:\/\/agripedia.ch\/pflanzliche-proteine\/wp-content\/uploads\/sites\/49\/2022\/12\/Literatur-300x201.jpg 300w, https:\/\/agripedia.ch\/pflanzliche-proteine\/wp-content\/uploads\/sites\/49\/2022\/12\/Literatur-1024x685.jpg 1024w, https:\/\/agripedia.ch\/pflanzliche-proteine\/wp-content\/uploads\/sites\/49\/2022\/12\/Literatur-768x514.jpg 768w, https:\/\/agripedia.ch\/pflanzliche-proteine\/wp-content\/uploads\/sites\/49\/2022\/12\/Literatur-1536x1028.jpg 1536w, https:\/\/agripedia.ch\/pflanzliche-proteine\/wp-content\/uploads\/sites\/49\/2022\/12\/Literatur-1200x803.jpg 1200w\" sizes=\"auto, (max-width: 1920px) 100vw, 1920px\" \/><span aria-hidden=\"true\" class=\"wp-block-cover__background has-background-dim-0 has-background-dim\"><\/span><div class=\"wp-block-cover__inner-container is-layout-flow wp-block-cover-is-layout-flow\">\n<p class=\"has-text-align-center has-large-font-size\"><a href=\"https:\/\/agripedia.ch\/pflanzliche-proteine\/literatur-netzwerke-und-projekte\/\" title=\"Literatur,  Netzwerke und Projekte\">Literatur und Projekte<\/a><\/p>\n<\/div><\/div>\n<\/div>\n\n\n\n<div class=\"wp-block-column is-layout-flow wp-block-column-is-layout-flow\"><\/div>\n<\/div>\n\n\n\n<div class=\"wp-block-getwid-toggle has-icon-left\">\n<div class=\"wp-block-getwid-toggle__row\"><div class=\"wp-block-getwid-toggle__header-wrapper\"><h3 class=\"wp-block-getwid-toggle__header\"><a href=\"#\"><span class=\"wp-block-getwid-toggle__header-title\">Impressum<\/span><span class=\"wp-block-getwid-toggle__icon is-active\"><i class=\"fas fa-plus\"><\/i><\/span><span class=\"wp-block-getwid-toggle__icon is-passive\"><i class=\"fas fa-minus\"><\/i><\/span><\/a><\/h3><\/div><div class=\"wp-block-getwid-toggle__content-wrapper\"><div class=\"wp-block-getwid-toggle__content\">\n<h4 class=\"wp-block-heading\">Autor\/innen<\/h4>\n\n\n\n<p>Sanzio Rombini, AGRIDEA<br>Franziska Hoffet, AGRIDEA<\/p>\n\n\n\n<h4 class=\"wp-block-heading\">Redaktionelle Mitarbeit<\/h4>\n\n\n\n<p>Alfred B\u00e4nninger, AGRIDEA<br>Dany Schulthess, Strickhof<br>Anik Thaler, Fabas<br>David Villiger, Eichm\u00fchle AG<\/p>\n<\/div><\/div><\/div>\n<\/div>\n","protected":false},"excerpt":{"rendered":"<p>Die Nachfrage nach pflanzlichem Eiweiss nimmt in der Schweiz zu, unabh\u00e4ngig davon, ob es sich um getrocknete H\u00fclsenfr\u00fcchte, leicht verarbeitete Produkte wie Tofu und Hummus oder stark verarbeitete Produkte wie Fleischersatzprodukte handelt. Die pflanzlichen Rohstoffe stammen aber meistens aus dem Ausland. Mit dieser Seite m\u00f6chten wir einen \u00dcberblick zum Thema geben und die Herausforderungen auf [&hellip;]<\/p>\n","protected":false},"author":456,"featured_media":0,"parent":0,"menu_order":0,"comment_status":"closed","ping_status":"closed","template":"","meta":{"_sb_is_suggestion_mode":false,"_sb_show_suggestion_boards":false,"_sb_show_comment_boards":false,"_sb_suggestion_history":"","_sb_update_block_changes":"","_monsterinsights_skip_tracking":false,"_monsterinsights_sitenote_active":false,"_monsterinsights_sitenote_note":"","_monsterinsights_sitenote_category":0,"footnotes":""},"class_list":["post-127","page","type-page","status-publish","hentry"],"_links":{"self":[{"href":"https:\/\/agripedia.ch\/pflanzliche-proteine\/wp-json\/wp\/v2\/pages\/127","targetHints":{"allow":["GET"]}}],"collection":[{"href":"https:\/\/agripedia.ch\/pflanzliche-proteine\/wp-json\/wp\/v2\/pages"}],"about":[{"href":"https:\/\/agripedia.ch\/pflanzliche-proteine\/wp-json\/wp\/v2\/types\/page"}],"author":[{"embeddable":true,"href":"https:\/\/agripedia.ch\/pflanzliche-proteine\/wp-json\/wp\/v2\/users\/456"}],"replies":[{"embeddable":true,"href":"https:\/\/agripedia.ch\/pflanzliche-proteine\/wp-json\/wp\/v2\/comments?post=127"}],"version-history":[{"count":52,"href":"https:\/\/agripedia.ch\/pflanzliche-proteine\/wp-json\/wp\/v2\/pages\/127\/revisions"}],"predecessor-version":[{"id":1129,"href":"https:\/\/agripedia.ch\/pflanzliche-proteine\/wp-json\/wp\/v2\/pages\/127\/revisions\/1129"}],"wp:attachment":[{"href":"https:\/\/agripedia.ch\/pflanzliche-proteine\/wp-json\/wp\/v2\/media?parent=127"}],"curies":[{"name":"wp","href":"https:\/\/api.w.org\/{rel}","templated":true}]}}