{"id":783,"date":"2023-02-10T12:02:11","date_gmt":"2023-02-10T11:02:11","guid":{"rendered":"https:\/\/agripedia.ch\/pflanzliche-proteine\/litterature-reseaux-et-projets\/"},"modified":"2023-08-07T09:42:44","modified_gmt":"2023-08-07T07:42:44","slug":"litterature-reseaux-et-projets","status":"publish","type":"page","link":"https:\/\/agripedia.ch\/pflanzliche-proteine\/fr\/litterature-reseaux-et-projets\/","title":{"rendered":"Litt\u00e9rature, r\u00e9seaux et projets"},"content":{"rendered":"\n<ul class=\"wp-block-list\">\n<li><strong>Agroscope<\/strong> Cultures <a href=\"https:\/\/www.agroscope.admin.ch\/agroscope\/de\/home\/themen\/pflanzenbau\/ackerbau\/kulturarten\/alternative-kulturpflanzen\/kichererbsen.html\" target=\"_blank\" rel=\"noopener\">https:\/\/www.agroscope.admin.ch\/agroscope\/fr\/home\/themes\/production-vegetale\/grandes-cultures\/cultures.html<\/a> (au 22.12.2022)<\/li>\n\n\n\n<li><strong>Bio actualit\u00e9s<\/strong> Prix de r\u00e9f\u00e9rence <a href=\"https:\/\/www.bioaktuell.ch\/markt\/produkte\/ackerkulturen\/richtpreise\" target=\"_blank\" rel=\"noopener\">https:\/\/www.bioactualites.ch\/marche\/produits\/grandes-cultures\/prix-de-reference<\/a> (au 01.12.2022)<\/li>\n\n\n\n<li><strong>Bio actualit\u00e9s <\/strong>La culture du lupin en bio <a href=\"https:\/\/www.bioaktuell.ch\/pflanzenbau\/ackerbau\/koernerleguminosen\/biolupinen\" target=\"_blank\" rel=\"noopener\">https:\/\/www.bioactualites.ch\/cultures\/grandes-cultures-bio\/legumineuses-a-graines\/lupin-bio<\/a> (au 20.12.2022)<\/li>\n\n\n\n<li><strong>Office f\u00e9d\u00e9rale de l&rsquo;agriculture<\/strong>, secteur Analyses du march\u00e9 (2021) : Rapport sur le march\u00e9 suisse des succ\u00e9dan\u00e9s de la viande. Disponibe en ligne sous <a href=\"https:\/\/www.blw.admin.ch\/blw\/de\/home\/markt\/marktbeobachtung\/land--und-ernaehrungswirtschaft\/fleischersatz.html\" title=\"\">https:\/\/www.blw.admin.ch\/blw\/fr\/home\/markt\/marktbeobachtung\/land&#8211;und-ernaehrungswirtschaft\/fleischersatz.html<\/a><\/li>\n\n\n\n<li><strong>Office f\u00e9d\u00e9rale de l&rsquo;agriculture<\/strong>, secteur Analyses du march\u00e9 (2022) : Rapport suisse sur les succ\u00e9dan\u00e9s du lait. Disponible en ligne sous <a href=\"https:\/\/www.blw.admin.ch\/blw\/de\/home\/markt\/marktbeobachtung\/land--und-ernaehrungswirtschaft\/milchersatzprodukte.html\" title=\"\">https:\/\/www.blw.admin.ch\/blw\/fr\/home\/markt\/marktbeobachtung\/land&#8211;und-ernaehrungswirtschaft\/milchersatzprodukte.html<\/a><\/li>\n\n\n\n<li><strong>Office f\u00e9d\u00e9rale de l&rsquo;agriculture<\/strong> (2022) Alternativen im Schweizer Pflanzenbau, Potenziale ausgew\u00e4hlter Ackerkulturen zur Lebensmittelproduktion<\/li>\n\n\n\n<li><strong>Office f\u00e9d\u00e9rale de l&rsquo;agriculture<\/strong> (2022) Train d&rsquo;ordonnances agricoles <a href=\"https:\/\/www.blw.admin.ch\/blw\/de\/home\/politik\/agrarpolitik\/agrarpakete-aktuell\/verordnungspaket_2022.html#1285876156\" target=\"_blank\" rel=\"noopener\">https:\/\/www.blw.admin.ch\/blw\/fr\/home\/politik\/agrarpolitik\/agrarpakete-aktuell\/verordnungspaket_2022.html<\/a> (au 20.12.2022)<\/li>\n\n\n\n<li><strong>Coop<\/strong>, Service de presse (2021): Plant Based Food Report 2021. \u00c9tude sur l\u2019alimentation \u00e0 base de plantes en Suisse. \u00c9diteur: service de presse COOP.    Disponible en ligne sous <a href=\"https:\/\/www.coop.ch\/content\/dam\/Medien\/Medienmitteilung\/2020\/Pflanzenbasierte-Ersatzprodukte-werden-immer-beliebter\/Coop-Plant-Based-Food-Report-2021-DE.pdf\" target=\"_blank\" rel=\"noopener\">https:\/\/www.coop.ch\/content\/dam\/Medien\/Medienmitteilung\/2020\/Pflanzenbasierte-Ersatzprodukte-werden-immer-beliebter\/Coop-Plant-Based-Food-Report-2021-FR.pdf<\/a><\/li>\n\n\n\n<li><strong>Fenaco<\/strong> Communiqu\u00e9 de presse (2021) <a href=\"https:\/\/www.fenaco.com\/artikel\/fenaco-foerdert-haferanbau-der-schweiz\" target=\"_blank\" rel=\"noopener\">https:\/\/www.fenaco.com\/fr\/artikel\/fenaco-encourage-la-culture-de-lavoine-en-suisse<\/a> (au 22.12.2022)<\/li>\n\n\n\n<li><strong>Forschungsinstitut f\u00fcr biologischen Landbau FiBL<\/strong>(2016) De la semence \u00e0 l\u2019assiette &#8211; Le soja biologique suisse. <a href=\"https:\/\/www.fibl.org\/de\/infothek\/meldung\/vom-saatgut-bis-zum-teller-biosoja-aus-der-schweiz\" target=\"_blank\" rel=\"noopener\">https:\/\/www.fibl.org\/fr\/infotheque\/message\/de-la-semence-a-l-assiette-le-soja-biologique-suisse<\/a> (au 22.12.2022) <\/li>\n\n\n\n<li><strong>Heine <\/strong>D., Rauch M., Ramseier H., M\u00fcller S., Schmid A., Kopf-Bolanz K., Eugster E. (2018). Des prot\u00e9ines v\u00e9g\u00e9tales pour remplacer la viande: une analyse pour la Suisse. Recherche agronomique suisse 9 (1): S. 4\u201311.   Disponible en ligne sous <a href=\"https:\/\/www.agrarforschungschweiz.ch\/2018\/01\/pflanzliche-proteine-als-fleischersatz-eine-betrachtung-fuer-die-schweiz\/\" title=\"\">https:\/\/www.agrarforschungschweiz.ch\/fr\/2018\/01\/des-proteines-vegetales-pour-remplacer-la-viande-une-analyse-pour-la-suisse\/<\/a> <\/li>\n\n\n\n<li><strong>Union suisse des paysans<\/strong> (2021)Le potentiel de certaines grandes cultures en Suisse Rapport sur la situation actuelle des grandes cultures et sur les \u00e9volutions possibles. En collaboration de Niklaus Ramseyer, Barbara Steiner, Irene Vonlanthen und David Brugger. \u00c9dition: Union suisse des paysans. Disponible en ligne sous <a href=\"https:\/\/www.sbv-usp.ch\/de\/grosses-potential-fuer-den-schweizer-ackerbau\" title=\"\">https:\/\/www.sbv-usp.ch\/fr\/potentiel-eleve-des-grandes-cultures-en-suisse <\/a> <\/li>\n\n\n\n<li><strong>Soci\u00e9t\u00e9 suisse de nutrition<\/strong>, Portrait: Prot\u00e9ines v\u00e9g\u00e9talesDisponible en ligne sous <a href=\"https:\/\/www.sge-ssn.ch\/ich-und-du\/essen-und-trinken\/vegetarische-ernaehrung\/\" title=\"\">https:\/\/www.sge-ssn.ch\/fr\/toi-et-moi\/boire-et-manger\/alimentation-vegetarienne\/<\/a> <\/li>\n\n\n\n<li><strong>Stoffers<\/strong> H., Peter M., Bachmann H-P., Egger L., Dubois S., Guggenb\u00fchl B. (2021). Caract\u00e9risation d\u2019une alternative v\u00e9g\u00e9tale aux fromages \u00e0 base de mati\u00e8res premi\u00e8res suisses. Recherche Agronomique Suisse 12: S. 164\u2013171<\/li>\n\n\n\n<li><strong>Swissveg <\/strong>(2020) Sondage \u00e0 propos des v\u00e9g\u00e9tariens et des v\u00e9ganes de Suisse  Disponible en ligne sous <a href=\"https:\/\/www.swissveg.ch\/veg-umfrage?language=de\" target=\"_blank\" rel=\"noopener\">https:\/\/www.swissveg.ch\/veg-umfrage?language=de<\/a><\/li>\n<\/ul>\n\n\n\n<h2 class=\"wp-block-heading\">R\u00e9seaux et plateformes<\/h2>\n\n\n\n<ul class=\"wp-block-list\">\n<li><strong>Legume Hub SWISS<\/strong>. Plateforme de connaissances suisse sur les l\u00e9gumineuses <a href=\"https:\/\/swiss.legumehub.eu\/fr\/\" target=\"_blank\" rel=\"noopener\" title=\"\">https:\/\/swiss.legumehub.eu\/fr\/<\/a><\/li>\n\n\n\n<li><strong>Legume Hub<\/strong>. Plateforme europ\u00e9enne de connaissances sur les l\u00e9gumineuses <a href=\"https:\/\/www.legumehub.eu\/de\/\" target=\"_blank\" rel=\"noopener\">https:\/\/www.legumehub.eu\/de\/<\/a><\/li>\n\n\n\n<li><strong>R\u00e9seau Protein Power<\/strong> <strong>Strickhof<\/strong>. \u00c9changes au sein du r\u00e9seau et congr\u00e8s annuel <a href=\"https:\/\/www.strickhof.ch\/publikationen\/netzwerk-protein-power\/\" target=\"_blank\" rel=\"noopener\">https:\/\/www.strickhof.ch\/publikationen\/netzwerk-protein-power\/<\/a><\/li>\n\n\n\n<li><strong>Swiss Protein Association<\/strong>. Association de transformateurs de prot\u00e9ines alternatives <a href=\"https:\/\/www.swissproteinassociation.ch\/deutsch\/ueber-uns\/\" target=\"_blank\" rel=\"noopener\">https:\/\/www.swissproteinassociation.ch\/francais\/home\/<\/a><\/li>\n<\/ul>\n\n\n\n<h2 class=\"wp-block-heading\">Projets<\/h2>\n\n\n\n<p><strong>CROPDIVA<\/strong><br>Climate Resilient Orphan croPs for increased DIVersity in Agriculture. European Union&rsquo;s Horizon 2020 research and innovation programme. <a href=\"https:\/\/www.cropdiva.eu\/\" target=\"_blank\" rel=\"noopener\">https:\/\/www.cropdiva.eu\/<\/a><\/p>\n\n\n\n<p><\/p>\n\n\n\n<p><strong>Healthy3<\/strong><br>Parties prenantes pour la transformation de la consommation de viande<br><a href=\"https:\/\/www.healthy3.ch\/fr\/projets\/\" title=\"\">https:\/\/www.healthy3.ch\/fr\/projets\/<\/a><\/p>\n\n\n\n<p><\/p>\n\n\n\n<p><strong>LEGVALUE<\/strong><br>European Union&rsquo;s Horizon 2020 research and innovation programme. <a href=\"https:\/\/www.legvalue.eu\/\" target=\"_blank\" rel=\"noopener\">https:\/\/www.legvalue.eu\/<\/a><\/p>\n\n\n\n<p><\/p>\n\n\n\n<p><strong>Lupinno Suisse<\/strong><br>Z\u00fcchtung der Weissen Lupine auf Resistenz &amp; Qualit\u00e4t f\u00fcr innovative Schweizer Lebensmittel aus einer nachhaltigen, regionalen Produktion. <\/p>\n\n\n\n<p>Programme de recherche <a href=\"https:\/\/www.fibl.org\/de\/themen\/projektdatenbank\/projektitem\/project\/2056\" target=\"_blank\" rel=\"noopener\">https:\/\/www.fibl.org\/de\/themen\/projektdatenbank\/projektitem\/project\/2056<\/a> <\/p>\n\n\n\n<p><a href=\"https:\/\/www.fibl.org\/de\/infothek\/meldung\/lupinno-suisse-lupinen-fuer-die-humanernaehrung\" target=\"_blank\" rel=\"noopener\">https:\/\/www.fibl.org\/de\/infothek\/meldung\/lupinno-suisse-lupinen-fuer-die-humanernaehrung<\/a><\/p>\n\n\n\n<p><\/p>\n\n\n\n<p><strong>PROTEIN2FOOD<\/strong><br>European Union&rsquo;s Horizon 2020 research and innovation programme. <a href=\"https:\/\/www.protein2food.eu\/\">https:\/\/www.protein2food.eu\/<\/a><\/p>\n\n\n\n<p><strong>Smart Protein<\/strong><br>European Union&rsquo;s Horizon 2020 research and innovation programme. <a href=\"https:\/\/smartproteinproject.eu\/market-research\/\" target=\"_blank\" rel=\"noopener\">https:\/\/smartproteinproject.eu\/market-research\/<\/a> <\/p>\n\n\n\n<p>Smart protein Pan-EU-consumer-survey. Overall-Report <a href=\"https:\/\/smartproteinproject.eu\/wp-content\/uploads\/FINAL_Pan-EU-consumer-survey_Overall-Report-.pdf\" target=\"_blank\" rel=\"noopener\">https:\/\/smartproteinproject.eu\/wp-content\/uploads\/FINAL_Pan-EU-consumer-survey_Overall-Report-.pdf<\/a><\/p>\n\n\n\n<p><\/p>\n\n\n\n<p><\/p>\n\n\n\n<p><\/p>\n","protected":false},"excerpt":{"rendered":"<p>R\u00e9seaux et plateformes Projets CROPDIVAClimate Resilient Orphan croPs for increased DIVersity in Agriculture. European Union&rsquo;s Horizon 2020 research and innovation programme. https:\/\/www.cropdiva.eu\/ Healthy3Parties prenantes pour la transformation de la consommation de viandehttps:\/\/www.healthy3.ch\/fr\/projets\/ LEGVALUEEuropean Union&rsquo;s Horizon 2020 research and innovation programme. https:\/\/www.legvalue.eu\/ Lupinno SuisseZ\u00fcchtung der Weissen Lupine auf Resistenz &amp; Qualit\u00e4t f\u00fcr innovative Schweizer Lebensmittel aus [&hellip;]<\/p>\n","protected":false},"author":26,"featured_media":0,"parent":0,"menu_order":0,"comment_status":"closed","ping_status":"closed","template":"","meta":{"_sb_is_suggestion_mode":false,"_sb_show_suggestion_boards":false,"_sb_show_comment_boards":false,"_sb_suggestion_history":"","_sb_update_block_changes":"","_monsterinsights_skip_tracking":false,"_monsterinsights_sitenote_active":false,"_monsterinsights_sitenote_note":"","_monsterinsights_sitenote_category":0,"footnotes":""},"class_list":["post-783","page","type-page","status-publish","hentry"],"_links":{"self":[{"href":"https:\/\/agripedia.ch\/pflanzliche-proteine\/fr\/wp-json\/wp\/v2\/pages\/783","targetHints":{"allow":["GET"]}}],"collection":[{"href":"https:\/\/agripedia.ch\/pflanzliche-proteine\/fr\/wp-json\/wp\/v2\/pages"}],"about":[{"href":"https:\/\/agripedia.ch\/pflanzliche-proteine\/fr\/wp-json\/wp\/v2\/types\/page"}],"author":[{"embeddable":true,"href":"https:\/\/agripedia.ch\/pflanzliche-proteine\/fr\/wp-json\/wp\/v2\/users\/26"}],"replies":[{"embeddable":true,"href":"https:\/\/agripedia.ch\/pflanzliche-proteine\/fr\/wp-json\/wp\/v2\/comments?post=783"}],"version-history":[{"count":11,"href":"https:\/\/agripedia.ch\/pflanzliche-proteine\/fr\/wp-json\/wp\/v2\/pages\/783\/revisions"}],"predecessor-version":[{"id":933,"href":"https:\/\/agripedia.ch\/pflanzliche-proteine\/fr\/wp-json\/wp\/v2\/pages\/783\/revisions\/933"}],"wp:attachment":[{"href":"https:\/\/agripedia.ch\/pflanzliche-proteine\/fr\/wp-json\/wp\/v2\/media?parent=783"}],"curies":[{"name":"wp","href":"https:\/\/api.w.org\/{rel}","templated":true}]}}