{"id":761,"date":"2023-02-10T12:03:04","date_gmt":"2023-02-10T11:03:04","guid":{"rendered":"https:\/\/agripedia.ch\/pflanzliche-proteine\/organisation-de-la-filiere\/"},"modified":"2023-05-11T08:33:38","modified_gmt":"2023-05-11T06:33:38","slug":"organisation-de-la-filiere","status":"publish","type":"page","link":"https:\/\/agripedia.ch\/pflanzliche-proteine\/fr\/organisation-de-la-filiere\/","title":{"rendered":"Organisation de la fili\u00e8re"},"content":{"rendered":"\n<p>Comme la production de l\u00e9gumineuses pour l&rsquo;alimentation humaine est encore relativement nouvelle en Suisse, la fili\u00e8re doit d&rsquo;abord s&rsquo;\u00e9tablir. Selon les cultures, il n&rsquo;existe pas encore de fili\u00e8re structur\u00e9e et la logistique est organis\u00e9e de mani\u00e8re ad hoc. Des cultures comme les pois prot\u00e9agineux ou le soja sont certes relativement r\u00e9pandues, mais uniquement pour la production de fourrage. Pour l&rsquo;alimentation humaine, le produit doit \u00eatre plus pur et pour cela, il manque par exemple des machines appropri\u00e9es pour un nettoyage suffisant. En principe, les conditions techniques sont disponibles, mais pas toujours pour toutes les cultures ou dans les capacit\u00e9s requises.<\/p>\n\n\n\n<h3 class=\"wp-block-heading\">Description de la fili\u00e8re<\/h3>\n\n\n\n<div class=\"wp-block-columns is-layout-flex wp-container-core-columns-is-layout-9d6595d7 wp-block-columns-is-layout-flex\">\n<div class=\"wp-block-column is-layout-flow wp-block-column-is-layout-flow\">\n<figure class=\"wp-block-image size-full agripedia-no-margin-top\"><img loading=\"lazy\" decoding=\"async\" width=\"716\" height=\"1623\" src=\"https:\/\/agripedia.ch\/pflanzliche-proteine\/wp-content\/uploads\/sites\/49\/2023\/05\/4325_F_Schema_Proteines-vegetales-Suisse.jpg\" alt=\"Sch\u00e9ma de la fili\u00e8re des proteines vegetales en Suisse\" class=\"wp-image-897\" srcset=\"https:\/\/agripedia.ch\/pflanzliche-proteine\/wp-content\/uploads\/sites\/49\/2023\/05\/4325_F_Schema_Proteines-vegetales-Suisse.jpg 716w, https:\/\/agripedia.ch\/pflanzliche-proteine\/wp-content\/uploads\/sites\/49\/2023\/05\/4325_F_Schema_Proteines-vegetales-Suisse-132x300.jpg 132w, https:\/\/agripedia.ch\/pflanzliche-proteine\/wp-content\/uploads\/sites\/49\/2023\/05\/4325_F_Schema_Proteines-vegetales-Suisse-452x1024.jpg 452w, https:\/\/agripedia.ch\/pflanzliche-proteine\/wp-content\/uploads\/sites\/49\/2023\/05\/4325_F_Schema_Proteines-vegetales-Suisse-678x1536.jpg 678w\" sizes=\"auto, (max-width: 716px) 100vw, 716px\" \/><figcaption class=\"wp-element-caption\">La fili\u00e8re des proteines vegetales en Suisse (Source: propre illustration AGRIDEA)<\/figcaption><\/figure>\n<\/div>\n\n\n\n<div class=\"wp-block-column is-layout-flow wp-block-column-is-layout-flow\">\n<p><strong>L&rsquo;organisation de la fili\u00e8re pour les l\u00e9gumineuses est similaire \u00e0 celle des c\u00e9r\u00e9ales en ce qui concerne les infrastructures. <\/strong>Swiss granum est l&rsquo;interprofession suisse pour les c\u00e9r\u00e9ales, les ol\u00e9agineux et les prot\u00e9agineux qui r\u00e9unit tous les maillons de la cha\u00eene de cr\u00e9ation de valeur et \u00e9labore des directives.<\/p>\n\n\n\n<p>Le graphique ci-dessus illustre la cha\u00eene de cr\u00e9ation de valeur pour les l\u00e9gumineuses. Apr\u00e8s la r\u00e9colte, le produit est transport\u00e9 au <strong>centre collecteur<\/strong>, tri\u00e9 \u00e0 l&rsquo;aide de tamis et s\u00e9ch\u00e9 \u00e0 l&rsquo;air chaud jusqu&rsquo;\u00e0 environ 13 \u00e0 13,5 % d&rsquo;humidit\u00e9. Pour ce processus, il est souvent possible d&rsquo;utiliser des machines qui sont \u00e9galement utilis\u00e9es pour les c\u00e9r\u00e9ales. Apr\u00e8s ce premier tri, la marchandise passe par un <strong>nettoyage sp\u00e9cial<\/strong> afin d&rsquo;obtenir un produit presque pur \u00e0 100 % et, si on le souhaite, d\u00e9cortiqu\u00e9. Ce processus n\u00e9cessite des machines sp\u00e9ciales qui trient le produit selon des caract\u00e9ristiques physiques telles que la couleur, la forme, le poids, etc. Le produit pur et \u00e9ventuellement d\u00e9cortiqu\u00e9 est ensuite trait\u00e9 soit dans des <strong>moulins<\/strong>.<\/p>\n\n\n\n<p>Les points suivants diff\u00e8rent principalement de la transformation des c\u00e9r\u00e9ales :<\/p>\n\n\n\n<ul class=\"wp-block-list\">\n<li>Comme il s&rsquo;agit souvent de petites quantit\u00e9s, il n&rsquo;existe que peu de centres collecteurs qui prennent en charge les l\u00e9gumineuses. Les centres collecteurs doivent disposer de petits s\u00e9choirs qui acceptent des quantit\u00e9s sup\u00e9rieures \u00e0 quelques tonnes ou de s\u00e9choirs \u00e0 paloxes qui peuvent accepter des lots encore plus petits.<\/li>\n\n\n\n<li>Pour le nettoyage sp\u00e9cial, il faut des machines sp\u00e9ciales, l\u00e0 aussi les quantit\u00e9s minimales accept\u00e9es sont de quelques tonnes. <strong>Seuls quelques moulins ou centres collecteurs disposent du savoir-faire et des machines n\u00e9cessaires.<\/strong> L&rsquo;entreprise Eichm\u00fchle AG a \u00e9t\u00e9 la premi\u00e8re en Suisse \u00e0 investir dans de nouvelles machines afin de garantir un produit final d&rsquo;une puret\u00e9 de 99,9 %.<\/li>\n<\/ul>\n\n\n\n<p><strong>Le plus grand d\u00e9fi ne r\u00e9side pas dans le manque d&rsquo;infrastructures, mais dans les capacit\u00e9s. Actuellement, les quantit\u00e9s sont encore faibles, mais si la production augmente, la question des capacit\u00e9s de stockage et de tri des l\u00e9gumineuses se posera.<\/strong><\/p>\n<\/div>\n<\/div>\n\n\n\n<h3 class=\"wp-block-heading\">Pourquoi il n&rsquo;existe pas (encore) de produits suisses de substitution \u00e0 la viande<\/h3>\n\n\n\n<p>Comme expliqu\u00e9 ci-dessus, il existe d\u00e9j\u00e0 en Suisse des structures de production et de transformation des l\u00e9gumineuses. Mais selon la complexit\u00e9 du produit final, des \u00e9tapes suppl\u00e9mentaires sont n\u00e9cessaires, d\u00e9crites au chapitre \u00ab \u00c9tapes de transformation \u00bb. <\/p>\n\n\n\n<p>La complexit\u00e9 de la fili\u00e8re augmente \u00e0 mesure que le produit doit \u00eatre transform\u00e9. Ainsi, les \u00e9tapes de transformation jusqu&rsquo;\u00e0 la farine de l\u00e9gumineuses sont largement pr\u00e9sentes. Cependant, selon la quantit\u00e9 et le produit, il peut d\u00e9j\u00e0 y avoir des d\u00e9fis \u00e0 ce niveau. Actuellement, ce sont surtout les produits destin\u00e9s \u00e0 la consommation directe ou les produits l\u00e9g\u00e8rement transform\u00e9s qui ont toute la cha\u00eene de cr\u00e9ation de valeur en Suisse.<\/p>\n\n\n\n<p>Pour la fabrication de produits de substitution \u00e0 la viande, on ne peut pas simplement utiliser les l\u00e9gumineuses enti\u00e8res. Des concentr\u00e9s ou des isolats de prot\u00e9ines sont n\u00e9cessaires pour l&rsquo;extrusion. Comme ce processus fondamental n&rsquo;existe pas encore en Suisse, il n&rsquo;y a pas encore de substituts de viande suisses. Les technologies d&rsquo;extrusion sont toutefois appliqu\u00e9es et d\u00e9velopp\u00e9es (p. ex. Planted, Hilcona). Il existe \u00e9galement en Suisse des acteurs importants, comme l&rsquo;ETH ou B\u00fchler, qui fabriquent des machines et disposent des technologies les plus r\u00e9centes.<\/p>\n\n\n\n<p><strong>Avec Protaneo, la joint-venture entre le Groupe Minoteries SA, IP-SUISSE et Feldkost AG, il y a un premier \u00e9lan vers un produit suisse de substitution \u00e0 la viande. Le concentr\u00e9 de prot\u00e9ines obtenu \u00e0 partir de f\u00e9veroles et de pois jaunes suisses est transform\u00e9 par extrusion \u00e0 sec en un produit similaire \u00e0 la viande hach\u00e9e. <\/strong> <\/p>\n\n\n\n<p>Le processus d&rsquo;obtention de l&rsquo;isolat de prot\u00e9ines est tr\u00e8s complexe, n\u00e9cessite beaucoup d&rsquo;eau et d&rsquo;\u00e9nergie et n&rsquo;est \u00e9conomiquement possible que gr\u00e2ce \u00e0 un effet d&rsquo;\u00e9chelle. C&rsquo;est pourquoi ce processus est actuellement absent en Suisse et on peut se demander si le d\u00e9veloppement de cette \u00e9tape de transformation en Suisse a un sens.<\/p>\n\n\n\n<figure class=\"wp-block-image size-large is-resized\"><img loading=\"lazy\" decoding=\"async\" src=\"https:\/\/agripedia.ch\/pflanzliche-proteine\/wp-content\/uploads\/sites\/49\/2022\/12\/Powder-1024x683.jpg\" alt=\"\" class=\"wp-image-334\" width=\"717\" height=\"478\" srcset=\"https:\/\/agripedia.ch\/pflanzliche-proteine\/wp-content\/uploads\/sites\/49\/2022\/12\/Powder-1024x683.jpg 1024w, https:\/\/agripedia.ch\/pflanzliche-proteine\/wp-content\/uploads\/sites\/49\/2022\/12\/Powder-300x200.jpg 300w, https:\/\/agripedia.ch\/pflanzliche-proteine\/wp-content\/uploads\/sites\/49\/2022\/12\/Powder-768x512.jpg 768w, https:\/\/agripedia.ch\/pflanzliche-proteine\/wp-content\/uploads\/sites\/49\/2022\/12\/Powder-1536x1024.jpg 1536w, https:\/\/agripedia.ch\/pflanzliche-proteine\/wp-content\/uploads\/sites\/49\/2022\/12\/Powder-1200x800.jpg 1200w, https:\/\/agripedia.ch\/pflanzliche-proteine\/wp-content\/uploads\/sites\/49\/2022\/12\/Powder.jpg 1920w\" sizes=\"auto, (max-width: 717px) 100vw, 717px\" \/><\/figure>\n","protected":false},"excerpt":{"rendered":"<p>Comme la production de l\u00e9gumineuses pour l&rsquo;alimentation humaine est encore relativement nouvelle en Suisse, la fili\u00e8re doit d&rsquo;abord s&rsquo;\u00e9tablir. Selon les cultures, il n&rsquo;existe pas encore de fili\u00e8re structur\u00e9e et la logistique est organis\u00e9e de mani\u00e8re ad hoc. Des cultures comme les pois prot\u00e9agineux ou le soja sont certes relativement r\u00e9pandues, mais uniquement pour la [&hellip;]<\/p>\n","protected":false},"author":26,"featured_media":0,"parent":0,"menu_order":0,"comment_status":"closed","ping_status":"closed","template":"","meta":{"_sb_is_suggestion_mode":false,"_sb_show_suggestion_boards":false,"_sb_show_comment_boards":false,"_sb_suggestion_history":"","_sb_update_block_changes":"","_monsterinsights_skip_tracking":false,"_monsterinsights_sitenote_active":false,"_monsterinsights_sitenote_note":"","_monsterinsights_sitenote_category":0,"footnotes":""},"class_list":["post-761","page","type-page","status-publish","hentry"],"_links":{"self":[{"href":"https:\/\/agripedia.ch\/pflanzliche-proteine\/fr\/wp-json\/wp\/v2\/pages\/761","targetHints":{"allow":["GET"]}}],"collection":[{"href":"https:\/\/agripedia.ch\/pflanzliche-proteine\/fr\/wp-json\/wp\/v2\/pages"}],"about":[{"href":"https:\/\/agripedia.ch\/pflanzliche-proteine\/fr\/wp-json\/wp\/v2\/types\/page"}],"author":[{"embeddable":true,"href":"https:\/\/agripedia.ch\/pflanzliche-proteine\/fr\/wp-json\/wp\/v2\/users\/26"}],"replies":[{"embeddable":true,"href":"https:\/\/agripedia.ch\/pflanzliche-proteine\/fr\/wp-json\/wp\/v2\/comments?post=761"}],"version-history":[{"count":15,"href":"https:\/\/agripedia.ch\/pflanzliche-proteine\/fr\/wp-json\/wp\/v2\/pages\/761\/revisions"}],"predecessor-version":[{"id":915,"href":"https:\/\/agripedia.ch\/pflanzliche-proteine\/fr\/wp-json\/wp\/v2\/pages\/761\/revisions\/915"}],"wp:attachment":[{"href":"https:\/\/agripedia.ch\/pflanzliche-proteine\/fr\/wp-json\/wp\/v2\/media?parent=761"}],"curies":[{"name":"wp","href":"https:\/\/api.w.org\/{rel}","templated":true}]}}