{"id":726,"date":"2023-02-10T11:43:30","date_gmt":"2023-02-10T10:43:30","guid":{"rendered":"https:\/\/agripedia.ch\/pflanzliche-proteine\/les-proteines-vegetales-en-suisse\/"},"modified":"2025-07-16T11:40:25","modified_gmt":"2025-07-16T09:40:25","slug":"les-proteines-vegetales-en-suisse","status":"publish","type":"page","link":"https:\/\/agripedia.ch\/pflanzliche-proteine\/fr\/","title":{"rendered":"Les prot\u00e9ines v\u00e9g\u00e9tales en Suisse"},"content":{"rendered":"\n<p>La demande en prot\u00e9ines v\u00e9g\u00e9tales augmente en Suisse, qu&rsquo;il s&rsquo;agisse de l\u00e9gumineuses s\u00e9ch\u00e9es, de produits l\u00e9g\u00e8rement transform\u00e9s comme le tofu et le houmous ou de produits fortement transform\u00e9s comme les substituts de viande. Mais les mati\u00e8res premi\u00e8res v\u00e9g\u00e9tales proviennent le plus souvent de l&rsquo;\u00e9tranger. Avec cette page, nous souhaitons donner un aper\u00e7u du sujet et montrer les d\u00e9fis \u00e0 relever aux diff\u00e9rents niveaux de la cha\u00eene de cr\u00e9ation de valeur. En outre, nous voulons mettre en lumi\u00e8re les \u00e9tapes n\u00e9cessaires pour que l&rsquo;agriculture suisse puisse profiter de cette tendance.<\/p>\n\n\n\n<p>De nombreuses informations ont \u00e9t\u00e9 r\u00e9dig\u00e9es sur la base de <strong><a href=\"https:\/\/www.blw.admin.ch\/dam\/blw\/de\/dokumente\/ackerkulturen_zur_lebensmittelproduktion.pdf.download.pdf\/Potenziale%20ausgew%C3%A4hlter%20Ackerkulturen%20zur%20Lebensmittelproduktion.pdf\" target=\"_blank\" rel=\"noreferrer noopener\">l&rsquo;\u00e9tude de l&rsquo;OFAG<\/a><\/strong>, que nous remercions. En tant que membre du r\u00e9seau <a href=\"https:\/\/www.strickhof.ch\/publikationen\/netzwerk-protein-power\/\" target=\"_blank\" rel=\"noopener\" title=\"\">\u00ab<strong>Protein Power<\/strong>\u00bb<\/a> dirig\u00e9 par le Strickhof, nous avons pu profiter d&rsquo;informations de premi\u00e8re main et \u00e9largir notre r\u00e9seau sur le sujet. Gr\u00e2ce aux interviews d&rsquo;experts de la fili\u00e8re, de la production \u00e0 la consommation en passant par la transformation, nous avons pu compl\u00e9ter cette page avec de pr\u00e9cieux aper\u00e7us issus de la pratique.<\/p>\n\n\n\n<p><\/p>\n\n\n\n<div class=\"wp-block-columns is-layout-flex wp-container-core-columns-is-layout-9d6595d7 wp-block-columns-is-layout-flex\">\n<div class=\"wp-block-column is-layout-flow wp-block-column-is-layout-flow\">\n<div class=\"wp-block-cover is-light agripedia-teaser-block in-Vorbereitung\"><img loading=\"lazy\" decoding=\"async\" width=\"1920\" height=\"1280\" class=\"wp-block-cover__image-background wp-image-488\" alt=\"\" src=\"https:\/\/agripedia.ch\/pflanzliche-proteine\/wp-content\/uploads\/sites\/49\/2023\/02\/Marktentwicklung-1.jpg\" data-object-fit=\"cover\" srcset=\"https:\/\/agripedia.ch\/pflanzliche-proteine\/wp-content\/uploads\/sites\/49\/2023\/02\/Marktentwicklung-1.jpg 1920w, https:\/\/agripedia.ch\/pflanzliche-proteine\/wp-content\/uploads\/sites\/49\/2023\/02\/Marktentwicklung-1-300x200.jpg 300w, https:\/\/agripedia.ch\/pflanzliche-proteine\/wp-content\/uploads\/sites\/49\/2023\/02\/Marktentwicklung-1-1024x683.jpg 1024w, https:\/\/agripedia.ch\/pflanzliche-proteine\/wp-content\/uploads\/sites\/49\/2023\/02\/Marktentwicklung-1-768x512.jpg 768w, https:\/\/agripedia.ch\/pflanzliche-proteine\/wp-content\/uploads\/sites\/49\/2023\/02\/Marktentwicklung-1-1536x1024.jpg 1536w, https:\/\/agripedia.ch\/pflanzliche-proteine\/wp-content\/uploads\/sites\/49\/2023\/02\/Marktentwicklung-1-1200x800.jpg 1200w\" sizes=\"auto, (max-width: 1920px) 100vw, 1920px\" \/><span aria-hidden=\"true\" class=\"wp-block-cover__background has-background-dim-0 has-background-dim\"><\/span><div class=\"wp-block-cover__inner-container is-layout-flow wp-block-cover-is-layout-flow\">\n<p class=\"has-text-align-center has-large-font-size\"><a href=\"\/pflanzliche-proteine\/fr\/?page_id=733\" title=\"D\u00e9veloppement du march\u00e9 et politique\">D\u00e9veloppement du march\u00e9<\/a><\/p>\n<\/div><\/div>\n<\/div>\n\n\n\n<div class=\"wp-block-column is-layout-flow wp-block-column-is-layout-flow\">\n<div class=\"wp-block-cover agripedia-teaser-block\"><img loading=\"lazy\" decoding=\"async\" width=\"1920\" height=\"1281\" class=\"wp-block-cover__image-background wp-image-141\" alt=\"\" src=\"https:\/\/agripedia.ch\/pflanzliche-proteine\/wp-content\/uploads\/sites\/49\/2022\/12\/legume-allgemein-1.jpg\" style=\"object-position:58% 60%\" data-object-fit=\"cover\" data-object-position=\"58% 60%\" srcset=\"https:\/\/agripedia.ch\/pflanzliche-proteine\/wp-content\/uploads\/sites\/49\/2022\/12\/legume-allgemein-1.jpg 1920w, https:\/\/agripedia.ch\/pflanzliche-proteine\/wp-content\/uploads\/sites\/49\/2022\/12\/legume-allgemein-1-300x200.jpg 300w, https:\/\/agripedia.ch\/pflanzliche-proteine\/wp-content\/uploads\/sites\/49\/2022\/12\/legume-allgemein-1-1024x683.jpg 1024w, https:\/\/agripedia.ch\/pflanzliche-proteine\/wp-content\/uploads\/sites\/49\/2022\/12\/legume-allgemein-1-768x512.jpg 768w, https:\/\/agripedia.ch\/pflanzliche-proteine\/wp-content\/uploads\/sites\/49\/2022\/12\/legume-allgemein-1-1536x1025.jpg 1536w, https:\/\/agripedia.ch\/pflanzliche-proteine\/wp-content\/uploads\/sites\/49\/2022\/12\/legume-allgemein-1-1200x801.jpg 1200w\" sizes=\"auto, (max-width: 1920px) 100vw, 1920px\" \/><span aria-hidden=\"true\" class=\"wp-block-cover__background has-background-dim-0 has-background-dim\"><\/span><div class=\"wp-block-cover__inner-container is-layout-flow wp-block-cover-is-layout-flow\">\n<p class=\"has-large-font-size\"><a href=\"\/pflanzliche-proteine\/fr\/?page_id=753\" target=\"_blank\" rel=\"noreferrer noopener\">Un panel de cultures prot\u00e9iques<\/a><\/p>\n<\/div><\/div>\n<\/div>\n<\/div>\n\n\n\n<div class=\"wp-block-columns is-layout-flex wp-container-core-columns-is-layout-9d6595d7 wp-block-columns-is-layout-flex\">\n<div class=\"wp-block-column is-layout-flow wp-block-column-is-layout-flow\">\n<div class=\"wp-block-cover is-light agripedia-teaser-block\"><img loading=\"lazy\" decoding=\"async\" width=\"1920\" height=\"1368\" class=\"wp-block-cover__image-background wp-image-143\" alt=\"\" src=\"https:\/\/agripedia.ch\/pflanzliche-proteine\/wp-content\/uploads\/sites\/49\/2022\/12\/Verarbeitungsstufen.jpg\" data-object-fit=\"cover\" srcset=\"https:\/\/agripedia.ch\/pflanzliche-proteine\/wp-content\/uploads\/sites\/49\/2022\/12\/Verarbeitungsstufen.jpg 1920w, https:\/\/agripedia.ch\/pflanzliche-proteine\/wp-content\/uploads\/sites\/49\/2022\/12\/Verarbeitungsstufen-300x214.jpg 300w, https:\/\/agripedia.ch\/pflanzliche-proteine\/wp-content\/uploads\/sites\/49\/2022\/12\/Verarbeitungsstufen-1024x730.jpg 1024w, https:\/\/agripedia.ch\/pflanzliche-proteine\/wp-content\/uploads\/sites\/49\/2022\/12\/Verarbeitungsstufen-768x547.jpg 768w, https:\/\/agripedia.ch\/pflanzliche-proteine\/wp-content\/uploads\/sites\/49\/2022\/12\/Verarbeitungsstufen-1536x1094.jpg 1536w, https:\/\/agripedia.ch\/pflanzliche-proteine\/wp-content\/uploads\/sites\/49\/2022\/12\/Verarbeitungsstufen-1200x855.jpg 1200w\" sizes=\"auto, (max-width: 1920px) 100vw, 1920px\" \/><span aria-hidden=\"true\" class=\"wp-block-cover__background has-background-dim-0 has-background-dim\"><\/span><div class=\"wp-block-cover__inner-container is-layout-flow wp-block-cover-is-layout-flow\">\n<p class=\"has-text-align-center has-large-font-size\"><a href=\"\/pflanzliche-proteine\/fr\/?page_id=763\" title=\"\u00c9tapes de transformation\">\u00c9tapes de transformation<\/a><\/p>\n<\/div><\/div>\n<\/div>\n\n\n\n<div class=\"wp-block-column is-layout-flow wp-block-column-is-layout-flow\">\n<div class=\"wp-block-cover is-light agripedia-teaser-block\"><img loading=\"lazy\" decoding=\"async\" width=\"2560\" height=\"1920\" class=\"wp-block-cover__image-background wp-image-486\" alt=\"\" src=\"https:\/\/agripedia.ch\/pflanzliche-proteine\/wp-content\/uploads\/sites\/49\/2023\/02\/Getreide-Silos-Eichmuehle-3.jpg\" data-object-fit=\"cover\" srcset=\"https:\/\/agripedia.ch\/pflanzliche-proteine\/wp-content\/uploads\/sites\/49\/2023\/02\/Getreide-Silos-Eichmuehle-3.jpg 2560w, https:\/\/agripedia.ch\/pflanzliche-proteine\/wp-content\/uploads\/sites\/49\/2023\/02\/Getreide-Silos-Eichmuehle-3-300x225.jpg 300w, https:\/\/agripedia.ch\/pflanzliche-proteine\/wp-content\/uploads\/sites\/49\/2023\/02\/Getreide-Silos-Eichmuehle-3-1024x768.jpg 1024w, https:\/\/agripedia.ch\/pflanzliche-proteine\/wp-content\/uploads\/sites\/49\/2023\/02\/Getreide-Silos-Eichmuehle-3-768x576.jpg 768w, https:\/\/agripedia.ch\/pflanzliche-proteine\/wp-content\/uploads\/sites\/49\/2023\/02\/Getreide-Silos-Eichmuehle-3-1536x1152.jpg 1536w, https:\/\/agripedia.ch\/pflanzliche-proteine\/wp-content\/uploads\/sites\/49\/2023\/02\/Getreide-Silos-Eichmuehle-3-2048x1536.jpg 2048w, https:\/\/agripedia.ch\/pflanzliche-proteine\/wp-content\/uploads\/sites\/49\/2023\/02\/Getreide-Silos-Eichmuehle-3-1200x900.jpg 1200w, https:\/\/agripedia.ch\/pflanzliche-proteine\/wp-content\/uploads\/sites\/49\/2023\/02\/Getreide-Silos-Eichmuehle-3-1980x1485.jpg 1980w\" sizes=\"auto, (max-width: 2560px) 100vw, 2560px\" \/><span aria-hidden=\"true\" class=\"wp-block-cover__background has-background-dim-0 has-background-dim\"><\/span><div class=\"wp-block-cover__inner-container is-layout-flow wp-block-cover-is-layout-flow\">\n<p class=\"has-text-align-center has-large-font-size\"><a href=\"\/pflanzliche-proteine\/fr\/?page_id=761\" title=\"Organisation de la fili\u00e8re\">Organisation de la fili\u00e8re<\/a><\/p>\n<\/div><\/div>\n<\/div>\n<\/div>\n\n\n\n<div class=\"wp-block-columns is-layout-flex wp-container-core-columns-is-layout-9d6595d7 wp-block-columns-is-layout-flex\">\n<div class=\"wp-block-column is-layout-flow wp-block-column-is-layout-flow\">\n<div class=\"wp-block-cover agripedia-teaser-block in-bearbeitung\"><img loading=\"lazy\" decoding=\"async\" width=\"2560\" height=\"1920\" class=\"wp-block-cover__image-background wp-image-147\" alt=\"\" src=\"https:\/\/agripedia.ch\/pflanzliche-proteine\/wp-content\/uploads\/sites\/49\/2022\/12\/Einsichten-aus-der-Praxis-scaled.jpg\" data-object-fit=\"cover\" srcset=\"https:\/\/agripedia.ch\/pflanzliche-proteine\/wp-content\/uploads\/sites\/49\/2022\/12\/Einsichten-aus-der-Praxis-scaled.jpg 2560w, https:\/\/agripedia.ch\/pflanzliche-proteine\/wp-content\/uploads\/sites\/49\/2022\/12\/Einsichten-aus-der-Praxis-300x225.jpg 300w, https:\/\/agripedia.ch\/pflanzliche-proteine\/wp-content\/uploads\/sites\/49\/2022\/12\/Einsichten-aus-der-Praxis-1024x768.jpg 1024w, https:\/\/agripedia.ch\/pflanzliche-proteine\/wp-content\/uploads\/sites\/49\/2022\/12\/Einsichten-aus-der-Praxis-768x576.jpg 768w, https:\/\/agripedia.ch\/pflanzliche-proteine\/wp-content\/uploads\/sites\/49\/2022\/12\/Einsichten-aus-der-Praxis-1536x1152.jpg 1536w, https:\/\/agripedia.ch\/pflanzliche-proteine\/wp-content\/uploads\/sites\/49\/2022\/12\/Einsichten-aus-der-Praxis-2048x1536.jpg 2048w, https:\/\/agripedia.ch\/pflanzliche-proteine\/wp-content\/uploads\/sites\/49\/2022\/12\/Einsichten-aus-der-Praxis-1200x900.jpg 1200w, https:\/\/agripedia.ch\/pflanzliche-proteine\/wp-content\/uploads\/sites\/49\/2022\/12\/Einsichten-aus-der-Praxis-1980x1485.jpg 1980w\" sizes=\"auto, (max-width: 2560px) 100vw, 2560px\" \/><span aria-hidden=\"true\" class=\"wp-block-cover__background has-background-dim-0 has-background-dim\"><\/span><div class=\"wp-block-cover__inner-container is-layout-flow wp-block-cover-is-layout-flow\">\n<p class=\"has-text-align-center has-large-font-size\"><a href=\"\/pflanzliche-proteine\/fr\/?page_id=774\" title=\"Perspectives issues de la pratique\">Perspectives issues de la pratique<\/a><\/p>\n<\/div><\/div>\n\n\n\n<div class=\"wp-block-columns is-layout-flex wp-container-core-columns-is-layout-9d6595d7 wp-block-columns-is-layout-flex\">\n<div class=\"wp-block-column is-layout-flow wp-block-column-is-layout-flow\"><\/div>\n\n\n\n<div class=\"wp-block-column is-layout-flow wp-block-column-is-layout-flow\"><\/div>\n<\/div>\n\n\n\n<div class=\"wp-block-cover is-light agripedia-teaser-block in-bearbeitung\"><img loading=\"lazy\" decoding=\"async\" width=\"336\" height=\"188\" class=\"wp-block-cover__image-background wp-image-1077 size-full\" alt=\"\" src=\"https:\/\/agripedia.ch\/pflanzliche-proteine\/wp-content\/uploads\/sites\/49\/2025\/07\/hqdefault-1.jpeg\" data-object-fit=\"cover\" srcset=\"https:\/\/agripedia.ch\/pflanzliche-proteine\/wp-content\/uploads\/sites\/49\/2025\/07\/hqdefault-1.jpeg 336w, https:\/\/agripedia.ch\/pflanzliche-proteine\/wp-content\/uploads\/sites\/49\/2025\/07\/hqdefault-1-300x168.jpeg 300w\" sizes=\"auto, (max-width: 336px) 100vw, 336px\" \/><span aria-hidden=\"true\" class=\"wp-block-cover__background has-background-dim-0 has-background-dim\" style=\"background-color:#7d8b5b\"><\/span><div class=\"wp-block-cover__inner-container is-layout-flow wp-block-cover-is-layout-flow\">\n<p class=\"has-text-align-center has-large-font-size\"><a href=\"https:\/\/agripedia.ch\/pflanzliche-proteine\/fr\/video\/\">Vid\u00e9o &#8211; Culture et transformation<\/a><\/p>\n<\/div><\/div>\n<\/div>\n\n\n\n<div class=\"wp-block-column is-layout-flow wp-block-column-is-layout-flow\">\n<div class=\"wp-block-cover is-light agripedia-teaser-block\"><img loading=\"lazy\" decoding=\"async\" width=\"1920\" height=\"1285\" class=\"wp-block-cover__image-background wp-image-149\" alt=\"\" src=\"https:\/\/agripedia.ch\/pflanzliche-proteine\/wp-content\/uploads\/sites\/49\/2022\/12\/Literatur.jpg\" data-object-fit=\"cover\" srcset=\"https:\/\/agripedia.ch\/pflanzliche-proteine\/wp-content\/uploads\/sites\/49\/2022\/12\/Literatur.jpg 1920w, https:\/\/agripedia.ch\/pflanzliche-proteine\/wp-content\/uploads\/sites\/49\/2022\/12\/Literatur-300x201.jpg 300w, https:\/\/agripedia.ch\/pflanzliche-proteine\/wp-content\/uploads\/sites\/49\/2022\/12\/Literatur-1024x685.jpg 1024w, https:\/\/agripedia.ch\/pflanzliche-proteine\/wp-content\/uploads\/sites\/49\/2022\/12\/Literatur-768x514.jpg 768w, https:\/\/agripedia.ch\/pflanzliche-proteine\/wp-content\/uploads\/sites\/49\/2022\/12\/Literatur-1536x1028.jpg 1536w, https:\/\/agripedia.ch\/pflanzliche-proteine\/wp-content\/uploads\/sites\/49\/2022\/12\/Literatur-1200x803.jpg 1200w\" sizes=\"auto, (max-width: 1920px) 100vw, 1920px\" \/><span aria-hidden=\"true\" class=\"wp-block-cover__background has-background-dim-0 has-background-dim\"><\/span><div class=\"wp-block-cover__inner-container is-layout-flow wp-block-cover-is-layout-flow\">\n<p class=\"has-text-align-center has-large-font-size\"><a href=\"\/pflanzliche-proteine\/fr\/?page_id=783\" title=\"Litt\u00e9rature, r\u00e9seaux et projets\">Litt\u00e9rature et projets<\/a><\/p>\n<\/div><\/div>\n<\/div>\n<\/div>\n\n\n\n<div class=\"wp-block-getwid-toggle has-icon-left\">\n<div class=\"wp-block-getwid-toggle__row\"><div class=\"wp-block-getwid-toggle__header-wrapper\"><h3 class=\"wp-block-getwid-toggle__header\"><a href=\"#\"><span class=\"wp-block-getwid-toggle__header-title\">Impressum<\/span><span class=\"wp-block-getwid-toggle__icon is-active\"><i class=\"fas fa-plus\"><\/i><\/span><span class=\"wp-block-getwid-toggle__icon is-passive\"><i class=\"fas fa-minus\"><\/i><\/span><\/a><\/h3><\/div><div class=\"wp-block-getwid-toggle__content-wrapper\"><div class=\"wp-block-getwid-toggle__content\">\n<h4 class=\"wp-block-heading\">Auteurs<\/h4>\n\n\n\n<p>Sanzio Rombini, AGRIDEA<br>Franziska Hoffet, AGRIDEA<\/p>\n\n\n\n<h4 class=\"wp-block-heading\">Rel\u00e9cture<\/h4>\n\n\n\n<p>Alfred B\u00e4nninger, AGRIDEA<br>Dany Schulthess, Strickhof<br>Anik Thaler, Fabas<br>David Villiger, Eichm\u00fchle AG<\/p>\n<\/div><\/div><\/div>\n<\/div>\n","protected":false},"excerpt":{"rendered":"<p>La demande en prot\u00e9ines v\u00e9g\u00e9tales augmente en Suisse, qu&rsquo;il s&rsquo;agisse de l\u00e9gumineuses s\u00e9ch\u00e9es, de produits l\u00e9g\u00e8rement transform\u00e9s comme le tofu et le houmous ou de produits fortement transform\u00e9s comme les substituts de viande. Mais les mati\u00e8res premi\u00e8res v\u00e9g\u00e9tales proviennent le plus souvent de l&rsquo;\u00e9tranger. Avec cette page, nous souhaitons donner un aper\u00e7u du sujet et [&hellip;]<\/p>\n","protected":false},"author":456,"featured_media":0,"parent":0,"menu_order":0,"comment_status":"closed","ping_status":"closed","template":"","meta":{"_sb_is_suggestion_mode":false,"_sb_show_suggestion_boards":false,"_sb_show_comment_boards":false,"_sb_suggestion_history":"","_sb_update_block_changes":"","_monsterinsights_skip_tracking":false,"_monsterinsights_sitenote_active":false,"_monsterinsights_sitenote_note":"","_monsterinsights_sitenote_category":0,"footnotes":""},"class_list":["post-726","page","type-page","status-publish","hentry"],"_links":{"self":[{"href":"https:\/\/agripedia.ch\/pflanzliche-proteine\/fr\/wp-json\/wp\/v2\/pages\/726","targetHints":{"allow":["GET"]}}],"collection":[{"href":"https:\/\/agripedia.ch\/pflanzliche-proteine\/fr\/wp-json\/wp\/v2\/pages"}],"about":[{"href":"https:\/\/agripedia.ch\/pflanzliche-proteine\/fr\/wp-json\/wp\/v2\/types\/page"}],"author":[{"embeddable":true,"href":"https:\/\/agripedia.ch\/pflanzliche-proteine\/fr\/wp-json\/wp\/v2\/users\/456"}],"replies":[{"embeddable":true,"href":"https:\/\/agripedia.ch\/pflanzliche-proteine\/fr\/wp-json\/wp\/v2\/comments?post=726"}],"version-history":[{"count":16,"href":"https:\/\/agripedia.ch\/pflanzliche-proteine\/fr\/wp-json\/wp\/v2\/pages\/726\/revisions"}],"predecessor-version":[{"id":1093,"href":"https:\/\/agripedia.ch\/pflanzliche-proteine\/fr\/wp-json\/wp\/v2\/pages\/726\/revisions\/1093"}],"wp:attachment":[{"href":"https:\/\/agripedia.ch\/pflanzliche-proteine\/fr\/wp-json\/wp\/v2\/media?parent=726"}],"curies":[{"name":"wp","href":"https:\/\/api.w.org\/{rel}","templated":true}]}}