{"id":1180,"date":"2026-05-13T09:48:25","date_gmt":"2026-05-13T07:48:25","guid":{"rendered":"https:\/\/agripedia.ch\/pflanzliche-proteine\/?page_id=1180"},"modified":"2026-05-13T09:49:05","modified_gmt":"2026-05-13T07:49:05","slug":"recettes-a-base-de-legumineuses","status":"publish","type":"page","link":"https:\/\/agripedia.ch\/pflanzliche-proteine\/fr\/recettes-a-base-de-legumineuses\/","title":{"rendered":"Recettes \u00e0 base de l\u00e9gumineuses"},"content":{"rendered":"\n<p>Dans ce chapitre, vous trouverez 6 recettes \u00e0 base de l\u00e9gumineuses, cr\u00e9\u00e9es pour nous par Noah Rechsteiner, propri\u00e9taire d\u2019<a href=\"https:\/\/anoah.ch\/\" target=\"_blank\" rel=\"noreferrer noopener\"><u><strong>Anoah<\/strong><\/u><\/a>, l\u2019un des meilleurs restaurants v\u00e9g\u00e9taliens de Suisse. Ces recettes ont \u00e9t\u00e9 \u00e9labor\u00e9es \u00e0 partir de l\u00e9gumineuses suisses, dans le but de proposer des plats savoureux et esth\u00e9tiques, faciles \u00e0 reproduire chez soi.<\/p>\n\n\n\n<p>La recette que vous voyez en couverture est celle qui a \u00e9t\u00e9 jug\u00e9e la plus int\u00e9ressante parmi les 6. Il s&rsquo;agit d&rsquo;un houmous \u00e0 base de pois chiches noirs.<\/p>\n\n\n\n<p>Nous serions ravis que vous essayiez ces recettes chez vous et nous serions \u00e9galement heureux de recevoir vos commentaires \ud83d\ude42<\/p>\n\n\n\n<div data-wp-interactive=\"core\/file\" class=\"wp-block-file\"><object data-wp-bind--hidden=\"!state.hasPdfPreview\" hidden class=\"wp-block-file__embed\" data=\"https:\/\/agripedia.ch\/pflanzliche-proteine\/wp-content\/uploads\/sites\/49\/2026\/05\/250917_Rezeptsammlung_Hulsenfruchte_Abril-fr-FR.pdf\" type=\"application\/pdf\" style=\"width:100%;height:600px\" aria-label=\"Contenu embarqu\u00e9 250917_Rezeptsammlung_Hu\u0308lsenfru\u0308chte_Abril fr-FR.\"><\/object><a id=\"wp-block-file--media-aaa1c983-f3b8-43fe-b291-7128b48c4402\" href=\"https:\/\/agripedia.ch\/pflanzliche-proteine\/wp-content\/uploads\/sites\/49\/2026\/05\/250917_Rezeptsammlung_Hulsenfruchte_Abril-fr-FR.pdf\">250917_Rezeptsammlung_Hu\u0308lsenfru\u0308chte_Abril fr-FR<\/a><a href=\"https:\/\/agripedia.ch\/pflanzliche-proteine\/wp-content\/uploads\/sites\/49\/2026\/05\/250917_Rezeptsammlung_Hulsenfruchte_Abril-fr-FR.pdf\" class=\"wp-block-file__button wp-element-button\" download aria-describedby=\"wp-block-file--media-aaa1c983-f3b8-43fe-b291-7128b48c4402\">Herunterladen<\/a><\/div>\n","protected":false},"excerpt":{"rendered":"<p>Dans ce chapitre, vous trouverez 6 recettes \u00e0 base de l\u00e9gumineuses, cr\u00e9\u00e9es pour nous par Noah Rechsteiner, propri\u00e9taire d\u2019Anoah, l\u2019un des meilleurs restaurants v\u00e9g\u00e9taliens de Suisse. Ces recettes ont \u00e9t\u00e9 \u00e9labor\u00e9es \u00e0 partir de l\u00e9gumineuses suisses, dans le but de proposer des plats savoureux et esth\u00e9tiques, faciles \u00e0 reproduire chez soi. La recette que vous [&hellip;]<\/p>\n","protected":false},"author":456,"featured_media":0,"parent":0,"menu_order":0,"comment_status":"closed","ping_status":"closed","template":"","meta":{"_sb_is_suggestion_mode":false,"_sb_show_suggestion_boards":false,"_sb_show_comment_boards":false,"_sb_suggestion_history":"","_sb_update_block_changes":"","_monsterinsights_skip_tracking":false,"_monsterinsights_sitenote_active":false,"_monsterinsights_sitenote_note":"","_monsterinsights_sitenote_category":0,"footnotes":""},"class_list":["post-1180","page","type-page","status-publish","hentry"],"_links":{"self":[{"href":"https:\/\/agripedia.ch\/pflanzliche-proteine\/fr\/wp-json\/wp\/v2\/pages\/1180","targetHints":{"allow":["GET"]}}],"collection":[{"href":"https:\/\/agripedia.ch\/pflanzliche-proteine\/fr\/wp-json\/wp\/v2\/pages"}],"about":[{"href":"https:\/\/agripedia.ch\/pflanzliche-proteine\/fr\/wp-json\/wp\/v2\/types\/page"}],"author":[{"embeddable":true,"href":"https:\/\/agripedia.ch\/pflanzliche-proteine\/fr\/wp-json\/wp\/v2\/users\/456"}],"replies":[{"embeddable":true,"href":"https:\/\/agripedia.ch\/pflanzliche-proteine\/fr\/wp-json\/wp\/v2\/comments?post=1180"}],"version-history":[{"count":3,"href":"https:\/\/agripedia.ch\/pflanzliche-proteine\/fr\/wp-json\/wp\/v2\/pages\/1180\/revisions"}],"predecessor-version":[{"id":1185,"href":"https:\/\/agripedia.ch\/pflanzliche-proteine\/fr\/wp-json\/wp\/v2\/pages\/1180\/revisions\/1185"}],"wp:attachment":[{"href":"https:\/\/agripedia.ch\/pflanzliche-proteine\/fr\/wp-json\/wp\/v2\/media?parent=1180"}],"curies":[{"name":"wp","href":"https:\/\/api.w.org\/{rel}","templated":true}]}}