{"id":339,"date":"2019-06-06T13:24:36","date_gmt":"2019-06-06T13:24:36","guid":{"rendered":"https:\/\/agripedia.ch\/per\/?page_id=339"},"modified":"2024-09-24T23:56:19","modified_gmt":"2024-09-24T23:56:19","slug":"autres-sites-internet-utiles-concernant-les-per-et-labels","status":"publish","type":"page","link":"https:\/\/agripedia.ch\/per\/autres-sites-internet-utiles-concernant-les-per-et-labels\/","title":{"rendered":"Autres sites internet utiles concernant les PER et labels"},"content":{"rendered":"<div class=\"fusion-fullwidth fullwidth-box fusion-builder-row-1 fusion-flex-container nonhundred-percent-fullwidth non-hundred-percent-height-scrolling\" style=\"--awb-border-radius-top-left:0px;--awb-border-radius-top-right:0px;--awb-border-radius-bottom-right:0px;--awb-border-radius-bottom-left:0px;--awb-flex-wrap:wrap;\" ><div class=\"fusion-builder-row fusion-row fusion-flex-align-items-flex-start fusion-flex-content-wrap\" style=\"max-width:1144px;margin-left: calc(-4% \/ 2 );margin-right: calc(-4% \/ 2 );\"><div class=\"fusion-layout-column fusion_builder_column fusion-builder-column-0 fusion_builder_column_1_1 1_1 fusion-flex-column\" style=\"--awb-bg-size:cover;--awb-width-large:100%;--awb-margin-top-large:0px;--awb-spacing-right-large:1.92%;--awb-margin-bottom-large:20px;--awb-spacing-left-large:1.92%;--awb-width-medium:100%;--awb-spacing-right-medium:1.92%;--awb-spacing-left-medium:1.92%;--awb-width-small:100%;--awb-spacing-right-small:1.92%;--awb-spacing-left-small:1.92%;\"><div class=\"fusion-column-wrapper fusion-flex-justify-content-flex-start fusion-content-layout-column\"><div class=\"fusion-text fusion-text-1\"><h2><span class=\"rte_subtitle\">Autres sites internet utiles concernant les PER et labels<br \/>\n<\/span><\/h2>\n<\/div><div class=\"fusion-text fusion-text-2\"><ul>\n<li>Bases l\u00e9gales \u2013 <a href=\"https:\/\/www.blw.admin.ch\/blw\/fr\/home\/instrumente\/direktzahlungen.html\" target=\"_blank\" rel=\"noopener\">Office f\u00e9d\u00e9ral de l\u2019agriculture (OFAG)<\/a><\/li>\n<li>Biodiversit\u00e9 \u2013 <a href=\"https:\/\/www.agrinatur.ch\/fr\/\" target=\"_blank\" rel=\"noopener\">Site agrinatur.ch<\/a> \u2013\u00a0 Plus d\u2019informations sur les surfaces de promotion de la biodiversit\u00e9, la qualit\u00e9 \u00e9cologique, les r\u00e9seaux \u00e9cologiques.<\/li>\n<li><a href=\"https:\/\/agrosolution.ch\/fr\/\" target=\"_blank\" rel=\"noopener\">AgroSolution<\/a><\/li>\n<li><a href=\"https:\/\/agrosolution.ch\/fr\/swissgap\/\" target=\"_blank\" rel=\"noopener\">AgroSolution \u2013 SwissGAP \u2013 Informations, inscriptions et documents d\u2019application SwissGAP<\/a><\/li>\n<li><a href=\"https:\/\/agrosolution.ch\/fr\/suisse-garantie\/\" target=\"_blank\" rel=\"noopener\">AgroSolution \u2013 SUISSE GARANTIE<\/a><\/li>\n<li><a href=\"http:\/\/www.aq-viandesuisse.ch\/fr\" target=\"_blank\" rel=\"noopener\">AQ \u2013 Viande Suisse<\/a><\/li>\n<li><a href=\"https:\/\/agripedia.ch\/focus-ap-pa\/page-daccueil\/trajectoire-de-reduction-des-elements-nutritifs-et-des-produits-phytosanitaires\/train-dordonnance-iv-pa-19-475\/\" target=\"_blank\" rel=\"noopener\">Focus-ap-pa \u2013 Politique agricole IP 19.475<\/a><\/li>\n<li><a href=\"https:\/\/www.ipsuisse.ch\/fr\/\" target=\"_blank\" rel=\"noopener\">IP-Suisse \u2013 Consommateurs<\/a><\/li>\n<li><a href=\"https:\/\/www.ipsuisse.ch\/fr\/producteurs\/\" target=\"_blank\" rel=\"noopener\">IP-Suisse \u2013 Producteurs & Partenaires<\/a><\/li>\n<li><a href=\"https:\/\/www.suissegarantie.ch\/fr\/accueil-6.html\" target=\"_blank\" rel=\"noopener\">Suisse garantie<\/a><\/li>\n<li><a href=\"https:\/\/www.agroscope.admin.ch\/agroscope\/fr\/home.html\" target=\"_blank\" rel=\"noopener\">AGROSCOPE \u2013 Recherche agronomique suisse<\/a><\/li>\n<\/ul>\n<h4 class=\"bodytext\">Organisations romandes en liaison avec les contr\u00f4les PER<\/h4>\n<ul>\n<li>Fribourg \u2013 AFAPI \u2013 <a href=\"http:\/\/www.afapi-fipo.ch\" target=\"_blank\" rel=\"noopener\">Association fribourgeoise des agriculteurs pratiquant une agriculture respectueuse de l\u2019environnement et des animaux <\/a><\/li>\n<li>Gen\u00e8ve \u2013 <a href=\"https:\/\/www.agrigeneve.ch\/defense-prof\/ass-admin\/agri-pige\" target=\"_blank\" rel=\"noopener\">AGRI-PIGE \u2013 Association genevoise des paysans et paysannes pratiquant la production int\u00e9gr\u00e9e<\/a><\/li>\n<li>Jura \u2013 <a href=\"https:\/\/www.agrijura.ch\/ajapi\" target=\"_blank\" rel=\"noopener\">AJAPI \u2013 Association jurassienne des agriculteurs pratiquant la production int\u00e9gr\u00e9e<\/a><\/li>\n<li>Jura-Bernois \u2013 <a href=\"https:\/\/aniterra.ch\/fr\/\" target=\"_blank\" rel=\"noopener\">Aniterra \u2013 Contr\u00f4le pour une Agriculture Respectueuse de l\u2019Environnement et des Animaux<\/a> \u2013 Fusion des organisations de contr\u00f4le KuL\/Carea et Qualinova SA<\/li>\n<li>Neuch\u00e2tel \u2013 <a href=\"https:\/\/www.cnav.ch\/ANAPI\/Presentation\/Portrait\" target=\"_blank\" rel=\"noopener\">ANAPI \u2013 Association neuch\u00e2teloise des agriculteurs en production int\u00e9gr\u00e9e<\/a><\/li>\n<li>Tessin \u2013 <a href=\"https:\/\/www4.ti.ch\/dfe\/de\/sa\/consulenza-e-servizi\/produzione-integrata\/\" target=\"_blank\" rel=\"noopener\">Consulenza \u2013 Produzione integrata<\/a><\/li>\n<li>Valais \u2013 <a href=\"https:\/\/acav-vs.ch\/\" target=\"_blank\" rel=\"noopener\">ACAV \u2013 Association pour les Contr\u00f4les Agricoles en Valais<\/a> (ancinne AVPI)<\/li>\n<li>Valais \u2013 <a href=\"https:\/\/oberwalliser-bauern.ch\/kontrolldienst\/\" target=\"_blank\" rel=\"noopener\">Kontrolldienst der BVO (avant OLK) \u2013 Bauern Vereinigungen Oberwallis \/ Chambre d\u2019Agriculture du Haut-Valais \u2013 Visp\/Vi\u00e8ge<\/a><\/li>\n<li>Vaud \u2013 <a href=\"https:\/\/www.prometerre.ch\/unites\/ecoprest\" target=\"_blank\" rel=\"noopener\">Prom\u00e9terre\/Ecoprest \u2013 Production int\u00e9gr\u00e9e vaudoise (PIV)<\/a><\/li>\n<li>Vaud \u2013 <a href=\"https:\/\/www.prometerre.ch\/prestations\/expertise\/organisme-de-controle-cobra\" target=\"_blank\" rel=\"noopener\">CoBrA \u2013 Organisme de contr\u00f4le de l\u2019Association vaudoise de Contr\u00f4le des Branches Agricoles<\/a><\/li>\n<li>PIOCH \u2013 <a href=\"https:\/\/www.agora-romandie.ch\/pioch\/\" target=\"_blank\" rel=\"noopener\">Groupement pour la production int\u00e9gr\u00e9e dans l\u2019Ouest de la Suisse \u2013 F\u00e9d\u00e8re les associations cantonales de production int\u00e9gr\u00e9e de la Suisse romande<\/a><\/li>\n<li>FOCAA \u2013 <a href=\"https:\/\/www.prometerre.ch\/prestations\/expertise\/federation-focaa\" target=\"_blank\" rel=\"noopener\">F\u00e9d\u00e9ration des Organisations de Contr\u00f4les Agricoles et Alimentaires<\/a> \u2013 Regroupe sept organisations de contr\u00f4le de Suisse romande, du Tessin et du Haut-Valais, dont la CoBrA et assure la coordination et l\u2019application des exigences de l\u2019accr\u00e9ditation.<\/li>\n<\/ul>\n<h4 class=\"bodytext\">Planification et conseils concernant les PER \u2013 Organisations de vulgarisation agricole cantonales<\/h4>\n<ul>\n<li>Fribourg \u2013 <a href=\"https:\/\/www.fr.ch\/grangeneuve\/conseils-et-expertises\" target=\"_blank\" rel=\"noopener\">Grangeneuve \u2013 Conseils et expertises<\/a><\/li>\n<li>Gen\u00e8ve \u2013 <a href=\"https:\/\/www.agrigeneve.ch\/\" target=\"_blank\" rel=\"noopener\">AgriGeneve<\/a> \u2013 <a href=\"https:\/\/www.agrigeneve.ch\/agrivulg\/gestion-administrative\" target=\"_blank\" rel=\"noopener\">AgriVulg<\/a><\/li>\n<li>Jura et Jura-bernois \u2013 <a href=\"http:\/\/www.frij.ch\" target=\"_blank\" rel=\"noopener\">Fondation rurale interjurassienne \u2013 FRI<\/a><\/li>\n<li>Neuch\u00e2tel \u2013 <a href=\"http:\/\/www.cnav.ch\/DesktopDefault.aspx?tabid=2162&tabindex=1&langid=2\" target=\"_blank\" rel=\"noopener\">CNAV-vulgarisation agricole<\/a><\/li>\n<li>Tessin \u2013 <a href=\"http:\/\/www4.ti.ch\/dfe\/de\/sa\/consulenza-e-servizi\/homes\/\" target=\"_blank\" rel=\"noopener\">Ufficio della consulenza agricola<\/a><\/li>\n<li>Valais \u2013 <a href=\"https:\/\/www.vs.ch\/web\/sca\" target=\"_blank\" rel=\"noopener\">Service de l\u2019agriculture, Economie animale<\/a><\/li>\n<li>Vaud \u2013 <a href=\"https:\/\/www.prometerre.ch\/\" target=\"_blank\" rel=\"noopener\">Prom\u00e9terre<\/a> \u2013 <a href=\"https:\/\/www.prometerre.ch\/unites\/proconseil\" target=\"_blank\" rel=\"noopener\">ProConseil<\/a><\/li>\n<\/ul>\n<p><strong>Centrales de vulgarisation agricole<\/strong><\/p>\n<ul>\n<li><a href=\"https:\/\/www.agridea.ch\/\" target=\"_blank\" rel=\"noopener\">AGRIDEA (Lausanne, Cadenazzo et Lindau)<\/a><\/li>\n<\/ul>\n<\/div><\/div><\/div><\/div><\/div>\n","protected":false},"excerpt":{"rendered":"","protected":false},"author":26,"featured_media":0,"parent":0,"menu_order":0,"comment_status":"closed","ping_status":"closed","template":"","meta":{"_sb_is_suggestion_mode":false,"_sb_show_suggestion_boards":false,"_sb_show_comment_boards":false,"_sb_suggestion_history":"","_sb_update_block_changes":"","_monsterinsights_skip_tracking":false,"_monsterinsights_sitenote_active":false,"_monsterinsights_sitenote_note":"","_monsterinsights_sitenote_category":0,"footnotes":""},"class_list":["post-339","page","type-page","status-publish","hentry"],"_links":{"self":[{"href":"https:\/\/agripedia.ch\/per\/wp-json\/wp\/v2\/pages\/339","targetHints":{"allow":["GET"]}}],"collection":[{"href":"https:\/\/agripedia.ch\/per\/wp-json\/wp\/v2\/pages"}],"about":[{"href":"https:\/\/agripedia.ch\/per\/wp-json\/wp\/v2\/types\/page"}],"author":[{"embeddable":true,"href":"https:\/\/agripedia.ch\/per\/wp-json\/wp\/v2\/users\/26"}],"replies":[{"embeddable":true,"href":"https:\/\/agripedia.ch\/per\/wp-json\/wp\/v2\/comments?post=339"}],"version-history":[{"count":14,"href":"https:\/\/agripedia.ch\/per\/wp-json\/wp\/v2\/pages\/339\/revisions"}],"predecessor-version":[{"id":1443,"href":"https:\/\/agripedia.ch\/per\/wp-json\/wp\/v2\/pages\/339\/revisions\/1443"}],"wp:attachment":[{"href":"https:\/\/agripedia.ch\/per\/wp-json\/wp\/v2\/media?parent=339"}],"curies":[{"name":"wp","href":"https:\/\/api.w.org\/{rel}","templated":true}]}}