{"id":312,"date":"2019-06-30T00:00:50","date_gmt":"2019-06-30T00:00:50","guid":{"rendered":"https:\/\/agripedia.ch\/per\/?page_id=312"},"modified":"2025-01-14T09:32:04","modified_gmt":"2025-01-14T09:32:04","slug":"plvh","status":"publish","type":"page","link":"https:\/\/agripedia.ch\/per\/plvh\/","title":{"rendered":"Production de lait ou de viande bas\u00e9e sur les herbages"},"content":{"rendered":"<div class=\"fusion-fullwidth fullwidth-box fusion-builder-row-1 fusion-flex-container nonhundred-percent-fullwidth non-hundred-percent-height-scrolling\" style=\"--awb-border-radius-top-left:0px;--awb-border-radius-top-right:0px;--awb-border-radius-bottom-right:0px;--awb-border-radius-bottom-left:0px;--awb-flex-wrap:wrap;\" ><div class=\"fusion-builder-row fusion-row fusion-flex-align-items-flex-start fusion-flex-content-wrap\" style=\"max-width:1144px;margin-left: calc(-4% \/ 2 );margin-right: calc(-4% \/ 2 );\"><div class=\"fusion-layout-column fusion_builder_column fusion-builder-column-0 fusion_builder_column_1_1 1_1 fusion-flex-column\" style=\"--awb-bg-size:cover;--awb-width-large:100%;--awb-margin-top-large:0px;--awb-spacing-right-large:1.92%;--awb-margin-bottom-large:20px;--awb-spacing-left-large:1.92%;--awb-width-medium:100%;--awb-spacing-right-medium:1.92%;--awb-spacing-left-medium:1.92%;--awb-width-small:100%;--awb-spacing-right-small:1.92%;--awb-spacing-left-small:1.92%;\"><div class=\"fusion-column-wrapper fusion-flex-justify-content-flex-start fusion-content-layout-column\"><div class=\"fusion-text fusion-text-1\"><h2><span class=\"rte_subtitle\">Production de lait ou de viande bas\u00e9e sur les herbages<\/span><\/h2>\n<\/div><div class=\"fusion-text fusion-text-2\"><p class=\"bodytext\">Cette mesure fait partie des contributions aux syst\u00e8mes de production.<\/p>\n<p><a href=\"https:\/\/agripedia.ch\/per\/wp-content\/uploads\/sites\/13\/2024\/09\/PER-Site-Maj240828-PLVH-Factsheet.pdf\" target=\"_blank\" rel=\"noopener\">PLVH \u2013 Production de lait et viande bas\u00e9e sur les herbages \u2013 Fiche d\u2019information (Factsheet)<\/a><\/p>\n<p>Calculateur Bilan fourrager PLVH<\/p>\n<ul>\n<li><a href=\"https:\/\/agripedia.ch\/per\/wp-content\/uploads\/sites\/13\/2025\/01\/2328_1_F_PLVH_Bilan_fourrager110.xlt\" target=\"_blank\" rel=\"noopener\">La version 1.10 du Bilan fourrager PLVH OFAG-AGRIDEA<\/a> est valable pour les ann\u00e9es 2025 et 2026<\/li>\n<li><a href=\"https:\/\/agripedia.ch\/per\/wp-content\/uploads\/sites\/13\/2024\/09\/PER-Site-Maj240828-PLVH-Bilan-fourrager_PLVH_OFAGAgridea_1.9-pour2024-2025.xls\" target=\"_blank\" rel=\"noopener\">La version 1.9 du Bilan fourrager PLVH OFAG-AGRIDEA<\/a> est valable pour les ann\u00e9es 2024 et 2025<\/li>\n<li><a href=\"https:\/\/agripedia.ch\/per\/wp-content\/uploads\/sites\/13\/2024\/09\/PER-Site-Maj240828-PLVH-Bilan-fourrager-PLVH_OFAGAgridea_1.8-pour2023-2024.xls\" target=\"_blank\" rel=\"noopener\">La version 1.8 du Bilan fourrager PLVH OFAG-AGRIDEA<\/a> est valable pour les ann\u00e9es 2023 et 2024<\/li>\n<\/ul>\n<p class=\"bodytext\">Les logiciels pour le calcul \u00e9lectronique du bilan fourrager PLVH doivent \u00eatre autoris\u00e9s par l\u2019OFAG. Voir la liste des programmes autoris\u00e9s:<\/p>\n<ul>\n<li class=\"bodytext\"><a href=\"https:\/\/www.blw.admin.ch\/blw\/fr\/home\/instrumente\/direktzahlungen\/produktionssystembeitraege23\/beitrag-fuer-graslandbasierte-milch--und-fleischproduktion.html#accordion1727482918662\" target=\"_blank\" rel=\"noopener\">OFAG \u2013 Logiciels octroy\u00e9s pour le bilan fourrager PLVH \u00e9dition \u2026<\/a><\/li>\n<\/ul>\n<p>Vous trouvez ci-dessous les liens sur:<\/p>\n<ul>\n<li><a href=\"https:\/\/www.blw.admin.ch\/blw\/fr\/home\/instrumente\/direktzahlungen\/produktionssystembeitraege23\/beitrag-fuer-graslandbasierte-milch--und-fleischproduktion.html\" target=\"_blank\" rel=\"noopener\">PLVH sur le site internet de l\u2019OFAG<\/a><\/li>\n<li><a href=\"https:\/\/agripedia.ch\/per\/wp-content\/uploads\/sites\/13\/2024\/09\/PER-Site-Maj240828-PLVH-Factsheet.pdf\" target=\"_blank\" rel=\"noopener\">Focus AP-PA \u2013 Politique agricole (Site Internet) <\/a><\/li>\n<\/ul>\n<\/div><\/div><\/div><\/div><\/div>\n","protected":false},"excerpt":{"rendered":"","protected":false},"author":26,"featured_media":0,"parent":0,"menu_order":0,"comment_status":"closed","ping_status":"closed","template":"","meta":{"_sb_is_suggestion_mode":false,"_sb_show_suggestion_boards":false,"_sb_show_comment_boards":false,"_sb_suggestion_history":"","_sb_update_block_changes":"","_monsterinsights_skip_tracking":false,"_monsterinsights_sitenote_active":false,"_monsterinsights_sitenote_note":"","_monsterinsights_sitenote_category":0,"footnotes":""},"class_list":["post-312","page","type-page","status-publish","hentry"],"_links":{"self":[{"href":"https:\/\/agripedia.ch\/per\/wp-json\/wp\/v2\/pages\/312","targetHints":{"allow":["GET"]}}],"collection":[{"href":"https:\/\/agripedia.ch\/per\/wp-json\/wp\/v2\/pages"}],"about":[{"href":"https:\/\/agripedia.ch\/per\/wp-json\/wp\/v2\/types\/page"}],"author":[{"embeddable":true,"href":"https:\/\/agripedia.ch\/per\/wp-json\/wp\/v2\/users\/26"}],"replies":[{"embeddable":true,"href":"https:\/\/agripedia.ch\/per\/wp-json\/wp\/v2\/comments?post=312"}],"version-history":[{"count":13,"href":"https:\/\/agripedia.ch\/per\/wp-json\/wp\/v2\/pages\/312\/revisions"}],"predecessor-version":[{"id":1560,"href":"https:\/\/agripedia.ch\/per\/wp-json\/wp\/v2\/pages\/312\/revisions\/1560"}],"wp:attachment":[{"href":"https:\/\/agripedia.ch\/per\/wp-json\/wp\/v2\/media?parent=312"}],"curies":[{"name":"wp","href":"https:\/\/api.w.org\/{rel}","templated":true}]}}