{"id":295,"date":"2019-06-30T00:00:50","date_gmt":"2019-06-30T00:00:50","guid":{"rendered":"https:\/\/agripedia.ch\/per\/?page_id=295"},"modified":"2019-07-11T12:29:07","modified_gmt":"2019-07-11T12:29:07","slug":"per-protection-phytosanitaire","status":"publish","type":"page","link":"https:\/\/agripedia.ch\/per\/per-protection-phytosanitaire\/","title":{"rendered":"PER Protection phytosanitaire"},"content":{"rendered":"<p><div class=\"fusion-fullwidth fullwidth-box fusion-builder-row-1 fusion-flex-container nonhundred-percent-fullwidth non-hundred-percent-height-scrolling\" style=\"--awb-border-radius-top-left:0px;--awb-border-radius-top-right:0px;--awb-border-radius-bottom-right:0px;--awb-border-radius-bottom-left:0px;--awb-flex-wrap:wrap;\" ><div class=\"fusion-builder-row fusion-row fusion-flex-align-items-flex-start fusion-flex-content-wrap\" style=\"max-width:calc( 1100px + 0px );margin-left: calc(-0px \/ 2 );margin-right: calc(-0px \/ 2 );\"><div class=\"fusion-layout-column fusion_builder_column fusion-builder-column-0 fusion_builder_column_1_1 1_1 fusion-flex-column\" style=\"--awb-bg-size:cover;--awb-width-large:100%;--awb-margin-top-large:0px;--awb-spacing-right-large:0px;--awb-margin-bottom-large:20px;--awb-spacing-left-large:0px;--awb-width-medium:100%;--awb-spacing-right-medium:0px;--awb-spacing-left-medium:0px;--awb-width-small:100%;--awb-spacing-right-small:0px;--awb-spacing-left-small:0px;\"><div class=\"fusion-column-wrapper fusion-flex-justify-content-flex-start fusion-content-layout-column\"><div class=\"fusion-text fusion-text-1\"><h2><span class=\"rte_subtitle\">Protection phytosanitaire<br \/>\n<\/span><\/h2>\n<\/div><div class=\"fusion-text fusion-text-2\"><p>Ci-dessous: Informations compl\u00e9mentaires aux r\u00e8gles techniques PER.<\/p>\n<\/div><div class=\"fusion-text fusion-text-3\"><ul>\n<li><a href=\"https:\/\/agripedia.ch\/per\/wp-content\/uploads\/sites\/13\/2019\/07\/PER-Site-Maj190710-51-UtilisationHerbicidesSurSPB-Version2019-Ed_Janvier2019_F-1.pdf\">Utilisation d\u2018herbicides sur les surfaces de promotion de la biodiversit\u00e9 \u2013 substances actives autoris\u00e9es \u2013 Version 2019, \u00e9dition janvier 2019<\/a> (OFAG-AGRIDEA).<\/li>\n<li><a href=\"https:\/\/www.agrartechnik.ch\/fileadmin\/user_upload\/spritzentests\/Richtlinien_Feldspritzen_2019_F.pdf\">ASETA\/SVLT \u2013 Directives 2019 sur le contr\u00f4le des pulv\u00e9risateurs pour les grandes cultures<\/a><\/li>\n<li><a href=\"https:\/\/www.agrartechnik.ch\/fileadmin\/user_upload\/spritzentests\/Richtlinien_Spr%C3%BChger%C3%A4te_2019_F.pdf\">ASETA\/SVLT \u2013 Directives 2019\u00a0 sur le contr\u00f4le des pulv\u00e9risateurs pour l\u2019arboriculture, la viticulture et les autres cultures verticales en lignes<\/a><\/li>\n<li><a href=\"https:\/\/www.agrartechnik.ch\/fileadmin\/user_upload\/spritzentests\/Pruefstellen_2019.pdf\">ASETA\/SVLT \u2013 Liste de centre de test de pulv\u00e9risateur 2019<\/a><\/li>\n<\/ul>\n<\/div><\/div><\/div><\/div><\/div><div class=\"fusion-fullwidth fullwidth-box fusion-builder-row-2 fusion-flex-container nonhundred-percent-fullwidth non-hundred-percent-height-scrolling\" style=\"--awb-border-radius-top-left:0px;--awb-border-radius-top-right:0px;--awb-border-radius-bottom-right:0px;--awb-border-radius-bottom-left:0px;--awb-flex-wrap:wrap;\" ><div class=\"fusion-builder-row fusion-row fusion-flex-align-items-flex-start fusion-flex-content-wrap\" style=\"max-width:1144px;margin-left: calc(-4% \/ 2 );margin-right: calc(-4% \/ 2 );\"><div class=\"fusion-layout-column fusion_builder_column fusion-builder-column-1 fusion_builder_column_1_1 1_1 fusion-flex-column\" style=\"--awb-bg-size:cover;--awb-width-large:100%;--awb-margin-top-large:0px;--awb-spacing-right-large:1.92%;--awb-margin-bottom-large:20px;--awb-spacing-left-large:1.92%;--awb-width-medium:100%;--awb-spacing-right-medium:1.92%;--awb-spacing-left-medium:1.92%;--awb-width-small:100%;--awb-spacing-right-small:1.92%;--awb-spacing-left-small:1.92%;\"><div class=\"fusion-column-wrapper fusion-flex-justify-content-flex-start fusion-content-layout-column\"><div class=\"fusion-text fusion-text-4\"><h4>Bonnes pratiques agricoles<\/h4>\n<p><a href=\"https:\/\/www.gutelandwirtschaftlichepraxis.ch\/\" target=\"_blank\" rel=\"noopener\">Le site \u00ab\u00a0Bonnes pratiques agricoles\u00a0\u00bb<\/a> rassemble les informations techniques provenant de diff\u00e9rentes organisation pour une protection efficace des plantes ainsi que la protection de l\u2019utilisateur et de l\u2019environnement.<\/p>\n<\/div><div class=\"fusion-text fusion-text-5\"><h4>Information sur les phytosanitaires en grandes cultures<\/h4>\n<\/div><\/div><\/div><div class=\"fusion-layout-column fusion_builder_column fusion-builder-column-2 fusion_builder_column_1_3 1_3 fusion-flex-column\" style=\"--awb-bg-size:cover;--awb-width-large:33.333333333333%;--awb-margin-top-large:0px;--awb-spacing-right-large:3.8399999999999%;--awb-margin-bottom-large:20px;--awb-spacing-left-large:5.76%;--awb-width-medium:33.333333333333%;--awb-spacing-right-medium:3.8399999999999%;--awb-spacing-left-medium:5.76%;--awb-width-small:100%;--awb-spacing-right-small:1.92%;--awb-spacing-left-small:1.92%;\"><div class=\"fusion-column-wrapper fusion-flex-justify-content-flex-start fusion-content-layout-column\"><div class=\"fusion-image-element \" style=\"--awb-caption-title-font-family:var(--h2_typography-font-family);--awb-caption-title-font-weight:var(--h2_typography-font-weight);--awb-caption-title-font-style:var(--h2_typography-font-style);--awb-caption-title-size:var(--h2_typography-font-size);--awb-caption-title-transform:var(--h2_typography-text-transform);--awb-caption-title-line-height:var(--h2_typography-line-height);--awb-caption-title-letter-spacing:var(--h2_typography-letter-spacing);\"><span class=\" fusion-imageframe imageframe-none imageframe-1 hover-type-none\"><a class=\"fusion-no-lightbox\" href=\"https:\/\/agridea.abacuscity.ch\/fr\/A~1564\/0~0~Shop\/Grandes-cultures-classeur-de-fiches-techniques\" target=\"_blank\" aria-label=\"Grande cultures &#8211; fiches techniques\" rel=\"noopener noreferrer\"><img decoding=\"async\" width=\"280\" height=\"393\" src=\"https:\/\/agripedia.ch\/per\/wp-content\/uploads\/sites\/13\/2019\/05\/productImage_1564_fr.jpg\" alt class=\"img-responsive wp-image-307\" srcset=\"https:\/\/agripedia.ch\/per\/wp-content\/uploads\/sites\/13\/2019\/05\/productImage_1564_fr-200x281.jpg 200w, https:\/\/agripedia.ch\/per\/wp-content\/uploads\/sites\/13\/2019\/05\/productImage_1564_fr.jpg 280w\" sizes=\"(max-width: 640px) 100vw, 280px\" \/><\/a><\/span><\/div><\/div><\/div><div class=\"fusion-layout-column fusion_builder_column fusion-builder-column-3 fusion_builder_column_2_3 2_3 fusion-flex-column\" style=\"--awb-bg-size:cover;--awb-width-large:66.666666666667%;--awb-margin-top-large:0px;--awb-spacing-right-large:2.88%;--awb-margin-bottom-large:20px;--awb-spacing-left-large:3.84%;--awb-width-medium:66.666666666667%;--awb-spacing-right-medium:2.88%;--awb-spacing-left-medium:3.84%;--awb-width-small:100%;--awb-spacing-right-small:1.92%;--awb-spacing-left-small:1.92%;\"><div class=\"fusion-column-wrapper fusion-flex-justify-content-flex-start fusion-content-layout-column\"><div class=\"fusion-text fusion-text-6\"><p>Vous trouvez de nombreuses informations utiles concernant les phytosanitaires dans le classeur de fiches techniques \u00ab<a href=\"https:\/\/agridea.abacuscity.ch\/fr\/A~1564\/0~0~Shop\/Grandes-cultures-classeur-de-fiches-techniques\" target=\"_blank\" rel=\"noopener\">Grandes cultures<\/a>\u00bb<\/p>\n<ul>\n<li><strong>Seuils d\u2019intervention<\/strong> contre les organismes nuisibles en grandes cultures (PER): Voir chapitre 1 <a href=\"https:\/\/agripedia.ch\/per\/wp-content\/uploads\/sites\/13\/2019\/06\/1.33-39.pdf\">Fiches 1.33 \u00e0 1.39<\/a> du classeur \u00ab<a href=\"https:\/\/agridea.abacuscity.ch\/fr\/A~1564\/0~0~Shop\/Grandes-cultures-classeur-de-fiches-techniques\" target=\"_blank\" rel=\"noopener\">Grandes cultures<\/a>\u00bb<\/li>\n<li><strong>T\u00e9moin<\/strong> un pr\u00e9cieux outil d\u2019information \u2013 Comment faire ?<br \/>\nVoir les <a href=\"https:\/\/agripedia.ch\/per\/wp-content\/uploads\/sites\/13\/2019\/05\/Fiche_1.39-1.40_temoin.pdf\">fiches 1.39 et 1.40<\/a> du classeur \u00ab<a href=\"https:\/\/agridea.abacuscity.ch\/fr\/A~1564\/0~0~Shop\/Grandes-cultures-classeur-de-fiches-techniques\" target=\"_blank\" rel=\"noopener\">Grandes cultures<\/a>\u00bb<\/li>\n<li>Informations phytosanitaires concernant les cultures: voir les chapitres 2 \u00e0 11 sp\u00e9cifiques aux cultures du classeur.<\/li>\n<li>Informations g\u00e9n\u00e9rales sur les phytosanitaires (protection des eaux, lavage des pulv\u00e9risateurs, restrictions en zones de sources, adjuvants, anti-mousses, r\u00e9sistances, etc.): voir chapitre 18-phytosanitaire du classeur.<\/li>\n<\/ul>\n<p><a href=\"https:\/\/agridea.abacuscity.ch\/fr\/A~1564~1\/0~0~Shop3\/Grandes-cultures-classeur-de-fiches-techniques\/Deutsch\/Print-Papier\" target=\"_blank\" rel=\"noopener\">Classeur papier<\/a>\u00a0: CHF 80.-<\/p>\n<p><a href=\"https:\/\/agridea.abacuscity.ch\/fr\/A~1565~1\/0~0~Shop3\/Grandes-cultures-abonnement-de-mise-%C3%A0-jour-papier\/Allemand\/Print-papier-abonnement-annuel\" target=\"_blank\" rel=\"noopener\">Variante online<\/a>\u00a0: CHF 30.-\/an (acc\u00e8s \u00e0 l\u2019ensemble du classeur et des 3 mises \u00e0 jour annuelles au format PDF)<\/p>\n<p><a href=\"https:\/\/agridea.abacuscity.ch\/fr\/A~1629~2\/0~0~Shop3\/Grandes-cultures-abonnement-de-mise-%C3%A0-jour-en-ligne\/Fran%C3%A7ais\/Download-PDF\" target=\"_blank\" rel=\"noopener\">Abonnement papier<\/a>\u00a0: CHF 30.\/an, 3 mises \u00e0 jour<\/p>\n<p><a href=\"https:\/\/agridea.abacuscity.ch\/fr\/A~3324~2\/0~0~Shop3\/Grandes-cultures-abonnement-de-mise-%C3%A0-jour-combin%C3%A9\/Fran%C3%A7ais\" target=\"_blank\" rel=\"noopener\">Abonnement combin\u00e9<\/a>\u00a0: CHF 45.- \/an, 3 envoi de mise \u00e0 jour papier \u00e0 la maison et acc\u00e8s d\u20191 ann\u00e9e au classeur et mises \u00e0 jour au format PDF<\/p>\n<\/div><\/div><\/div><\/div><\/div><div class=\"fusion-fullwidth fullwidth-box fusion-builder-row-3 fusion-flex-container nonhundred-percent-fullwidth non-hundred-percent-height-scrolling\" style=\"--awb-border-radius-top-left:0px;--awb-border-radius-top-right:0px;--awb-border-radius-bottom-right:0px;--awb-border-radius-bottom-left:0px;--awb-flex-wrap:wrap;\" ><div class=\"fusion-builder-row fusion-row fusion-flex-align-items-flex-start fusion-flex-content-wrap\" style=\"max-width:calc( 1100px + 0px );margin-left: calc(-0px \/ 2 );margin-right: calc(-0px \/ 2 );\"><div class=\"fusion-layout-column fusion_builder_column fusion-builder-column-4 fusion_builder_column_1_1 1_1 fusion-flex-column\" style=\"--awb-bg-size:cover;--awb-width-large:100%;--awb-margin-top-large:0px;--awb-spacing-right-large:0px;--awb-margin-bottom-large:20px;--awb-spacing-left-large:0px;--awb-width-medium:100%;--awb-spacing-right-medium:0px;--awb-spacing-left-medium:0px;--awb-width-small:100%;--awb-spacing-right-small:0px;--awb-spacing-left-small:0px;\"><div class=\"fusion-column-wrapper fusion-flex-justify-content-flex-start fusion-content-layout-column\"><div class=\"fusion-text fusion-text-7\"><h4>Liens utiles concernant les phytosanitaire<\/h4>\n<ul>\n<li><a href=\"http:\/\/www.psm.admin.ch\/psm\/produkte\/index.html?lang=fr\" target=\"_blank\" rel=\"noopener\">OFAG \u2013 Index des produits phytosanitaires<\/a><br \/>\nCette index online fournit par produits ou par mati\u00e8res actives l\u2019ensemble des produits phytosanitaires autoris\u00e9s avec leurs domaines d\u2019application et leurs indications d\u2019utilisation.<\/li>\n<li><a href=\"http:\/\/dataphyto.agroscope.info\/$\/\" target=\"blank\">Agroscope \u2013 DATAphyto<\/a><br \/>\nCette base de donn\u00e9es \u00e9labor\u00e9e par Agrocope pr\u00e9sente la situation actuelle des homologations pour les produits phytosanitaires en cultures mara\u00eech\u00e8res. Elle permet de rechercher un produit (herbicide, fongicide, insecticide, acaricide ou n\u00e9maticide) applicable sur une culture maraich\u00e8re contre une mauvaises herbe ou un organismes donn\u00e9 et fournit toutes les indication techniques utiles.<\/li>\n<li><a href=\"https:\/\/www.agrartechnik.ch\/fr\/verband\/technique\/tests-de-pulverisateurs\/\" target=\"_blank\" rel=\"noopener\">ASETA\/SVLT \u2013 Tests de pulv\u00e9risateurs<\/a><\/li>\n<\/ul>\n<p class=\"bodytext\">A voir aussi:<\/p>\n<p class=\"bodytext\"><strong>Stations et Bulletins des stations phytosanitaires des cantons<\/strong><\/p>\n<ul>\n<li>BE \u2013 <a href=\"https:\/\/www.vol.be.ch\/vol\/fr\/index\/landwirtschaft\/landwirtschaft\/pflanzenschutz.html\" target=\"_blank\" rel=\"noopener\">Protection des plantes cultiv\u00e9es contre les maladies et les ravageurs<\/a> et\u00a0<a href=\"https:\/\/www.vol.be.ch\/vol\/fr\/index\/landwirtschaft\/landwirtschaft\/pflanzenschutz\/pflanzenschutzberatung.html\" target=\"_blank\" rel=\"noopener\">Conseils en mati\u00e8re de mesures phytosanitaires<\/a><\/li>\n<li>FR \u2013 <a href=\"https:\/\/www.fr.ch\/grangeneuve\/energie-agriculture-et-environnement\/agriculture-et-animaux-de-rente\/service-phytosanitaire-cantonal\" target=\"_blank\" rel=\"noopener\">Service phytosanitaire cantonal<\/a>\u00a0 et <a href=\"https:\/\/www.fr.ch\/grangeneuve\/energie-agriculture-et-environnement\/agriculture-et-animaux-de-rente\/bulletins-phytosanitaires\" target=\"_blank\" rel=\"noopener\">Bulletins phytosanitaires<\/a><\/li>\n<li>GE \u2013 <a href=\"https:\/\/www.ge.ch\/maladies-parasites-arbres-plantes\" target=\"_blank\" rel=\"noopener\">Maladies et parasites des arbres et des plantes<\/a>\u00a0 \u2013\u00a0 <a href=\"https:\/\/www.ge.ch\/maladies-parasites-arbres-plantes\/bulletins-phytosanitaires-viticoles\" target=\"_blank\" rel=\"noopener\">Bulletins phytosanitaires viticoles<\/a><\/li>\n<li>JU \u2013 <a href=\"https:\/\/www.frij.ch\/Conseil\/Production-vegetale-\/Station-phytosanitaire\" target=\"_blank\" rel=\"noopener\">Station phytosanitaire<\/a> \u2013 <a href=\"https:\/\/www.frij.ch\/Conseil\/Production-vegetale-\/Bulletins-phytosanitaires\" target=\"_blank\" rel=\"noopener\">Bulletins phytosanitaires<\/a><\/li>\n<li>NE \u2013 <a href=\"https:\/\/www.ne.ch\/autorites\/DDTE\/SAGR\/production-vegetale\/Pages\/accueil.aspx\" target=\"_blank\" rel=\"noopener\">Station phytosanitaire<\/a>\u00a0 \u2013\u00a0 <a href=\"https:\/\/www.ne.ch\/autorites\/DDTE\/SAGR\/production-vegetale\/Pages\/GC-BPhyto.aspx\" target=\"_blank\" rel=\"noopener\">Grandes cultures\/Bulletins phytosanitaires<\/a>\u00a0 \u2013\u00a0 <a href=\"https:\/\/www.ne.ch\/autorites\/DDTE\/SAGR\/production-vegetale\/Pages\/Les-herbages.aspx\" target=\"_blank\" rel=\"noopener\">Herbages<\/a><\/li>\n<li>TI \u2013 <a href=\"https:\/\/www4.ti.ch\/dfe\/de\/sa\/consulenza-e-servizi\/informazioni-sf\/\" target=\"_blank\" rel=\"noopener\">Informazioni del Servizio fitosanitario<\/a><\/li>\n<li>VD \u2013 <a href=\"https:\/\/www.vd.ch\/themes\/economie\/agriculture-et-viticulture\/vulgarisation-agricole\/grandes-cultures-et-herbages\/\" target=\"_blank\" rel=\"noopener\">Grandes cultures et herbages\u00a0<\/a> \u2013\u00a0 <a href=\"https:\/\/www.vd.ch\/themes\/economie\/agriculture-et-viticulture\/vulgarisation-agricole\/grandes-cultures-et-herbages\/bulletin-grandes-cultures-et-herbages\/\" target=\"_blank\" rel=\"noopener\">Bulletins grandes cultures et herbages<\/a><\/li>\n<li>VS \u2013 <a href=\"https:\/\/www.vs.ch\/web\/sca\/protection-des-plantes\" target=\"_blank\" rel=\"noopener\">Protection des v\u00e9g\u00e9taux<\/a>\u00a0 \u2013\u00a0 <a href=\"https:\/\/www.vs.ch\/web\/sca\/communiques-phytosanitaires1\" target=\"_blank\" rel=\"noopener\">Communiqu\u00e9s phytosanitaires<\/a><\/li>\n<\/ul>\n<\/div><div class=\"fusion-text fusion-text-8\"><h4>Autre lien<\/h4>\n<ul>\n<li><a href=\"http:\/\/www.agrihebdo.ch\/\" target=\"_blank\" rel=\"noopener\">Journal AGRI<\/a> -> Cette semaine -> Conseil de saison (n\u00e9cessite de se connecter \u00e0 l\u2019Espace abonn\u00e9).<\/li>\n<\/ul>\n<\/div><\/div><\/div><\/div><\/div><\/p>\n","protected":false},"excerpt":{"rendered":"","protected":false},"author":26,"featured_media":0,"parent":0,"menu_order":0,"comment_status":"closed","ping_status":"closed","template":"","meta":{"_sb_is_suggestion_mode":false,"_sb_show_suggestion_boards":false,"_sb_show_comment_boards":false,"_sb_suggestion_history":"","_sb_update_block_changes":"","_monsterinsights_skip_tracking":false,"_monsterinsights_sitenote_active":false,"_monsterinsights_sitenote_note":"","_monsterinsights_sitenote_category":0,"footnotes":""},"class_list":["post-295","page","type-page","status-publish","hentry"],"_links":{"self":[{"href":"https:\/\/agripedia.ch\/per\/wp-json\/wp\/v2\/pages\/295","targetHints":{"allow":["GET"]}}],"collection":[{"href":"https:\/\/agripedia.ch\/per\/wp-json\/wp\/v2\/pages"}],"about":[{"href":"https:\/\/agripedia.ch\/per\/wp-json\/wp\/v2\/types\/page"}],"author":[{"embeddable":true,"href":"https:\/\/agripedia.ch\/per\/wp-json\/wp\/v2\/users\/26"}],"replies":[{"embeddable":true,"href":"https:\/\/agripedia.ch\/per\/wp-json\/wp\/v2\/comments?post=295"}],"version-history":[{"count":21,"href":"https:\/\/agripedia.ch\/per\/wp-json\/wp\/v2\/pages\/295\/revisions"}],"predecessor-version":[{"id":891,"href":"https:\/\/agripedia.ch\/per\/wp-json\/wp\/v2\/pages\/295\/revisions\/891"}],"wp:attachment":[{"href":"https:\/\/agripedia.ch\/per\/wp-json\/wp\/v2\/media?parent=295"}],"curies":[{"name":"wp","href":"https:\/\/api.w.org\/{rel}","templated":true}]}}