{"id":291,"date":"2019-06-30T00:00:50","date_gmt":"2019-06-30T00:00:50","guid":{"rendered":"https:\/\/agripedia.ch\/per\/?page_id=291"},"modified":"2024-09-28T00:24:00","modified_gmt":"2024-09-28T00:24:00","slug":"exigences-per-en-cultures-speciales","status":"publish","type":"page","link":"https:\/\/agripedia.ch\/per\/exigences-per-en-cultures-speciales\/","title":{"rendered":"Exigences PER en cultures sp\u00e9ciales"},"content":{"rendered":"<div class=\"fusion-fullwidth fullwidth-box fusion-builder-row-1 fusion-flex-container nonhundred-percent-fullwidth non-hundred-percent-height-scrolling\" style=\"--awb-border-radius-top-left:0px;--awb-border-radius-top-right:0px;--awb-border-radius-bottom-right:0px;--awb-border-radius-bottom-left:0px;--awb-flex-wrap:wrap;\" ><div class=\"fusion-builder-row fusion-row fusion-flex-align-items-flex-start fusion-flex-content-wrap\" style=\"max-width:1144px;margin-left: calc(-4% \/ 2 );margin-right: calc(-4% \/ 2 );\"><div class=\"fusion-layout-column fusion_builder_column fusion-builder-column-0 fusion_builder_column_1_1 1_1 fusion-flex-column\" style=\"--awb-bg-size:cover;--awb-width-large:100%;--awb-margin-top-large:0px;--awb-spacing-right-large:1.92%;--awb-margin-bottom-large:20px;--awb-spacing-left-large:1.92%;--awb-width-medium:100%;--awb-spacing-right-medium:1.92%;--awb-spacing-left-medium:1.92%;--awb-width-small:100%;--awb-spacing-right-small:1.92%;--awb-spacing-left-small:1.92%;\"><div class=\"fusion-column-wrapper fusion-flex-justify-content-flex-start fusion-content-layout-column\"><div class=\"fusion-text fusion-text-1\"><h2><\/h2>\n<h2><span class=\"rte_subtitle\">Exigences PER en cultures sp\u00e9ciales<\/span><\/h2>\n<\/div><div class=\"fusion-text fusion-text-2\"><p>Ci-dessous quelques informations et liens choisis.<\/p>\n<\/div><div class=\"accordian fusion-accordian\" style=\"--awb-border-size:1px;--awb-icon-size:13px;--awb-content-font-size:var(--awb-typography4-font-size);--awb-icon-alignment:left;--awb-hover-color:#f9f9f9;--awb-border-color:#cccccc;--awb-background-color:#ffffff;--awb-divider-color:var(--awb-color3);--awb-divider-hover-color:var(--awb-color3);--awb-icon-color:#ffffff;--awb-title-color:var(--awb-color8);--awb-content-color:var(--awb-color8);--awb-icon-box-color:#7a7a7a;--awb-toggle-hover-accent-color:#000000;--awb-title-font-family:var(--awb-typography1-font-family);--awb-title-font-weight:var(--awb-typography1-font-weight);--awb-title-font-style:var(--awb-typography1-font-style);--awb-title-font-size:24px;--awb-title-line-height:1.5;--awb-content-font-family:var(--awb-typography4-font-family);--awb-content-font-weight:var(--awb-typography4-font-weight);--awb-content-font-style:var(--awb-typography4-font-style);\"><div class=\"panel-group fusion-toggle-icon-boxed\" id=\"accordion-291-1\"><div class=\"fusion-panel panel-default panel-0c6eb9bf9c15472f7 fusion-toggle-has-divider\" style=\"--awb-title-color:var(--awb-color8);--awb-content-color:var(--awb-color8);\"><div class=\"panel-heading\"><h4 class=\"panel-title toggle\" id=\"toggle_0c6eb9bf9c15472f7\"><a aria-expanded=\"false\" aria-controls=\"0c6eb9bf9c15472f7\" role=\"button\" data-toggle=\"collapse\" data-parent=\"#accordion-291-1\" data-target=\"#0c6eb9bf9c15472f7\" href=\"#0c6eb9bf9c15472f7\"><span class=\"fusion-toggle-icon-wrapper\" aria-hidden=\"true\"><i class=\"fa-fusion-box active-icon awb-icon-minus\" aria-hidden=\"true\"><\/i><i class=\"fa-fusion-box inactive-icon awb-icon-plus\" aria-hidden=\"true\"><\/i><\/span><span class=\"fusion-toggle-heading\">Cultures mara\u00eech\u00e8res<\/span><\/a><\/h4><\/div><div id=\"0c6eb9bf9c15472f7\" class=\"panel-collapse collapse \" aria-labelledby=\"toggle_0c6eb9bf9c15472f7\"><div class=\"panel-body toggle-content fusion-clearfix\">\n<ul>\n<li><strong><span style=\"color: #0000ff\">Union mara\u00eech\u00e8re suisse (UMS) \u2013 L\u00e9gumes suisses<\/span> <\/strong>\u2013 <a href=\"http:\/\/www.gemuese.ch\/Fr\" target=\"_blank\" rel=\"noopener\">Acc\u00e8s site internet Partie grand public<\/a><\/li>\n<li><span style=\"color: #0000ff\"><strong>Union mara\u00eech\u00e8re suisse (UMS)<\/strong><\/span> \u2013 <a href=\"https:\/\/www.gemuese.ch\/fr\/union-maraichere-suisse\" target=\"_blank\" rel=\"noopener\">Acc\u00e8s site internet Partie producteurs<\/a>\n<ul>\n<li><a href=\"https:\/\/www.gemuese.ch\/fr\/union-maraichere-suisse\/techniques-culturales-et-labels\" target=\"_blank\" rel=\"noopener\">UMS-Techniques culturales et labels<\/a>\n<ul>\n<li><strong><span style=\"color: #0000ff\">Fumure<\/span><\/strong>\n<ul>\n<li>Agroscope : <a href=\"https:\/\/www.agroscope.admin.ch\/agroscope\/fr\/home\/themes\/production-vegetale\/grandes-cultures\/Pflanzenernaehrung\/grud\/_jcr_content\/par\/columncontrols\/items\/0\/column\/externalcontent_142705781.bitexternalcontent.exturl.html\/aHR0cHM6Ly9pcmEuYWdyb3Njb3BlLmNoLzAvQWpheC9QdWJsaW\/thdGlvbj9laW56ZWxwdWJsaWthdGlvbklkPTU5MTk3JnBhcmVu\/dFVybD0lMkYwJTJGUHVibGlrYXRpb25zbGlzdGUlMkZFaW56ZW\/xuJTNGcG9zaXRpb24lM0RtaWRkbGUlMjZwdWJsaWthdGlvbklk\/JTNENTQ5NjU=.html\" target=\"_blank\" rel=\"noopener\">PRIF \u2013 Chap. 10-Fertilisation des cultures mara\u00eecheres (Version r\u00e9vis\u00e9e en 2023)<\/a><\/li>\n<li>Agroscope : <a href=\"http:\/\/www.prif.ch\/\" target=\"_blank\" rel=\"noopener\">PRIF 2017 \u2013 Version compl\u00e8te tous les chapitres<\/a><\/li>\n<li>OFAG \u2013 Suisse-Bilanz Version 1.18-Ao\u00fbt 2023 : <a href=\"https:\/\/agripedia.ch\/per\/wp-content\/uploads\/sites\/13\/2024\/09\/PER-Site-Maj240828-14a-PER2025-2024-Suisse-Bilanz-1.18-Aout-2023-GuideTableau5-ValablePour20242025-F_DEF_0001.pdf\" target=\"_blank\" rel=\"noopener\">Tableau 5 : Rendements et besoins nets en \u00e9l\u00e9ments nutritifs pour les cultures mara\u00eech\u00e8res \u2013 Valable pour 2024&2025 \u2013 pdf <\/a><\/li>\n<li>OFAG \u2013 Suisse-Bilanz Version 1.18-Ao\u00fbt 2023 : <a href=\"https:\/\/agripedia.ch\/per\/wp-content\/uploads\/sites\/13\/2024\/09\/PER-Site-Maj240828-14-PER2025-2024-Suisse-Bilanz-1.18-Aout-2023-Guide-ValablePour20242025-F_DEF.pdf\" target=\"_blank\" rel=\"noopener\">Guide complet valable pour 2024&2025 \u2013 pdf<\/a><\/li>\n<li>PER-Romandie 2025 : <a href=\"https:\/\/agripedia.ch\/per\/wp-content\/uploads\/sites\/13\/2024\/09\/PER-Site-Maj240828-33-PER2025-2024-Suisse-Bilanz_1.18_Aout2023-FormulaireCSP-Def-2024-08-28-MAM.pdf\" target=\"_blank\" rel=\"noopener\">Suisse-Bilanz \u2013 Formulaire de calcul pour cultures sp\u00e9ciales avec exemple \u2013 pdf<\/a><\/li>\n<\/ul>\n<\/li>\n<\/ul>\n<ul>\n<li><span style=\"color: #0000ff\"><strong>Assolement<\/strong><\/span>\n<ul>\n<li><a href=\"https:\/\/www.gemuese.ch\/media\/3nsfhmt1\/fruchtfolgeregelung-mit-tabelle-f.pdf\" target=\"_blank\" rel=\"noopener\">UMS-Directives d\u2019assolement pour la culture mara\u00eech\u00e8re \u2013 pdf<\/a>\n<ul>\n<li><a href=\"https:\/\/www.gemuese.ch\/media\/zhrlivqh\/fruchtfolgebeispielef_07.pdf\" target=\"_blank\" rel=\"noopener\">Exemples d\u2019assolement remplissant les exigences PER \u2013 pdf<\/a><\/li>\n<li><a href=\"https:\/\/www.gemuese.ch\/media\/r00hm14w\/fruchtfolgebeispielenkf_07.pdf\" target=\"_blank\" rel=\"noopener\">Exemples d\u2019assolement ne remplissant pas les exigences PER \u2013 pdf<\/a><\/li>\n<\/ul>\n<\/li>\n<\/ul>\n<\/li>\n<li><strong><span style=\"color: #0000ff\">Protection du sol<\/span><\/strong>\n<ul>\n<li><a href=\"https:\/\/www.gemuese.ch\/media\/bsglq0mm\/2021-07-16_bodenschutz-anpassung_f.pdf\" target=\"_blank\" rel=\"noopener\">UMS-Exigences protection du sol en culture mara\u00eech\u00e8res \u2013 pdf<\/a><\/li>\n<\/ul>\n<\/li>\n<li><strong><span style=\"color: #0000ff\">Protection phytosanitaire<\/span><\/strong>\n<ul>\n<li><a href=\"https:\/\/www.gemuese.ch\/fr\/union-maraichere-suisse\/techniques-culturales-et-labels\/protection-phytosanitaire\" target=\"_blank\" rel=\"noopener\">UMS-Protection phytosanitaire<\/a><\/li>\n<\/ul>\n<\/li>\n<\/ul>\n<\/li>\n<\/ul>\n<\/li>\n<\/ul>\n<\/div><\/div><\/div><div class=\"fusion-panel panel-default panel-6ee8871aa2b127cf6 fusion-toggle-has-divider\" style=\"--awb-title-color:var(--awb-color8);--awb-content-color:var(--awb-color8);\"><div class=\"panel-heading\"><h4 class=\"panel-title toggle\" id=\"toggle_6ee8871aa2b127cf6\"><a aria-expanded=\"false\" aria-controls=\"6ee8871aa2b127cf6\" role=\"button\" data-toggle=\"collapse\" data-parent=\"#accordion-291-1\" data-target=\"#6ee8871aa2b127cf6\" href=\"#6ee8871aa2b127cf6\"><span class=\"fusion-toggle-icon-wrapper\" aria-hidden=\"true\"><i class=\"fa-fusion-box active-icon awb-icon-minus\" aria-hidden=\"true\"><\/i><i class=\"fa-fusion-box inactive-icon awb-icon-plus\" aria-hidden=\"true\"><\/i><\/span><span class=\"fusion-toggle-heading\">Arboriculture<\/span><\/a><\/h4><\/div><div id=\"6ee8871aa2b127cf6\" class=\"panel-collapse collapse \" aria-labelledby=\"toggle_6ee8871aa2b127cf6\"><div class=\"panel-body toggle-content fusion-clearfix\">\n<ul>\n<li><span style=\"color: #0000ff\"><strong>Fruits-Union suisse (FUS) \u2013 Fruits suisses :<\/strong><\/span> <a href=\"https:\/\/www.swissfruit.ch\/fr\/\" target=\"_blank\" rel=\"noopener\">Acc\u00e8s site internet Partie Grand public<\/a><\/li>\n<li><span style=\"color: #0000ff\"><strong>Fruits-Union suisse (FUS) :<\/strong><\/span> <a href=\"https:\/\/www.swissfruit.ch\/fr\/association\/\" target=\"_blank\" rel=\"noopener\">Acc\u00e8s site internet Partie producteurs\/association<\/a><\/li>\n<li><span style=\"color: #0000ff\"><strong>Fruits-Union suisse (FUS) :<\/strong><\/span> <a href=\"https:\/\/www.swissfruit.ch\/fr\/association\/informations-specialisees\/labels-directives-et-recommandations\/\" target=\"_blank\" rel=\"noopener\">Acc\u00e8s aux labels, directives et recommandations<\/a><\/li>\n<\/ul>\n<\/div><\/div><\/div><div class=\"fusion-panel panel-default panel-c2d716c12c2f853bb fusion-toggle-has-divider\" style=\"--awb-title-color:var(--awb-color8);--awb-content-color:var(--awb-color8);\"><div class=\"panel-heading\"><h4 class=\"panel-title toggle\" id=\"toggle_c2d716c12c2f853bb\"><a aria-expanded=\"false\" aria-controls=\"c2d716c12c2f853bb\" role=\"button\" data-toggle=\"collapse\" data-parent=\"#accordion-291-1\" data-target=\"#c2d716c12c2f853bb\" href=\"#c2d716c12c2f853bb\"><span class=\"fusion-toggle-icon-wrapper\" aria-hidden=\"true\"><i class=\"fa-fusion-box active-icon awb-icon-minus\" aria-hidden=\"true\"><\/i><i class=\"fa-fusion-box inactive-icon awb-icon-plus\" aria-hidden=\"true\"><\/i><\/span><span class=\"fusion-toggle-heading\">Viticulture<\/span><\/a><\/h4><\/div><div id=\"c2d716c12c2f853bb\" class=\"panel-collapse collapse \" aria-labelledby=\"toggle_c2d716c12c2f853bb\"><div class=\"panel-body toggle-content fusion-clearfix\">\n<ul>\n<li><span style=\"color: #0000ff\"><strong>SWISS WINE :<\/strong><\/span> <a href=\"https:\/\/swisswine.ch\/fr\" target=\"_blank\" rel=\"noopener\">Acc\u00e8s Portail officiel de la vigne et du vin suisse<\/a><\/li>\n<li><span style=\"color: #0000ff\"><strong>VITISWISS :<\/strong><\/span> <a href=\"https:\/\/swisswine.ch\/fr\/professionels\/vitiswiss-qui-sommes-nous\" target=\"_blank\" rel=\"noopener\">Acc\u00e8s F\u00e9d\u00e9ration suisse pour le d\u00e9veloppement d\u2019une viticulture durable<\/a><\/li>\n<li><span style=\"color: #0000ff\"><strong>VITISWISS :<\/strong><\/span> <a href=\"https:\/\/swisswine.ch\/fr\/professionels\/documents-techniques\" target=\"_blank\" rel=\"noopener\">Acc\u00e8s Ensemble des documents techniques<\/a><\/li>\n<li><span style=\"color: #0000ff\"><strong>VITISWISS \u2013 PER :<\/strong><\/span> <a href=\"https:\/\/pro.swisswine.ch\/api\/proxy?imageUrl=https:\/\/pro-strapi.swisswine.ch\/uploads\/PER_2024_FR_bc2b04c142.pdf\" target=\"_blank\" rel=\"noopener\">Document Exigences de base pour les PER en viticulture en 2024 \u2013 pdf<\/a><\/li>\n<\/ul>\n<\/div><\/div><\/div><\/div><\/div><\/div><\/div><\/div><\/div>\n","protected":false},"excerpt":{"rendered":"","protected":false},"author":26,"featured_media":0,"parent":0,"menu_order":0,"comment_status":"closed","ping_status":"closed","template":"","meta":{"_sb_is_suggestion_mode":false,"_sb_show_suggestion_boards":false,"_sb_show_comment_boards":false,"_sb_suggestion_history":"","_sb_update_block_changes":"","_monsterinsights_skip_tracking":false,"_monsterinsights_sitenote_active":false,"_monsterinsights_sitenote_note":"","_monsterinsights_sitenote_category":0,"footnotes":""},"class_list":["post-291","page","type-page","status-publish","hentry"],"_links":{"self":[{"href":"https:\/\/agripedia.ch\/per\/wp-json\/wp\/v2\/pages\/291","targetHints":{"allow":["GET"]}}],"collection":[{"href":"https:\/\/agripedia.ch\/per\/wp-json\/wp\/v2\/pages"}],"about":[{"href":"https:\/\/agripedia.ch\/per\/wp-json\/wp\/v2\/types\/page"}],"author":[{"embeddable":true,"href":"https:\/\/agripedia.ch\/per\/wp-json\/wp\/v2\/users\/26"}],"replies":[{"embeddable":true,"href":"https:\/\/agripedia.ch\/per\/wp-json\/wp\/v2\/comments?post=291"}],"version-history":[{"count":26,"href":"https:\/\/agripedia.ch\/per\/wp-json\/wp\/v2\/pages\/291\/revisions"}],"predecessor-version":[{"id":1536,"href":"https:\/\/agripedia.ch\/per\/wp-json\/wp\/v2\/pages\/291\/revisions\/1536"}],"wp:attachment":[{"href":"https:\/\/agripedia.ch\/per\/wp-json\/wp\/v2\/media?parent=291"}],"curies":[{"name":"wp","href":"https:\/\/api.w.org\/{rel}","templated":true}]}}