{"id":287,"date":"2019-06-30T00:00:50","date_gmt":"2019-06-30T00:00:50","guid":{"rendered":"https:\/\/agripedia.ch\/per\/?page_id=287"},"modified":"2024-09-25T12:35:29","modified_gmt":"2024-09-25T12:35:29","slug":"erosion-informations-conseils-et-liens-utiles","status":"publish","type":"page","link":"https:\/\/agripedia.ch\/per\/erosion-informations-conseils-et-liens-utiles\/","title":{"rendered":"Erosion: informations, conseils et liens utiles"},"content":{"rendered":"<div class=\"fusion-fullwidth fullwidth-box fusion-builder-row-1 fusion-flex-container nonhundred-percent-fullwidth non-hundred-percent-height-scrolling\" style=\"--awb-border-radius-top-left:0px;--awb-border-radius-top-right:0px;--awb-border-radius-bottom-right:0px;--awb-border-radius-bottom-left:0px;--awb-flex-wrap:wrap;\" ><div class=\"fusion-builder-row fusion-row fusion-flex-align-items-flex-start fusion-flex-content-wrap\" style=\"max-width:1144px;margin-left: calc(-4% \/ 2 );margin-right: calc(-4% \/ 2 );\"><div class=\"fusion-layout-column fusion_builder_column fusion-builder-column-0 fusion_builder_column_1_1 1_1 fusion-flex-column\" style=\"--awb-bg-size:cover;--awb-width-large:100%;--awb-margin-top-large:0px;--awb-spacing-right-large:1.92%;--awb-margin-bottom-large:20px;--awb-spacing-left-large:1.92%;--awb-width-medium:100%;--awb-spacing-right-medium:1.92%;--awb-spacing-left-medium:1.92%;--awb-width-small:100%;--awb-spacing-right-small:1.92%;--awb-spacing-left-small:1.92%;\"><div class=\"fusion-column-wrapper fusion-flex-justify-content-flex-start fusion-content-layout-column\"><div class=\"fusion-text fusion-text-1\"><h2><span class=\"rte_title\">Erosion : informations, conseils et liens utiles<\/span><\/h2>\n<\/div><div class=\"fusion-text fusion-text-2\"><h4 class=\"bodytext\">PER 2025 \u2013 PER 2024 \u2013 PER 2023 \u2013 PER 2022 \u2013 \u2026<\/h4>\n<p class=\"bodytext\">L\u2019\u00e9rosion fait depuis 2017, l\u2019objet de contr\u00f4les selon les r\u00e8gles d\u00e9finies et publi\u00e9es depuis 2015. En cas d\u2019apparition d\u2019importantes pertes dues \u00e0 l\u2019exploitation, l\u2019exploitant doit apporter la preuve qu\u2019il a pris des mesures appropri\u00e9es sur la parcelle. A voir: <a class=\"download\" title=\"Initiates file download\" href=\"https:\/\/agripedia.ch\/per\/wp-content\/uploads\/sites\/13\/2024\/09\/PER-Site-Maj240828-11-PER2025-ReglesTechniques-2024-08-28-Def.pdf\" rel=\"noopener\">R\u00e8gles techniques (chapitre 4.2 \u2013 Page 6)<\/a>.<\/p>\n<p><a href=\"https:\/\/map.geo.admin.ch\/?topic=blw&initialState=ERK&reset_session&lang=fr&X=160500.00&Y=522750.00&zoom=2&bgLayer=ch.swisstopo.pixelkarte-farbe&layers_opacity=0.75,0.75,0.75&layers=ch.blw.erosion,ch.blw.erosion-mit_bergzonen,ch.blw.erosion-quantitativ&catalogNodes=901\" target=\"_blank\" rel=\"noopener\">OFAG Cartes des risques \u00e9rosion<\/a> \u2013 Ces cartes permettent de s\u00e9lectionner les divers risques \u00e9rosion et de zoomer jusqu\u2019\u00e0 sa r\u00e9gion et ses parcelles.<\/p>\n<p>A noter :<br \/>\nLa carte du risque d\u2019\u00e9rosion met en \u00e9vidence toutes les zones sur lesquelles il y a un risque d\u2019\u00e9rosion. Ce risque est estim\u00e9 ind\u00e9pendamment de l\u2019utilisation du sol. Par exemple, une parcelle de prairie permanente en pente figurera en rouge m\u00eame si les risques d\u2019\u00e9rosion y sont limit\u00e9s par la pr\u00e9sence de la prairie.<br \/>\nLa carte vous permet n\u00e9anmoins de voir la situation pour vos diff\u00e9rentes parcelles et de prendre les mesures adapt\u00e9es pour r\u00e9duire ces risques.<\/p>\n<ul>\n<li><a href=\"https:\/\/www.google.com\/search?client=firefox-b-d&q=Technique+culturale+pr%C3%A9servnt+le+sol\">Fiches d\u2019information \u00ab\u00a0Grandes cultures\u00a0\u00bb \u2013 Ensemble de mesures pour une agriculture plus durable.<\/a><\/li>\n<li><a href=\"https:\/\/agridea.abacuscity.ch\/fr\/searchresult?q=*EROSION*\" target=\"_blank\" rel=\"noopener\">Lien sur diff\u00e9rentes documents concernant le sol et l\u2019\u00e9rosion disponibles sur le shop d\u2019AGRIDEA.<\/a><\/li>\n<li><a href=\"https:\/\/themes.agripedia.ch\/fr\/?s=Erosion\">Agripedia<\/a><\/li>\n<li><a href=\"https:\/\/agridea.abacuscity.ch\/fr\/A~2544~1\/3~410400~Shop\/Publications\/Production-v%C3%A9g%C3%A9tale-Environnement\/Protection-des-ressources-%28eau-air-sol%29\/Pr%C3%A9venir-le-compactage-des-sols-conseils-pratiques-%21\/Deutsch\/Print-Papier\">Pr\u00e9venir le compactage des sols \u2013 Conseils pratiques (lien bro<\/a><a href=\"https:\/\/agridea.abacuscity.ch\/fr\/A~2544~1\/3~410400~Shop\/Publications\/Production-v%C3%A9g%C3%A9tale-Environnement\/Protection-des-ressources-%28eau-air-sol%29\/Pr%C3%A9venir-le-compactage-des-sols-conseils-pratiques-%21\/Deutsch\/Print-Papier\">chure \u00e0 t\u00e9l\u00e9charger)<\/a><\/li>\n<li><a href=\"https:\/\/agridea.abacuscity.ch\/fr\/A~3498~2\/3~200113~Shop0\/Environnement-Paysage\/Sol-%3A-protection-et-fertilit%C3%A9\/Les-bonnes-pratiques\/Mati%C3%A8re-organique-des-sols-cultiv%C3%A9s-enrichir-plut%C3%B4t-que-consumer\/Allemand\/Download-PDF\">Mati\u00e8re organique des sols cultiv\u00e9s \u2013 enrichir plut\u00f4t que consumer<\/a><\/li>\n<\/ul>\n<\/div><div class=\"fusion-separator fusion-full-width-sep\" style=\"align-self: center;margin-left: auto;margin-right: auto;width:100%;\"><div class=\"fusion-separator-border sep-double\" style=\"--awb-height:20px;--awb-amount:20px;--awb-sep-color:#f44336;border-color:#f44336;border-top-width:1px;border-bottom-width:1px;\"><\/div><\/div><div class=\"fusion-text fusion-text-3\"><h4><\/h4>\n<h4 class=\"bodytext\">EROSOL (2013) \u2013 R\u00e9sultats : Une trentaine de fiches avec des id\u00e9es pratiques de mesures pour r\u00e9duire les risques d\u2019\u00e9rosion<\/h4>\n<p><a href=\"https:\/\/agripedia.ch\/per\/wp-content\/uploads\/sites\/13\/2019\/07\/PER-Site-Maj190710-EROSOL-2013-01_Intro_Plan-des-fiches.pdf\">0. Fiche introductive de la s\u00e9rie de fiches<\/a><\/p>\n<h5>\u00a0Mesures culturales lors de l\u2019assolement<\/h5>\n<p><a href=\"https:\/\/agripedia.ch\/per\/wp-content\/uploads\/sites\/13\/2019\/07\/PER-Site-Maj190710-EROSOL-2013-02_1_Taille_Forme_Orient.pdf\">1. Taille, forme et orientation des parcelles<\/a><br \/>\n<a href=\"https:\/\/agripedia.ch\/per\/wp-content\/uploads\/sites\/13\/2019\/07\/PER-Site-Maj190710-EROSOL-2013-02_2_Assolement.pdf\">2. Assolement des cultures<\/a><br \/>\n<a href=\"https:\/\/agripedia.ch\/per\/wp-content\/uploads\/sites\/13\/2019\/07\/PER-Site-Maj190710-EROSOL-2013-02_3_Reduction-ou-suppression-des-sarclees.pdf\">3. R\u00e9duction ou suppression des sarcl\u00e9es, remplacement par des prairies artificielles<\/a><br \/>\n<a href=\"https:\/\/agripedia.ch\/per\/wp-content\/uploads\/sites\/13\/2019\/07\/PER-Site-Maj190710-EROSOL-2013-02_4_Transformation-en-herbage.pdf\">4. Transformation en herbage permanent<\/a><br \/>\n<a href=\"https:\/\/agripedia.ch\/per\/wp-content\/uploads\/sites\/13\/2019\/07\/PER-Site-Maj190710-EROSOL-2013-02_5_Bande-enherbee.pdf\">5. Bande herbeuse permanente de protection<\/a><br \/>\n<a href=\"https:\/\/agripedia.ch\/per\/wp-content\/uploads\/sites\/13\/2019\/07\/PER-Site-Maj190710-EROSOL-2013-02_6_Cultures-intermediaires.pdf\">6. Cultures interm\u00e9diaires<\/a><br \/>\n<a href=\"https:\/\/agripedia.ch\/per\/wp-content\/uploads\/sites\/13\/2019\/07\/PER-Site-Maj190710-EROSOL-2013-02_7_Gestion-de-la-pente.pdf\">7. Gestion de la pente par des cultures en bandes altern\u00e9es<\/a><\/p>\n<h5>Mesures culturales lors de la pr\u00e9paration du sol<\/h5>\n<p><a href=\"https:\/\/agripedia.ch\/per\/wp-content\/uploads\/sites\/13\/2019\/07\/PER-Site-Maj190710-EROSOL-2013-03_1_Limitation-de-la-contrainte.pdf\">8. Limitation de la contrainte au sol par les machines<\/a><br \/>\n<a href=\"https:\/\/agripedia.ch\/per\/wp-content\/uploads\/sites\/13\/2019\/07\/PER-Site-Maj190710-EROSOL-2013-03_2_Ameublissement-du-sol.pdf\">9. Ameublissement du sol en profondeur<\/a><br \/>\n<a href=\"https:\/\/agripedia.ch\/per\/wp-content\/uploads\/sites\/13\/2019\/07\/PER-Site-Maj190710-EROSOL-2013-03_3_Travail-de-conservation.pdf\">10. Travail de conservation du sol<\/a><br \/>\n<a href=\"https:\/\/agripedia.ch\/per\/wp-content\/uploads\/sites\/13\/2019\/07\/PER-Site-Maj190710-EROSOL-2013-03_4_Sens-du-travail-du-sol.pdf\">11. Sens du travail du sol<\/a><\/p>\n<h5>Mesures culturales lors du semis et de l\u2019entretien des cultures<\/h5>\n<p><a href=\"https:\/\/agripedia.ch\/per\/wp-content\/uploads\/sites\/13\/2019\/07\/PER-Site-Maj190710-EROSOL-2013-04_1_Semis-en-suivant-les-courbes.pdf\">12. Semis en suivant les courbes de niveau<\/a><br \/>\n<a href=\"https:\/\/agripedia.ch\/per\/wp-content\/uploads\/sites\/13\/2019\/07\/PER-Site-Maj190710-EROSOL-2013-04_2_Semis-dun-cordon-de-cereales.pdf\">13. Semis d\u2019un cordon de c\u00e9r\u00e9ales d\u2019automne en bandes<\/a><br \/>\n<a href=\"https:\/\/agripedia.ch\/per\/wp-content\/uploads\/sites\/13\/2019\/07\/PER-Site-Maj190710-EROSOL-2013-04_3_Date-de-semis.pdf\">14. Date de semis<\/a><br \/>\n<a href=\"https:\/\/agripedia.ch\/per\/wp-content\/uploads\/sites\/13\/2019\/07\/PER-Site-Maj190710-EROSOL-2013-04_4_Semis-intercalaires.pdf\">15. Semis intercalaires<\/a><br \/>\n<a href=\"https:\/\/agripedia.ch\/per\/wp-content\/uploads\/sites\/13\/2019\/07\/PER-Site-Maj190710-EROSOL-2013-04_5_Semis-sous-litiere.pdf\">16. Semis sous-liti\u00e8res<\/a><br \/>\n<a href=\"https:\/\/agripedia.ch\/per\/wp-content\/uploads\/sites\/13\/2019\/07\/PER-Site-Maj190710-EROSOL-2013-04_6_Semis-de-differentes-varietes.pdf\">17. Semis de diff\u00e9rentes vari\u00e9t\u00e9s d\u2019une culture sur une parcelle<\/a><br \/>\n<a href=\"https:\/\/agripedia.ch\/per\/wp-content\/uploads\/sites\/13\/2019\/07\/PER-Site-Maj190710-EROSOL-2013-04_7_Suppression-des-bandes-de-traitements.pdf\">18. Suppression des bandes de traitement<\/a><br \/>\n<a href=\"https:\/\/agripedia.ch\/per\/wp-content\/uploads\/sites\/13\/2019\/07\/PER-Site-Maj190710-EROSOL-2013-04_8_Semis-direct.pdf\">19. Semis direct<\/a><br \/>\n<a href=\"https:\/\/agripedia.ch\/per\/wp-content\/uploads\/sites\/13\/2019\/07\/PER-Site-Maj190710-EROSOL-2013-04_9_Paillage-et-mulchs.pdf\">20. Paillage et mulch<\/a><br \/>\n<a href=\"https:\/\/agripedia.ch\/per\/wp-content\/uploads\/sites\/13\/2019\/07\/PER-Site-Maj190710-EROSOL-2013-04_10_Lutte-integree-contre-les-adventices.pdf\">21. Lutte int\u00e9gr\u00e9e contre les adventices<\/a><\/p>\n<h5>Mesures culturales lors de l\u2019amendement du sol<\/h5>\n<p><a href=\"https:\/\/agripedia.ch\/per\/wp-content\/uploads\/sites\/13\/2019\/07\/PER-Site-Maj190710-EROSOL-2013-05_1_Amendement-organique.pdf\">22. Amendement organique<\/a><br \/>\n<a href=\"https:\/\/agripedia.ch\/per\/wp-content\/uploads\/sites\/13\/2019\/07\/PER-Site-Maj190710-EROSOL-2013-05_2_Chaulage.pdf\">23. Chaulage<\/a><\/p>\n<h5>Mesures v\u00e9g\u00e9tales<\/h5>\n<p><a href=\"https:\/\/agripedia.ch\/per\/wp-content\/uploads\/sites\/13\/2019\/07\/PER-Site-Maj190710-EROSOL-2013-06_1_Rideaux-et-haies.pdf\">24. Rideaux et haies<\/a><br \/>\n<a href=\"https:\/\/agripedia.ch\/per\/wp-content\/uploads\/sites\/13\/2019\/07\/PER-Site-Maj190710-EROSOL-2013-06_2_Prairies-inondables.pdf\">25. Prairies inondables et champs d\u2019\u00e9pandage de crue<\/a><br \/>\n<a href=\"https:\/\/agripedia.ch\/per\/wp-content\/uploads\/sites\/13\/2019\/07\/PER-Site-Maj190710-EROSOL-2013-06_3_Creation-de-talus.pdf\">26. Talus<\/a><\/p>\n<h5>Fiche technique Mesures de g\u00e9nie-civil<\/h5>\n<p><a href=\"https:\/\/agripedia.ch\/per\/wp-content\/uploads\/sites\/13\/2019\/07\/PER-Site-Maj190710-EROSOL-2013-07_1_Remaniement-parcellaire.pdf\">27. Remaniement parcellaire (r\u00e9seau de dessertes, CEP)<\/a><br \/>\n<a href=\"https:\/\/agripedia.ch\/per\/wp-content\/uploads\/sites\/13\/2019\/07\/PER-Site-Maj190710-EROSOL-2013-07_2_Reseaux-de-chemins.pdf\">28. R\u00e9seau de chemins et principes constructifs<\/a><br \/>\n<a href=\"https:\/\/agripedia.ch\/per\/wp-content\/uploads\/sites\/13\/2019\/07\/PER-Site-Maj190710-EROSOL-2013-07_3_Diguettes-dabsorption.pdf\">29. Banquette d\u2019absorption \u2013 diffusion, petites terrasses, billonnages et plis<\/a><br \/>\n<a href=\"https:\/\/agripedia.ch\/per\/wp-content\/uploads\/sites\/13\/2019\/07\/PER-Site-Maj190710-EROSOL-2013-07_4_Controle-des-eaux.pdf\">30. Contr\u00f4le des eaux superficielles, d\u00e9viation des eaux exc\u00e9dentaires<\/a><\/p>\n<\/div><\/div><\/div><\/div><\/div>\n","protected":false},"excerpt":{"rendered":"","protected":false},"author":26,"featured_media":0,"parent":0,"menu_order":0,"comment_status":"closed","ping_status":"closed","template":"","meta":{"_sb_is_suggestion_mode":false,"_sb_show_suggestion_boards":false,"_sb_show_comment_boards":false,"_sb_suggestion_history":"","_sb_update_block_changes":"","_monsterinsights_skip_tracking":false,"_monsterinsights_sitenote_active":false,"_monsterinsights_sitenote_note":"","_monsterinsights_sitenote_category":0,"footnotes":""},"class_list":["post-287","page","type-page","status-publish","hentry"],"_links":{"self":[{"href":"https:\/\/agripedia.ch\/per\/wp-json\/wp\/v2\/pages\/287","targetHints":{"allow":["GET"]}}],"collection":[{"href":"https:\/\/agripedia.ch\/per\/wp-json\/wp\/v2\/pages"}],"about":[{"href":"https:\/\/agripedia.ch\/per\/wp-json\/wp\/v2\/types\/page"}],"author":[{"embeddable":true,"href":"https:\/\/agripedia.ch\/per\/wp-json\/wp\/v2\/users\/26"}],"replies":[{"embeddable":true,"href":"https:\/\/agripedia.ch\/per\/wp-json\/wp\/v2\/comments?post=287"}],"version-history":[{"count":18,"href":"https:\/\/agripedia.ch\/per\/wp-json\/wp\/v2\/pages\/287\/revisions"}],"predecessor-version":[{"id":1468,"href":"https:\/\/agripedia.ch\/per\/wp-json\/wp\/v2\/pages\/287\/revisions\/1468"}],"wp:attachment":[{"href":"https:\/\/agripedia.ch\/per\/wp-json\/wp\/v2\/media?parent=287"}],"curies":[{"name":"wp","href":"https:\/\/api.w.org\/{rel}","templated":true}]}}