{"id":256,"date":"2019-06-30T00:00:49","date_gmt":"2019-06-30T00:00:49","guid":{"rendered":"https:\/\/agripedia.ch\/per\/?page_id=256"},"modified":"2024-09-25T12:45:13","modified_gmt":"2024-09-25T12:45:13","slug":"analyses-de-sol-2019","status":"publish","type":"page","link":"https:\/\/agripedia.ch\/per\/analyses-de-sol-2019\/","title":{"rendered":"Analyses de sol"},"content":{"rendered":"<p><div class=\"fusion-fullwidth fullwidth-box fusion-builder-row-1 fusion-flex-container nonhundred-percent-fullwidth non-hundred-percent-height-scrolling\" style=\"--awb-border-radius-top-left:0px;--awb-border-radius-top-right:0px;--awb-border-radius-bottom-right:0px;--awb-border-radius-bottom-left:0px;--awb-flex-wrap:wrap;\" ><div class=\"fusion-builder-row fusion-row fusion-flex-align-items-flex-start fusion-flex-content-wrap\" style=\"max-width:1144px;margin-left: calc(-4% \/ 2 );margin-right: calc(-4% \/ 2 );\"><div class=\"fusion-layout-column fusion_builder_column fusion-builder-column-0 fusion_builder_column_1_1 1_1 fusion-flex-column\" style=\"--awb-bg-size:cover;--awb-width-large:100%;--awb-margin-top-large:0px;--awb-spacing-right-large:1.92%;--awb-margin-bottom-large:20px;--awb-spacing-left-large:1.92%;--awb-width-medium:100%;--awb-spacing-right-medium:1.92%;--awb-spacing-left-medium:1.92%;--awb-width-small:100%;--awb-spacing-right-small:1.92%;--awb-spacing-left-small:1.92%;\"><div class=\"fusion-column-wrapper fusion-flex-justify-content-flex-start fusion-content-layout-column\"><div class=\"fusion-text fusion-text-1\"><h2><\/h2>\n<h2><span class=\"rte_subtitle rte_title\">Analyses de sol<\/span><span class=\"rte_subtitle rte_title\"><br \/>\n<\/span><\/h2>\n<\/div><div class=\"fusion-text fusion-text-2\"><h4><span class=\"rte_subtitle rte_title\">PER 2025 \u2013 PER 2024 \u2013 PER 2023 \u2013 PER 2022 \u2013 \u2026<\/span><\/h4>\n<p class=\"bodytext\">Toutes les parcelles doivent faire l\u2019objet d\u2019analyses de sol au moins tous les 10 ans.<\/p>\n<h4 class=\"bodytext\">Exceptions<\/h4>\n<ul>\n<li>\u00a0\u00a0\u00a0 surfaces dont la fumure est interdite,<\/li>\n<li>\u00a0\u00a0\u00a0 prairies extensives,<\/li>\n<li>\u00a0\u00a0\u00a0 prairies peu intensives<\/li>\n<li>\u00a0\u00a0\u00a0 p\u00e2turages permanents.<\/li>\n<\/ul>\n<h4 class=\"bodytext\">Pr\u00e9l\u00e8vements d\u2019\u00e9chantillons de sol<\/h4>\n<p class=\"bodytext\">Op\u00e9ration d\u00e9terminante pour obtenir des r\u00e9sultats fiables<\/p>\n<p>Voir <a href=\"https:\/\/agripedia.ch\/per\/wp-content\/uploads\/sites\/13\/2024\/09\/PER-Site-Maj240828-50-PER2025-a-2017-AGRIDEA-GrandesCulturesFiches19_35_2009.pdf\" target=\"_blank\" rel=\"noopener\">fiche \u00ab19.35 fumure \u2013 \u00e9chantillons de sol\u00bb<\/a>. Cette fiche figure dans le classeur fiches techniques \u00ab<a href=\"https:\/\/agridea.abacuscity.ch\/fr\/A~1564\/0~0~Shop\/Grandes-cultures-classeur-de-fiches-techniques\" target=\"_blank\" rel=\"noopener\">Grandes cultures<\/a>\u00bb d\u2019AGRIDEA.<\/p>\n<h4 class=\"bodytext\"><span class=\"rte_subtitle\">Analyses et param\u00e8tres exig\u00e9s <\/span><\/h4>\n<p class=\"bodytext\">Les analyses doivent \u00eatre effectu\u00e9es par un laboratoire agr\u00e9\u00e9 selon des m\u00e9thodes reconnues et au moins comprendre les param\u00e8tres suivants :<\/p>\n<ul>\n<li>Prairies permanentes : pH, phosphore (P2O5), potassium (K2O).<\/li>\n<li>Terres ouvertes, prairies temporaires, cultures mara\u00eech\u00e8res pleine terre : mati\u00e8re organique (MO), pH, phosphore (P2O5), potassium (K2O).<\/li>\n<li>Autres cultures sp\u00e9ciales : voir directives sp\u00e9cifiques.<\/li>\n<\/ul>\n<h4 class=\"bodytext\">M\u00e9thodes<\/h4>\n<p class=\"bodytext\">A partir du 1er octobre 2009, trois m\u00e9thodes d\u2019analyse de sol sont admises pour toutes les cultures dans le cadre des PER :<\/p>\n<ul>\n<li>la m\u00e9thode d\u2019analyse \u00e0 l\u2019ac\u00e9tate d\u2019ammonium + EDTA 1:10 (AAE10);<\/li>\n<li>la m\u00e9thode CO2 (alternative ou compl\u00e9ment, notamment en sol alcalin, pour les grandes cultures et les herbages);<\/li>\n<li>la m\u00e9thode de l\u2019extraction \u00e0 l\u2019eau \u2013 m\u00e9thode H2O (alternative ou compl\u00e9ment, notamment en sol alcalin, pour les cultures sp\u00e9ciales).<\/li>\n<\/ul>\n<\/div><\/div><\/div><\/div><\/div><div class=\"fusion-fullwidth fullwidth-box fusion-builder-row-2 fusion-flex-container nonhundred-percent-fullwidth non-hundred-percent-height-scrolling\" style=\"--awb-border-radius-top-left:0px;--awb-border-radius-top-right:0px;--awb-border-radius-bottom-right:0px;--awb-border-radius-bottom-left:0px;--awb-flex-wrap:wrap;\" ><div class=\"fusion-builder-row fusion-row fusion-flex-align-items-flex-start fusion-flex-content-wrap\" style=\"max-width:1144px;margin-left: calc(-4% \/ 2 );margin-right: calc(-4% \/ 2 );\"><div class=\"fusion-layout-column fusion_builder_column fusion-builder-column-1 fusion_builder_column_1_1 1_1 fusion-flex-column\" style=\"--awb-bg-size:cover;--awb-width-large:100%;--awb-margin-top-large:0px;--awb-spacing-right-large:1.92%;--awb-margin-bottom-large:20px;--awb-spacing-left-large:1.92%;--awb-width-medium:100%;--awb-spacing-right-medium:1.92%;--awb-spacing-left-medium:1.92%;--awb-width-small:100%;--awb-spacing-right-small:1.92%;--awb-spacing-left-small:1.92%;\"><div class=\"fusion-column-wrapper fusion-flex-justify-content-flex-start fusion-content-layout-column\"><div class=\"fusion-text fusion-text-3\"><h4>Listes des laboratoires reconnus<\/h4>\n<\/div><div class=\"fusion-text fusion-text-4\"><p class=\"bodytext\">L\u2019agr\u00e9ment des laboratoires, ainsi que la reconnaissance des m\u00e9thodes d\u2019analyse et des prescriptions en mati\u00e8re d\u2019\u00e9chantillonnage, rel\u00e8vent de la comp\u00e9tence de l\u2019OFAG. A cette fin, il proc\u00e8de r\u00e9guli\u00e8rement \u00e0 des analyses circulaires et publie chaque ann\u00e9e une liste indiquant les laboratoires agr\u00e9\u00e9s, les m\u00e9thodes d\u2019analyse et les prescriptions reconnues en mati\u00e8re d\u2019\u00e9chantillonnage.<\/p>\n<ul>\n<li><a class=\"download\" title=\"Initiates file download\" href=\"https:\/\/agripedia.ch\/per\/wp-content\/uploads\/sites\/13\/2019\/07\/PER-Site-Labo13-maj190710-NSRA-2018-2019-Laborliste-f.pdf\" rel=\"noopener\">AGROSCOPE \u2013 Liste des laboratoires reconnus pour les analyses de sol pour les PER \u2013 Liste 2018\/2019 <\/a><br \/>\n(Agroscope-Internet 10.7.2019, pdf, 541 Ko).<\/li>\n<li><a class=\"download\" title=\"Initiates file download\" href=\"https:\/\/agripedia.ch\/per\/wp-content\/uploads\/sites\/13\/2019\/07\/PER-Site-Labo12-maj190710-NSRA-2017-2018-Laborliste-f.pdf\" rel=\"noopener\">AGROSCOPE \u2013 Liste des laboratoires reconnus pour les analyses de sol pour les PER \u2013 Liste 2017\/2018<\/a><br \/>\n(Agroscope-Internet 10.7.2019, pdf, 236 Ko).<\/li>\n<li><a class=\"download\" title=\"Initiates file download\" href=\"https:\/\/agripedia.ch\/per\/wp-content\/uploads\/sites\/13\/2019\/05\/PER-Site-Labo11-maj160907-NSRA-2016-2017-Laborliste-f.pdf\" rel=\"noopener\">AGROSCOPE \u2013 Liste des laboratoires reconnus pour les analyses de sol pour les PER \u2013 Liste 2016\/2017 <\/a><br \/>\n(Agroscope-Internet 6.8.2015, pdf, 215 Ko).<\/li>\n<li><a class=\"download\" title=\"Initiates file download\" href=\"https:\/\/agripedia.ch\/per\/wp-content\/uploads\/sites\/13\/2019\/05\/PER-Site-Labo10-maj150807-NSRA-2015-2016-Laborliste-f.pdf\" rel=\"noopener\">AGROSCOPE \u2013 Liste des laboratoires reconnus pour les analyses de sol pour les PER \u2013 Liste 2015\/2016<\/a><br \/>\n(Agroscope-Internet 6.8.2015, pdf, 215 Ko).<\/li>\n<li><a class=\"download\" title=\"Initiates file download\" href=\"https:\/\/agripedia.ch\/per\/wp-content\/uploads\/sites\/13\/2019\/05\/PER-Site-Labo09-maj150807-Agroscope_Bodenlabors-NSRA-2014-2015-Laborliste-f.pdf\" rel=\"noopener\">AGROSCOPE \u2013 Agr\u00e9ment de laboratoires d\u2019analyses de sol pour les PER \u2013 Liste 2014\/2015<\/a><br \/>\n(Communiqu\u00e9 d\u2019Agroscope 07.08.2014, pdf, 173 Ko).<\/li>\n<li><a class=\"download\" title=\"Initiates file download\" href=\"https:\/\/agripedia.ch\/per\/wp-content\/uploads\/sites\/13\/2019\/05\/PER-Site-Labo08-maj140212-2013-2014-Mi13_Bodenlabors_f_def.pdf\" rel=\"noopener\">AGROSCOPE \u2013 Agr\u00e9ment de laboratoires d\u2019analyses de sol pour les PER \u2013 Liste 2013\/2014<\/a><br \/>\n(Communiqu\u00e9 d\u2019Agroscope Reckenholz-T\u00e4nikon 09.08.2013, pdf, 94 Ko ).<\/li>\n<li><a class=\"download\" title=\"Initiates file download\" href=\"https:\/\/agripedia.ch\/per\/wp-content\/uploads\/sites\/13\/2019\/05\/PER-Site-Labo07-maj140212-nsra-2012-2013-mi-f.pdf\" rel=\"noopener\">ART \u2013 Dix Laboratoires reconnus pour les analyses de sol PER \u2013 Liste 2012\/2013<\/a><br \/>\n(Communiqu\u00e9 d\u2019Agroscope Reckenholz-T\u00e4nikon 09.08.2012, pdf, 40 Ko).<\/li>\n<li><a class=\"download\" title=\"Initiates file download\" href=\"https:\/\/agripedia.ch\/per\/wp-content\/uploads\/sites\/13\/2019\/05\/PER-Site-Labo06-maj140212-nsra-2011-mi-f_def-et-nsra-2011-2012-laborliste-f.pdf\" rel=\"noopener\">ART- 10 Laboratoires reconnus pour les analyses de sol PER \u2013 Liste 2011\/2012<\/a><br \/>\n(Communiqu\u00e9 d\u2019Agroscope Reckenholz-T\u00e4nikon 09.08.2011, pdf, 123 Ko).<\/li>\n<li><a class=\"download\" title=\"Initiates file download\" href=\"https:\/\/agripedia.ch\/per\/wp-content\/uploads\/sites\/13\/2019\/05\/PER-Site-Labo05-maj140212-mm_oln_f-et-nsra-2010-2011-laborliste-f.pdf\" rel=\"noopener\">ART \u2013 Nouvelles m\u00e9thodes officielles pour les analyses de sol PER \u2013 Liste 2010\/2011<\/a><br \/>\n(Communiqu\u00e9 d\u2019Agroscope Reckenholz-T\u00e4nikon 26.08.2010, pdf, 46 Ko).<\/li>\n<li><a class=\"download\" title=\"Initiates file download\" href=\"https:\/\/agripedia.ch\/per\/wp-content\/uploads\/sites\/13\/2019\/05\/PER-Site-Labo04-maj090803-nsra-2009-2010-mi-f.pdf\" rel=\"noopener\">ART \u2013 11 Laboratoires reconnus pour les analyses de sol PER \u2013 Liste 2009\/2010<\/a><br \/>\n(Communiqu\u00e9 d\u2019Agroscope Reckenholz-T\u00e4nikon 03.08.2009, pdf, 38 Ko).<\/li>\n<li><a class=\"download\" title=\"Initiates file download\" href=\"https:\/\/agripedia.ch\/per\/wp-content\/uploads\/sites\/13\/2019\/05\/PER-Site-Labo03-maj090803-nsra-2008-2009-mi-f.pdf\" rel=\"noopener\">ART \u2013 12 Laboratoires reconnus pour les analyses de sol PER \u2013 Liste 2008\/2009<\/a><br \/>\n(Communiqu\u00e9 d\u2019Agroscope Reckenholz-T\u00e4nikon 12.08.2008, pdf, 36 Ko).<\/li>\n<li><a class=\"download\" title=\"Initiates file download\" href=\"https:\/\/agripedia.ch\/per\/wp-content\/uploads\/sites\/13\/2019\/05\/PER-Site-Labo02-maj090803-nsra-2007-2008-mi-f.pdf\" rel=\"noopener\">ART \u2013 13 Laboratoires reconnus pour les analyses de sol PER \u2013 Liste 2007\/2008<\/a><br \/>\n(Communiqu\u00e9 d\u2019Agroscope Reckenholz-T\u00e4nikon 02.08.2007, pdf, 37 Ko).<\/li>\n<li><a class=\"download\" title=\"Initiates file download\" href=\"https:\/\/agripedia.ch\/per\/wp-content\/uploads\/sites\/13\/2019\/05\/PER-Site-Labo01-maj090803-2006-2007-laborliste_f.pdf\" rel=\"noopener\">ART \u2013 13 Laboratoires reconnus pour les analyses de sol PER \u2013 Liste 2006\/2007<\/a><br \/>\n(Communiqu\u00e9 d\u2019Agroscope Reckenholz-T\u00e4nikon 09.08.2006, pdf, 41 Ko).<\/li>\n<\/ul>\n<\/div><\/div><\/div><\/div><\/div><\/p>\n","protected":false},"excerpt":{"rendered":"","protected":false},"author":26,"featured_media":0,"parent":0,"menu_order":0,"comment_status":"closed","ping_status":"closed","template":"","meta":{"_sb_is_suggestion_mode":false,"_sb_show_suggestion_boards":false,"_sb_show_comment_boards":false,"_sb_suggestion_history":"","_sb_update_block_changes":"","_monsterinsights_skip_tracking":false,"_monsterinsights_sitenote_active":false,"_monsterinsights_sitenote_note":"","_monsterinsights_sitenote_category":0,"footnotes":""},"class_list":["post-256","page","type-page","status-publish","hentry"],"_links":{"self":[{"href":"https:\/\/agripedia.ch\/per\/wp-json\/wp\/v2\/pages\/256","targetHints":{"allow":["GET"]}}],"collection":[{"href":"https:\/\/agripedia.ch\/per\/wp-json\/wp\/v2\/pages"}],"about":[{"href":"https:\/\/agripedia.ch\/per\/wp-json\/wp\/v2\/types\/page"}],"author":[{"embeddable":true,"href":"https:\/\/agripedia.ch\/per\/wp-json\/wp\/v2\/users\/26"}],"replies":[{"embeddable":true,"href":"https:\/\/agripedia.ch\/per\/wp-json\/wp\/v2\/comments?post=256"}],"version-history":[{"count":20,"href":"https:\/\/agripedia.ch\/per\/wp-json\/wp\/v2\/pages\/256\/revisions"}],"predecessor-version":[{"id":1474,"href":"https:\/\/agripedia.ch\/per\/wp-json\/wp\/v2\/pages\/256\/revisions\/1474"}],"wp:attachment":[{"href":"https:\/\/agripedia.ch\/per\/wp-json\/wp\/v2\/media?parent=256"}],"curies":[{"name":"wp","href":"https:\/\/api.w.org\/{rel}","templated":true}]}}