{"id":1716,"date":"2025-08-28T06:28:11","date_gmt":"2025-08-28T06:28:11","guid":{"rendered":"https:\/\/agripedia.ch\/per\/?page_id=1716"},"modified":"2025-08-28T06:28:11","modified_gmt":"2025-08-28T06:28:11","slug":"erosol","status":"publish","type":"page","link":"https:\/\/agripedia.ch\/per\/erosol\/","title":{"rendered":"Erosol"},"content":{"rendered":"<h4 class=\"bodytext\">EROSOL (2013) &#8211; R\u00e9sultats : Une trentaine de fiches avec des id\u00e9es pratiques de mesures pour r\u00e9duire les risques d&rsquo;\u00e9rosion<\/h4>\n<p><a href=\"https:\/\/agripedia.ch\/per\/wp-content\/uploads\/sites\/13\/2019\/07\/PER-Site-Maj190710-EROSOL-2013-01_Intro_Plan-des-fiches.pdf\" target=\"_blank\" rel=\"noopener\">0. Fiche introductive de la s\u00e9rie de fiches<\/a><\/p>\n<h5>\u00a0Mesures culturales lors de l\u2019assolement<\/h5>\n<p><a href=\"https:\/\/agripedia.ch\/per\/wp-content\/uploads\/sites\/13\/2019\/07\/PER-Site-Maj190710-EROSOL-2013-02_1_Taille_Forme_Orient.pdf\" target=\"_blank\" rel=\"noopener\">1. Taille, forme et orientation des parcelles<\/a><br \/>\n<a href=\"https:\/\/agripedia.ch\/per\/wp-content\/uploads\/sites\/13\/2019\/07\/PER-Site-Maj190710-EROSOL-2013-02_2_Assolement.pdf\" target=\"_blank\" rel=\"noopener\">2. Assolement des cultures<\/a><br \/>\n<a href=\"https:\/\/agripedia.ch\/per\/wp-content\/uploads\/sites\/13\/2019\/07\/PER-Site-Maj190710-EROSOL-2013-02_3_Reduction-ou-suppression-des-sarclees.pdf\" target=\"_blank\" rel=\"noopener\">3. R\u00e9duction ou suppression des sarcl\u00e9es, remplacement par des prairies artificielles<\/a><br \/>\n<a href=\"https:\/\/agripedia.ch\/per\/wp-content\/uploads\/sites\/13\/2019\/07\/PER-Site-Maj190710-EROSOL-2013-02_4_Transformation-en-herbage.pdf\" target=\"_blank\" rel=\"noopener\">4. Transformation en herbage permanent<\/a><br \/>\n<a href=\"https:\/\/agripedia.ch\/per\/wp-content\/uploads\/sites\/13\/2019\/07\/PER-Site-Maj190710-EROSOL-2013-02_5_Bande-enherbee.pdf\" target=\"_blank\" rel=\"noopener\">5. Bande herbeuse permanente de protection<\/a><br \/>\n<a href=\"https:\/\/agripedia.ch\/per\/wp-content\/uploads\/sites\/13\/2019\/07\/PER-Site-Maj190710-EROSOL-2013-02_6_Cultures-intermediaires.pdf\" target=\"_blank\" rel=\"noopener\">6. Cultures interm\u00e9diaires<\/a><br \/>\n<a href=\"https:\/\/agripedia.ch\/per\/wp-content\/uploads\/sites\/13\/2019\/07\/PER-Site-Maj190710-EROSOL-2013-02_7_Gestion-de-la-pente.pdf\" target=\"_blank\" rel=\"noopener\">7. Gestion de la pente par des cultures en bandes altern\u00e9es<\/a><\/p>\n<h5>Mesures culturales lors de la pr\u00e9paration du sol<\/h5>\n<p><a href=\"https:\/\/agripedia.ch\/per\/wp-content\/uploads\/sites\/13\/2019\/07\/PER-Site-Maj190710-EROSOL-2013-03_1_Limitation-de-la-contrainte.pdf\" target=\"_blank\" rel=\"noopener\">8. Limitation de la contrainte au sol par les machines<\/a><br \/>\n<a href=\"https:\/\/agripedia.ch\/per\/wp-content\/uploads\/sites\/13\/2019\/07\/PER-Site-Maj190710-EROSOL-2013-03_2_Ameublissement-du-sol.pdf\" target=\"_blank\" rel=\"noopener\">9. Ameublissement du sol en profondeur<\/a><br \/>\n<a href=\"https:\/\/agripedia.ch\/per\/wp-content\/uploads\/sites\/13\/2019\/07\/PER-Site-Maj190710-EROSOL-2013-03_3_Travail-de-conservation.pdf\" target=\"_blank\" rel=\"noopener\">10. Travail de conservation du sol<\/a><br \/>\n<a href=\"https:\/\/agripedia.ch\/per\/wp-content\/uploads\/sites\/13\/2019\/07\/PER-Site-Maj190710-EROSOL-2013-03_4_Sens-du-travail-du-sol.pdf\" target=\"_blank\" rel=\"noopener\">11. Sens du travail du sol<\/a><\/p>\n<h5>Mesures culturales lors du semis et de l\u2019entretien des cultures<\/h5>\n<p><a href=\"https:\/\/agripedia.ch\/per\/wp-content\/uploads\/sites\/13\/2019\/07\/PER-Site-Maj190710-EROSOL-2013-04_1_Semis-en-suivant-les-courbes.pdf\" target=\"_blank\" rel=\"noopener\">12. Semis en suivant les courbes de niveau<\/a><br \/>\n<a href=\"https:\/\/agripedia.ch\/per\/wp-content\/uploads\/sites\/13\/2019\/07\/PER-Site-Maj190710-EROSOL-2013-04_2_Semis-dun-cordon-de-cereales.pdf\" target=\"_blank\" rel=\"noopener\">13. Semis d\u2019un cordon de c\u00e9r\u00e9ales d\u2019automne en bandes<\/a><br \/>\n<a href=\"https:\/\/agripedia.ch\/per\/wp-content\/uploads\/sites\/13\/2019\/07\/PER-Site-Maj190710-EROSOL-2013-04_3_Date-de-semis.pdf\" target=\"_blank\" rel=\"noopener\">14. Date de semis<\/a><br \/>\n<a href=\"https:\/\/agripedia.ch\/per\/wp-content\/uploads\/sites\/13\/2019\/07\/PER-Site-Maj190710-EROSOL-2013-04_4_Semis-intercalaires.pdf\" target=\"_blank\" rel=\"noopener\">15. Semis intercalaires<\/a><br \/>\n<a href=\"https:\/\/agripedia.ch\/per\/wp-content\/uploads\/sites\/13\/2019\/07\/PER-Site-Maj190710-EROSOL-2013-04_5_Semis-sous-litiere.pdf\" target=\"_blank\" rel=\"noopener\">16. Semis sous-liti\u00e8res<\/a><br \/>\n<a href=\"https:\/\/agripedia.ch\/per\/wp-content\/uploads\/sites\/13\/2019\/07\/PER-Site-Maj190710-EROSOL-2013-04_6_Semis-de-differentes-varietes.pdf\" target=\"_blank\" rel=\"noopener\">17. Semis de diff\u00e9rentes vari\u00e9t\u00e9s d\u2019une culture sur une parcelle<\/a><br \/>\n<a href=\"https:\/\/agripedia.ch\/per\/wp-content\/uploads\/sites\/13\/2019\/07\/PER-Site-Maj190710-EROSOL-2013-04_7_Suppression-des-bandes-de-traitements.pdf\" target=\"_blank\" rel=\"noopener\">18. Suppression des bandes de traitement<\/a><br \/>\n<a href=\"https:\/\/agripedia.ch\/per\/wp-content\/uploads\/sites\/13\/2019\/07\/PER-Site-Maj190710-EROSOL-2013-04_8_Semis-direct.pdf\" target=\"_blank\" rel=\"noopener\">19. Semis direct<\/a><br \/>\n<a href=\"https:\/\/agripedia.ch\/per\/wp-content\/uploads\/sites\/13\/2019\/07\/PER-Site-Maj190710-EROSOL-2013-04_9_Paillage-et-mulchs.pdf\" target=\"_blank\" rel=\"noopener\">20. Paillage et mulch<\/a><br \/>\n<a href=\"https:\/\/agripedia.ch\/per\/wp-content\/uploads\/sites\/13\/2019\/07\/PER-Site-Maj190710-EROSOL-2013-04_10_Lutte-integree-contre-les-adventices.pdf\" target=\"_blank\" rel=\"noopener\">21. Lutte int\u00e9gr\u00e9e contre les adventices<\/a><\/p>\n<h5>Mesures culturales lors de l\u2019amendement du sol<\/h5>\n<p><a href=\"https:\/\/agripedia.ch\/per\/wp-content\/uploads\/sites\/13\/2019\/07\/PER-Site-Maj190710-EROSOL-2013-05_1_Amendement-organique.pdf\" target=\"_blank\" rel=\"noopener\">22. Amendement organique<\/a><br \/>\n<a href=\"https:\/\/agripedia.ch\/per\/wp-content\/uploads\/sites\/13\/2019\/07\/PER-Site-Maj190710-EROSOL-2013-05_2_Chaulage.pdf\" target=\"_blank\" rel=\"noopener\">23. Chaulage<\/a><\/p>\n<h5>Mesures v\u00e9g\u00e9tales<\/h5>\n<p><a href=\"https:\/\/agripedia.ch\/per\/wp-content\/uploads\/sites\/13\/2019\/07\/PER-Site-Maj190710-EROSOL-2013-06_1_Rideaux-et-haies.pdf\" target=\"_blank\" rel=\"noopener\">24. Rideaux et haies<\/a><br \/>\n<a href=\"https:\/\/agripedia.ch\/per\/wp-content\/uploads\/sites\/13\/2019\/07\/PER-Site-Maj190710-EROSOL-2013-06_2_Prairies-inondables.pdf\" target=\"_blank\" rel=\"noopener\">25. Prairies inondables et champs d\u2019\u00e9pandage de crue<\/a><br \/>\n<a href=\"https:\/\/agripedia.ch\/per\/wp-content\/uploads\/sites\/13\/2019\/07\/PER-Site-Maj190710-EROSOL-2013-06_3_Creation-de-talus.pdf\" target=\"_blank\" rel=\"noopener\">26. Talus<\/a><\/p>\n<h5>Fiche technique Mesures de g\u00e9nie-civil<\/h5>\n<p><a href=\"https:\/\/agripedia.ch\/per\/wp-content\/uploads\/sites\/13\/2019\/07\/PER-Site-Maj190710-EROSOL-2013-07_1_Remaniement-parcellaire.pdf\" target=\"_blank\" rel=\"noopener\">27. Remaniement parcellaire (r\u00e9seau de dessertes, CEP)<\/a><br \/>\n<a href=\"https:\/\/agripedia.ch\/per\/wp-content\/uploads\/sites\/13\/2019\/07\/PER-Site-Maj190710-EROSOL-2013-07_2_Reseaux-de-chemins.pdf\" target=\"_blank\" rel=\"noopener\">28. R\u00e9seau de chemins et principes constructifs<\/a><br \/>\n<a href=\"https:\/\/agripedia.ch\/per\/wp-content\/uploads\/sites\/13\/2019\/07\/PER-Site-Maj190710-EROSOL-2013-07_3_Diguettes-dabsorption.pdf\" target=\"_blank\" rel=\"noopener\">29. Banquette d\u2019absorption \u2013 diffusion, petites terrasses, billonnages et plis<\/a><br \/>\n<a href=\"https:\/\/agripedia.ch\/per\/wp-content\/uploads\/sites\/13\/2019\/07\/PER-Site-Maj190710-EROSOL-2013-07_4_Controle-des-eaux.pdf\" target=\"_blank\" rel=\"noopener\">30. Contr\u00f4le des eaux superficielles, d\u00e9viation des eaux exc\u00e9dentaires<\/a><\/p>\n","protected":false},"excerpt":{"rendered":"<p>EROSOL (2013) &#8211; R\u00e9sultats : Une trentaine de fiches avec des id\u00e9es pratiques de mesures pour r\u00e9duire les risques d&rsquo;\u00e9rosion 0. Fiche introductive de la s\u00e9rie de fiches \u00a0Mesures culturales lors de l\u2019assolement 1. Taille, forme et orientation des parcelles 2. Assolement des cultures 3. R\u00e9duction ou suppression des sarcl\u00e9es, remplacement par des prairies artificielles  [&#8230;]<\/p>\n","protected":false},"author":1515,"featured_media":0,"parent":0,"menu_order":0,"comment_status":"closed","ping_status":"closed","template":"","meta":{"_sb_is_suggestion_mode":false,"_sb_show_suggestion_boards":false,"_sb_show_comment_boards":false,"_sb_suggestion_history":"","_sb_update_block_changes":"","_monsterinsights_skip_tracking":false,"_monsterinsights_sitenote_active":false,"_monsterinsights_sitenote_note":"","_monsterinsights_sitenote_category":0,"footnotes":""},"class_list":["post-1716","page","type-page","status-publish","hentry"],"_links":{"self":[{"href":"https:\/\/agripedia.ch\/per\/wp-json\/wp\/v2\/pages\/1716","targetHints":{"allow":["GET"]}}],"collection":[{"href":"https:\/\/agripedia.ch\/per\/wp-json\/wp\/v2\/pages"}],"about":[{"href":"https:\/\/agripedia.ch\/per\/wp-json\/wp\/v2\/types\/page"}],"author":[{"embeddable":true,"href":"https:\/\/agripedia.ch\/per\/wp-json\/wp\/v2\/users\/1515"}],"replies":[{"embeddable":true,"href":"https:\/\/agripedia.ch\/per\/wp-json\/wp\/v2\/comments?post=1716"}],"version-history":[{"count":1,"href":"https:\/\/agripedia.ch\/per\/wp-json\/wp\/v2\/pages\/1716\/revisions"}],"predecessor-version":[{"id":1717,"href":"https:\/\/agripedia.ch\/per\/wp-json\/wp\/v2\/pages\/1716\/revisions\/1717"}],"wp:attachment":[{"href":"https:\/\/agripedia.ch\/per\/wp-json\/wp\/v2\/media?parent=1716"}],"curies":[{"name":"wp","href":"https:\/\/api.w.org\/{rel}","templated":true}]}}