{"id":1712,"date":"2025-08-28T06:25:36","date_gmt":"2025-08-28T06:25:36","guid":{"rendered":"https:\/\/agripedia.ch\/per\/?page_id=1712"},"modified":"2025-08-28T06:25:36","modified_gmt":"2025-08-28T06:25:36","slug":"organisations-romandes-en-liaison-avec-les-controles-per","status":"publish","type":"page","link":"https:\/\/agripedia.ch\/per\/organisations-romandes-en-liaison-avec-les-controles-per\/","title":{"rendered":"Organisations romandes en liaison avec les contr\u00f4les PER"},"content":{"rendered":"<ul>\n<li>Fribourg \u2013 AFAPI \u2013\u00a0<a href=\"http:\/\/www.afapi-fipo.ch\/\" target=\"_blank\" rel=\"noopener\">Association fribourgeoise des agriculteurs pratiquant une agriculture respectueuse de l\u2019environnement et des animaux<\/a><\/li>\n<li>Gen\u00e8ve \u2013\u00a0<a href=\"https:\/\/www.agrigeneve.ch\/defense-prof\/ass-admin\/agri-pige\" target=\"_blank\" rel=\"noopener\">AGRI-PIGE \u2013 Association genevoise des paysans et paysannes pratiquant la production int\u00e9gr\u00e9e<\/a><\/li>\n<li>Jura \u2013\u00a0<a href=\"https:\/\/www.agrijura.ch\/ajapi\" target=\"_blank\" rel=\"noopener\">AJAPI \u2013 Association jurassienne des agriculteurs pratiquant la production int\u00e9gr\u00e9e<\/a><\/li>\n<li>Jura-Bernois \u2013\u00a0<a href=\"https:\/\/aniterra.ch\/fr\/\" target=\"_blank\" rel=\"noopener\">Aniterra \u2013 Contr\u00f4le pour une Agriculture Respectueuse de l\u2019Environnement et des Animaux<\/a>\u00a0\u2013 Fusion des organisations de contr\u00f4le KuL\/Carea et Qualinova SA<\/li>\n<li>Neuch\u00e2tel \u2013\u00a0<a href=\"https:\/\/www.cnav.ch\/ANAPI\/Presentation\/Portrait\" target=\"_blank\" rel=\"noopener\">ANAPI \u2013 Association neuch\u00e2teloise des agriculteurs en production int\u00e9gr\u00e9e<\/a><\/li>\n<li>Tessin \u2013\u00a0<a href=\"https:\/\/www4.ti.ch\/dfe\/de\/sa\/consulenza-e-servizi\/produzione-integrata\/\" target=\"_blank\" rel=\"noopener\">Consulenza \u2013 Produzione integrata<\/a><\/li>\n<li>Valais \u2013\u00a0<a href=\"https:\/\/acav-vs.ch\/\" target=\"_blank\" rel=\"noopener\">ACAV \u2013 Association pour les Contr\u00f4les Agricoles en Valais<\/a>\u00a0(ancinne AVPI)<\/li>\n<li>Valais \u2013\u00a0<a href=\"https:\/\/oberwalliser-bauern.ch\/kontrolldienst\/\" target=\"_blank\" rel=\"noopener\">Kontrolldienst der BVO (avant OLK) \u2013 Bauern Vereinigungen Oberwallis \/ Chambre d\u2019Agriculture du Haut-Valais \u2013 Visp\/Vi\u00e8ge<\/a><\/li>\n<li>Vaud \u2013\u00a0<a href=\"https:\/\/www.prometerre.ch\/unites\/ecoprest\" target=\"_blank\" rel=\"noopener\">Prom\u00e9terre\/Ecoprest \u2013 Production int\u00e9gr\u00e9e vaudoise (PIV)<\/a><\/li>\n<li>Vaud \u2013\u00a0<a href=\"https:\/\/www.prometerre.ch\/prestations\/expertise\/organisme-de-controle-cobra\" target=\"_blank\" rel=\"noopener\">CoBrA \u2013 Organisme de contr\u00f4le de l\u2019Association vaudoise de Contr\u00f4le des Branches Agricoles<\/a><\/li>\n<li>PIOCH \u2013\u00a0<a href=\"https:\/\/www.agora-romandie.ch\/pioch\/\" target=\"_blank\" rel=\"noopener\">Groupement pour la production int\u00e9gr\u00e9e dans l\u2019Ouest de la Suisse \u2013 F\u00e9d\u00e8re les associations cantonales de production int\u00e9gr\u00e9e de la Suisse romande<\/a><\/li>\n<li><a href=\"https:\/\/www.bio-inspecta.ch\/fr\/home\" target=\"_blank\" rel=\"noopener\">Bio inspecta<\/a><\/li>\n<li><a href=\"https:\/\/www.bio-test-agro.ch\/fr\/\" target=\"_blank\" rel=\"noopener\">Bio test Agro<\/a><\/li>\n<li>FOCAA \u2013\u00a0<a href=\"https:\/\/www.prometerre.ch\/prestations\/expertise\/federation-focaa\" target=\"_blank\" rel=\"noopener\">F\u00e9d\u00e9ration des Organisations de Contr\u00f4les Agricoles et Alimentaires<\/a> \u2013 Regroupe sept organisations de contr\u00f4le de Suisse romande, du Tessin et du Haut-Valais, dont la CoBrA et assure la coordination et l\u2019application des exigences de l\u2019accr\u00e9ditation.<\/li>\n<\/ul>\n","protected":false},"excerpt":{"rendered":"<p>Fribourg \u2013 AFAPI \u2013\u00a0Association fribourgeoise des agriculteurs pratiquant une agriculture respectueuse de l\u2019environnement et des animaux Gen\u00e8ve \u2013\u00a0AGRI-PIGE \u2013 Association genevoise des paysans et paysannes pratiquant la production int\u00e9gr\u00e9e Jura \u2013\u00a0AJAPI \u2013 Association jurassienne des agriculteurs pratiquant la production int\u00e9gr\u00e9e Jura-Bernois \u2013\u00a0Aniterra \u2013 Contr\u00f4le pour une Agriculture Respectueuse de l\u2019Environnement et des Animaux\u00a0\u2013 Fusion des  [&#8230;]<\/p>\n","protected":false},"author":1515,"featured_media":0,"parent":0,"menu_order":0,"comment_status":"closed","ping_status":"closed","template":"","meta":{"_sb_is_suggestion_mode":false,"_sb_show_suggestion_boards":false,"_sb_show_comment_boards":false,"_sb_suggestion_history":"","_sb_update_block_changes":"","_monsterinsights_skip_tracking":false,"_monsterinsights_sitenote_active":false,"_monsterinsights_sitenote_note":"","_monsterinsights_sitenote_category":0,"footnotes":""},"class_list":["post-1712","page","type-page","status-publish","hentry"],"_links":{"self":[{"href":"https:\/\/agripedia.ch\/per\/wp-json\/wp\/v2\/pages\/1712","targetHints":{"allow":["GET"]}}],"collection":[{"href":"https:\/\/agripedia.ch\/per\/wp-json\/wp\/v2\/pages"}],"about":[{"href":"https:\/\/agripedia.ch\/per\/wp-json\/wp\/v2\/types\/page"}],"author":[{"embeddable":true,"href":"https:\/\/agripedia.ch\/per\/wp-json\/wp\/v2\/users\/1515"}],"replies":[{"embeddable":true,"href":"https:\/\/agripedia.ch\/per\/wp-json\/wp\/v2\/comments?post=1712"}],"version-history":[{"count":1,"href":"https:\/\/agripedia.ch\/per\/wp-json\/wp\/v2\/pages\/1712\/revisions"}],"predecessor-version":[{"id":1713,"href":"https:\/\/agripedia.ch\/per\/wp-json\/wp\/v2\/pages\/1712\/revisions\/1713"}],"wp:attachment":[{"href":"https:\/\/agripedia.ch\/per\/wp-json\/wp\/v2\/media?parent=1712"}],"curies":[{"name":"wp","href":"https:\/\/api.w.org\/{rel}","templated":true}]}}