{"id":1710,"date":"2025-08-28T06:25:03","date_gmt":"2025-08-28T06:25:03","guid":{"rendered":"https:\/\/agripedia.ch\/per\/?page_id=1710"},"modified":"2025-08-28T06:25:03","modified_gmt":"2025-08-28T06:25:03","slug":"labels","status":"publish","type":"page","link":"https:\/\/agripedia.ch\/per\/labels\/","title":{"rendered":"Labels"},"content":{"rendered":"<div class=\"fusion-text fusion-text-2\">\n<ul>\n<li>Biodiversit\u00e9 \u2013 <a href=\"https:\/\/www.agrinatur.ch\/fr\/\" target=\"_blank\" rel=\"noopener\">Site agrinatur.ch<\/a>\u00a0\u2013\u00a0 Plus d\u2019informations sur les surfaces de promotion de la biodiversit\u00e9, la qualit\u00e9 \u00e9cologique, les r\u00e9seaux \u00e9cologiques.<\/li>\n<li><a href=\"https:\/\/agrosolution.ch\/fr\/\" target=\"_blank\" rel=\"noopener\">AgroSolution<\/a><\/li>\n<li><a href=\"https:\/\/agrosolution.ch\/fr\/swissgap\/\" target=\"_blank\" rel=\"noopener\">AgroSolution \u2013 SwissGAP \u2013 Informations, inscriptions et documents d\u2019application SwissGAP<\/a><\/li>\n<li><a href=\"https:\/\/agrosolution.ch\/fr\/suisse-garantie\/\" target=\"_blank\" rel=\"noopener\">AgroSolution \u2013 SUISSE GARANTIE<\/a><\/li>\n<li><a href=\"http:\/\/www.aq-viandesuisse.ch\/fr\" target=\"_blank\" rel=\"noopener\">AQ \u2013 Viande Suisse<\/a><\/li>\n<li><a href=\"https:\/\/agripedia.ch\/focus-ap-pa\/page-daccueil\/trajectoire-de-reduction-des-elements-nutritifs-et-des-produits-phytosanitaires\/train-dordonnance-iv-pa-19-475\/\" target=\"_blank\" rel=\"noopener\">Focus-ap-pa \u2013 Politique agricole IP 19.475<\/a><\/li>\n<li><a href=\"https:\/\/www.ipsuisse.ch\/fr\/\" target=\"_blank\" rel=\"noopener\">IP-Suisse \u2013 Consommateurs<\/a><\/li>\n<li><a href=\"https:\/\/www.ipsuisse.ch\/fr\/producteurs\/\" target=\"_blank\" rel=\"noopener\">IP-Suisse \u2013 Producteurs &amp; Partenaires<\/a><\/li>\n<li><a href=\"https:\/\/www.suissegarantie.ch\/fr\/accueil-6.html\" target=\"_blank\" rel=\"noopener\">Suisse garantie<\/a><\/li>\n<li><a href=\"https:\/\/www.agroscope.admin.ch\/agroscope\/fr\/home.html\" target=\"_blank\" rel=\"noopener\">AGROSCOPE \u2013 Recherche agronomique suisse<\/a><\/li>\n<\/ul>\n<\/div>\n","protected":false},"excerpt":{"rendered":"<p>Biodiversit\u00e9 \u2013 Site agrinatur.ch\u00a0\u2013\u00a0 Plus d\u2019informations sur les surfaces de promotion de la biodiversit\u00e9, la qualit\u00e9 \u00e9cologique, les r\u00e9seaux \u00e9cologiques. AgroSolution AgroSolution \u2013 SwissGAP \u2013 Informations, inscriptions et documents d\u2019application SwissGAP AgroSolution \u2013 SUISSE GARANTIE AQ \u2013 Viande Suisse Focus-ap-pa \u2013 Politique agricole IP 19.475 IP-Suisse \u2013 Consommateurs IP-Suisse \u2013 Producteurs &amp; Partenaires Suisse garantie  [&#8230;]<\/p>\n","protected":false},"author":1515,"featured_media":0,"parent":0,"menu_order":0,"comment_status":"closed","ping_status":"closed","template":"","meta":{"_sb_is_suggestion_mode":false,"_sb_show_suggestion_boards":false,"_sb_show_comment_boards":false,"_sb_suggestion_history":"","_sb_update_block_changes":"","_monsterinsights_skip_tracking":false,"_monsterinsights_sitenote_active":false,"_monsterinsights_sitenote_note":"","_monsterinsights_sitenote_category":0,"footnotes":""},"class_list":["post-1710","page","type-page","status-publish","hentry"],"_links":{"self":[{"href":"https:\/\/agripedia.ch\/per\/wp-json\/wp\/v2\/pages\/1710","targetHints":{"allow":["GET"]}}],"collection":[{"href":"https:\/\/agripedia.ch\/per\/wp-json\/wp\/v2\/pages"}],"about":[{"href":"https:\/\/agripedia.ch\/per\/wp-json\/wp\/v2\/types\/page"}],"author":[{"embeddable":true,"href":"https:\/\/agripedia.ch\/per\/wp-json\/wp\/v2\/users\/1515"}],"replies":[{"embeddable":true,"href":"https:\/\/agripedia.ch\/per\/wp-json\/wp\/v2\/comments?post=1710"}],"version-history":[{"count":1,"href":"https:\/\/agripedia.ch\/per\/wp-json\/wp\/v2\/pages\/1710\/revisions"}],"predecessor-version":[{"id":1711,"href":"https:\/\/agripedia.ch\/per\/wp-json\/wp\/v2\/pages\/1710\/revisions\/1711"}],"wp:attachment":[{"href":"https:\/\/agripedia.ch\/per\/wp-json\/wp\/v2\/media?parent=1710"}],"curies":[{"name":"wp","href":"https:\/\/api.w.org\/{rel}","templated":true}]}}