{"id":1704,"date":"2025-08-28T06:23:28","date_gmt":"2025-08-28T06:23:28","guid":{"rendered":"https:\/\/agripedia.ch\/per\/?page_id=1704"},"modified":"2025-08-28T06:23:28","modified_gmt":"2025-08-28T06:23:28","slug":"bases-legales","status":"publish","type":"page","link":"https:\/\/agripedia.ch\/per\/bases-legales\/","title":{"rendered":"Bases l\u00e9gales"},"content":{"rendered":"<ul>\n<li><a href=\"https:\/\/www.blw.admin.ch\/blw\/fr\/home\/instrumente\/direktzahlungen.html\" target=\"_blank\" rel=\"noopener\">Office f\u00e9d\u00e9ral de l\u2019agriculture (OFAG)<\/a>, Bases l\u00e9gales<\/li>\n<li class=\"erlasskurztitel man-space-before-4 \"><a href=\"https:\/\/www.fedlex.admin.ch\/eli\/cc\/1998\/3033_3033_3033\/fr\" target=\"_blank\" rel=\"noopener\">Loi sur l\u2019agriculture, LAgr<\/a><\/li>\n<li class=\"erlasstitel botschafttitel\"><a href=\"https:\/\/www.fedlex.admin.ch\/eli\/cc\/1992\/1860_1860_1860\/fr\" target=\"_blank\" rel=\"noopener\">Loi f\u00e9d\u00e9rale sur la protection des eaux, LEaux<\/a><\/li>\n<li class=\"erlasstitel botschafttitel\"><a href=\"https:\/\/www.fedlex.admin.ch\/eli\/cc\/1998\/2863_2863_2863\/fr\" target=\"_blank\" rel=\"noopener\">Ordonnance sur la protection des eaux, OEaux<\/a><\/li>\n<li class=\"erlasskurztitel man-space-before-4\"><a href=\"https:\/\/www.fedlex.admin.ch\/eli\/cc\/2005\/478\/fr\" target=\"_blank\" rel=\"noopener\">Ordonnance sur la r\u00e9duction des risques li\u00e9s aux produits chimiques, ORRChim<\/a><\/li>\n<li class=\"erlasskurztitel \"><a href=\"https:\/\/www.fedlex.admin.ch\/eli\/cc\/2013\/765\/fr\" target=\"_blank\" rel=\"noopener\">Ordonnance sur les paiements directs, OPD<\/a><\/li>\n<li class=\"erlasskurztitel man-space-before-4\"><a href=\"https:\/\/www.fedlex.admin.ch\/eli\/cc\/2010\/340\/fr\" target=\"_blank\" rel=\"noopener\">Ordonnance sur les produits phytosanitaires, OPPh<\/a><\/li>\n<li class=\"erlasskurztitel \"><a href=\"https:\/\/www.fedlex.admin.ch\/eli\/oc\/2022\/753\/fr\" target=\"_blank\" rel=\"noopener\">Ordonnance sur la terminologie agricole, OTerm<\/a><\/li>\n<\/ul>\n","protected":false},"excerpt":{"rendered":"<p>Office f\u00e9d\u00e9ral de l\u2019agriculture (OFAG), Bases l\u00e9gales Loi sur l\u2019agriculture, LAgr Loi f\u00e9d\u00e9rale sur la protection des eaux, LEaux Ordonnance sur la protection des eaux, OEaux Ordonnance sur la r\u00e9duction des risques li\u00e9s aux produits chimiques, ORRChim Ordonnance sur les paiements directs, OPD Ordonnance sur les produits phytosanitaires, OPPh Ordonnance sur la terminologie agricole, OTerm<\/p>\n","protected":false},"author":1515,"featured_media":0,"parent":0,"menu_order":0,"comment_status":"closed","ping_status":"closed","template":"","meta":{"_sb_is_suggestion_mode":false,"_sb_show_suggestion_boards":false,"_sb_show_comment_boards":false,"_sb_suggestion_history":"","_sb_update_block_changes":"","_monsterinsights_skip_tracking":false,"_monsterinsights_sitenote_active":false,"_monsterinsights_sitenote_note":"","_monsterinsights_sitenote_category":0,"footnotes":""},"class_list":["post-1704","page","type-page","status-publish","hentry"],"_links":{"self":[{"href":"https:\/\/agripedia.ch\/per\/wp-json\/wp\/v2\/pages\/1704","targetHints":{"allow":["GET"]}}],"collection":[{"href":"https:\/\/agripedia.ch\/per\/wp-json\/wp\/v2\/pages"}],"about":[{"href":"https:\/\/agripedia.ch\/per\/wp-json\/wp\/v2\/types\/page"}],"author":[{"embeddable":true,"href":"https:\/\/agripedia.ch\/per\/wp-json\/wp\/v2\/users\/1515"}],"replies":[{"embeddable":true,"href":"https:\/\/agripedia.ch\/per\/wp-json\/wp\/v2\/comments?post=1704"}],"version-history":[{"count":1,"href":"https:\/\/agripedia.ch\/per\/wp-json\/wp\/v2\/pages\/1704\/revisions"}],"predecessor-version":[{"id":1705,"href":"https:\/\/agripedia.ch\/per\/wp-json\/wp\/v2\/pages\/1704\/revisions\/1705"}],"wp:attachment":[{"href":"https:\/\/agripedia.ch\/per\/wp-json\/wp\/v2\/media?parent=1704"}],"curies":[{"name":"wp","href":"https:\/\/api.w.org\/{rel}","templated":true}]}}