{"id":403,"date":"2025-08-19T09:19:02","date_gmt":"2025-08-19T09:19:02","guid":{"rendered":"https:\/\/agripedia.ch\/outils-de-durabilite\/einfuehrung\/"},"modified":"2025-11-06T09:00:42","modified_gmt":"2025-11-06T09:00:42","slug":"einfuehrung","status":"publish","type":"page","link":"https:\/\/agripedia.ch\/outils-de-durabilite\/de\/","title":{"rendered":"Wissensportal: Instrumente zur Bewertung der Nachhaltigkeit"},"content":{"rendered":"\n<p>Angesichts \u00f6kologischer Herausforderungen, sozialer Ungleichheiten und steigender wirtschaftlicher Anforderungen sind landwirtschaftliche Betriebe, Unternehmen und Institutionen aufgerufen, ihre Modelle zu \u00fcberdenken und auf Nachhaltigkeit auszurichten. Diese beruht auf drei <strong>grundlegenden S\u00e4ulen<\/strong>: <strong>Umwelt<\/strong>, <strong>Soziales<\/strong> und <strong>Wirtschaft<\/strong>.<\/p>\n\n\n\n<p>In der Schweiz steht eine breite Palette an <strong>Instrumenten und Methoden<\/strong> zur Verf\u00fcgung, um den \u00dcbergang zu verantwortungsvolleren Praktiken zu unterst\u00fctzen. Sie erm\u00f6glichen es, die nachhaltige Leistung von Organisationen zu erfassen, zu planen und zu verbessern. In diesem Portal stellen wir einige dieser Instrumente vor. Die einzelnen Steckbriefe wurden von wissenschaftlichen Nutzern oder den Verantwortlichen\/Entwicklern der verschiedenen Instrumente ausgef\u00fcllt. Es handelt sich hierbei nicht um Bewertungen, die von der AGRIDEA bereitgestellt wurden.<\/p>\n\n\n\n<p><\/p>\n\n\n\n<h1 class=\"wp-block-heading has-text-align-center\">Bewertungsintrumente<\/h1>\n\n\n\n<div class=\"wp-block-columns is-layout-flex wp-container-core-columns-is-layout-9d6595d7 wp-block-columns-is-layout-flex\">\n<div class=\"wp-block-column has-agridea-light-gray-background-color has-background is-layout-flow wp-block-column-is-layout-flow\" style=\"box-shadow:var(--wp--preset--shadow--natural)\">\n<p class=\"has-text-align-center\"><\/p>\n\n\n\n<figure class=\"wp-block-image aligncenter size-full is-resized\"><img decoding=\"async\" src=\"https:\/\/agripedia.ch\/outils-de-durabilite\/wp-content\/uploads\/sites\/68\/2025\/09\/agri-logo-dark-1.svg\" alt=\"\" class=\"wp-image-248\" style=\"object-fit:contain;width:400px;height:150px\"\/><\/figure>\n\n\n\n<div class=\"wp-block-buttons alignwide is-content-justification-center is-layout-flex wp-container-core-buttons-is-layout-28206b41 wp-block-buttons-is-layout-flex\">\n<div class=\"wp-block-button has-custom-width wp-block-button__width-75\"><a class=\"wp-block-button__link has-medium-font-size has-text-align-center has-custom-font-size wp-element-button\" href=\"https:\/\/agripedia.ch\/outils-de-durabilite\/de\/agrimetrix\/\" style=\"border-radius:50px\">Agrimetrix<\/a><\/div>\n<\/div>\n\n\n\n<p><\/p>\n<\/div>\n\n\n\n<div class=\"wp-block-column has-agridea-light-gray-background-color has-background is-layout-flow wp-block-column-is-layout-flow\" style=\"box-shadow:var(--wp--preset--shadow--natural)\">\n<p><\/p>\n\n\n\n<figure class=\"wp-block-image aligncenter size-full is-resized\"><img loading=\"lazy\" decoding=\"async\" width=\"396\" height=\"93\" src=\"https:\/\/agripedia.ch\/outils-de-durabilite\/wp-content\/uploads\/sites\/68\/2025\/09\/image.png\" alt=\"\" class=\"wp-image-250\" style=\"object-fit:contain;width:400px;height:150px\" srcset=\"https:\/\/agripedia.ch\/outils-de-durabilite\/wp-content\/uploads\/sites\/68\/2025\/09\/image.png 396w, https:\/\/agripedia.ch\/outils-de-durabilite\/wp-content\/uploads\/sites\/68\/2025\/09\/image-300x70.png 300w\" sizes=\"auto, (max-width: 396px) 100vw, 396px\" \/><\/figure>\n\n\n\n<div class=\"wp-block-buttons alignwide is-content-justification-center is-layout-flex wp-container-core-buttons-is-layout-28206b41 wp-block-buttons-is-layout-flex\">\n<div class=\"wp-block-button has-custom-width wp-block-button__width-75\"><a class=\"wp-block-button__link has-medium-font-size has-text-align-center has-custom-font-size wp-element-button\" href=\"https:\/\/agripedia.ch\/outils-de-durabilite\/de\/agrocheck\/\" style=\"border-radius:50px\">Agrocheck<\/a><\/div>\n<\/div>\n\n\n\n<p><\/p>\n<\/div>\n<\/div>\n\n\n\n<p><\/p>\n\n\n\n<div class=\"wp-block-columns is-layout-flex wp-container-core-columns-is-layout-9d6595d7 wp-block-columns-is-layout-flex\">\n<div class=\"wp-block-column has-agridea-light-gray-background-color has-background is-layout-flow wp-block-column-is-layout-flow\" style=\"box-shadow:var(--wp--preset--shadow--natural)\">\n<p><\/p>\n\n\n\n<figure class=\"wp-block-image aligncenter size-large is-resized\"><img loading=\"lazy\" decoding=\"async\" width=\"946\" height=\"631\" src=\"https:\/\/agripedia.ch\/outils-de-durabilite\/wp-content\/uploads\/sites\/68\/2025\/10\/image-5-edited.png\" alt=\"\" class=\"wp-image-442\" style=\"width:280px\" srcset=\"https:\/\/agripedia.ch\/outils-de-durabilite\/wp-content\/uploads\/sites\/68\/2025\/10\/image-5-edited.png 946w, https:\/\/agripedia.ch\/outils-de-durabilite\/wp-content\/uploads\/sites\/68\/2025\/10\/image-5-edited-300x200.png 300w, https:\/\/agripedia.ch\/outils-de-durabilite\/wp-content\/uploads\/sites\/68\/2025\/10\/image-5-edited-768x512.png 768w\" sizes=\"auto, (max-width: 946px) 100vw, 946px\" \/><\/figure>\n\n\n\n<div class=\"wp-block-buttons alignfull is-content-justification-center is-layout-flex wp-container-core-buttons-is-layout-28206b41 wp-block-buttons-is-layout-flex\">\n<div class=\"wp-block-button has-custom-width wp-block-button__width-75\"><a class=\"wp-block-button__link has-medium-font-size has-text-align-center has-custom-font-size wp-element-button\" href=\"https:\/\/agripedia.ch\/outils-de-durabilite\/de\/b-act-business-agroecology-criteria-tool\/\" style=\"border-radius:50px\">B-ACT (Business agroecology criteria tool)<\/a><\/div>\n<\/div>\n\n\n\n<p><\/p>\n<\/div>\n\n\n\n<div class=\"wp-block-column has-agridea-light-gray-background-color has-background is-layout-flow wp-block-column-is-layout-flow\" style=\"box-shadow:var(--wp--preset--shadow--natural)\">\n<p><\/p>\n\n\n\n<figure class=\"wp-block-image aligncenter size-full is-resized wp-duotone-unset-1\"><img loading=\"lazy\" decoding=\"async\" width=\"986\" height=\"976\" src=\"https:\/\/agripedia.ch\/outils-de-durabilite\/wp-content\/uploads\/sites\/68\/2025\/09\/image-10.png\" alt=\"\" class=\"wp-image-280\" style=\"width:196px\" srcset=\"https:\/\/agripedia.ch\/outils-de-durabilite\/wp-content\/uploads\/sites\/68\/2025\/09\/image-10.png 986w, https:\/\/agripedia.ch\/outils-de-durabilite\/wp-content\/uploads\/sites\/68\/2025\/09\/image-10-300x297.png 300w, https:\/\/agripedia.ch\/outils-de-durabilite\/wp-content\/uploads\/sites\/68\/2025\/09\/image-10-768x760.png 768w\" sizes=\"auto, (max-width: 986px) 100vw, 986px\" \/><\/figure>\n\n\n\n<div class=\"wp-block-buttons alignwide is-content-justification-center is-layout-flex wp-container-core-buttons-is-layout-28206b41 wp-block-buttons-is-layout-flex\">\n<div class=\"wp-block-button has-custom-width wp-block-button__width-75\"><a class=\"wp-block-button__link has-medium-font-size has-text-align-center has-custom-font-size wp-element-button\" href=\"https:\/\/agripedia.ch\/outils-de-durabilite\/de\/dap-diagnostic-agriculture-paysanne\/\" style=\"border-radius:50px\">DAP (Diagnostic Paysanne Agriculture)<\/a><\/div>\n<\/div>\n\n\n\n<p><\/p>\n<\/div>\n<\/div>\n\n\n\n<p><\/p>\n\n\n\n<div class=\"wp-block-columns is-layout-flex wp-container-core-columns-is-layout-9d6595d7 wp-block-columns-is-layout-flex\">\n<div class=\"wp-block-column has-agridea-light-gray-background-color has-background is-layout-flow wp-block-column-is-layout-flow\" style=\"box-shadow:var(--wp--preset--shadow--natural)\">\n<p><\/p>\n\n\n\n<figure class=\"wp-block-image aligncenter size-full is-resized\"><img decoding=\"async\" src=\"https:\/\/themes.agripedia.ch\/wp-content\/uploads\/2025\/07\/image.png\" alt=\"\" class=\"wp-image-73462\" style=\"object-fit:contain;width:400px;height:150px\"\/><\/figure>\n\n\n\n<div class=\"wp-block-buttons alignwide is-content-justification-center is-layout-flex wp-container-core-buttons-is-layout-28206b41 wp-block-buttons-is-layout-flex\">\n<div class=\"wp-block-button has-custom-width wp-block-button__width-75\"><a class=\"wp-block-button__link has-medium-font-size has-text-align-center has-custom-font-size wp-element-button\" href=\"https:\/\/agripedia.ch\/outils-de-durabilite\/de\/esg2go\/\" style=\"border-radius:50px\">esg2go<\/a><\/div>\n<\/div>\n\n\n\n<p><\/p>\n<\/div>\n\n\n\n<div class=\"wp-block-column has-agridea-light-gray-background-color has-background is-layout-flow wp-block-column-is-layout-flow\" style=\"box-shadow:var(--wp--preset--shadow--natural)\">\n<p><\/p>\n\n\n\n<figure class=\"wp-block-image aligncenter size-full is-resized\"><img loading=\"lazy\" decoding=\"async\" width=\"319\" height=\"107\" src=\"https:\/\/agripedia.ch\/outils-de-durabilite\/wp-content\/uploads\/sites\/68\/2025\/07\/image-15.png\" alt=\"\" class=\"wp-image-169\" style=\"object-fit:contain;width:400px;height:150px\" srcset=\"https:\/\/agripedia.ch\/outils-de-durabilite\/wp-content\/uploads\/sites\/68\/2025\/07\/image-15.png 319w, https:\/\/agripedia.ch\/outils-de-durabilite\/wp-content\/uploads\/sites\/68\/2025\/07\/image-15-300x101.png 300w\" sizes=\"auto, (max-width: 319px) 100vw, 319px\" \/><\/figure>\n\n\n\n<div class=\"wp-block-buttons alignwide is-horizontal is-content-justification-center is-layout-flex wp-container-core-buttons-is-layout-29bd5dc9 wp-block-buttons-is-layout-flex\">\n<div class=\"wp-block-button has-custom-width wp-block-button__width-75\"><a class=\"wp-block-button__link has-medium-font-size has-text-align-center has-custom-font-size wp-element-button\" href=\"https:\/\/agripedia.ch\/outils-de-durabilite\/de\/fairness-self-check\/\" style=\"border-radius:50px\">Fairness Self-Check<\/a><\/div>\n<\/div>\n\n\n\n<p><\/p>\n<\/div>\n<\/div>\n\n\n\n<p><\/p>\n\n\n\n<div class=\"wp-block-columns is-layout-flex wp-container-core-columns-is-layout-9d6595d7 wp-block-columns-is-layout-flex\">\n<div class=\"wp-block-column has-agridea-light-gray-background-color has-background is-layout-flow wp-block-column-is-layout-flow\" style=\"box-shadow:var(--wp--preset--shadow--natural)\">\n<p><\/p>\n\n\n\n<figure class=\"wp-block-image aligncenter size-full is-resized\"><img decoding=\"async\" src=\"https:\/\/themes.agripedia.ch\/wp-content\/uploads\/2025\/06\/image-2.png\" alt=\"\" class=\"wp-image-73195\" style=\"object-fit:contain;width:400px;height:150px\"\/><\/figure>\n\n\n\n<div class=\"wp-block-buttons alignwide is-content-justification-center is-layout-flex wp-container-core-buttons-is-layout-28206b41 wp-block-buttons-is-layout-flex\">\n<div class=\"wp-block-button has-custom-width wp-block-button__width-75 is-style-fill\"><a class=\"wp-block-button__link has-medium-font-size has-text-align-center has-custom-font-size wp-element-button\" href=\"https:\/\/agripedia.ch\/outils-de-durabilite\/de\/plattform-assoziative-wertschopfungsketten-der-richtige-preis\/\" style=\"border-radius:50px\">Plattform Assoziative Wertsch\u00f6pfungsketten &#8211; Der richtige Preis<\/a><\/div>\n<\/div>\n\n\n\n<p><br><\/p>\n<\/div>\n\n\n\n<div class=\"wp-block-column has-agridea-light-gray-background-color has-background is-layout-flow wp-block-column-is-layout-flow\" style=\"box-shadow:var(--wp--preset--shadow--natural)\">\n<p><\/p>\n\n\n\n<figure class=\"wp-block-image aligncenter size-full is-resized\"><img loading=\"lazy\" decoding=\"async\" width=\"326\" height=\"96\" src=\"https:\/\/agripedia.ch\/outils-de-durabilite\/wp-content\/uploads\/sites\/68\/2025\/07\/image-10.png\" alt=\"\" class=\"wp-image-145\" style=\"object-fit:contain;width:400px;height:150px\" srcset=\"https:\/\/agripedia.ch\/outils-de-durabilite\/wp-content\/uploads\/sites\/68\/2025\/07\/image-10.png 326w, https:\/\/agripedia.ch\/outils-de-durabilite\/wp-content\/uploads\/sites\/68\/2025\/07\/image-10-300x88.png 300w\" sizes=\"auto, (max-width: 326px) 100vw, 326px\" \/><\/figure>\n\n\n\n<div class=\"wp-block-buttons alignwide is-content-justification-center is-layout-flex wp-container-core-buttons-is-layout-28206b41 wp-block-buttons-is-layout-flex\">\n<div class=\"wp-block-button has-custom-width wp-block-button__width-75 is-style-fill\"><a class=\"wp-block-button__link has-medium-font-size has-text-align-center has-custom-font-size wp-element-button\" href=\"https:\/\/agripedia.ch\/outils-de-durabilite\/de\/rise-response-inducing-sustainability-evaluation\/\" style=\"border-radius:50px\">RISE (Response-Inducing Sustainability Evaluation)  <\/a><\/div>\n<\/div>\n\n\n\n<p><\/p>\n<\/div>\n<\/div>\n\n\n\n<p><\/p>\n\n\n\n<div class=\"wp-block-columns is-layout-flex wp-container-core-columns-is-layout-9d6595d7 wp-block-columns-is-layout-flex\">\n<div class=\"wp-block-column has-agridea-light-gray-background-color has-background is-layout-flow wp-block-column-is-layout-flow\" style=\"box-shadow:var(--wp--preset--shadow--natural)\">\n<p><\/p>\n\n\n\n<figure class=\"wp-block-image aligncenter size-full is-resized\"><img loading=\"lazy\" decoding=\"async\" width=\"405\" height=\"133\" src=\"https:\/\/agripedia.ch\/outils-de-durabilite\/wp-content\/uploads\/sites\/68\/2025\/09\/image-2.png\" alt=\"\" class=\"wp-image-256\" style=\"object-fit:contain;width:350px;height:150px\" srcset=\"https:\/\/agripedia.ch\/outils-de-durabilite\/wp-content\/uploads\/sites\/68\/2025\/09\/image-2.png 405w, https:\/\/agripedia.ch\/outils-de-durabilite\/wp-content\/uploads\/sites\/68\/2025\/09\/image-2-300x99.png 300w\" sizes=\"auto, (max-width: 405px) 100vw, 405px\" \/><\/figure>\n\n\n\n<div class=\"wp-block-buttons alignwide is-content-justification-center is-layout-flex wp-container-core-buttons-is-layout-28206b41 wp-block-buttons-is-layout-flex\">\n<div class=\"wp-block-button has-custom-width wp-block-button__width-75 is-style-fill\"><a class=\"wp-block-button__link has-medium-font-size has-text-align-center has-custom-font-size wp-element-button\" href=\"https:\/\/agripedia.ch\/outils-de-durabilite\/de\/salcafuture\/\" style=\"border-radius:47px\">Salcafuture<\/a><\/div>\n<\/div>\n\n\n\n<p><\/p>\n<\/div>\n\n\n\n<div class=\"wp-block-column has-agridea-light-gray-background-color has-background is-layout-flow wp-block-column-is-layout-flow\" style=\"box-shadow:var(--wp--preset--shadow--natural)\">\n<p><\/p>\n\n\n\n<figure class=\"wp-block-image aligncenter size-full is-resized\"><img loading=\"lazy\" decoding=\"async\" width=\"556\" height=\"126\" src=\"https:\/\/agripedia.ch\/outils-de-durabilite\/wp-content\/uploads\/sites\/68\/2025\/09\/image-9.png\" alt=\"\" class=\"wp-image-274\" style=\"object-fit:contain;width:400px;height:150px\" srcset=\"https:\/\/agripedia.ch\/outils-de-durabilite\/wp-content\/uploads\/sites\/68\/2025\/09\/image-9.png 556w, https:\/\/agripedia.ch\/outils-de-durabilite\/wp-content\/uploads\/sites\/68\/2025\/09\/image-9-300x68.png 300w\" sizes=\"auto, (max-width: 556px) 100vw, 556px\" \/><\/figure>\n\n\n\n<div class=\"wp-block-buttons alignwide is-content-justification-center is-layout-flex wp-container-core-buttons-is-layout-28206b41 wp-block-buttons-is-layout-flex\">\n<div class=\"wp-block-button has-custom-width wp-block-button__width-75 is-style-fill\"><a class=\"wp-block-button__link has-medium-font-size has-text-align-center has-custom-font-size wp-element-button\" href=\"https:\/\/agripedia.ch\/outils-de-durabilite\/de\/tape-tool-for-agroecology-performance-evaluation\/\" style=\"border-radius:50px\">TAPE (Tool for Agroecology Performance Evaluation)<\/a><\/div>\n<\/div>\n\n\n\n<p class=\"has-text-align-center\"><\/p>\n<\/div>\n<\/div>\n\n\n\n<p><\/p>\n\n\n\n<div class=\"wp-block-columns is-layout-flex wp-container-core-columns-is-layout-9d6595d7 wp-block-columns-is-layout-flex\">\n<div class=\"wp-block-column has-agridea-light-gray-background-color has-background is-layout-flow wp-block-column-is-layout-flow\" style=\"box-shadow:var(--wp--preset--shadow--natural)\">\n<p><\/p>\n\n\n\n<figure class=\"wp-block-image aligncenter size-full is-resized\"><img loading=\"lazy\" decoding=\"async\" width=\"300\" height=\"67\" src=\"https:\/\/agripedia.ch\/outils-de-durabilite\/wp-content\/uploads\/sites\/68\/2025\/09\/image-5.png\" alt=\"\" class=\"wp-image-263\" style=\"object-fit:contain;width:400px;height:150px\"\/><\/figure>\n\n\n\n<div class=\"wp-block-buttons alignwide is-content-justification-center is-layout-flex wp-container-core-buttons-is-layout-28206b41 wp-block-buttons-is-layout-flex\">\n<div class=\"wp-block-button has-custom-width wp-block-button__width-75 is-style-fill\"><a class=\"wp-block-button__link has-medium-font-size has-text-align-center has-custom-font-size wp-element-button\" href=\"https:\/\/agripedia.ch\/outils-de-durabilite\/de\/tcaf-calc\/\" style=\"border-radius:50px\">TCAF-Calc<\/a><\/div>\n<\/div>\n\n\n\n<p><\/p>\n<\/div>\n\n\n\n<div class=\"wp-block-column has-agridea-light-gray-background-color has-background is-layout-flow wp-block-column-is-layout-flow\" style=\"box-shadow:var(--wp--preset--shadow--natural)\">\n<p><\/p>\n\n\n\n<figure class=\"wp-block-image aligncenter size-full is-resized\"><img loading=\"lazy\" decoding=\"async\" width=\"558\" height=\"81\" src=\"https:\/\/agripedia.ch\/outils-de-durabilite\/wp-content\/uploads\/sites\/68\/2025\/09\/image-17.png\" alt=\"\" class=\"wp-image-300\" style=\"object-fit:contain;width:400px;height:150px\" srcset=\"https:\/\/agripedia.ch\/outils-de-durabilite\/wp-content\/uploads\/sites\/68\/2025\/09\/image-17.png 558w, https:\/\/agripedia.ch\/outils-de-durabilite\/wp-content\/uploads\/sites\/68\/2025\/09\/image-17-300x44.png 300w\" sizes=\"auto, (max-width: 558px) 100vw, 558px\" \/><\/figure>\n\n\n\n<div class=\"wp-block-buttons alignwide is-content-justification-center is-layout-flex wp-container-core-buttons-is-layout-28206b41 wp-block-buttons-is-layout-flex\">\n<div class=\"wp-block-button has-custom-width wp-block-button__width-75 is-style-fill\"><a class=\"wp-block-button__link has-medium-font-size has-text-align-center has-custom-font-size wp-element-button\" href=\"https:\/\/agripedia.ch\/outils-de-durabilite\/de\/umweltrechner\/\" style=\"border-radius:50px\">Umweltrechner<\/a><\/div>\n<\/div>\n\n\n\n<p><\/p>\n<\/div>\n<\/div>\n\n\n\n<p><br><\/p>\n\n\n\n<div class=\"wp-block-group agripedia-impressum is-layout-flow wp-block-group-is-layout-flow\">\n<div class=\"wp-block-group agripedia-impressum-header is-layout-flow wp-block-group-is-layout-flow\">\n<h5 class=\"wp-block-heading\" id=\"impressum-801c8307-d480-4a74-8df2-04d60f742d90\">Impressum<\/h5>\n<\/div>\n\n\n\n<p><strong>Autor:<\/strong> Gregory M\u00e9trailler, AGRIDEA<\/p>\n\n\n\n<p><strong>Zusammenarbeit:<\/strong> Orlando Scholz, Astrid Gerz, Franziska Hoffet, Lisa Nilles, AGRIDEA; Verantwortliche oder Partner der Instrumente<\/p>\n\n\n\n<p><strong>Web Support:<\/strong> Solomon Araya, AGRIDEA<\/p>\n\n\n\n<p><strong>Titelbild<\/strong>: Gregory M\u00e9trailler<\/p>\n<\/div>\n\n\n\n<p><\/p>\n","protected":false},"excerpt":{"rendered":"<p>Angesichts \u00f6kologischer Herausforderungen, sozialer Ungleichheiten und steigender wirtschaftlicher Anforderungen sind landwirtschaftliche Betriebe, Unternehmen und Institutionen aufgerufen, ihre Modelle zu \u00fcberdenken und auf Nachhaltigkeit auszurichten. Diese beruht auf drei grundlegenden S\u00e4ulen: Umwelt, Soziales und Wirtschaft. In der Schweiz steht eine breite Palette an Instrumenten und Methoden zur Verf\u00fcgung, um den \u00dcbergang zu verantwortungsvolleren Praktiken zu unterst\u00fctzen. [&hellip;]<\/p>\n","protected":false},"author":1377,"featured_media":333,"parent":0,"menu_order":0,"comment_status":"closed","ping_status":"closed","template":"","meta":{"_sb_is_suggestion_mode":false,"_sb_show_suggestion_boards":false,"_sb_show_comment_boards":false,"_sb_suggestion_history":"","_sb_update_block_changes":"","_monsterinsights_skip_tracking":false,"_monsterinsights_sitenote_active":false,"_monsterinsights_sitenote_note":"","_monsterinsights_sitenote_category":0,"footnotes":""},"class_list":["post-403","page","type-page","status-publish","has-post-thumbnail","hentry"],"_links":{"self":[{"href":"https:\/\/agripedia.ch\/outils-de-durabilite\/de\/wp-json\/wp\/v2\/pages\/403","targetHints":{"allow":["GET"]}}],"collection":[{"href":"https:\/\/agripedia.ch\/outils-de-durabilite\/de\/wp-json\/wp\/v2\/pages"}],"about":[{"href":"https:\/\/agripedia.ch\/outils-de-durabilite\/de\/wp-json\/wp\/v2\/types\/page"}],"author":[{"embeddable":true,"href":"https:\/\/agripedia.ch\/outils-de-durabilite\/de\/wp-json\/wp\/v2\/users\/1377"}],"replies":[{"embeddable":true,"href":"https:\/\/agripedia.ch\/outils-de-durabilite\/de\/wp-json\/wp\/v2\/comments?post=403"}],"version-history":[{"count":16,"href":"https:\/\/agripedia.ch\/outils-de-durabilite\/de\/wp-json\/wp\/v2\/pages\/403\/revisions"}],"predecessor-version":[{"id":619,"href":"https:\/\/agripedia.ch\/outils-de-durabilite\/de\/wp-json\/wp\/v2\/pages\/403\/revisions\/619"}],"wp:featuredmedia":[{"embeddable":true,"href":"https:\/\/agripedia.ch\/outils-de-durabilite\/de\/wp-json\/wp\/v2\/media\/333"}],"wp:attachment":[{"href":"https:\/\/agripedia.ch\/outils-de-durabilite\/de\/wp-json\/wp\/v2\/media?parent=403"}],"curies":[{"name":"wp","href":"https:\/\/api.w.org\/{rel}","templated":true}]}}