{"id":9,"date":"2021-10-05T08:48:17","date_gmt":"2021-10-05T08:48:17","guid":{"rendered":"https:\/\/agripedia.ch\/oeln\/?page_id=9"},"modified":"2022-10-11T11:50:58","modified_gmt":"2022-10-11T11:50:58","slug":"startseite","status":"publish","type":"page","link":"https:\/\/agripedia.ch\/oeln\/","title":{"rendered":"Startseite"},"content":{"rendered":"<p><div class=\"fusion-fullwidth fullwidth-box fusion-builder-row-1 fusion-flex-container nonhundred-percent-fullwidth non-hundred-percent-height-scrolling\" style=\"--awb-border-radius-top-left:0px;--awb-border-radius-top-right:0px;--awb-border-radius-bottom-right:0px;--awb-border-radius-bottom-left:0px;--awb-flex-wrap:wrap;\" ><div class=\"fusion-builder-row fusion-row fusion-flex-align-items-flex-start fusion-flex-content-wrap\" style=\"max-width:1144px;margin-left: calc(-4% \/ 2 );margin-right: calc(-4% \/ 2 );\"><div class=\"fusion-layout-column fusion_builder_column fusion-builder-column-0 fusion_builder_column_1_1 1_1 fusion-flex-column\" style=\"--awb-bg-size:cover;--awb-width-large:100%;--awb-margin-top-large:0px;--awb-spacing-right-large:1.92%;--awb-margin-bottom-large:20px;--awb-spacing-left-large:1.92%;--awb-width-medium:100%;--awb-spacing-right-medium:1.92%;--awb-spacing-left-medium:1.92%;--awb-width-small:100%;--awb-spacing-right-small:1.92%;--awb-spacing-left-small:1.92%;\"><div class=\"fusion-column-wrapper fusion-flex-justify-content-flex-start fusion-content-layout-column\"><div class=\"fusion-text fusion-text-1 agri-lead\"><p>Der \u00d6LN orientiert sich an den Prinzipien des integrierten Landbaus (Integrierte Produktion = IP). Bei der IP wird der Betrieb als Einheit verstanden. Es stehen der Gesamtbetrieb und seine Menschen im Zentrum. Sie ist eine umweltschonende Landnutzungsform zur Erzeugung hochwertiger Nahrungsmittel und Rohstoffe. Nach dem Motto \u201eSo wenig wie m\u00f6glich, so viel wie n\u00f6tig\u201c, setzen Landwirtschaftsbetriebe nur so viele Betriebsmittel ein wie unbedingt notwendig. Das schont die Ressourcen und entlastet die Umwelt. Die IP setzt dabei auf nat\u00fcrliche Regulationsmechanismen und geschlossene N\u00e4hrstoffkreisl\u00e4ufe.<\/p>\n<\/div><\/div><\/div><\/div><\/div><div class=\"fusion-fullwidth fullwidth-box fusion-builder-row-2 fusion-flex-container nonhundred-percent-fullwidth non-hundred-percent-height-scrolling\" style=\"--awb-border-radius-top-left:0px;--awb-border-radius-top-right:0px;--awb-border-radius-bottom-right:0px;--awb-border-radius-bottom-left:0px;--awb-flex-wrap:wrap;\" ><div class=\"fusion-builder-row fusion-row fusion-flex-align-items-flex-start fusion-flex-content-wrap\" style=\"max-width:1144px;margin-left: calc(-4% \/ 2 );margin-right: calc(-4% \/ 2 );\"><div class=\"fusion-layout-column fusion_builder_column fusion-builder-column-1 fusion_builder_column_3_5 3_5 fusion-flex-column\" style=\"--awb-bg-size:cover;--awb-width-large:60%;--awb-margin-top-large:0px;--awb-spacing-right-large:3.2%;--awb-margin-bottom-large:20px;--awb-spacing-left-large:3.2%;--awb-width-medium:60%;--awb-order-medium:0;--awb-spacing-right-medium:3.2%;--awb-spacing-left-medium:3.2%;--awb-width-small:100%;--awb-order-small:0;--awb-spacing-right-small:1.92%;--awb-spacing-left-small:1.92%;\"><div class=\"fusion-column-wrapper fusion-column-has-shadow fusion-flex-justify-content-flex-start fusion-content-layout-column\"><div class=\"fusion-text fusion-text-2\"><p>In der Schweiz ist der \u00d6LN Grundlage f\u00fcr den Erhalt s\u00e4mtlicher Direktzahlungen. Ausgenommen davon sind die S\u00f6mmerungsbeitr\u00e4ge. Die Prinzipien des \u00d6LN sind in der Direktzahlungsverordnung des Bundes festgelegt. Mit dem \u00d6LN verfolgt der Bund folgende Ziele:<\/p>\n<ul>\n<li>F\u00f6rderung der nat\u00fcrlichen Artenvielfalt<\/li>\n<li>Senkung der Nitratbelastung im Grund- und Quellwasser<\/li>\n<li>Reduktion der Phosphorbelastung in Oberfl\u00e4chengew\u00e4ssern<\/li>\n<li>Reduktion des Eintrags von Pflanzenschutzmitteln in Oberfl\u00e4chengew\u00e4ssern<\/li>\n<li>Tiergerechte Haltung der Nutztiere<\/li>\n<\/ul>\n<\/div><\/div><\/div><div class=\"fusion-layout-column fusion_builder_column fusion-builder-column-2 fusion_builder_column_2_5 2_5 fusion-flex-column\" style=\"--awb-bg-size:cover;--awb-width-large:40%;--awb-margin-top-large:0px;--awb-spacing-right-large:4.8%;--awb-margin-bottom-large:20px;--awb-spacing-left-large:4.8%;--awb-width-medium:40%;--awb-order-medium:0;--awb-spacing-right-medium:4.8%;--awb-spacing-left-medium:4.8%;--awb-width-small:100%;--awb-order-small:0;--awb-spacing-right-small:1.92%;--awb-spacing-left-small:1.92%;\"><div class=\"fusion-column-wrapper fusion-column-has-shadow fusion-flex-justify-content-flex-start fusion-content-layout-column\"><div class=\"fusion-video fusion-youtube\" style=\"--awb-max-width:1920px;--awb-max-height:1080px;\"><div class=\"video-shortcode\"><div class=\"fluid-width-video-wrapper\" style=\"padding-top:56.25%;\" ><iframe title=\"YouTube video player 1\" src=\"https:\/\/www.youtube.com\/embed\/MXtR1ylet88?wmode=transparent&autoplay=0&amp;rel=0\" width=\"1920\" height=\"1080\" allowfullscreen allow=\"autoplay; clipboard-write; encrypted-media; gyroscope; picture-in-picture;\"><\/iframe><\/div><\/div><\/div><\/div><\/div><\/div><\/div><div class=\"fusion-fullwidth fullwidth-box fusion-builder-row-3 fusion-flex-container nonhundred-percent-fullwidth non-hundred-percent-height-scrolling\" style=\"--awb-border-radius-top-left:0px;--awb-border-radius-top-right:0px;--awb-border-radius-bottom-right:0px;--awb-border-radius-bottom-left:0px;--awb-flex-wrap:wrap;\" ><div class=\"fusion-builder-row fusion-row fusion-flex-align-items-flex-start fusion-flex-content-wrap\" style=\"max-width:1144px;margin-left: calc(-4% \/ 2 );margin-right: calc(-4% \/ 2 );\"><div class=\"fusion-layout-column fusion_builder_column fusion-builder-column-3 fusion_builder_column_1_1 1_1 fusion-flex-column\" style=\"--awb-bg-size:cover;--awb-width-large:100%;--awb-margin-top-large:0px;--awb-spacing-right-large:1.92%;--awb-margin-bottom-large:20px;--awb-spacing-left-large:1.92%;--awb-width-medium:100%;--awb-order-medium:0;--awb-spacing-right-medium:1.92%;--awb-spacing-left-medium:1.92%;--awb-width-small:100%;--awb-order-small:0;--awb-spacing-right-small:1.92%;--awb-spacing-left-small:1.92%;\"><div class=\"fusion-column-wrapper fusion-column-has-shadow fusion-flex-justify-content-flex-start fusion-content-layout-column\"><div class=\"fusion-text fusion-text-3\"><p>Damit diese Ziele erreicht werden, muss der Betrieb zahlreiche Anforderungen erf\u00fcllen. Zu diesen Anforderungen geh\u00f6ren:<\/p>\n<ul>\n<li><a href=\"https:\/\/agripedia.ch\/oeln\/foerderung-der-biodiversitaet\" rel=\"noopener noreferrer\">Anlage und Pflege von Biodiversit\u00e4tsf\u00f6rderfl\u00e4chen<\/a><\/li>\n<li><a href=\"https:\/\/agripedia.ch\/oeln\/duengung\" rel=\"noopener noreferrer\">Ausgeglichene D\u00fcngerbilanz<\/a><\/li>\n<li><a href=\"https:\/\/agripedia.ch\/oeln\/geregelte-fruchtfolge\" rel=\"noopener noreferrer\">Geregelte Fruchtfolge<\/a><\/li>\n<li><a href=\"https:\/\/agripedia.ch\/oeln\/pufferstreifen\" rel=\"noopener noreferrer\">Anlage von Pufferstreifen<\/a><\/li>\n<li><a href=\"https:\/\/agripedia.ch\/oeln\/einsatz-von-pflanzenschutzmitteln\" rel=\"noopener noreferrer\">Einsatz von Pflanzenschutzmitteln nach dem Schadschwellenprinzip<\/a><\/li>\n<li><a href=\"https:\/\/agripedia.ch\/oeln\/bodenschutz\" rel=\"noopener noreferrer\">Bodenschutzmassnahmen<\/a><\/li>\n<li>Einhalten der relevanten Umwelt- und Tierschutzgesetze<\/li>\n<\/ul>\n<p>Der \u00d6LN ist gesamtbetrieblich. Das heisst, dass der gesamte Betrieb nach den Vorgaben des \u00d6LN bewirtschaftet werden muss. Weitere allgemeine Bedingungen finden Sie <a title=\"Allgemeine Bedingungen\" href=\"https:\/\/agripedia.ch\/oeln\/startseite\/allgemeine-bedingungen\/\">hier<\/a>.<\/p>\n<\/div><div class=\"fusion-text fusion-text-4\"><h2>Die KIP-Richtlinien<\/h2>\n<p>Die KIP-Richtlinien fassen die Anforderungen des \u00d6LN \u00fcbersichtlich zusammen. Damit erhalten Landwirtschaftsbetriebe einen guten \u00dcberblick \u00fcber die aktuell g\u00fcltigen Bestimmungen. Die KIP-Richtlinien werden von der Koordinationsgruppe Integrierte Produktion Deutschschweiz und Tessin (<a href=\"https:\/\/themes.agripedia.ch\/koordinationsgruppe-integrierte-produktion-kip\/\" target=\"_blank\" rel=\"noopener\">KIP<\/a>) herausgegeben und j\u00e4hrlich aktualisiert.<\/p>\n<\/div><\/div><\/div><\/div><\/div><div class=\"fusion-fullwidth fullwidth-box fusion-builder-row-4 fusion-flex-container nonhundred-percent-fullwidth non-hundred-percent-height-scrolling\" style=\"--awb-border-radius-top-left:0px;--awb-border-radius-top-right:0px;--awb-border-radius-bottom-right:0px;--awb-border-radius-bottom-left:0px;--awb-flex-wrap:wrap;\" ><div class=\"fusion-builder-row fusion-row fusion-flex-align-items-flex-start fusion-flex-content-wrap\" style=\"max-width:1144px;margin-left: calc(-4% \/ 2 );margin-right: calc(-4% \/ 2 );\"><div class=\"fusion-layout-column fusion_builder_column fusion-builder-column-4 fusion_builder_column_1_1 1_1 fusion-flex-column\" style=\"--awb-bg-size:cover;--awb-width-large:100%;--awb-margin-top-large:0px;--awb-spacing-right-large:1.92%;--awb-margin-bottom-large:20px;--awb-spacing-left-large:1.92%;--awb-width-medium:100%;--awb-spacing-right-medium:1.92%;--awb-spacing-left-medium:1.92%;--awb-width-small:100%;--awb-spacing-right-small:1.92%;--awb-spacing-left-small:1.92%;\"><div class=\"fusion-column-wrapper fusion-flex-justify-content-flex-start fusion-content-layout-column\"><div class=\"fusion-tabs fusion-tabs-1 classic nav-is-justified horizontal-tabs icon-position-left mobile-mode-accordion\" style=\"--awb-title-border-radius-top-left:0px;--awb-title-border-radius-top-right:0px;--awb-title-border-radius-bottom-right:0px;--awb-title-border-radius-bottom-left:0px;--awb-inactive-color:#ebeaea;--awb-background-color:#ffffff;--awb-border-color:#ebeaea;--awb-active-border-color:#E72200;\" id=\"tab-element\"><div class=\"nav\"><ul class=\"nav-tabs nav-justified\" role=\"tablist\"><li class=\"active\" role=\"presentation\"><a class=\"tab-link\" data-toggle=\"tab\" role=\"tab\" aria-controls=\"tab-df83bfe8de54f8a718d\" aria-selected=\"true\" id=\"fusion-tab-dokumente\" href=\"#tab-df83bfe8de54f8a718d\"><h4 class=\"fusion-tab-heading\">Dokumente<\/h4><\/a><\/li><li role=\"presentation\"><a class=\"tab-link\" data-toggle=\"tab\" role=\"tab\" aria-controls=\"tab-6207ed6d52abc24eedc\" aria-selected=\"false\" tabindex=\"-1\" id=\"fusion-tab-formulareundhilfsmittel\" href=\"#tab-6207ed6d52abc24eedc\"><h4 class=\"fusion-tab-heading\">Formulare und Hilfsmittel<\/h4><\/a><\/li><li role=\"presentation\"><a class=\"tab-link\" data-toggle=\"tab\" role=\"tab\" aria-controls=\"tab-29b7ef91f4fd2f9f657\" aria-selected=\"false\" tabindex=\"-1\" id=\"fusion-tab-rechtlichegrundlagen\" href=\"#tab-29b7ef91f4fd2f9f657\"><h4 class=\"fusion-tab-heading\">Rechtliche Grundlagen<\/h4><\/a><\/li><\/ul><\/div><div class=\"tab-content\"><div class=\"nav fusion-mobile-tab-nav\"><ul class=\"nav-tabs nav-justified\" role=\"tablist\"><li class=\"active\" role=\"presentation\"><a class=\"tab-link\" data-toggle=\"tab\" role=\"tab\" aria-controls=\"tab-df83bfe8de54f8a718d\" aria-selected=\"true\" id=\"mobile-fusion-tab-dokumente\" href=\"#tab-df83bfe8de54f8a718d\"><h4 class=\"fusion-tab-heading\">Dokumente<\/h4><\/a><\/li><\/ul><\/div><div class=\"tab-pane fade fusion-clearfix in active\" role=\"tabpanel\" tabindex=\"0\" aria-labelledby=\"fusion-tab-dokumente\" id=\"tab-df83bfe8de54f8a718d\">\n<ul>\n<li><a href=\"https:\/\/agridea.abacuscity.ch\/de\/A~1214~1\/3~428200~Shop\/Publikationen\/Aufzeichnungen-Nachweis\/%C3%96kologischer-Leistungsnachweis-%C3%96LN\/KIP-Richtlinien-Vollversion\/Deutsch\/Print-Papier\" target=\"_blank\" rel=\"noopener noreferrer\">KIP-Richtlinien<\/a>, AGRIDEA<\/li>\n<li><a href=\"https:\/\/agridea.abacuscity.ch\/de\/A~2352~1\/KIP-Richtlinien%3A-%C3%9Cbersicht-der-%C3%84nderungen\/Deutsch\/Download-PDF\" target=\"_blank\" rel=\"noopener noreferrer\">KIP-Richtlinien: \u00dcbersicht der \u00c4nderungen<\/a>, AGRIDEA<\/li>\n<li><a href=\"https:\/\/www.blw.admin.ch\/dam\/blw\/de\/dokumente\/Instrumente\/Direktzahlungen\/Oekologischer%20Leistungsnachweis\/oeln-und-kurzpacht.pdf.download.pdf\/OeLN&Kurzpacht%20DE.pdf\" target=\"_blank\" rel=\"noopener noreferrer\">\u00d6LN bei Kurzpacht<\/a> (BLW, Oktober 2018)<\/li>\n<\/ul>\n<\/div><div class=\"nav fusion-mobile-tab-nav\"><ul class=\"nav-tabs nav-justified\" role=\"tablist\"><li role=\"presentation\"><a class=\"tab-link\" data-toggle=\"tab\" role=\"tab\" aria-controls=\"tab-6207ed6d52abc24eedc\" aria-selected=\"false\" tabindex=\"-1\" id=\"mobile-fusion-tab-formulareundhilfsmittel\" href=\"#tab-6207ed6d52abc24eedc\"><h4 class=\"fusion-tab-heading\">Formulare und Hilfsmittel<\/h4><\/a><\/li><\/ul><\/div><div class=\"tab-pane fade fusion-clearfix\" role=\"tabpanel\" tabindex=\"0\" aria-labelledby=\"fusion-tab-formulareundhilfsmittel\" id=\"tab-6207ed6d52abc24eedc\">\n<h3>Aufzeichnungshilfsmittel<\/h3>\n<ul>\n<li><a href=\"https:\/\/agridea.abacuscity.ch\/de\/A~1219~1\/%C3%96LN-Kalender\/Deutsch\/Print-Papier\" target=\"_blank\" rel=\"noopener noreferrer\">\u00d6LN-Kalender<\/a>, AGRIDEA<\/li>\n<li><a href=\"https:\/\/agridea.abacuscity.ch\/de\/A~1623~1\/Feldkalender\/Deutsch\/Print-Papier\" target=\"_blank\" rel=\"noopener noreferrer\">Feldkalender<\/a>, AGRIDEA<\/li>\n<li><a href=\"https:\/\/agridea.abacuscity.ch\/de\/A~1218~1\/3~428200~Shop\/Publikationen\/Aufzeichnungen-Nachweis\/%C3%96kologischer-Leistungsnachweis-%C3%96LN\/Parzellenblatt\/Deutsch\/Print-Papier\" target=\"_blank\" rel=\"noopener noreferrer\">Parzellenblatt<\/a>, AGRIDEA<\/li>\n<li><a href=\"https:\/\/agridea.abacuscity.ch\/de\/A~1195~1\/Wiesenkalender\/Deutsch\/Print-Papier\" target=\"_blank\" rel=\"noopener noreferrer\">Wiesenkalender<\/a>, AGRIDEA<\/li>\n<li><a href=\"https:\/\/agridea.abacuscity.ch\/de\/A~1203~1\/Wiesenjournal-2022-Formular-AGFF\/Deutsch\/Print-Papier\">Wiesenjournal AGFF<\/a>, AGRIDEA<\/li>\n<li><a href=\"https:\/\/agridea.abacuscity.ch\/de\/A~1216~1\/Fruchtfolgerapport\/Deutsch\/Print-Papier\" target=\"_blank\" rel=\"noopener noreferrer\">Fruchtfolgerapport<\/a>, AGRIDEA<\/li>\n<li><a href=\"https:\/\/agridea.abacuscity.ch\/de\/A~1401~1\/Auslaufjournal-f%C3%BCr-alle-Tierkategorien\/Deutsch\/Print-Papier\" target=\"_blank\" rel=\"noopener noreferrer\">Auslaufjournal f\u00fcr alle Tierkategorien<\/a>, AGRIDEA<\/li>\n<li><a href=\"https:\/\/agridea.abacuscity.ch\/de\/A~1202~1\/Biodiversit%C3%A4tsf%C3%B6rderfl%C3%A4chen-%28BFF%29\/Deutsch\/Print-Papier\" target=\"_blank\" rel=\"noopener noreferrer\">Biodiversit\u00e4tsf\u00f6rderfl\u00e4chen (BFF)<\/a>, AGRIDEA<\/li>\n<li><a href=\"https:\/\/agridea.abacuscity.ch\/de\/A~1217~1\/Kontrollblatt-D%C3%BCngemitteleinsatz\/Deutsch\/Print-Papier\" target=\"_blank\" rel=\"noopener noreferrer\">Kontrollblatt D\u00fcngemitteleinsatz<\/a>, AGRIDEA<\/li>\n<\/ul>\n<h3>Software f\u00fcr den \u00d6LN<\/h3>\n<ul>\n<li><a href=\"https:\/\/agridea.abacuscity.ch\/de\/A~1608~1\/NACHWEIS-Nachweispflicht-Einzelverarbeitung\/Deutsch\/Einzellizenz\" target=\"_blank\" rel=\"noopener noreferrer\">NACHWEIS Hilfsmittel f\u00fcr die komplette \u00d6LN\/Bio-Nachweispflicht (Einzelverarbeitung)<\/a>, AGRIDEA<\/li>\n<li><a href=\"https:\/\/agridea.abacuscity.ch\/de\/A~1111\/2~230200~Shop\/Software\/Pflanzenbau\/AGRO-TECH-Wartungs-und-Supportvertrag-j%C3%A4hrlich-mit-Kauflizenz\" target=\"_blank\" rel=\"noopener noreferrer\">AGRO-TECH \u2013 Software der AGRIDEA f\u00fcr \u00d6LN, SwissGAP und Aufzeichnung der Bio-Betriebe<\/a>, AGRIDEA<\/li>\n<li><a href=\"https:\/\/www.barto.ch\/\" target=\"_blank\" rel=\"noopener noreferrer\">Farmmanagement- und Informationssystem<\/a>, Barto<\/li>\n<\/ul>\n<div class=\"agri-infobox\"><\/div>\n<\/div><div class=\"nav fusion-mobile-tab-nav\"><ul class=\"nav-tabs nav-justified\" role=\"tablist\"><li role=\"presentation\"><a class=\"tab-link\" data-toggle=\"tab\" role=\"tab\" aria-controls=\"tab-29b7ef91f4fd2f9f657\" aria-selected=\"false\" tabindex=\"-1\" id=\"mobile-fusion-tab-rechtlichegrundlagen\" href=\"#tab-29b7ef91f4fd2f9f657\"><h4 class=\"fusion-tab-heading\">Rechtliche Grundlagen<\/h4><\/a><\/li><\/ul><\/div><div class=\"tab-pane fade fusion-clearfix\" role=\"tabpanel\" tabindex=\"0\" aria-labelledby=\"fusion-tab-rechtlichegrundlagen\" id=\"tab-29b7ef91f4fd2f9f657\">\n<ul>\n<li data-fontsize=\"30\" data-lineheight=\"45px\"><a href=\"https:\/\/www.fedlex.admin.ch\/eli\/cc\/1998\/3033_3033_3033\/de#a27\" target=\"_blank\" rel=\"noopener noreferrer\">Bundesgesetz \u00fcber die Landwirtschaft (LwG)<\/a><\/li>\n<li data-fontsize=\"30\" data-lineheight=\"45px\"><a href=\"https:\/\/www.fedlex.admin.ch\/eli\/cc\/2013\/765\/de\" target=\"_blank\" rel=\"noopener noreferrer\">Direktzahlungsverordnung (DZV)<\/a><\/li>\n<li data-fontsize=\"30\" data-lineheight=\"45px\"><a href=\"https:\/\/www.fedlex.admin.ch\/eli\/cc\/1999\/13\/de\" target=\"_blank\" rel=\"noopener noreferrer\">Landwirtschaftliche Begriffsverordnung (LBV)<\/a><\/li>\n<li data-fontsize=\"30\" data-lineheight=\"45px\"><a href=\"https:\/\/www.fedlex.admin.ch\/eli\/cc\/1999\/13\/de\" target=\"_blank\" rel=\"noopener noreferrer\">Verordnung \u00fcber die Koordination der Kontrollen auf Landwirtschaftsbetrieben (VKKL)<\/a><\/li>\n<li data-fontsize=\"30\" data-lineheight=\"45px\"><a href=\"https:\/\/www.fedlex.admin.ch\/eli\/cc\/2013\/873\/de\" target=\"_blank\" rel=\"noopener noreferrer\">Einzelkulturbeitragsverordnung (EKBV)<\/a><\/li>\n<li data-fontsize=\"30\" data-lineheight=\"45px\"><a href=\"https:\/\/www.fedlex.admin.ch\/eli\/cc\/2008\/414\/de\" target=\"_blank\" rel=\"noopener noreferrer\">Tierschutzgesetzgebung (TschG)<\/a><\/li>\n<\/ul>\n<\/div><\/div><\/div><\/div><\/div><\/div><\/div><\/p>\n","protected":false},"excerpt":{"rendered":"","protected":false},"author":26,"featured_media":0,"parent":0,"menu_order":0,"comment_status":"closed","ping_status":"closed","template":"","meta":{"_sb_is_suggestion_mode":false,"_sb_show_suggestion_boards":false,"_sb_show_comment_boards":false,"_sb_suggestion_history":"","_sb_update_block_changes":"","_monsterinsights_skip_tracking":false,"_monsterinsights_sitenote_active":false,"_monsterinsights_sitenote_note":"","_monsterinsights_sitenote_category":0,"footnotes":""},"class_list":["post-9","page","type-page","status-publish","hentry"],"_links":{"self":[{"href":"https:\/\/agripedia.ch\/oeln\/wp-json\/wp\/v2\/pages\/9","targetHints":{"allow":["GET"]}}],"collection":[{"href":"https:\/\/agripedia.ch\/oeln\/wp-json\/wp\/v2\/pages"}],"about":[{"href":"https:\/\/agripedia.ch\/oeln\/wp-json\/wp\/v2\/types\/page"}],"author":[{"embeddable":true,"href":"https:\/\/agripedia.ch\/oeln\/wp-json\/wp\/v2\/users\/26"}],"replies":[{"embeddable":true,"href":"https:\/\/agripedia.ch\/oeln\/wp-json\/wp\/v2\/comments?post=9"}],"version-history":[{"count":226,"href":"https:\/\/agripedia.ch\/oeln\/wp-json\/wp\/v2\/pages\/9\/revisions"}],"predecessor-version":[{"id":633,"href":"https:\/\/agripedia.ch\/oeln\/wp-json\/wp\/v2\/pages\/9\/revisions\/633"}],"wp:attachment":[{"href":"https:\/\/agripedia.ch\/oeln\/wp-json\/wp\/v2\/media?parent=9"}],"curies":[{"name":"wp","href":"https:\/\/api.w.org\/{rel}","templated":true}]}}