{"id":252,"date":"2022-04-06T15:03:16","date_gmt":"2022-04-06T15:03:16","guid":{"rendered":"https:\/\/agripedia.ch\/oeln\/?page_id=252"},"modified":"2023-03-17T13:54:24","modified_gmt":"2023-03-17T13:54:24","slug":"pufferstreifen","status":"publish","type":"page","link":"https:\/\/agripedia.ch\/oeln\/startseite\/pufferstreifen\/","title":{"rendered":"Pufferstreifen"},"content":{"rendered":"<p><div class=\"fusion-fullwidth fullwidth-box fusion-builder-row-1 fusion-flex-container nonhundred-percent-fullwidth non-hundred-percent-height-scrolling\" style=\"--awb-border-radius-top-left:0px;--awb-border-radius-top-right:0px;--awb-border-radius-bottom-right:0px;--awb-border-radius-bottom-left:0px;--awb-flex-wrap:wrap;\" ><div class=\"fusion-builder-row fusion-row fusion-flex-align-items-flex-start fusion-flex-content-wrap\" style=\"max-width:1144px;margin-left: calc(-4% \/ 2 );margin-right: calc(-4% \/ 2 );\"><div class=\"fusion-layout-column fusion_builder_column fusion-builder-column-0 fusion_builder_column_1_1 1_1 fusion-flex-column\" style=\"--awb-bg-size:cover;--awb-width-large:100%;--awb-margin-top-large:0px;--awb-spacing-right-large:1.92%;--awb-margin-bottom-large:0px;--awb-spacing-left-large:1.92%;--awb-width-medium:100%;--awb-spacing-right-medium:1.92%;--awb-spacing-left-medium:1.92%;--awb-width-small:100%;--awb-spacing-right-small:1.92%;--awb-spacing-left-small:1.92%;\"><div class=\"fusion-column-wrapper fusion-flex-justify-content-flex-start fusion-content-layout-column\"><div class=\"fusion-text fusion-text-1\"><p>Pufferstreifen sind extensive Gr\u00fcn- oder Streuefl\u00e4chen. Sie d\u00fcrfen nicht umgebrochen werden. Auf ihnen d\u00fcrfen keine D\u00fcnger und Pflanzenschutzmittel ausgebracht werden. Einzelstockbehandlungen von Problemunkr\u00e4utern d\u00fcrfen durchgef\u00fchrt werden, wenn eine mechanische Bek\u00e4mpfung dieser Unkr\u00e4uter mit angemessenem Aufwand nicht m\u00f6glich ist. Erlaubte Wirkstoffe siehe Herbizideinsatz in Biodiversit\u00e4tsf\u00f6rderfl\u00e4chen.<\/p>\n<p>Sie d\u00fcrfen auf Pufferstreifen keine Siloballen, Kompost und Mist lagern. Sie k\u00f6nnen auf diesen Streifen vor\u00fcbergehend Holz lagern, sofern das Holz unbehandelt ist. Auf BFF gilt ausserdem die Vorgabe, dass die Qualit\u00e4t nicht beeintr\u00e4chtigt wird.<\/p>\n<\/div><div class=\"accordian fusion-accordian\" style=\"--awb-border-size:1px;--awb-icon-size:18px;--awb-content-font-size:18px;--awb-icon-alignment:left;--awb-hover-color:#f9f9f9;--awb-border-color:#cccccc;--awb-background-color:#ffffff;--awb-divider-color:#e0dede;--awb-divider-hover-color:#e0dede;--awb-icon-color:#7a7a7a;--awb-title-color:#f44336;--awb-content-color:#0f0f0f;--awb-icon-box-color:#7a7a7a;--awb-toggle-hover-accent-color:#000000;--awb-title-font-family:&quot;Roboto&quot;;--awb-title-font-weight:700;--awb-title-font-style:normal;--awb-title-font-size:18px;--awb-title-line-height:1.5;--awb-content-font-family:&quot;Roboto&quot;;--awb-content-font-style:normal;--awb-content-font-weight:300;\"><div class=\"panel-group fusion-toggle-icon-unboxed\" id=\"accordion-252-1\"><div class=\"fusion-panel panel-default panel-56f0c1ac416de1ed8 fusion-toggle-has-divider\"><div class=\"panel-heading\"><h4 class=\"panel-title toggle\" id=\"toggle_56f0c1ac416de1ed8\"><a aria-expanded=\"false\" aria-controls=\"56f0c1ac416de1ed8\" role=\"button\" data-toggle=\"collapse\" data-parent=\"#accordion-252-1\" data-target=\"#56f0c1ac416de1ed8\" href=\"#56f0c1ac416de1ed8\"><span class=\"fusion-toggle-icon-wrapper\" aria-hidden=\"true\"><i class=\"fa-fusion-box active-icon awb-icon-minus\" aria-hidden=\"true\"><\/i><i class=\"fa-fusion-box inactive-icon awb-icon-plus\" aria-hidden=\"true\"><\/i><\/span><span class=\"fusion-toggle-heading\">Pufferstreifen entlang von Wegen und Strassen<\/span><\/a><\/h4><\/div><div id=\"56f0c1ac416de1ed8\" class=\"panel-collapse collapse \" aria-labelledby=\"toggle_56f0c1ac416de1ed8\"><div class=\"panel-body toggle-content fusion-clearfix\">\n<p>Sie m\u00fcssen entlang von Wegen und Strassen Wiesenstreifen von mindestens 0,5 Meter Breite stehen lassen. Grenzverl\u00e4ufe oder Eigentumsverh\u00e4ltnisse spielen bei der Bemessung keine Rolle. Chemische Einzelstockbehandlungen sind nur entlang von Kantons- und Nationalstrassen zul\u00e4ssig.<\/p>\n<\/div><\/div><\/div><div class=\"fusion-panel panel-default panel-45632a0b88a45a71e fusion-toggle-has-divider\"><div class=\"panel-heading\"><h4 class=\"panel-title toggle\" id=\"toggle_45632a0b88a45a71e\"><a aria-expanded=\"false\" aria-controls=\"45632a0b88a45a71e\" role=\"button\" data-toggle=\"collapse\" data-parent=\"#accordion-252-1\" data-target=\"#45632a0b88a45a71e\" href=\"#45632a0b88a45a71e\"><span class=\"fusion-toggle-icon-wrapper\" aria-hidden=\"true\"><i class=\"fa-fusion-box active-icon awb-icon-minus\" aria-hidden=\"true\"><\/i><i class=\"fa-fusion-box inactive-icon awb-icon-plus\" aria-hidden=\"true\"><\/i><\/span><span class=\"fusion-toggle-heading\">Pufferstreifen entlang von Waldr\u00e4ndern<\/span><\/a><\/h4><\/div><div id=\"45632a0b88a45a71e\" class=\"panel-collapse collapse \" aria-labelledby=\"toggle_45632a0b88a45a71e\"><div class=\"panel-body toggle-content fusion-clearfix\">\n<p>Sie m\u00fcssen entlang von Waldr\u00e4ndern einen 3 Meter breiten Pufferstreifen anlegen. Dieser Streifen muss aus einem sichtbaren Gr\u00fcn- oder Streuefl\u00e4chenstreifen bestehen.<\/p>\n<\/div><\/div><\/div><div class=\"fusion-panel panel-default panel-3081af3d0bd446919 fusion-toggle-has-divider\"><div class=\"panel-heading\"><h4 class=\"panel-title toggle\" id=\"toggle_3081af3d0bd446919\"><a aria-expanded=\"false\" aria-controls=\"3081af3d0bd446919\" role=\"button\" data-toggle=\"collapse\" data-parent=\"#accordion-252-1\" data-target=\"#3081af3d0bd446919\" href=\"#3081af3d0bd446919\"><span class=\"fusion-toggle-icon-wrapper\" aria-hidden=\"true\"><i class=\"fa-fusion-box active-icon awb-icon-minus\" aria-hidden=\"true\"><\/i><i class=\"fa-fusion-box inactive-icon awb-icon-plus\" aria-hidden=\"true\"><\/i><\/span><span class=\"fusion-toggle-heading\">Pufferstreifen entlang von W\u00e4ldern, Hecken, Feld- und Ufergeh\u00f6lzen<\/span><\/a><\/h4><\/div><div id=\"3081af3d0bd446919\" class=\"panel-collapse collapse \" aria-labelledby=\"toggle_3081af3d0bd446919\"><div class=\"panel-body toggle-content fusion-clearfix\">\n<p>Sie m\u00fcssen beidseitig einen mindestens 3 Meter, maximal 6 Meter breiten Pufferstreifen anlegen. Falls an die Hecke, das Feld- oder Ufergeh\u00f6lz eine Strasse, ein Weg, eine Mauer oder ein Wasserlauf grenzt, gen\u00fcgt ein einseitiger Pufferstreifen. Sofern Hecken oder Feldgeh\u00f6lze im ausgemarchten Perimeter von National- und Kantonsstrassen sowie von Eisenbahnlinien liegen, ist auf der angrenzenden landwirtschaftlichen Nutzfl\u00e4che kein begr\u00fcnter Pufferstreifen erforderlich.<\/p>\n<\/div><\/div><\/div><div class=\"fusion-panel panel-default panel-7d65bfe96932f23c0 fusion-toggle-has-divider\"><div class=\"panel-heading\"><h4 class=\"panel-title toggle\" id=\"toggle_7d65bfe96932f23c0\"><a aria-expanded=\"false\" aria-controls=\"7d65bfe96932f23c0\" role=\"button\" data-toggle=\"collapse\" data-parent=\"#accordion-252-1\" data-target=\"#7d65bfe96932f23c0\" href=\"#7d65bfe96932f23c0\"><span class=\"fusion-toggle-icon-wrapper\" aria-hidden=\"true\"><i class=\"fa-fusion-box active-icon awb-icon-minus\" aria-hidden=\"true\"><\/i><i class=\"fa-fusion-box inactive-icon awb-icon-plus\" aria-hidden=\"true\"><\/i><\/span><span class=\"fusion-toggle-heading\">Pufferstreifen entlang von oberirdischen Gew\u00e4ssern<\/span><\/a><\/h4><\/div><div id=\"7d65bfe96932f23c0\" class=\"panel-collapse collapse \" aria-labelledby=\"toggle_7d65bfe96932f23c0\"><div class=\"panel-body toggle-content fusion-clearfix\">\n<p>Sie m\u00fcssen entlang von Oberfl\u00e4chengew\u00e4ssern einen mindestens 6 Meter breiten Pufferstreifen anlegen. Einzelstockbehandlungen und D\u00fcnger sind ab dem 4. Meter zul\u00e4ssig.<\/p>\n<\/div><\/div><\/div><div class=\"fusion-panel panel-default panel-cac606191a0b05f76 fusion-toggle-has-divider\"><div class=\"panel-heading\"><h4 class=\"panel-title toggle\" id=\"toggle_cac606191a0b05f76\"><a aria-expanded=\"false\" aria-controls=\"cac606191a0b05f76\" role=\"button\" data-toggle=\"collapse\" data-parent=\"#accordion-252-1\" data-target=\"#cac606191a0b05f76\" href=\"#cac606191a0b05f76\"><span class=\"fusion-toggle-icon-wrapper\" aria-hidden=\"true\"><i class=\"fa-fusion-box active-icon awb-icon-minus\" aria-hidden=\"true\"><\/i><i class=\"fa-fusion-box inactive-icon awb-icon-plus\" aria-hidden=\"true\"><\/i><\/span><span class=\"fusion-toggle-heading\">Abmessung der Pufferstreifen<\/span><\/a><\/h4><\/div><div id=\"cac606191a0b05f76\" class=\"panel-collapse collapse \" aria-labelledby=\"toggle_cac606191a0b05f76\"><div class=\"panel-body toggle-content fusion-clearfix\">\n<p>Falls bei Fliessgew\u00e4ssern ein Gew\u00e4sserraum festgelegt oder ausdr\u00fccklich auf eine solche Festlegung verzichtet wurde, wird der Pufferstreifen ab der Uferlinie gemessen.<\/p>\n<p>In allen \u00fcbrigen F\u00e4llen wird wie folgt vorgegangen: Falls die Neigung der Uferb\u00f6schung 50 % oder weniger betr\u00e4gt, werden die 6 Meter Pufferstreifen ab Wasserrand horizontal gemessen. Falls die Neigung mehr als 50 % betr\u00e4gt (= steile B\u00f6schung) und die B\u00f6schung ist horizontal gemessen weniger als 3 Meter breit, werden die 6 Meter Pufferstreifen ab B\u00f6schungsoberkante gemessen. Ist die steile B\u00f6schung horizontal gemessen mehr als 3 Meter breit, geh\u00f6ren die ersten 3 Meter Pufferstreifen der B\u00f6schung zum Gew\u00e4sser und die 6 Meter Pufferstreifen werden nach diesen 3 Metern horizontal gemessen.<\/p>\n<\/div><\/div><\/div><\/div><\/div><\/div><\/div><\/div><\/div><div class=\"fusion-fullwidth fullwidth-box fusion-builder-row-2 fusion-flex-container nonhundred-percent-fullwidth non-hundred-percent-height-scrolling\" style=\"--awb-border-radius-top-left:0px;--awb-border-radius-top-right:0px;--awb-border-radius-bottom-right:0px;--awb-border-radius-bottom-left:0px;--awb-flex-wrap:wrap;\" ><div class=\"fusion-builder-row fusion-row fusion-flex-align-items-flex-start fusion-flex-content-wrap\" style=\"max-width:1144px;margin-left: calc(-4% \/ 2 );margin-right: calc(-4% \/ 2 );\"><div class=\"fusion-layout-column fusion_builder_column fusion-builder-column-1 fusion_builder_column_1_1 1_1 fusion-flex-column\" style=\"--awb-bg-size:cover;--awb-width-large:100%;--awb-margin-top-large:0px;--awb-spacing-right-large:1.92%;--awb-margin-bottom-large:20px;--awb-spacing-left-large:1.92%;--awb-width-medium:100%;--awb-order-medium:0;--awb-spacing-right-medium:1.92%;--awb-spacing-left-medium:1.92%;--awb-width-small:100%;--awb-order-small:0;--awb-spacing-right-small:1.92%;--awb-spacing-left-small:1.92%;\"><div class=\"fusion-column-wrapper fusion-column-has-shadow fusion-flex-justify-content-flex-start fusion-content-layout-column\"><div class=\"fusion-tabs fusion-tabs-1 classic nav-is-justified horizontal-tabs icon-position-left mobile-mode-accordion\" style=\"--awb-title-border-radius-top-left:0px;--awb-title-border-radius-top-right:0px;--awb-title-border-radius-bottom-right:0px;--awb-title-border-radius-bottom-left:0px;--awb-alignment:start;--awb-inactive-color:#ebeaea;--awb-background-color:#ffffff;--awb-border-color:#ebeaea;--awb-active-border-color:#E72200;\"><div class=\"nav\"><ul class=\"nav-tabs nav-justified\" role=\"tablist\"><li class=\"active\" role=\"presentation\"><a class=\"tab-link\" data-toggle=\"tab\" role=\"tab\" aria-controls=\"tab-480b9ed2d6c8b5e28d3\" aria-selected=\"true\" id=\"fusion-tab-dokumente\" href=\"#tab-480b9ed2d6c8b5e28d3\"><h4 class=\"fusion-tab-heading\">Dokumente<\/h4><\/a><\/li><\/ul><\/div><div class=\"tab-content\"><div class=\"nav fusion-mobile-tab-nav\"><ul class=\"nav-tabs nav-justified\" role=\"tablist\"><li class=\"active\" role=\"presentation\"><a class=\"tab-link\" data-toggle=\"tab\" role=\"tab\" aria-controls=\"tab-480b9ed2d6c8b5e28d3\" aria-selected=\"true\" id=\"mobile-fusion-tab-dokumente\" href=\"#tab-480b9ed2d6c8b5e28d3\"><h4 class=\"fusion-tab-heading\">Dokumente<\/h4><\/a><\/li><\/ul><\/div><div class=\"tab-pane fade fusion-clearfix in active\" role=\"tabpanel\" tabindex=\"0\" aria-labelledby=\"fusion-tab-dokumente\" id=\"tab-480b9ed2d6c8b5e28d3\">\n<ul>\n<li><a href=\"https:\/\/agridea.abacuscity.ch\/de\/A~1399~1\/3~410420~Shop\/Publikationen\/Pflanzenbau-Umwelt-Natur-Landschaft\/Beitr%C3%A4ge-und-Bedingungen-im-%C3%96koausgleich\/Pufferstreifen-richtig-messen-und-bewirtschaften\/Deutsch\/Print-Papier\" target=\"_blank\" rel=\"noopener noreferrer\">Pufferstreifen richtig messen und bewirtschaften<\/a>, AGRIDEA<\/li>\n<li><a title=\"Herbizdeinsatz in Biodiversit\u00e4tsf\u00f6rderfl\u00e4chen\" href=\"https:\/\/www.blw.admin.ch\/dam\/blw\/de\/dokumente\/Instrumente\/Direktzahlungen\/Biodiversitaetsbeitraege\/herbizideinsatz-bff.pdf.download.pdf\/Herbizideinsatz%20auf%20Biodiversit%C3%A4tsf%C3%B6rderfl%C3%A4chen%202023.pdf\" target=\"_blank\" rel=\"noopener\">Herbizdeinsatz in Biodiversit\u00e4tsf\u00f6rderfl\u00e4chen<\/a>, AGRIDEA<\/li>\n<\/ul>\n<\/div><\/div><\/div><\/div><\/div><\/div><\/div><\/p>\n","protected":false},"excerpt":{"rendered":"","protected":false},"author":266,"featured_media":0,"parent":9,"menu_order":5,"comment_status":"closed","ping_status":"closed","template":"","meta":{"_sb_is_suggestion_mode":false,"_sb_show_suggestion_boards":false,"_sb_show_comment_boards":false,"_sb_suggestion_history":"","_sb_update_block_changes":"","_monsterinsights_skip_tracking":false,"_monsterinsights_sitenote_active":false,"_monsterinsights_sitenote_note":"","_monsterinsights_sitenote_category":0,"footnotes":""},"class_list":["post-252","page","type-page","status-publish","hentry"],"_links":{"self":[{"href":"https:\/\/agripedia.ch\/oeln\/wp-json\/wp\/v2\/pages\/252","targetHints":{"allow":["GET"]}}],"collection":[{"href":"https:\/\/agripedia.ch\/oeln\/wp-json\/wp\/v2\/pages"}],"about":[{"href":"https:\/\/agripedia.ch\/oeln\/wp-json\/wp\/v2\/types\/page"}],"author":[{"embeddable":true,"href":"https:\/\/agripedia.ch\/oeln\/wp-json\/wp\/v2\/users\/266"}],"replies":[{"embeddable":true,"href":"https:\/\/agripedia.ch\/oeln\/wp-json\/wp\/v2\/comments?post=252"}],"version-history":[{"count":17,"href":"https:\/\/agripedia.ch\/oeln\/wp-json\/wp\/v2\/pages\/252\/revisions"}],"predecessor-version":[{"id":655,"href":"https:\/\/agripedia.ch\/oeln\/wp-json\/wp\/v2\/pages\/252\/revisions\/655"}],"up":[{"embeddable":true,"href":"https:\/\/agripedia.ch\/oeln\/wp-json\/wp\/v2\/pages\/9"}],"wp:attachment":[{"href":"https:\/\/agripedia.ch\/oeln\/wp-json\/wp\/v2\/media?parent=252"}],"curies":[{"name":"wp","href":"https:\/\/api.w.org\/{rel}","templated":true}]}}