{"id":248,"date":"2022-04-06T15:03:15","date_gmt":"2022-04-06T15:03:15","guid":{"rendered":"https:\/\/agripedia.ch\/oeln\/?page_id=248"},"modified":"2022-05-20T12:51:57","modified_gmt":"2022-05-20T12:51:57","slug":"bodenschutz","status":"publish","type":"page","link":"https:\/\/agripedia.ch\/oeln\/startseite\/bodenschutz\/","title":{"rendered":"Bodenschutz"},"content":{"rendered":"<p><div class=\"fusion-fullwidth fullwidth-box fusion-builder-row-1 fusion-flex-container nonhundred-percent-fullwidth non-hundred-percent-height-scrolling\" style=\"--awb-border-radius-top-left:0px;--awb-border-radius-top-right:0px;--awb-border-radius-bottom-right:0px;--awb-border-radius-bottom-left:0px;--awb-flex-wrap:wrap;\" ><div class=\"fusion-builder-row fusion-row fusion-flex-align-items-flex-start fusion-flex-content-wrap\" style=\"max-width:1144px;margin-left: calc(-4% \/ 2 );margin-right: calc(-4% \/ 2 );\"><div class=\"fusion-layout-column fusion_builder_column fusion-builder-column-0 fusion_builder_column_1_1 1_1 fusion-flex-column\" style=\"--awb-bg-size:cover;--awb-width-large:100%;--awb-margin-top-large:0px;--awb-spacing-right-large:1.92%;--awb-margin-bottom-large:0px;--awb-spacing-left-large:1.92%;--awb-width-medium:100%;--awb-spacing-right-medium:1.92%;--awb-spacing-left-medium:1.92%;--awb-width-small:100%;--awb-spacing-right-small:1.92%;--awb-spacing-left-small:1.92%;\"><div class=\"fusion-column-wrapper fusion-flex-justify-content-flex-start fusion-content-layout-column\"><div class=\"fusion-text fusion-text-1 agri-lead\"><p>Der Boden ist eine unentbehrliche Produktionsgrundlage. Daher ist wichtig eine nachhaltige Bodenfruchtbarkeit sicherzustellen. Der Boden muss vor Erosion, N\u00e4hrstoffauswaschung und Verdichtung gesch\u00fctzt werden. Dies gelingt mit erosionsmindernden Anbautechniken, angepassten Fruchtfolgen und sachgerechter Bewirtschaftung.<\/p>\n<\/div><div class=\"fusion-text fusion-text-2\"><h2>Bodenbedeckung<\/h2>\n<p>\u00d6LN-Betriebe m\u00fcssen deshalb auch in Bezug auf den Bodeschutz einige Anforderungen erf\u00fcllen. Um N\u00e4hrstoffauswaschungen und Erosion zu verhindern, ist bei mehr als 3 ha offener Ackerfl\u00e4che in der Tal-, H\u00fcgel- und Bergzone I eine Bodenbedeckung erforderlich. Es gelten die Grunds\u00e4tze der guten landwirtschaftlichen Praxis. Wenn eine Kultur vor dem 31. August eines Jahres geerntet wird, muss der Landwirtschaftsbetrieb auf der Parzelle entweder eine Winterkultur, eine Gr\u00fcnd\u00fcngung oder eine Zwischenkultur anbauen. Die Ansaat- und Umbruchtermine sind frei.<\/p>\n<p>Sie m\u00fcssen parzellenweise Folgendes erf\u00fcllen:<\/p>\n<ul>\n<li>Am 31.8. ist eine Kultur auf der Parzelle vorhanden:\n<ul>\n<li>Sie m\u00fcssen auf dieser Parzelle keine Auflagen erf\u00fcllen.<\/li>\n<\/ul>\n<\/li>\n<li>Am 31.8. ist keine Kultur mehr auf der Parzelle vorhanden:\n<ol type=\"a\">\n<li>Sie m\u00fcssen eine Winterkultur s\u00e4en oder<\/li>\n<li>Sie m\u00fcssen eine Zwischenkultur oder Gr\u00fcnd\u00fcngung s\u00e4en.<\/li>\n<\/ol>\n<\/li>\n<\/ul>\n<p><u>Wichtig<\/u>: Eine fl\u00e4chendeckende Selbstbegr\u00fcnung mit Ausfallraps oder -getreide kann nicht als Zwischenkultur oder Gr\u00fcnd\u00fcngung gez\u00e4hlt werden.<\/p>\n<p>Eine Kultur gilt als vorhanden, falls h\u00f6chstens die H\u00e4lfte der Parzelle abgeerntet ist. Bei Parzellen mit mehr als 2 ha darf h\u00f6chstens 1 ha abgeerntet sein.<\/p>\n<h2>Erosionsschutz<\/h2>\n<p>Grunds\u00e4tzlich d\u00fcrfen keine relevanten erosions- und bewirtschaftungsbedingten Bodenabtr\u00e4ge auf der Ackerfl\u00e4che auftreten. Ein Bodenabtrag gilt als relevant, wenn er mehr als 2 t\/ha betr\u00e4gt. Anhand des <a href=\"https:\/\/agridea.abacuscity.ch\/de\/A~1194~1\/3~410400~Shop\/Publikationen\/Pflanzenbau-Umwelt-Natur-Landschaft\/Ressourcenschutz-%28Boden-Wasser-Luft%29\/Wie-viel-Erde-geht-verloren-\/Deutsch\/Print-Papier\" target=\"_blank\" rel=\"noopener noreferrer\">AGRIDEA-Merkblatts \u00abWie viel Erde geht verloren?\u00bb<\/a> kann der Bodenabtrag nach einem Erosionsereignis abgesch\u00e4tzt werden.<\/p>\n<p>Wenn ein bewirtschaftungsbedingtes Erosionsereignis auftritt, muss der Landwirtschaftsbetrieb Massnahmen ergreifen, um zuk\u00fcnftige Erosionsereignisse zu verhindern. Ein Bodenabtrag gilt als bewirtschaftungsbedingt, wenn er weder auf eine ausschliesslich naturbedingte noch auf eine ausschliesslich infrastrukturbedingte Ursache oder auf eine Kombination dieser beiden Ursachen zur\u00fcckzuf\u00fchren ist.<\/p>\n<p>Stellt die Kontrollstelle relevante bewirtschaftungsbedingte Bodenabtr\u00e4ge fest, muss der Bewirtschafter oder die Bewirtschafterin nach Anweisung der zust\u00e4ndigen kantonalen Stelle auf der betroffenen Parzelle oder im betroffenen Perimeter:<\/p>\n<ol type=\"a\">\n<li>einen von der zust\u00e4ndigen kantonalen Stelle anerkannten Massnahmenplan w\u00e4hrend mindestens 6 Jahren umsetzen; oder<\/li>\n<li>die notwendigen Massnahmen zur Erosionspr\u00e4vention eigenverantwortlich umsetzen.<\/li>\n<\/ol>\n<p>Der Massnahmenplan oder die eigenverantwortlichen Massnahmen sind an die Bewirtschaftungsparzelle gebunden und m\u00fcssen auch bei Fl\u00e4chen im j\u00e4hrlichen Abtausch umgesetzt werden.<\/p>\n<p>Ist die Ursache f\u00fcr ein eingetretenes Erosionsereignis auf einer Parzelle unklar, so stellt die zust\u00e4ndige kantonale Stelle die Ursache fest. Sie sorgt in der Folge f\u00fcr ein abgestimmtes Vorgehen zur Verhinderung von Erosion im entsprechenden Gebiet. Wiederholte F\u00e4lle von Erosion auf derselben Parzelle gelten als Mangel. Haben Sie den anerkannten Bewirtschaftungsplan korrekt umgesetzt (gem\u00e4ss Variante a), erfolgt keine K\u00fcrzung der Beitr\u00e4ge. Kontrollen werden gezielt nach Regenereignissen auf gef\u00e4hrdeten Standorten durchgef\u00fchrt.<\/p>\n<p>Die AGRIDEA stellt ein <a href=\"https:\/\/agridea.abacuscity.ch\/de\/A~3106~1\/3~410400~Shop\/Publikationen\/Pflanzenbau-Umwelt-Natur-Landschaft\/Ressourcenschutz-%28Boden-Wasser-Luft%29\/Hilfsmittel-Massnahmenplan-Erosion\/Deutsch\/Download-PDF\" target=\"_blank\" rel=\"noopener noreferrer\">Hilfsmittel f\u00fcr die Erarbeitung von Massnahmenpl\u00e4nen<\/a> zur Verf\u00fcgung. Tritt auf einer Parzelle fortgesetzt Erosion auf, kann die kantonale Stelle Direktzahlungsbeitr\u00e4ge k\u00fcrzen. Anhand der <a href=\"https:\/\/map.geo.admin.ch\/?zoom=3&lang=de&topic=ech&bgLayer=ch.swisstopo.pixelkarte-farbe&layers_opacity=0.75,0.75,0.7,0.7,0.7,0.7,0.7,0.7,0.7,0.7,0.7,0.7,0.7,0.7&layers=ch.blw.erosion-quantitativ,ch.blw.erosion,ch.bafu.erosion-gruenland_bodenabtrag_jan,ch.bafu.erosion-gruenland_bodenabtrag_feb,ch.bafu.erosion-gruenland_bodenabtrag_mrz,ch.bafu.erosion-gruenland_bodenabtrag_apr,ch.bafu.erosion-gruenland_bodenabtrag_mai,ch.bafu.erosion-gruenland_bodenabtrag_jun,ch.bafu.erosion-gruenland_bodenabtrag_jul,ch.bafu.erosion-gruenland_bodenabtrag_aug,ch.bafu.erosion-gruenland_bodenabtrag_sep,ch.bafu.erosion-gruenland_bodenabtrag_okt,ch.bafu.erosion-gruenland_bodenabtrag_nov,ch.bafu.erosion-gruenland_bodenabtrag_dez&E=2698050.00&N=1223550.00&layers_visibility=false,false,false,false,false,false,false,true,false,false,false,false,false,false&catalogNodes=532,567\" target=\"_blank\" rel=\"noopener noreferrer\">Erosionsrisikokarte<\/a> kann das Risiko f\u00fcr ausgew\u00e4hlte Gebiete eingesch\u00e4tzt und beurteilt werden.<\/p>\n<p>Der Boden ist ausserdem vor Verdichtung zu sch\u00fctzen. Durch den Einsatz geeigneter Maschinen und einer Bewirtschaftung, die den jeweiligen Eigenschaften des Bodens Rechnung tr\u00e4gt, l\u00e4sst sich eine dauerhafte Verdichtung des Bodens vermeiden. Auf der <a href=\"http:\/\/www.bodenverdichtung.ch\/\" target=\"_blank\" rel=\"noopener noreferrer\">Plattform Bodenverdichtung<\/a> erfahren Anwender und Anwenderinnen wie der Boden erfolgreich gegen Verdichtung gesch\u00fctzt werden kann.<\/p>\n<\/div><\/div><\/div><\/div><\/div><div class=\"fusion-fullwidth fullwidth-box fusion-builder-row-2 fusion-flex-container nonhundred-percent-fullwidth non-hundred-percent-height-scrolling\" style=\"--awb-border-radius-top-left:0px;--awb-border-radius-top-right:0px;--awb-border-radius-bottom-right:0px;--awb-border-radius-bottom-left:0px;--awb-flex-wrap:wrap;\" ><div class=\"fusion-builder-row fusion-row fusion-flex-align-items-flex-start fusion-flex-content-wrap\" style=\"max-width:1144px;margin-left: calc(-4% \/ 2 );margin-right: calc(-4% \/ 2 );\"><div class=\"fusion-layout-column fusion_builder_column fusion-builder-column-1 fusion_builder_column_1_1 1_1 fusion-flex-column\" style=\"--awb-bg-size:cover;--awb-width-large:100%;--awb-margin-top-large:0px;--awb-spacing-right-large:1.92%;--awb-margin-bottom-large:20px;--awb-spacing-left-large:1.92%;--awb-width-medium:100%;--awb-order-medium:0;--awb-spacing-right-medium:1.92%;--awb-spacing-left-medium:1.92%;--awb-width-small:100%;--awb-order-small:0;--awb-spacing-right-small:1.92%;--awb-spacing-left-small:1.92%;\"><div class=\"fusion-column-wrapper fusion-column-has-shadow fusion-flex-justify-content-flex-start fusion-content-layout-column\"><div class=\"fusion-tabs fusion-tabs-1 classic nav-is-justified horizontal-tabs icon-position-left mobile-mode-accordion\" style=\"--awb-title-border-radius-top-left:0px;--awb-title-border-radius-top-right:0px;--awb-title-border-radius-bottom-right:0px;--awb-title-border-radius-bottom-left:0px;--awb-inactive-color:#ebeaea;--awb-background-color:#ffffff;--awb-border-color:#ebeaea;--awb-active-border-color:#E72200;\"><div class=\"nav\"><ul class=\"nav-tabs nav-justified\" role=\"tablist\"><li class=\"active\" role=\"presentation\"><a class=\"tab-link\" data-toggle=\"tab\" role=\"tab\" aria-controls=\"tab-c730147ca895503cbaa\" aria-selected=\"true\" id=\"fusion-tab-dokumente\" href=\"#tab-c730147ca895503cbaa\"><h4 class=\"fusion-tab-heading\">Dokumente<\/h4><\/a><\/li><li role=\"presentation\"><a class=\"tab-link\" data-toggle=\"tab\" role=\"tab\" aria-controls=\"tab-5f6f06942b1d8cd40c8\" aria-selected=\"false\" tabindex=\"-1\" id=\"fusion-tab-formulareundhilfsmittel\" href=\"#tab-5f6f06942b1d8cd40c8\"><h4 class=\"fusion-tab-heading\">Formulare und Hilfsmittel<\/h4><\/a><\/li><li role=\"presentation\"><a class=\"tab-link\" data-toggle=\"tab\" role=\"tab\" aria-controls=\"tab-c6b74166aabc0a44629\" aria-selected=\"false\" tabindex=\"-1\" id=\"fusion-tab-links\" href=\"#tab-c6b74166aabc0a44629\"><h4 class=\"fusion-tab-heading\">Links<\/h4><\/a><\/li><li role=\"presentation\"><a class=\"tab-link\" data-toggle=\"tab\" role=\"tab\" aria-controls=\"tab-99ad7598fec7b74941d\" aria-selected=\"false\" tabindex=\"-1\" id=\"fusion-tab-rechtlichegrundlagen\" href=\"#tab-99ad7598fec7b74941d\"><h4 class=\"fusion-tab-heading\">Rechtliche Grundlagen<\/h4><\/a><\/li><\/ul><\/div><div class=\"tab-content\"><div class=\"nav fusion-mobile-tab-nav\"><ul class=\"nav-tabs nav-justified\" role=\"tablist\"><li class=\"active\" role=\"presentation\"><a class=\"tab-link\" data-toggle=\"tab\" role=\"tab\" aria-controls=\"tab-c730147ca895503cbaa\" aria-selected=\"true\" id=\"mobile-fusion-tab-dokumente\" href=\"#tab-c730147ca895503cbaa\"><h4 class=\"fusion-tab-heading\">Dokumente<\/h4><\/a><\/li><\/ul><\/div><div class=\"tab-pane fade fusion-clearfix in active\" role=\"tabpanel\" tabindex=\"0\" aria-labelledby=\"fusion-tab-dokumente\" id=\"tab-c730147ca895503cbaa\">\n<ul>\n<li><a href=\"https:\/\/agridea.abacuscity.ch\/de\/A~1194~1\/3~410400~Shop\/Publikationen\/Pflanzenbau-Umwelt-Natur-Landschaft\/Ressourcenschutz-%28Boden-Wasser-Luft%29\/Wie-viel-Erde-geht-verloren-\/Deutsch\/Print-Papier\" target=\"_blank\" rel=\"noopener noreferrer\">Wieviel Erde geht verloren?<\/a>, AGRIDEA<\/li>\n<li><a href=\"https:\/\/agridea.abacuscity.ch\/de\/A~3106~1\/3~410400~Shop\/Publikationen\/Pflanzenbau-Umwelt-Natur-Landschaft\/Ressourcenschutz-%28Boden-Wasser-Luft%29\/Hilfsmittel-Massnahmenplan-Erosion\/Deutsch\/Download-PDF\" target=\"_blank\" rel=\"noopener noreferrer\">Hilfsmittel Massnahmenplan Erosion<\/a>, AGRIDEA<\/li>\n<\/ul>\n<\/div><div class=\"nav fusion-mobile-tab-nav\"><ul class=\"nav-tabs nav-justified\" role=\"tablist\"><li role=\"presentation\"><a class=\"tab-link\" data-toggle=\"tab\" role=\"tab\" aria-controls=\"tab-5f6f06942b1d8cd40c8\" aria-selected=\"false\" tabindex=\"-1\" id=\"mobile-fusion-tab-formulareundhilfsmittel\" href=\"#tab-5f6f06942b1d8cd40c8\"><h4 class=\"fusion-tab-heading\">Formulare und Hilfsmittel<\/h4><\/a><\/li><\/ul><\/div><div class=\"tab-pane fade fusion-clearfix\" role=\"tabpanel\" tabindex=\"0\" aria-labelledby=\"fusion-tab-formulareundhilfsmittel\" id=\"tab-5f6f06942b1d8cd40c8\">\n<ul>\n<li><a href=\"https:\/\/agridea.abacuscity.ch\/de\/A~3114\/0~0~Shop\/Formular-Massnahmenplan-Erosion\" target=\"_blank\" rel=\"noopener noreferrer\">Interaktives Formular Massnahmenplan Erosion<\/a>, AGRIDEA<\/li>\n<\/ul>\n<\/div><div class=\"nav fusion-mobile-tab-nav\"><ul class=\"nav-tabs nav-justified\" role=\"tablist\"><li role=\"presentation\"><a class=\"tab-link\" data-toggle=\"tab\" role=\"tab\" aria-controls=\"tab-c6b74166aabc0a44629\" aria-selected=\"false\" tabindex=\"-1\" id=\"mobile-fusion-tab-links\" href=\"#tab-c6b74166aabc0a44629\"><h4 class=\"fusion-tab-heading\">Links<\/h4><\/a><\/li><\/ul><\/div><div class=\"tab-pane fade fusion-clearfix\" role=\"tabpanel\" tabindex=\"0\" aria-labelledby=\"fusion-tab-links\" id=\"tab-c6b74166aabc0a44629\">\n<ul>\n<li><a href=\"https:\/\/map.geo.admin.ch\/?zoom=3&lang=de&topic=ech&bgLayer=ch.swisstopo.pixelkarte-farbe&layers_opacity=0.75,0.75,0.7,0.7,0.7,0.7,0.7,0.7,0.7,0.7,0.7,0.7,0.7,0.7&layers=ch.blw.erosion-quantitativ,ch.blw.erosion,ch.bafu.erosion-gruenland_bodenabtrag_jan,ch.bafu.erosion-gruenland_bodenabtrag_feb,ch.bafu.erosion-gruenland_bodenabtrag_mrz,ch.bafu.erosion-gruenland_bodenabtrag_apr,ch.bafu.erosion-gruenland_bodenabtrag_mai,ch.bafu.erosion-gruenland_bodenabtrag_jun,ch.bafu.erosion-gruenland_bodenabtrag_jul,ch.bafu.erosion-gruenland_bodenabtrag_aug,ch.bafu.erosion-gruenland_bodenabtrag_sep,ch.bafu.erosion-gruenland_bodenabtrag_okt,ch.bafu.erosion-gruenland_bodenabtrag_nov,ch.bafu.erosion-gruenland_bodenabtrag_dez&E=2698050.00&N=1223550.00&layers_visibility=false,false,false,false,false,false,false,true,false,false,false,false,false,false&catalogNodes=532,567\" target=\"_blank\" rel=\"noopener noreferrer\">Erosionsrisikokarte<\/a><\/li>\n<li><a href=\"http:\/\/www.bodenverdichtung.ch\/\" target=\"_blank\" rel=\"noopener noreferrer\">Plattform Bodenverdichtung<\/a><\/li>\n<\/ul>\n<\/div><div class=\"nav fusion-mobile-tab-nav\"><ul class=\"nav-tabs nav-justified\" role=\"tablist\"><li role=\"presentation\"><a class=\"tab-link\" data-toggle=\"tab\" role=\"tab\" aria-controls=\"tab-99ad7598fec7b74941d\" aria-selected=\"false\" tabindex=\"-1\" id=\"mobile-fusion-tab-rechtlichegrundlagen\" href=\"#tab-99ad7598fec7b74941d\"><h4 class=\"fusion-tab-heading\">Rechtliche Grundlagen<\/h4><\/a><\/li><\/ul><\/div><div class=\"tab-pane fade fusion-clearfix\" role=\"tabpanel\" tabindex=\"0\" aria-labelledby=\"fusion-tab-rechtlichegrundlagen\" id=\"tab-99ad7598fec7b74941d\">\n<ul>\n<li><a href=\"https:\/\/www.fedlex.admin.ch\/eli\/cc\/1998\/1854_1854_1854\/de\" target=\"_blank\" rel=\"noopener noreferrer\">Verordnung \u00fcber Belastungen des Bodens (VBBo)<\/a><\/li>\n<li>Vollzugshilfe Umweltschutz in der Landwirtschaft, <a href=\"https:\/\/www.bafu.admin.ch\/bafu\/de\/home\/themen\/wasser\/publikationen-studien\/publikationen-wasser\/bodenschutz-in-der-landwirtschaft.html\" target=\"_blank\" rel=\"noopener noreferrer\">Modul Bodenschutz in der Landwirtschaft<\/a>, BAFU<\/li>\n<\/ul>\n<\/div><\/div><\/div><\/div><\/div><\/div><\/div><\/p>\n","protected":false},"excerpt":{"rendered":"","protected":false},"author":266,"featured_media":0,"parent":9,"menu_order":7,"comment_status":"closed","ping_status":"closed","template":"","meta":{"_sb_is_suggestion_mode":false,"_sb_show_suggestion_boards":false,"_sb_show_comment_boards":false,"_sb_suggestion_history":"","_sb_update_block_changes":"","_monsterinsights_skip_tracking":false,"_monsterinsights_sitenote_active":false,"_monsterinsights_sitenote_note":"","_monsterinsights_sitenote_category":0,"footnotes":""},"class_list":["post-248","page","type-page","status-publish","hentry"],"_links":{"self":[{"href":"https:\/\/agripedia.ch\/oeln\/wp-json\/wp\/v2\/pages\/248","targetHints":{"allow":["GET"]}}],"collection":[{"href":"https:\/\/agripedia.ch\/oeln\/wp-json\/wp\/v2\/pages"}],"about":[{"href":"https:\/\/agripedia.ch\/oeln\/wp-json\/wp\/v2\/types\/page"}],"author":[{"embeddable":true,"href":"https:\/\/agripedia.ch\/oeln\/wp-json\/wp\/v2\/users\/266"}],"replies":[{"embeddable":true,"href":"https:\/\/agripedia.ch\/oeln\/wp-json\/wp\/v2\/comments?post=248"}],"version-history":[{"count":20,"href":"https:\/\/agripedia.ch\/oeln\/wp-json\/wp\/v2\/pages\/248\/revisions"}],"predecessor-version":[{"id":573,"href":"https:\/\/agripedia.ch\/oeln\/wp-json\/wp\/v2\/pages\/248\/revisions\/573"}],"up":[{"embeddable":true,"href":"https:\/\/agripedia.ch\/oeln\/wp-json\/wp\/v2\/pages\/9"}],"wp:attachment":[{"href":"https:\/\/agripedia.ch\/oeln\/wp-json\/wp\/v2\/media?parent=248"}],"curies":[{"name":"wp","href":"https:\/\/api.w.org\/{rel}","templated":true}]}}